{"id":10262,"date":"2018-03-14T13:10:26","date_gmt":"2018-03-14T11:10:26","guid":{"rendered":"http:\/\/www.basanaviciaus.vilnius.lm.lt\/?page_id=10262"},"modified":"2018-03-14T13:11:46","modified_gmt":"2018-03-14T11:11:46","slug":"teises-aktai","status":"publish","type":"page","link":"http:\/\/www.basanaviciaus.vilnius.lm.lt\/?page_id=10262","title":{"rendered":"Teis\u0117s aktai"},"content":{"rendered":"<p>\n\t<span style=\"color:#696969;\"><span style=\"font-size:12px;\"><span style=\"font-family:times new roman,times,serif;\"><strong>Pagrindiniai dokumentai, reglamentuojantys gimnazijos veikl\u0105:<\/strong><\/span><\/span><\/span>\n<\/p>\n<p>\n\t<span style=\"font-size:12px;\"><span style=\"font-family:times new roman,times,serif;\"><a href=\"http:\/\/www3.lrs.lt\/pls\/inter3\/dokpaieska.showdoc_l?p_id=395105&amp;p_query=&amp;p_tr2=\" target=\"_blank\">Lietuvos Respublikos &Scaron;vietimo \u012fstatymas<\/a><\/span><\/span>\n<\/p>\n<p>\n\t<span style=\"font-size:12px;\"><span style=\"font-family:times new roman,times,serif;\"><a href=\"https:\/\/www.e-tar.lt\/portal\/legalAct.html?documentId=b1fb6cc089d911e397b5c02d3197f382\" target=\"_blank\">Valstybin\u0117 &scaron;vietimo&nbsp; 2013-2022 met\u0173 strategija&nbsp;<\/a><\/span><\/span>\n<\/p>\n<p>\n\t<span style=\"font-size:12px;\"><span style=\"font-family:times new roman,times,serif;\"><a href=\"http:\/\/www3.lrs.lt\/pls\/inter3\/dokpaieska.showdoc_l?p_id=425517&amp;p_query=&amp;p_tr2=2\" target=\"_blank\">Valstyb\u0117s pa\u017eangos strategija &bdquo;Lietuvos pa\u017eangos strategija &bdquo;Lietuva 2030&ldquo;<\/a><\/span><\/span>\n<\/p>\n<p>\n\t<span style=\"font-size:12px;\"><span style=\"font-family:times new roman,times,serif;\"><a href=\"https:\/\/www.e-tar.lt\/portal\/lt\/legalAct\/f2f65120a7bb11e5be7fbe3f919a1ebe\" target=\"_blank\">Geros mokyklos koncepcija<\/a><\/span><\/span>\n<\/p>\n<p>\n\t<span style=\"font-size:12px;\"><span style=\"font-family:times new roman,times,serif;\"><a href=\"https:\/\/www.e-tar.lt\/portal\/lt\/legalAct\/37350520a7bc11e5be7fbe3f919a1ebe\/xfnsnfpldF\">Pradinio, pagrindinio ir vidurinio ugdymo program\u0173 apra&scaron;as<\/a><\/span><\/span>\n<\/p>\n<p>\n\t<span style=\"font-size:12px;\"><span style=\"font-family:times new roman,times,serif;\"><a href=\"http:\/\/www.smm.lt\/web\/lt\/smm-svietimas\/svietimas-pagrindinis-ugdymas\">2017&ndash;2018 ir 2018&ndash;2019 mokslo met\u0173 pagrindinio ir vidurinio ugdymo planai ir&nbsp;Pagrindinio ugdymo bendrosios programos<\/a><\/span><\/span>\n<\/p>\n<p>\n\t<span style=\"font-size:12px;\"><span style=\"font-family:times new roman,times,serif;\"><a href=\"http:\/\/www.smm.lt\/web\/lt\/smm-svietimas\/svietimas-vidurinis-ugdymas\">2017&ndash;2018 ir 2018&ndash;2019 mokslo met\u0173 pagrindinio ir vidurinio ugdymo planai ir&nbsp;Vidurinio ugdymo bendrosios programos<\/a><\/span><\/span>\n<\/p>\n<p>\n\t<span style=\"font-size:12px;\"><span style=\"font-family:times new roman,times,serif;\"><a href=\"https:\/\/www.e-tar.lt\/portal\/lt\/legalAct\/1da317500f9911e79800e8266c1e5d1b\">Smurto prevencijos \u012fgyvendinimo mokyklose rekomendacijos<\/a><\/span><\/span>\n<\/p>\n<p>\n\t<span style=\"font-size:12px;\"><span style=\"font-family:times new roman,times,serif;\"><a href=\"https:\/\/e-seimas.lrs.lt\/portal\/legalAct\/lt\/TAD\/TAIS.404809\/viFoeFiJCC\">Lietuvos higienos norma HN 21:2017 &bdquo;Mokykla, vykdanti bendrojo ugdymo programas, bendrieji sveikatos saugos reikalavimai&ldquo;<\/a><\/span><\/span>\n<\/p>\n<p>\n\t&nbsp;\n<\/p>\n<p>\n\t<span style=\"font-size:12px;\"><span style=\"font-family:times new roman,times,serif;\">Kitus gimnazijos veikl\u0105 reglamentuojan\u010dius teis\u0117s aktus galite rasti <a href=\"http:\/\/www.smm.lt\">LR &Scaron;vietimo ir mokslo ministerijos svetain\u0117je&nbsp;<\/a><\/span><\/span><\/p>\n","protected":false},"excerpt":{"rendered":"<p>Pagrindiniai dokumentai, reglamentuojantys gimnazijos veikl\u0105: Lietuvos Respublikos &Scaron;vietimo \u012fstatymas Valstybin\u0117 &scaron;vietimo&nbsp; 2013-2022 met\u0173 strategija&nbsp; Valstyb\u0117s pa\u017eangos strategija &bdquo;Lietuvos pa\u017eangos strategija &bdquo;Lietuva 2030&ldquo; Geros mokyklos koncepcija Pradinio, pagrindinio ir vidurinio ugdymo program\u0173 apra&scaron;as 2017&ndash;2018 ir 2018&ndash;2019 mokslo met\u0173 pagrindinio ir vidurinio ugdymo planai ir&nbsp;Pagrindinio ugdymo bendrosios programos 2017&ndash;2018 ir 2018&ndash;2019 mokslo met\u0173 pagrindinio ir vidurinio ugdymo [&hellip;]<\/p>\n","protected":false},"author":1,"featured_media":0,"parent":10253,"menu_order":0,"comment_status":"closed","ping_status":"closed","template":"","meta":{"footnotes":""},"class_list":["post-10262","page","type-page","status-publish","hentry"],"_links":{"self":[{"href":"http:\/\/www.basanaviciaus.vilnius.lm.lt\/index.php?rest_route=\/wp\/v2\/pages\/10262","targetHints":{"allow":["GET"]}}],"collection":[{"href":"http:\/\/www.basanaviciaus.vilnius.lm.lt\/index.php?rest_route=\/wp\/v2\/pages"}],"about":[{"href":"http:\/\/www.basanaviciaus.vilnius.lm.lt\/index.php?rest_route=\/wp\/v2\/types\/page"}],"author":[{"embeddable":true,"href":"http:\/\/www.basanaviciaus.vilnius.lm.lt\/index.php?rest_route=\/wp\/v2\/users\/1"}],"replies":[{"embeddable":true,"href":"http:\/\/www.basanaviciaus.vilnius.lm.lt\/index.php?rest_route=%2Fwp%2Fv2%2Fcomments&post=10262"}],"version-history":[{"count":2,"href":"http:\/\/www.basanaviciaus.vilnius.lm.lt\/index.php?rest_route=\/wp\/v2\/pages\/10262\/revisions"}],"predecessor-version":[{"id":10266,"href":"http:\/\/www.basanaviciaus.vilnius.lm.lt\/index.php?rest_route=\/wp\/v2\/pages\/10262\/revisions\/10266"}],"up":[{"embeddable":true,"href":"http:\/\/www.basanaviciaus.vilnius.lm.lt\/index.php?rest_route=\/wp\/v2\/pages\/10253"}],"wp:attachment":[{"href":"http:\/\/www.basanaviciaus.vilnius.lm.lt\/index.php?rest_route=%2Fwp%2Fv2%2Fmedia&parent=10262"}],"curies":[{"name":"wp","href":"https:\/\/api.w.org\/{rel}","templated":true}]}}