{"id":108,"date":"2013-01-28T09:12:40","date_gmt":"2013-01-28T07:12:40","guid":{"rendered":"http:\/\/www2086.vu.lt\/?page_id=108"},"modified":"2019-06-10T13:47:24","modified_gmt":"2019-06-10T10:47:24","slug":"priemimo-tvarka","status":"publish","type":"page","link":"http:\/\/www.basanaviciaus.vilnius.lm.lt\/?page_id=108","title":{"rendered":"Pri\u0117mimo tvarka"},"content":{"rendered":"<p>\n\t<a href=\"http:\/\/www.basanaviciaus.vilnius.lm.lt\/wp-content\/uploads\/2019\/01\/pri\u0117mimas1.png\"><img loading=\"lazy\" decoding=\"async\" alt=\"\" class=\"aligncenter size-medium wp-image-11383\" height=\"300\" src=\"http:\/\/www.basanaviciaus.vilnius.lm.lt\/wp-content\/uploads\/2019\/01\/pri\u0117mimas1-300x300.png\" width=\"300\" srcset=\"http:\/\/www.basanaviciaus.vilnius.lm.lt\/wp-content\/uploads\/2019\/01\/pri\u0117mimas1-300x300.png 300w, http:\/\/www.basanaviciaus.vilnius.lm.lt\/wp-content\/uploads\/2019\/01\/pri\u0117mimas1-150x150.png 150w, http:\/\/www.basanaviciaus.vilnius.lm.lt\/wp-content\/uploads\/2019\/01\/pri\u0117mimas1.png 378w\" sizes=\"auto, (max-width: 300px) 100vw, 300px\" \/><\/a>\n<\/p>\n<p>\n\t<strong><span style=\"color:#696969;\"><span style=\"font-size:14px;\"><span style=\"font-family:times new roman,times,serif;\">2019 &#8211; 2020 m.m.<\/span><\/span><\/span><\/strong>\n<\/p>\n<p>\n\t<span style=\"font-size:14px;\"><span style=\"font-family:times new roman,times,serif;\"><a href=\"http:\/\/www.basanaviciaus.vilnius.lm.lt\/wp-content\/uploads\/2017\/06\/MOKYMOSI-SUTAR\u010cI\u0172-PASIRA\u0160YMAS_2019.pdf\">Dvi&scaron;ali\u0173 mokymosi sutar\u010di\u0173 pasira&scaron;ymas<\/a><\/span><\/span>\n<\/p>\n<p>\n\t<span style=\"font-size:14px;\"><span style=\"font-family:times new roman,times,serif;\"><a href=\"http:\/\/www.basanaviciaus.vilnius.lm.lt\/wp-content\/uploads\/2017\/06\/Kvie\u010diamieji-2019-BENDRAS-Internete.pdf\">Kvie\u010diam\u0173j\u0173 mokytis 2019 &#8211; 2020 m.m. I gimnazijos klas\u0117se s\u0105ra&scaron;as<\/a><\/span><\/span>\n<\/p>\n<p>\n\t<span style=\"font-size:14px;\"><span style=\"font-family:times new roman,times,serif;\"><a href=\"http:\/\/www.basanaviciaus.vilnius.lm.lt\/wp-content\/uploads\/2017\/06\/II-klas\u0117.pdf\">Kvie\u010diam\u0173j\u0173 mokytis 2019 &#8211; 2020 m.m. II gimnazijos klas\u0117se s\u0105ra&scaron;as<\/a><\/span><\/span>\n<\/p>\n<p>\n\t<span style=\"font-size:14px;\"><span style=\"font-family:times new roman,times,serif;\"><a href=\"http:\/\/www.basanaviciaus.vilnius.lm.lt\/wp-content\/uploads\/2017\/06\/III-klas\u0117.pdf\">Kvie\u010diam\u0173j\u0173 mokytis 2019 &#8211; 2020 m.m. III gimnazijos klas\u0117se s\u0105ra&scaron;as<\/a><\/span><\/span>\n<\/p>\n<p>\n\t<span style=\"font-size:14px;\"><span style=\"font-family:times new roman,times,serif;\"><span style=\"color:#696969;\">Pageidaujan\u010dius mokytis m\u016bs\u0173 gimnazijoje nuo 2019 m. rugs\u0117jo 1 d. mokinius bei j\u0173 t\u0117velius kvie\u010diame \u012f&nbsp;<b>Atvir\u0173 dur\u0173 dien\u0105<\/b>, kuri vyks<b>&nbsp;baland\u017eio 29 d. 16.00 val.<\/b>&nbsp;Lauksime&nbsp;J\u016bs\u0173&nbsp; gimnazijos&nbsp; akt\u0173 sal\u0117je 3-e auk&scaron;te.&nbsp;Po supa\u017eindinimo su gimnazija, pri\u0117mimo tvarka, atsakym\u0173 \u012f J\u016bs\u0173 klausimus, tur\u0117site galimyb\u0119 pasivaik&scaron;\u010dioti po gimnazij\u0105 ir&nbsp;pabendrauti su dalyk\u0173 mokytojais.&nbsp;<\/span><\/span><\/span>\n<\/p>\n<ul>\n<li>\n\t\t<a href=\"https:\/\/www.e-tar.lt\/portal\/lt\/legalAct\/bd7321b02fa111e9b66f85227a03f7a3\"><span style=\"font-size:14px;\"><span style=\"font-family:times new roman,times,serif;\">Pri\u0117mimo \u012f Vilniaus miesto savivaldyb\u0117s bendrojo ugdymo mokyklas tvarkos apra&scaron;as (2019 m. vasario 6 d. Nr.1-1950)<\/span><\/span><\/a><\/p>\n<hr \/>\n<\/li>\n<li>\n\t\t<span style=\"font-size:14px;\"><span style=\"font-family:times new roman,times,serif;\"><a href=\"https:\/\/vilnius.lt\/vaktai\/Default.aspx?Id=3&amp;DocId=30320815\">Vilniaus miesto savivaldyb\u0117s tarybos sprendimas &quot;D\u0117l Vilniaus miesto savivaldyb\u0117s bendrojo ugdymo mokykl\u0173 aptarnavimo teritorij\u0173 \u017eem\u0117lapi\u0173&nbsp; patvirtinimo&quot; (2019 m. vasario 6 d. Nr.1-1951).<\/a><\/span><\/span><\/p>\n<hr \/>\n<\/li>\n<li>\n\t\t<span style=\"font-size:14px;\"><span style=\"font-family:times new roman,times,serif;\"><a href=\"https:\/\/maps.vilnius.lt\/maps_vilnius\/?theme=schools\">Vilniaus miesto savivaldyb\u0117s bendrojo ugdymo mokykl\u0173 aptarnavimo teritorij\u0173 interaktyvus \u017eem\u0117lapis.<\/a><\/span><\/span><\/p>\n<hr \/>\n<\/li>\n<li>\n\t\t<span style=\"font-size:14px;\"><span style=\"font-family:times new roman,times,serif;\"><a href=\"http:\/\/www.basanaviciaus.vilnius.lm.lt\/wp-content\/uploads\/2013\/01\/pri\u0117mimo-per-e.sistem\u0105-grafikas.pdf\">Pri\u0117mimo \u012f Vilniaus miesto savivaldyb\u0117s bendrojo ugdymo mokyklas per e.sistem\u0105 grafikas.<\/a><\/span><\/span><\/p>\n<hr \/>\n<\/li>\n<li>\n\t\t<span style=\"font-size:14px;\"><span style=\"font-family:times new roman,times,serif;\"><a href=\"http:\/\/www.basanaviciaus.vilnius.lm.lt\/wp-content\/uploads\/2013\/01\/komisijos-sudarymo-\u012fsakymas-2019.pdf\">Vilniaus Jono Basanavi\u010diaus gimnazijos Pri\u0117mimo komisija.<\/a><\/span><\/span><\/p>\n<hr \/>\n<\/li>\n<li>\n\t\t<a href=\"http:\/\/www.basanaviciaus.vilnius.lm.lt\/wp-content\/uploads\/2013\/01\/Pri\u0117mimo-komisijos-darbio-tvarkos-apra\u0161as-2019.pdf\"><span style=\"font-size:14px;\"><span style=\"font-family:times new roman,times,serif;\">Vilniaus Jono Basanavi\u010diaus gimnazijos Pri\u0117mimo komisijos darbo tvarkos apra&scaron;as<\/span><\/span><\/a><\/p>\n<hr \/>\n<\/li>\n<li>\n\t\t<span style=\"font-size:14px;\"><span style=\"font-family:times new roman,times,serif;\"><a href=\"https:\/\/svietimas.vilnius.lt\/\">Elektronin\u0117 registracija \u012f mokyklas vyksta Vilniaus miesto savivaldyb\u0117s puslapyje<\/a>.<\/span><\/span>\n\t<\/li>\n<\/ul>\n","protected":false},"excerpt":{"rendered":"<p>2019 &#8211; 2020 m.m. Dvi&scaron;ali\u0173 mokymosi sutar\u010di\u0173 pasira&scaron;ymas Kvie\u010diam\u0173j\u0173 mokytis 2019 &#8211; 2020 m.m. I gimnazijos klas\u0117se s\u0105ra&scaron;as Kvie\u010diam\u0173j\u0173 mokytis 2019 &#8211; 2020 m.m. II gimnazijos klas\u0117se s\u0105ra&scaron;as Kvie\u010diam\u0173j\u0173 mokytis 2019 &#8211; 2020 m.m. III gimnazijos klas\u0117se s\u0105ra&scaron;as Pageidaujan\u010dius mokytis m\u016bs\u0173 gimnazijoje nuo 2019 m. rugs\u0117jo 1 d. mokinius bei j\u0173 t\u0117velius kvie\u010diame \u012f&nbsp;Atvir\u0173 dur\u0173 [&hellip;]<\/p>\n","protected":false},"author":1,"featured_media":0,"parent":7,"menu_order":0,"comment_status":"closed","ping_status":"closed","template":"","meta":{"footnotes":""},"class_list":["post-108","page","type-page","status-publish","hentry"],"_links":{"self":[{"href":"http:\/\/www.basanaviciaus.vilnius.lm.lt\/index.php?rest_route=\/wp\/v2\/pages\/108","targetHints":{"allow":["GET"]}}],"collection":[{"href":"http:\/\/www.basanaviciaus.vilnius.lm.lt\/index.php?rest_route=\/wp\/v2\/pages"}],"about":[{"href":"http:\/\/www.basanaviciaus.vilnius.lm.lt\/index.php?rest_route=\/wp\/v2\/types\/page"}],"author":[{"embeddable":true,"href":"http:\/\/www.basanaviciaus.vilnius.lm.lt\/index.php?rest_route=\/wp\/v2\/users\/1"}],"replies":[{"embeddable":true,"href":"http:\/\/www.basanaviciaus.vilnius.lm.lt\/index.php?rest_route=%2Fwp%2Fv2%2Fcomments&post=108"}],"version-history":[{"count":109,"href":"http:\/\/www.basanaviciaus.vilnius.lm.lt\/index.php?rest_route=\/wp\/v2\/pages\/108\/revisions"}],"predecessor-version":[{"id":12285,"href":"http:\/\/www.basanaviciaus.vilnius.lm.lt\/index.php?rest_route=\/wp\/v2\/pages\/108\/revisions\/12285"}],"up":[{"embeddable":true,"href":"http:\/\/www.basanaviciaus.vilnius.lm.lt\/index.php?rest_route=\/wp\/v2\/pages\/7"}],"wp:attachment":[{"href":"http:\/\/www.basanaviciaus.vilnius.lm.lt\/index.php?rest_route=%2Fwp%2Fv2%2Fmedia&parent=108"}],"curies":[{"name":"wp","href":"https:\/\/api.w.org\/{rel}","templated":true}]}}