{"id":110,"date":"2013-01-28T09:13:48","date_gmt":"2013-01-28T07:13:48","guid":{"rendered":"http:\/\/www2086.vu.lt\/?page_id=110"},"modified":"2019-03-18T10:39:40","modified_gmt":"2019-03-18T08:39:40","slug":"filosofija-vizija-misija","status":"publish","type":"page","link":"http:\/\/www.basanaviciaus.vilnius.lm.lt\/?page_id=110","title":{"rendered":"Filosofija, vizija, misija"},"content":{"rendered":"<p>\n\t<strong><span style=\"color:#696969;\"><span style=\"font-size:14px;\"><span style=\"font-family:times new roman,times,serif;\">Filosofija<\/span><\/span><\/span><\/strong>\n<\/p>\n<p>\n\t<span style=\"font-size:16px;\"><span style=\"color:#696969;\"><span style=\"font-family:times new roman,times,serif;\">&bdquo;Kaip au&scaron;rai au&scaron;tant nyksta ant \u017eem\u0117s nakties tamsyb\u0117, o kad taip jau pra&scaron;vist\u0173 ir Lietuvos dvasia&ldquo; Dr. Jonas Basanavi\u010dius<\/span><\/span><\/span>\n<\/p>\n<hr \/>\n<p>\n\t<span style=\"font-size:14px;\"><strong><span style=\"color:#696969;\"><span style=\"font-family:times new roman,times,serif;\">Vizija<\/span><\/span><\/strong><\/span>\n<\/p>\n<p>\n\t<span style=\"font-size:16px;\"><span style=\"color:#696969;\"><span style=\"font-family:times new roman,times,serif;\">Moderni, kaitai atvira gimnazija, ugdanti nuolat besimokant\u012f, vertybes puosel\u0117jant\u012f, s\u0117km\u0117s siekiant\u012f Lietuvos piliet\u012f.<\/span><\/span><\/span>\n<\/p>\n<hr \/>\n<p>\n\t<strong><span style=\"color:#696969;\"><span style=\"font-size:14px;\"><span style=\"font-family:times new roman,times,serif;\">Misija<\/span><\/span><\/span><\/strong>\n<\/p>\n<p>\n\t<span style=\"font-size:16px;\"><span style=\"color:#696969;\"><span style=\"font-family:times new roman,times,serif;\">Gimnazija sudaro s\u0105lygas \u012fgyti pagrindinio ir vidurinio ugdymo i&scaron;silavinim\u0105 saugioje aplinkoje, augti asmenybei, atskleisti savo individualum\u0105, ugdytis nuolatinio mokymosi poreik\u012f.<\/span><\/span><\/span>\n<\/p>\n<hr \/>\n<p>\n\t<strong><span style=\"color:#696969;\"><span style=\"font-size:14px;\"><span style=\"font-family:times new roman,times,serif;\">Vertyb\u0117s<\/span><\/span><\/span><\/strong>\n<\/p>\n<p>\n\t<span style=\"font-size:16px;\"><span style=\"color:#696969;\"><span style=\"font-family:times new roman,times,serif;\">Pilieti&scaron;kumas, k\u016brybi&scaron;kumas, bendruomeni&scaron;kumas. &nbsp;<\/span><\/span><\/span>\n<\/p>\n<p>\n\t&nbsp;\n<\/p>\n<p>\n\t<img decoding=\"async\" src=\"https:\/\/ssl.gstatic.com\/ui\/v1\/icons\/mail\/images\/cleardot.gif\" \/><\/p>\n","protected":false},"excerpt":{"rendered":"<p>Filosofija &bdquo;Kaip au&scaron;rai au&scaron;tant nyksta ant \u017eem\u0117s nakties tamsyb\u0117, o kad taip jau pra&scaron;vist\u0173 ir Lietuvos dvasia&ldquo; Dr. Jonas Basanavi\u010dius Vizija Moderni, kaitai atvira gimnazija, ugdanti nuolat besimokant\u012f, vertybes puosel\u0117jant\u012f, s\u0117km\u0117s siekiant\u012f Lietuvos piliet\u012f. Misija Gimnazija sudaro s\u0105lygas \u012fgyti pagrindinio ir vidurinio ugdymo i&scaron;silavinim\u0105 saugioje aplinkoje, augti asmenybei, atskleisti savo individualum\u0105, ugdytis nuolatinio mokymosi poreik\u012f. [&hellip;]<\/p>\n","protected":false},"author":1,"featured_media":0,"parent":7,"menu_order":0,"comment_status":"closed","ping_status":"open","template":"","meta":{"footnotes":""},"class_list":["post-110","page","type-page","status-publish","hentry"],"_links":{"self":[{"href":"http:\/\/www.basanaviciaus.vilnius.lm.lt\/index.php?rest_route=\/wp\/v2\/pages\/110","targetHints":{"allow":["GET"]}}],"collection":[{"href":"http:\/\/www.basanaviciaus.vilnius.lm.lt\/index.php?rest_route=\/wp\/v2\/pages"}],"about":[{"href":"http:\/\/www.basanaviciaus.vilnius.lm.lt\/index.php?rest_route=\/wp\/v2\/types\/page"}],"author":[{"embeddable":true,"href":"http:\/\/www.basanaviciaus.vilnius.lm.lt\/index.php?rest_route=\/wp\/v2\/users\/1"}],"replies":[{"embeddable":true,"href":"http:\/\/www.basanaviciaus.vilnius.lm.lt\/index.php?rest_route=%2Fwp%2Fv2%2Fcomments&post=110"}],"version-history":[{"count":4,"href":"http:\/\/www.basanaviciaus.vilnius.lm.lt\/index.php?rest_route=\/wp\/v2\/pages\/110\/revisions"}],"predecessor-version":[{"id":11832,"href":"http:\/\/www.basanaviciaus.vilnius.lm.lt\/index.php?rest_route=\/wp\/v2\/pages\/110\/revisions\/11832"}],"up":[{"embeddable":true,"href":"http:\/\/www.basanaviciaus.vilnius.lm.lt\/index.php?rest_route=\/wp\/v2\/pages\/7"}],"wp:attachment":[{"href":"http:\/\/www.basanaviciaus.vilnius.lm.lt\/index.php?rest_route=%2Fwp%2Fv2%2Fmedia&parent=110"}],"curies":[{"name":"wp","href":"https:\/\/api.w.org\/{rel}","templated":true}]}}