{"id":112,"date":"2013-01-28T09:15:20","date_gmt":"2013-01-28T07:15:20","guid":{"rendered":"http:\/\/www2086.vu.lt\/?page_id=112"},"modified":"2013-03-28T09:18:41","modified_gmt":"2013-03-28T07:18:41","slug":"istorija-ir-atributika","status":"publish","type":"page","link":"http:\/\/www.basanaviciaus.vilnius.lm.lt\/?page_id=112","title":{"rendered":"Istorija ir atributika"},"content":{"rendered":"<p>\n\t<span style=\"font-size:12px;\"><span style=\"font-family:times new roman,times,serif;\">2010 m. rugs\u0117jo 1-\u0105j\u0105 nauj\u0105 istorijos puslap\u012f atvert\u0117 <strong>Vilniaus Jono Basanavi\u010diaus gimnazija<\/strong>. Nauja prad\u017eia, nauja istorija, nauja patirtis, nauji i&scaron;&scaron;\u016bkiai. Be abejo, privalu tur\u0117ti tai, kas vadinama veidu, k\u0105 atpa\u017eint\u0173 kiekvienas gimnazijos bendruomen\u0117s narys, t.y. gimnazijos emblem\u0105 ir gimnazijos deviz\u0105.<\/span><\/span>\n<\/p>\n<p>\n\t<span style=\"font-size:12px;\"><span style=\"font-family:times new roman,times,serif;\">Mokiniai pie&scaron;\u0117 emblemas, o gimnazijos bendruomen\u0117 i&scaron;rinko t\u0105, kuri papuo&scaron;\u0117 gimnazijos v\u0117liav\u0105, pad\u0117kos ra&scaron;tus, abiturient\u0173 vinje\u010di\u0173 vir&scaron;elius, gimnazijos knyg\u0173 skirtukus. Emblemos autor\u0117 &ndash; abiturient\u0117 <strong>Gabriel\u0117 Taminskait\u0117. <\/strong><\/span><\/span>\n<\/p>\n<p>\n\t<span style=\"font-size:12px;\"><span style=\"font-family:times new roman,times,serif;\">Taip pat buvo i&scaron;rinkti ir dr. J. Basanavi\u010diaus \u017eod\u017eiai, kurie, gimnazist\u0173 nuomone,&nbsp; &scaron;iandien ypa\u010d aktual\u016bs ir svarb\u016bs kiekvienam lietuviui: <strong><em>Kaip au&scaron;rai au&scaron;tant nyksta ant \u017eem\u0117s nakties tamsyb\u0117, o kad taip jau pra&scaron;vist\u0173 ir Lietuvos dvasia!<\/em><\/strong> Gimnazijos narius ir sve\u010dius &scaron;ie \u017eod\u017eiai pasitinka tik per\u017eengus gimnazijos slenkst\u012f.&nbsp;<\/span><\/span>\n<\/p>\n<p>\n\t[nggallery id=29]<\/p>\n","protected":false},"excerpt":{"rendered":"<p>2010 m. rugs\u0117jo 1-\u0105j\u0105 nauj\u0105 istorijos puslap\u012f atvert\u0117 Vilniaus Jono Basanavi\u010diaus gimnazija. Nauja prad\u017eia, nauja istorija, nauja patirtis, nauji i&scaron;&scaron;\u016bkiai. Be abejo, privalu tur\u0117ti tai, kas vadinama veidu, k\u0105 atpa\u017eint\u0173 kiekvienas gimnazijos bendruomen\u0117s narys, t.y. gimnazijos emblem\u0105 ir gimnazijos deviz\u0105. Mokiniai pie&scaron;\u0117 emblemas, o gimnazijos bendruomen\u0117 i&scaron;rinko t\u0105, kuri papuo&scaron;\u0117 gimnazijos v\u0117liav\u0105, pad\u0117kos ra&scaron;tus, abiturient\u0173 [&hellip;]<\/p>\n","protected":false},"author":1,"featured_media":0,"parent":7,"menu_order":0,"comment_status":"closed","ping_status":"open","template":"","meta":{"footnotes":""},"class_list":["post-112","page","type-page","status-publish","hentry"],"_links":{"self":[{"href":"http:\/\/www.basanaviciaus.vilnius.lm.lt\/index.php?rest_route=\/wp\/v2\/pages\/112","targetHints":{"allow":["GET"]}}],"collection":[{"href":"http:\/\/www.basanaviciaus.vilnius.lm.lt\/index.php?rest_route=\/wp\/v2\/pages"}],"about":[{"href":"http:\/\/www.basanaviciaus.vilnius.lm.lt\/index.php?rest_route=\/wp\/v2\/types\/page"}],"author":[{"embeddable":true,"href":"http:\/\/www.basanaviciaus.vilnius.lm.lt\/index.php?rest_route=\/wp\/v2\/users\/1"}],"replies":[{"embeddable":true,"href":"http:\/\/www.basanaviciaus.vilnius.lm.lt\/index.php?rest_route=%2Fwp%2Fv2%2Fcomments&post=112"}],"version-history":[{"count":3,"href":"http:\/\/www.basanaviciaus.vilnius.lm.lt\/index.php?rest_route=\/wp\/v2\/pages\/112\/revisions"}],"predecessor-version":[{"id":1204,"href":"http:\/\/www.basanaviciaus.vilnius.lm.lt\/index.php?rest_route=\/wp\/v2\/pages\/112\/revisions\/1204"}],"up":[{"embeddable":true,"href":"http:\/\/www.basanaviciaus.vilnius.lm.lt\/index.php?rest_route=\/wp\/v2\/pages\/7"}],"wp:attachment":[{"href":"http:\/\/www.basanaviciaus.vilnius.lm.lt\/index.php?rest_route=%2Fwp%2Fv2%2Fmedia&parent=112"}],"curies":[{"name":"wp","href":"https:\/\/api.w.org\/{rel}","templated":true}]}}