{"id":12430,"date":"2019-08-26T16:44:03","date_gmt":"2019-08-26T13:44:03","guid":{"rendered":"http:\/\/www.basanaviciaus.vilnius.lm.lt\/?page_id=12430"},"modified":"2019-08-26T16:58:04","modified_gmt":"2019-08-26T13:58:04","slug":"del-vilniaus-jono-basanaviciaus-gimnazijos-aplinkos-atnaujinimo-darbu-vykdymo19-20","status":"publish","type":"page","link":"http:\/\/www.basanaviciaus.vilnius.lm.lt\/?page_id=12430","title":{"rendered":"D\u0117l Vilniaus Jono Basanavi\u010diaus gimnazijos aplinkos atnaujinimo darb\u0173 vykdymo&#8217;19-20"},"content":{"rendered":"<p>\n\t<span style=\"color:#696969;\"><span style=\"font-size:14px;\"><span style=\"font-family:times new roman,times,serif;\"><strong>D\u0117l Vilniaus Jono Basanavi\u010diaus gimnazijos aplinkos atnaujinimo darb\u0173 vykdymo<\/strong><\/span><\/span><\/span>\n<\/p>\n<p>\n\t&nbsp;\n<\/p>\n<p>\n\t<span style=\"color:#696969;\"><span style=\"font-size:14px;\"><span style=\"font-family:times new roman,times,serif;\">Vilniaus Jono Basanavi\u010diaus gimnazija vykdo aplinkos atnaujinimo darbus.<\/span><\/span><\/span>\n<\/p>\n<p>\n\t<span style=\"color:#696969;\"><span style=\"font-size:14px;\"><span style=\"font-family:times new roman,times,serif;\">Gimnazijos teritorija bus tveriama segmentine tvora.<\/span><\/span><\/span>\n<\/p>\n<p>\n\t<span style=\"color:#696969;\"><span style=\"font-size:14px;\"><span style=\"font-family:times new roman,times,serif;\">Remonto darbai vyks&nbsp; nuo 2019 m. rugpj\u016b\u010dio 26 d. iki 2019 m. gruod\u017eio 31 d.<\/span><\/span><\/span>\n<\/p>\n<p>\n\t<span style=\"color:#696969;\"><span style=\"font-size:14px;\"><span style=\"font-family:times new roman,times,serif;\">Aplinkini\u0173 nam\u0173 gyventojai gal\u0117s naudotis gimnazijos teritorijoje esan\u010diais sporto \u012frenginiais kiekvien\u0105 dien\u0105 nuo 6.00 val. iki 22.00 val.<\/span><\/span><\/span>\n<\/p>\n<p>\n\t&nbsp;\n<\/p>\n<p>\n\t<span style=\"font-size:14px;\"><span style=\"font-family:times new roman,times,serif;\"><span style=\"color:#696969;\">I&scaron;samesn\u0117 informacija teikiama tel.: (+370) 68483848; (8 5) 233 0452; el. p.<\/span> <a href=\"mailto:rastine@basanaviciaus.vilnius.lm.lt\">rastine@basanaviciaus.vilnius.lm.lt<\/a><\/span><\/span>\n<\/p>\n<p>\n\t&nbsp;<\/p>\n","protected":false},"excerpt":{"rendered":"<p>D\u0117l Vilniaus Jono Basanavi\u010diaus gimnazijos aplinkos atnaujinimo darb\u0173 vykdymo &nbsp; Vilniaus Jono Basanavi\u010diaus gimnazija vykdo aplinkos atnaujinimo darbus. Gimnazijos teritorija bus tveriama segmentine tvora. Remonto darbai vyks&nbsp; nuo 2019 m. rugpj\u016b\u010dio 26 d. iki 2019 m. gruod\u017eio 31 d. Aplinkini\u0173 nam\u0173 gyventojai gal\u0117s naudotis gimnazijos teritorijoje esan\u010diais sporto \u012frenginiais kiekvien\u0105 dien\u0105 nuo 6.00 val. iki [&hellip;]<\/p>\n","protected":false},"author":1,"featured_media":0,"parent":0,"menu_order":0,"comment_status":"closed","ping_status":"closed","template":"","meta":{"footnotes":""},"class_list":["post-12430","page","type-page","status-publish","hentry"],"_links":{"self":[{"href":"http:\/\/www.basanaviciaus.vilnius.lm.lt\/index.php?rest_route=\/wp\/v2\/pages\/12430","targetHints":{"allow":["GET"]}}],"collection":[{"href":"http:\/\/www.basanaviciaus.vilnius.lm.lt\/index.php?rest_route=\/wp\/v2\/pages"}],"about":[{"href":"http:\/\/www.basanaviciaus.vilnius.lm.lt\/index.php?rest_route=\/wp\/v2\/types\/page"}],"author":[{"embeddable":true,"href":"http:\/\/www.basanaviciaus.vilnius.lm.lt\/index.php?rest_route=\/wp\/v2\/users\/1"}],"replies":[{"embeddable":true,"href":"http:\/\/www.basanaviciaus.vilnius.lm.lt\/index.php?rest_route=%2Fwp%2Fv2%2Fcomments&post=12430"}],"version-history":[{"count":1,"href":"http:\/\/www.basanaviciaus.vilnius.lm.lt\/index.php?rest_route=\/wp\/v2\/pages\/12430\/revisions"}],"predecessor-version":[{"id":12431,"href":"http:\/\/www.basanaviciaus.vilnius.lm.lt\/index.php?rest_route=\/wp\/v2\/pages\/12430\/revisions\/12431"}],"wp:attachment":[{"href":"http:\/\/www.basanaviciaus.vilnius.lm.lt\/index.php?rest_route=%2Fwp%2Fv2%2Fmedia&parent=12430"}],"curies":[{"name":"wp","href":"https:\/\/api.w.org\/{rel}","templated":true}]}}