{"id":12478,"date":"2019-09-11T11:28:10","date_gmt":"2019-09-11T08:28:10","guid":{"rendered":"http:\/\/www.basanaviciaus.vilnius.lm.lt\/?page_id=12478"},"modified":"2019-09-11T11:28:24","modified_gmt":"2019-09-11T08:28:24","slug":"12478-2","status":"publish","type":"page","link":"http:\/\/www.basanaviciaus.vilnius.lm.lt\/?page_id=12478","title":{"rendered":"Pasaulin\u0117s savi\u017eudybi\u0173 prevencijos renginys &#8211; dvira\u010di\u0173 \u017eygis&#8217;19-20"},"content":{"rendered":"<p>\n\t<strong><span style=\"color:#696969;\"><span style=\"font-size:14px;\"><span style=\"font-family:times new roman,times,serif;\">2019-09-10<\/span><\/span><\/span><\/strong>\n<\/p>\n<p>\n\t<strong><span style=\"color:#696969;\"><span style=\"font-size:14px;\"><span style=\"font-family:times new roman,times,serif;\">Pasaulin\u0117s savi\u017eudybi\u0173 prevencijos renginys &#8211; dvira\u010di\u0173 \u017eygis<\/span><\/span><\/span><\/strong>\n<\/p>\n<p>\n\t<span style=\"color:#696969;\"><span style=\"font-size:14px;\"><span style=\"font-family:times new roman,times,serif;\">Kasmet rugs\u0117jo 10 d.&nbsp;\u012f dvira\u010di\u0173 \u017eygius, p\u0117s\u010di\u0173j\u0173 \u017eygius, akcijas ir min\u0117jimus susiburia milijonai \u017emoni\u0173 \u012fvairiose pasaulio &scaron;alyse. Lietuvoje, &scaron;iemet daugiau kaip 20 savivaldybi\u0173 organizuojami dvira\u010di\u0173, paspirtuk\u0173 ir p\u0117s\u010di\u0173j\u0173 \u017eygiai. Nes tokie renginiai padeda atkreipti d\u0117mes\u012f \u012f pat\u012f rei&scaron;kin\u012f ir primena, kad &scaron;iltas bendravimas, nuo&scaron;irdus d\u0117mesys, bendruomeni&scaron;kumas yra apsaugantys veiksniai prie&scaron; savi\u017eudybes. M\u016bs\u0173 bendruomen\u0117 siekia tapti labiau tokia, kuri saugo nuo savi\u017eudybi\u0173 kiekvien\u0105 \u017emog\u0173. &Scaron;ilt\u0105 ir saul\u0117t\u0105 vakar\u0105 dalinom\u0117s gera nuotaika ir nuo&scaron;ird\u017eiu d\u0117mesiu. Pirmokams tai buvo proga geriau susipa\u017einti tarpusavyje, vyresniems ner\u016bpestingai pab\u016bti kartu, susp\u0117ti pa\u017einti geriau vienas kit\u0105. \u017dinoma, prad\u017eiugino ir organizatori\u0173 dovanos, specialiai sukurtos renginiui. Puosel\u0117dami &scaron;iltus santykius, tampame labiau bendruomeni&scaron;ki, tampame labiau bendruomene, saugan\u010dia nuo savi\u017eudybi\u0173.<\/span><\/span><\/span>\n<\/p>\n<p>\n\t<a href=\"http:\/\/www.basanaviciaus.vilnius.lm.lt\/wp-content\/uploads\/2017\/06\/1-135.jpg\"><img loading=\"lazy\" decoding=\"async\" alt=\"\" class=\"aligncenter size-medium wp-image-12477\" height=\"225\" src=\"http:\/\/www.basanaviciaus.vilnius.lm.lt\/wp-content\/uploads\/2017\/06\/1-135-300x225.jpg\" width=\"300\" srcset=\"http:\/\/www.basanaviciaus.vilnius.lm.lt\/wp-content\/uploads\/2017\/06\/1-135-300x225.jpg 300w, http:\/\/www.basanaviciaus.vilnius.lm.lt\/wp-content\/uploads\/2017\/06\/1-135-768x576.jpg 768w, http:\/\/www.basanaviciaus.vilnius.lm.lt\/wp-content\/uploads\/2017\/06\/1-135.jpg 2000w\" sizes=\"auto, (max-width: 300px) 100vw, 300px\" \/><\/a><\/p>\n","protected":false},"excerpt":{"rendered":"<p>2019-09-10 Pasaulin\u0117s savi\u017eudybi\u0173 prevencijos renginys &#8211; dvira\u010di\u0173 \u017eygis Kasmet rugs\u0117jo 10 d.&nbsp;\u012f dvira\u010di\u0173 \u017eygius, p\u0117s\u010di\u0173j\u0173 \u017eygius, akcijas ir min\u0117jimus susiburia milijonai \u017emoni\u0173 \u012fvairiose pasaulio &scaron;alyse. Lietuvoje, &scaron;iemet daugiau kaip 20 savivaldybi\u0173 organizuojami dvira\u010di\u0173, paspirtuk\u0173 ir p\u0117s\u010di\u0173j\u0173 \u017eygiai. Nes tokie renginiai padeda atkreipti d\u0117mes\u012f \u012f pat\u012f rei&scaron;kin\u012f ir primena, kad &scaron;iltas bendravimas, nuo&scaron;irdus d\u0117mesys, bendruomeni&scaron;kumas yra [&hellip;]<\/p>\n","protected":false},"author":1,"featured_media":0,"parent":0,"menu_order":0,"comment_status":"closed","ping_status":"closed","template":"","meta":{"footnotes":""},"class_list":["post-12478","page","type-page","status-publish","hentry"],"_links":{"self":[{"href":"http:\/\/www.basanaviciaus.vilnius.lm.lt\/index.php?rest_route=\/wp\/v2\/pages\/12478","targetHints":{"allow":["GET"]}}],"collection":[{"href":"http:\/\/www.basanaviciaus.vilnius.lm.lt\/index.php?rest_route=\/wp\/v2\/pages"}],"about":[{"href":"http:\/\/www.basanaviciaus.vilnius.lm.lt\/index.php?rest_route=\/wp\/v2\/types\/page"}],"author":[{"embeddable":true,"href":"http:\/\/www.basanaviciaus.vilnius.lm.lt\/index.php?rest_route=\/wp\/v2\/users\/1"}],"replies":[{"embeddable":true,"href":"http:\/\/www.basanaviciaus.vilnius.lm.lt\/index.php?rest_route=%2Fwp%2Fv2%2Fcomments&post=12478"}],"version-history":[{"count":2,"href":"http:\/\/www.basanaviciaus.vilnius.lm.lt\/index.php?rest_route=\/wp\/v2\/pages\/12478\/revisions"}],"predecessor-version":[{"id":12480,"href":"http:\/\/www.basanaviciaus.vilnius.lm.lt\/index.php?rest_route=\/wp\/v2\/pages\/12478\/revisions\/12480"}],"wp:attachment":[{"href":"http:\/\/www.basanaviciaus.vilnius.lm.lt\/index.php?rest_route=%2Fwp%2Fv2%2Fmedia&parent=12478"}],"curies":[{"name":"wp","href":"https:\/\/api.w.org\/{rel}","templated":true}]}}