{"id":12523,"date":"2019-09-20T10:32:36","date_gmt":"2019-09-20T07:32:36","guid":{"rendered":"http:\/\/www.basanaviciaus.vilnius.lm.lt\/?page_id=12523"},"modified":"2019-09-20T10:40:27","modified_gmt":"2019-09-20T07:40:27","slug":"europos-sajungos-strukturiniu-fondu-lesomis-finansuojamas-projektas-bendrojo-ugdymo-mokytoju-bendruju-ir-dalykiniu-kompetenciju-tobulinimas-inovaciju-isbandymas19-20","status":"publish","type":"page","link":"http:\/\/www.basanaviciaus.vilnius.lm.lt\/?page_id=12523","title":{"rendered":"Europos S\u0105jungos strukt\u016brini\u0173 fond\u0173 l\u0117\u0161omis finansuojamas projektas \u201eBendrojo ugdymo mokytoj\u0173 bendr\u0173j\u0173 ir dalykini\u0173 kompetencij\u0173 tobulinimas. Inovacij\u0173 i\u0161bandymas\u201c19-20"},"content":{"rendered":"<p>\n\t<strong><span style=\"font-size:14px;\"><span style=\"font-family:times new roman,times,serif;\">2019-09-20<\/span><\/span><\/strong>\n<\/p>\n<p>\n\t<span style=\"font-size:14px;\"><span style=\"font-family:times new roman,times,serif;\"><strong><meta charset=\"utf-8\" \/>Europos S\u0105jungos strukt\u016brini\u0173 fond\u0173 l\u0117&scaron;omis finansuojamas projektas &bdquo;Bendrojo ugdymo mokytoj\u0173 bendr\u0173j\u0173 ir dalykini\u0173 kompetencij\u0173 tobulinimas. Inovacij\u0173 i&scaron;bandymas&ldquo;<\/strong><\/span><\/span>\n<\/p>\n<p dir=\"ltr\">\n\t<span style=\"font-size:14px;\"><span style=\"font-family:times new roman,times,serif;\">&Scaron;iais mokslo metais m\u016bs\u0173 gimnazija dalyvauja Europos S\u0105jungos strukt\u016brini\u0173 fond\u0173 l\u0117&scaron;omis finansuojamame projekte &bdquo;Bendrojo ugdymo mokytoj\u0173 bendr\u0173j\u0173 ir dalykini\u0173 kompetencij\u0173 tobulinimas. Inovacij\u0173 i&scaron;bandymas&ldquo;.<br \/>\n\tM\u016bs\u0173 gimnazija inovacijas i&scaron;bandys drauge su Prien\u0173 &bdquo;\u017diburio&ldquo; gimnazija, Ma\u017eeiki\u0173 Merkelio Ra\u010dkausko gimnazija bei Elektr\u0117n\u0173 &bdquo;\u0104\u017euolyno&rdquo; progimnazija.&nbsp;<\/span><\/span>\n<\/p>\n<p dir=\"ltr\">\n\t<span style=\"font-size:14px;\"><span style=\"font-family:times new roman,times,serif;\">Vykstant projektui, ekspertai, atsakingi u\u017e inovacij\u0173 pritaikymo metodikos parengim\u0105 (chemijos moksl\u0173 daktar\u0117 Renata \u010ces\u016bnien\u0117, fizikos mokytojas Ignas Gai\u017ei\u016bnas, geografijos &ndash; fizikos mokytoja Dalia Umantait\u0117-Vaivadien\u0117, m\u016bs\u0173 gimnazijos fizinio ugdymo mokytoja ekspert\u0117 J\u016brat\u0117 Armonien\u0117) teiks konsultacijas, kaip pasirengti ugdomajai veiklai, taip pat jie steb\u0117s inovacij\u0173 pritaikymo ugdymo procese veikl\u0105. Ekspertai kartu su projekte dalyvavusiais mokytojais parengs metodin\u0119 med\u017eiag\u0105, skirt\u0105 inovacij\u0173 pritaikymui ugdymo procese (pamok\u0173 planai ir apra&scaron;ai, u\u017eduo\u010di\u0173 pavyzd\u017eiai, vaizdo \u012fra&scaron;ai ir pan.).&nbsp;<\/span><\/span>\n<\/p>\n<p dir=\"ltr\">\n\t<span style=\"font-size:14px;\"><span style=\"font-family:times new roman,times,serif;\">Rugs\u0117jo 10 d. inovacij\u0173 i&scaron;bandyme dalyvaujan\u010di\u0173 ugdymo \u012fstaig\u0173 atstovai susitiko m\u016bs\u0173 gimnazijoje ir aptar\u0117, kaip fizikos, chemijos bei fizinio ugdymo pamokose naudos inovatyvias ugdymo priemones: Vernier Go Direct dinamin\u0119 sistem\u0105, rinkinius &bdquo;Med\u017eiagos, mi&scaron;iniai, vanduo&ldquo; bei &bdquo;Oras, degimas, oksidacijos &ndash; redukcijos reakcijos&ldquo;, \u017dem\u0117s ir M\u0117nulio jud\u0117jimo demonstracin\u012f model\u012f &bdquo;Tellurium N&ldquo; bei i&scaron;tverm\u0119 ir koordinacij\u0105 lavinan\u010dius &scaron;oki\u0173 kilim\u0117lius.&nbsp;<\/span><\/span>\n<\/p>\n<p dir=\"ltr\">\n\t<span style=\"font-size:14px;\"><span style=\"font-family:times new roman,times,serif;\">Mokytojai taip pat tur\u0117jo galimyb\u0119 visas inovacijas i&scaron;bandyti prakti&scaron;kai.&nbsp;<\/span><\/span>\n<\/p>\n<p dir=\"ltr\">\n\t<span style=\"font-size:14px;\"><span style=\"font-family:times new roman,times,serif;\"><style id=\"bwg-style-0\">    #bwg_container1_0 #bwg_container2_0 .bwg-container-0.bwg-standard-thumbnails {      width: 904px;              justify-content: center;        margin:0 auto !important;              background-color: rgba(255, 255, 255, 0.00);            padding-left: 4px;      padding-top: 4px;      max-width: 100%;            }        #bwg_container1_0 #bwg_container2_0 .bwg-container-0.bwg-standard-thumbnails .bwg-item {    justify-content: flex-start;      max-width: 180px;            width: 180px !important;          }    #bwg_container1_0 #bwg_container2_0 .bwg-container-0.bwg-standard-thumbnails .bwg-item a {       margin-right: 4px;       margin-bottom: 4px;    }    #bwg_container1_0 #bwg_container2_0 .bwg-container-0.bwg-standard-thumbnails .bwg-item0 {      padding: 0px;            background-color:rgba(255,255,255, 0.30);      border: 0px none #CCCCCC;      opacity: 1.00;      border-radius: 0;      box-shadow: 0px 0px 0px #888888;    }    #bwg_container1_0 #bwg_container2_0 .bwg-container-0.bwg-standard-thumbnails .bwg-item1 img {      max-height: none;      max-width: none;      padding: 0 !important;    }        @media only screen and (min-width: 480px) {      #bwg_container1_0 #bwg_container2_0 .bwg-container-0.bwg-standard-thumbnails .bwg-item0 {        transition: all 0.3s ease 0s;-webkit-transition: all 0.3s ease 0s;      }      #bwg_container1_0 #bwg_container2_0 .bwg-container-0.bwg-standard-thumbnails .bwg-item0:hover {        -ms-transform: scale(1.1);        -webkit-transform: scale(1.1);        transform: scale(1.1);      }    }          #bwg_container1_0 #bwg_container2_0 .bwg-container-0.bwg-standard-thumbnails .bwg-item1 {      padding-top: 50%;    }        #bwg_container1_0 #bwg_container2_0 .bwg-container-0.bwg-standard-thumbnails .bwg-title2,    #bwg_container1_0 #bwg_container2_0 .bwg-container-0.bwg-standard-thumbnails .bwg-ecommerce2 {      color: #CCCCCC;      font-family: segoe ui;      font-size: 16px;      font-weight: bold;      padding: 2px;      text-shadow: 0px 0px 0px #888888;      max-height: 100%;    }    #bwg_container1_0 #bwg_container2_0 .bwg-container-0.bwg-standard-thumbnails .bwg-thumb-description span {    color: #323A45;    font-family: Ubuntu;    font-size: 12px;    max-height: 100%;    word-wrap: break-word;    }    #bwg_container1_0 #bwg_container2_0 .bwg-container-0.bwg-standard-thumbnails .bwg-play-icon2 {      font-size: 32px;    }    #bwg_container1_0 #bwg_container2_0 .bwg-container-0.bwg-standard-thumbnails .bwg-ecommerce2 {      font-size: 19.2px;      color: #CCCCCC;    }    <\/style>    <div id=\"bwg_container1_0\"         class=\"bwg_container bwg_thumbnail bwg_thumbnails \"         data-right-click-protection=\"0\"         data-bwg=\"0\"         data-scroll=\"0\"         data-gallery-type=\"thumbnails\"         data-gallery-view-type=\"thumbnails\"         data-current-url=\"\/index.php?rest_route=%2Fwp%2Fv2%2Fpages%2F12523\"         data-lightbox-url=\"http:\/\/www.basanaviciaus.vilnius.lm.lt\/wp-admin\/admin-ajax.php?action=GalleryBox&#038;current_view=0&#038;gallery_id=478&#038;tag=0&#038;theme_id=1&#038;shortcode_id=965&#038;sort_by=order&#038;order_by=asc&#038;current_url=%2Findex.php%3Frest_route%3D%252Fwp%252Fv2%252Fpages%252F12523\"         data-gallery-id=\"478\"         data-popup-width=\"800\"         data-popup-height=\"500\"         data-is-album=\"gallery\"         data-buttons-position=\"bottom\">      <div id=\"bwg_container2_0\">             <div id=\"ajax_loading_0\" class=\"bwg_loading_div_1\">      <div class=\"bwg_loading_div_2\">        <div class=\"bwg_loading_div_3\">          <div id=\"loading_div_0\" class=\"bwg_spider_ajax_loading\">          <\/div>        <\/div>      <\/div>    <\/div>            <form id=\"gal_front_form_0\"              class=\"bwg-hidden\"              method=\"post\"              action=\"#\"              data-current=\"0\"              data-shortcode-id=\"965\"              data-gallery-type=\"thumbnails\"              data-gallery-id=\"478\"              data-tag=\"0\"              data-album-id=\"0\"              data-theme-id=\"1\"              data-ajax-url=\"http:\/\/www.basanaviciaus.vilnius.lm.lt\/wp-admin\/admin-ajax.php?action=bwg_frontend_data\">          <div id=\"bwg_container3_0\" class=\"bwg-background bwg-background-0\">                <div data-max-count=\"5\"         data-thumbnail-width=\"180\"         data-bwg=\"0\"         data-gallery-id=\"478\"         data-lightbox-url=\"http:\/\/www.basanaviciaus.vilnius.lm.lt\/wp-admin\/admin-ajax.php?action=GalleryBox&amp;current_view=0&amp;gallery_id=478&amp;tag=0&amp;theme_id=1&amp;shortcode_id=965&amp;sort_by=order&amp;order_by=asc&amp;current_url=%2Findex.php%3Frest_route%3D%252Fwp%252Fv2%252Fpages%252F12523\"         id=\"bwg_thumbnails_0\"         class=\"bwg-container-0 bwg-thumbnails bwg-standard-thumbnails bwg-container bwg-border-box\">            <div class=\"bwg-item\">        <a class=\"bwg-a  bwg_lightbox\"  data-image-id=\"3579\" href=\"http:\/\/www.basanaviciaus.vilnius.lm.lt\/wp-content\/uploads\/photo-gallery\/Europos_S\u0105jungos_strukt\u016brini\u0173_fond\u0173_l\u0117\u0161omis_finansuojamas_projektas_\u201eBendrojo_ugdymo_mokytoj\u0173_bendr\u0173j\u0173_ir_dalykini\u0173_kompetencij\u0173_tobulinimas._Inovacij\u0173_i\u0161bandymas\u201c19-20\/1.jpg?bwg=1568965177\" data-elementor-open-lightbox=\"no\">                <div class=\"bwg-item0 \">          <div class=\"bwg-item1 \">            <div class=\"bwg-item2\">              <img decoding=\"async\" class=\"skip-lazy bwg_standart_thumb_img_0 \"                   data-id=\"3579\"                   data-width=\"300\"                   data-height=\"200\"                   data-src=\"http:\/\/www.basanaviciaus.vilnius.lm.lt\/wp-content\/uploads\/photo-gallery\/Europos_S\u0105jungos_strukt\u016brini\u0173_fond\u0173_l\u0117\u0161omis_finansuojamas_projektas_\u201eBendrojo_ugdymo_mokytoj\u0173_bendr\u0173j\u0173_ir_dalykini\u0173_kompetencij\u0173_tobulinimas._Inovacij\u0173_i\u0161bandymas\u201c19-20\/thumb\/1.jpg?bwg=1568965177\"                   src=\"http:\/\/www.basanaviciaus.vilnius.lm.lt\/wp-content\/uploads\/photo-gallery\/Europos_S\u0105jungos_strukt\u016brini\u0173_fond\u0173_l\u0117\u0161omis_finansuojamas_projektas_\u201eBendrojo_ugdymo_mokytoj\u0173_bendr\u0173j\u0173_ir_dalykini\u0173_kompetencij\u0173_tobulinimas._Inovacij\u0173_i\u0161bandymas\u201c19-20\/thumb\/1.jpg?bwg=1568965177\"                   alt=\"1\"                   title=\"1\" \/>            <\/div>            <div class=\"\">                                                      <\/div>          <\/div>        <\/div>                        <\/a>              <\/div>            <div class=\"bwg-item\">        <a class=\"bwg-a  bwg_lightbox\"  data-image-id=\"3578\" href=\"http:\/\/www.basanaviciaus.vilnius.lm.lt\/wp-content\/uploads\/photo-gallery\/Europos_S\u0105jungos_strukt\u016brini\u0173_fond\u0173_l\u0117\u0161omis_finansuojamas_projektas_\u201eBendrojo_ugdymo_mokytoj\u0173_bendr\u0173j\u0173_ir_dalykini\u0173_kompetencij\u0173_tobulinimas._Inovacij\u0173_i\u0161bandymas\u201c19-20\/2.jpg?bwg=1568965177\" data-elementor-open-lightbox=\"no\">                <div class=\"bwg-item0 \">          <div class=\"bwg-item1 \">            <div class=\"bwg-item2\">              <img decoding=\"async\" class=\"skip-lazy bwg_standart_thumb_img_0 \"                   data-id=\"3578\"                   data-width=\"300\"                   data-height=\"225\"                   data-src=\"http:\/\/www.basanaviciaus.vilnius.lm.lt\/wp-content\/uploads\/photo-gallery\/Europos_S\u0105jungos_strukt\u016brini\u0173_fond\u0173_l\u0117\u0161omis_finansuojamas_projektas_\u201eBendrojo_ugdymo_mokytoj\u0173_bendr\u0173j\u0173_ir_dalykini\u0173_kompetencij\u0173_tobulinimas._Inovacij\u0173_i\u0161bandymas\u201c19-20\/thumb\/2.jpg?bwg=1568965177\"                   src=\"http:\/\/www.basanaviciaus.vilnius.lm.lt\/wp-content\/uploads\/photo-gallery\/Europos_S\u0105jungos_strukt\u016brini\u0173_fond\u0173_l\u0117\u0161omis_finansuojamas_projektas_\u201eBendrojo_ugdymo_mokytoj\u0173_bendr\u0173j\u0173_ir_dalykini\u0173_kompetencij\u0173_tobulinimas._Inovacij\u0173_i\u0161bandymas\u201c19-20\/thumb\/2.jpg?bwg=1568965177\"                   alt=\"2\"                   title=\"2\" \/>            <\/div>            <div class=\"\">                                                      <\/div>          <\/div>        <\/div>                        <\/a>              <\/div>            <div class=\"bwg-item\">        <a class=\"bwg-a  bwg_lightbox\"  data-image-id=\"3577\" href=\"http:\/\/www.basanaviciaus.vilnius.lm.lt\/wp-content\/uploads\/photo-gallery\/Europos_S\u0105jungos_strukt\u016brini\u0173_fond\u0173_l\u0117\u0161omis_finansuojamas_projektas_\u201eBendrojo_ugdymo_mokytoj\u0173_bendr\u0173j\u0173_ir_dalykini\u0173_kompetencij\u0173_tobulinimas._Inovacij\u0173_i\u0161bandymas\u201c19-20\/3.jpg?bwg=1568965177\" data-elementor-open-lightbox=\"no\">                <div class=\"bwg-item0 \">          <div class=\"bwg-item1 \">            <div class=\"bwg-item2\">              <img decoding=\"async\" class=\"skip-lazy bwg_standart_thumb_img_0 \"                   data-id=\"3577\"                   data-width=\"168\"                   data-height=\"300\"                   data-src=\"http:\/\/www.basanaviciaus.vilnius.lm.lt\/wp-content\/uploads\/photo-gallery\/Europos_S\u0105jungos_strukt\u016brini\u0173_fond\u0173_l\u0117\u0161omis_finansuojamas_projektas_\u201eBendrojo_ugdymo_mokytoj\u0173_bendr\u0173j\u0173_ir_dalykini\u0173_kompetencij\u0173_tobulinimas._Inovacij\u0173_i\u0161bandymas\u201c19-20\/thumb\/3.jpg?bwg=1568965177\"                   src=\"http:\/\/www.basanaviciaus.vilnius.lm.lt\/wp-content\/uploads\/photo-gallery\/Europos_S\u0105jungos_strukt\u016brini\u0173_fond\u0173_l\u0117\u0161omis_finansuojamas_projektas_\u201eBendrojo_ugdymo_mokytoj\u0173_bendr\u0173j\u0173_ir_dalykini\u0173_kompetencij\u0173_tobulinimas._Inovacij\u0173_i\u0161bandymas\u201c19-20\/thumb\/3.jpg?bwg=1568965177\"                   alt=\"3\"                   title=\"3\" \/>            <\/div>            <div class=\"\">                                                      <\/div>          <\/div>        <\/div>                        <\/a>              <\/div>          <\/div>              <\/div>        <\/form>        <style>          #bwg_container1_0 #bwg_container2_0 #spider_popup_overlay_0 {          background-color: #000000;          opacity: 0.70;          }          <\/style>        <div id=\"bwg_spider_popup_loading_0\" class=\"bwg_spider_popup_loading\"><\/div>        <div id=\"spider_popup_overlay_0\" class=\"spider_popup_overlay\" onclick=\"spider_destroypopup(1000)\"><\/div>        <input type=\"hidden\" id=\"bwg_random_seed_0\" value=\"546955029\">                <\/div>    <\/div>    <script>      if (document.readyState === 'complete') {        if( typeof bwg_main_ready == 'function' ) {          if ( jQuery(\"#bwg_container1_0\").height() ) {            bwg_main_ready(jQuery(\"#bwg_container1_0\"));          }        }      } else {        document.addEventListener('DOMContentLoaded', function() {          if( typeof bwg_main_ready == 'function' ) {            if ( jQuery(\"#bwg_container1_0\").height() ) {             bwg_main_ready(jQuery(\"#bwg_container1_0\"));            }          }        });      }    <\/script>    <\/span><\/span><\/p>\n","protected":false},"excerpt":{"rendered":"<p>2019-09-20 Europos S\u0105jungos strukt\u016brini\u0173 fond\u0173 l\u0117&scaron;omis finansuojamas projektas &bdquo;Bendrojo ugdymo mokytoj\u0173 bendr\u0173j\u0173 ir dalykini\u0173 kompetencij\u0173 tobulinimas. Inovacij\u0173 i&scaron;bandymas&ldquo; &Scaron;iais mokslo metais m\u016bs\u0173 gimnazija dalyvauja Europos S\u0105jungos strukt\u016brini\u0173 fond\u0173 l\u0117&scaron;omis finansuojamame projekte &bdquo;Bendrojo ugdymo mokytoj\u0173 bendr\u0173j\u0173 ir dalykini\u0173 kompetencij\u0173 tobulinimas. Inovacij\u0173 i&scaron;bandymas&ldquo;. M\u016bs\u0173 gimnazija inovacijas i&scaron;bandys drauge su Prien\u0173 &bdquo;\u017diburio&ldquo; gimnazija, Ma\u017eeiki\u0173 Merkelio Ra\u010dkausko gimnazija bei [&hellip;]<\/p>\n","protected":false},"author":1,"featured_media":0,"parent":190,"menu_order":0,"comment_status":"closed","ping_status":"closed","template":"","meta":{"footnotes":""},"class_list":["post-12523","page","type-page","status-publish","hentry"],"_links":{"self":[{"href":"http:\/\/www.basanaviciaus.vilnius.lm.lt\/index.php?rest_route=\/wp\/v2\/pages\/12523","targetHints":{"allow":["GET"]}}],"collection":[{"href":"http:\/\/www.basanaviciaus.vilnius.lm.lt\/index.php?rest_route=\/wp\/v2\/pages"}],"about":[{"href":"http:\/\/www.basanaviciaus.vilnius.lm.lt\/index.php?rest_route=\/wp\/v2\/types\/page"}],"author":[{"embeddable":true,"href":"http:\/\/www.basanaviciaus.vilnius.lm.lt\/index.php?rest_route=\/wp\/v2\/users\/1"}],"replies":[{"embeddable":true,"href":"http:\/\/www.basanaviciaus.vilnius.lm.lt\/index.php?rest_route=%2Fwp%2Fv2%2Fcomments&post=12523"}],"version-history":[{"count":2,"href":"http:\/\/www.basanaviciaus.vilnius.lm.lt\/index.php?rest_route=\/wp\/v2\/pages\/12523\/revisions"}],"predecessor-version":[{"id":12529,"href":"http:\/\/www.basanaviciaus.vilnius.lm.lt\/index.php?rest_route=\/wp\/v2\/pages\/12523\/revisions\/12529"}],"up":[{"embeddable":true,"href":"http:\/\/www.basanaviciaus.vilnius.lm.lt\/index.php?rest_route=\/wp\/v2\/pages\/190"}],"wp:attachment":[{"href":"http:\/\/www.basanaviciaus.vilnius.lm.lt\/index.php?rest_route=%2Fwp%2Fv2%2Fmedia&parent=12523"}],"curies":[{"name":"wp","href":"https:\/\/api.w.org\/{rel}","templated":true}]}}