{"id":12548,"date":"2019-09-24T08:08:35","date_gmt":"2019-09-24T05:08:35","guid":{"rendered":"http:\/\/www.basanaviciaus.vilnius.lm.lt\/?page_id=12548"},"modified":"2019-10-14T15:24:07","modified_gmt":"2019-10-14T12:24:07","slug":"erasmus-ka1-projektas-kurybiskumas-ugdymosi-procese19-20","status":"publish","type":"page","link":"http:\/\/www.basanaviciaus.vilnius.lm.lt\/?page_id=12548","title":{"rendered":"Erasmus+ KA1 projektas\u00a0\u201eK\u016brybi\u0161kumas ugdymo(si) procese\u201c19-20"},"content":{"rendered":"<table border=\"1\" cellpadding=\"1\" cellspacing=\"1\" style=\"width:650px;\">\n<tbody>\n<tr>\n<td style=\"text-align: center; vertical-align: middle; width: 100px;\">\n\t\t\t\t<a href=\"http:\/\/www.basanaviciaus.vilnius.lm.lt\/wp-content\/uploads\/2017\/06\/KA1-Mobility-Projects.png\" rel=\"\" target=\"\" title=\"\"><img loading=\"lazy\" decoding=\"async\" alt=\"\" height=\"100\" src=\"http:\/\/www.basanaviciaus.vilnius.lm.lt\/wp-content\/uploads\/2017\/06\/KA1-Mobility-Projects-150x150.png\" title=\"\" width=\"100\" \/><\/a>\n\t\t\t<\/td>\n<td style=\"vertical-align: middle;\">\n<p>\n\t\t\t\t\t<span style=\"color:#696969;\"><span style=\"font-size:14px;\"><span style=\"font-family:times new roman,times,serif;\"><strong>Erasmus+ KA1 projektas&nbsp;&bdquo;K\u016brybi&scaron;kumas ugdymo(si) procese&ldquo;<\/strong><\/span><\/span><\/span>\n\t\t\t\t<\/p>\n<\/td>\n<\/tr>\n<\/tbody>\n<\/table>\n<p>\n\t<strong><span style=\"color:#696969;\"><span style=\"font-size:14px;\"><span style=\"font-family:times new roman,times,serif;\">2019-10-04<\/span><\/span><\/span><\/strong>\n<\/p>\n<p>\n\t<span style=\"color:#696969;\"><span style=\"font-size:14px;\"><span style=\"font-family:times new roman,times,serif;\">Vilniaus Jono Basanavi\u010diaus gimnazijos mokytoj\u0173 komanda, vykdydama Erasmus+ KA1 projekt\u0105 &bdquo;K\u016brybi&scaron;kumas ugdymo(si) procese&ldquo;, dalyvavo mokymuose Graikijoje ir tobulino savo profesines, kult\u016brines bei kalbines kompetencijas. <a href=\"http:\/\/www.basanaviciaus.vilnius.lm.lt\/?page_id=12572\">Skaityti pla\u010diau&#8230;<\/a><\/span><\/span><\/span>\n<\/p>\n<p>\n\t&nbsp;<\/p>\n","protected":false},"excerpt":{"rendered":"<p>Erasmus+ KA1 projektas&nbsp;&bdquo;K\u016brybi&scaron;kumas ugdymo(si) procese&ldquo; 2019-10-04 Vilniaus Jono Basanavi\u010diaus gimnazijos mokytoj\u0173 komanda, vykdydama Erasmus+ KA1 projekt\u0105 &bdquo;K\u016brybi&scaron;kumas ugdymo(si) procese&ldquo;, dalyvavo mokymuose Graikijoje ir tobulino savo profesines, kult\u016brines bei kalbines kompetencijas. Skaityti pla\u010diau&#8230; &nbsp;<\/p>\n","protected":false},"author":1,"featured_media":0,"parent":190,"menu_order":0,"comment_status":"closed","ping_status":"closed","template":"","meta":{"footnotes":""},"class_list":["post-12548","page","type-page","status-publish","hentry"],"_links":{"self":[{"href":"http:\/\/www.basanaviciaus.vilnius.lm.lt\/index.php?rest_route=\/wp\/v2\/pages\/12548","targetHints":{"allow":["GET"]}}],"collection":[{"href":"http:\/\/www.basanaviciaus.vilnius.lm.lt\/index.php?rest_route=\/wp\/v2\/pages"}],"about":[{"href":"http:\/\/www.basanaviciaus.vilnius.lm.lt\/index.php?rest_route=\/wp\/v2\/types\/page"}],"author":[{"embeddable":true,"href":"http:\/\/www.basanaviciaus.vilnius.lm.lt\/index.php?rest_route=\/wp\/v2\/users\/1"}],"replies":[{"embeddable":true,"href":"http:\/\/www.basanaviciaus.vilnius.lm.lt\/index.php?rest_route=%2Fwp%2Fv2%2Fcomments&post=12548"}],"version-history":[{"count":3,"href":"http:\/\/www.basanaviciaus.vilnius.lm.lt\/index.php?rest_route=\/wp\/v2\/pages\/12548\/revisions"}],"predecessor-version":[{"id":12574,"href":"http:\/\/www.basanaviciaus.vilnius.lm.lt\/index.php?rest_route=\/wp\/v2\/pages\/12548\/revisions\/12574"}],"up":[{"embeddable":true,"href":"http:\/\/www.basanaviciaus.vilnius.lm.lt\/index.php?rest_route=\/wp\/v2\/pages\/190"}],"wp:attachment":[{"href":"http:\/\/www.basanaviciaus.vilnius.lm.lt\/index.php?rest_route=%2Fwp%2Fv2%2Fmedia&parent=12548"}],"curies":[{"name":"wp","href":"https:\/\/api.w.org\/{rel}","templated":true}]}}