{"id":12625,"date":"2019-10-14T18:52:44","date_gmt":"2019-10-14T15:52:44","guid":{"rendered":"http:\/\/www.basanaviciaus.vilnius.lm.lt\/?page_id=12625"},"modified":"2019-10-14T18:55:30","modified_gmt":"2019-10-14T15:55:30","slug":"mo-muziejaus-dovana19-20","status":"publish","type":"page","link":"http:\/\/www.basanaviciaus.vilnius.lm.lt\/?page_id=12625","title":{"rendered":"MO muziejaus dovana&#8217;19-20"},"content":{"rendered":"<p>\n\t<strong><span style=\"color:#696969;\"><span style=\"font-size:14px;\"><span style=\"font-family:times new roman,times,serif;\">2019-10-04<\/span><\/span><\/span><\/strong>\n<\/p>\n<p>\n\t<span style=\"color:#696969;\"><span style=\"font-size:14px;\"><span style=\"font-family:times new roman,times,serif;\"><strong>MO muziejaus dovana<\/strong><\/span><\/span><\/span>\n<\/p>\n<p>\n\t<span style=\"color:#696969;\"><span style=\"font-size:14px;\"><span style=\"font-family:times new roman,times,serif;\">Mokyklos bibliotek\u0105 pasiek\u0117 MO muziejaus dovana &ndash; knygos apie men\u0105, skirtos jaunimui. &Scaron;ios knygos &ndash; lyg ma\u017eos enciklopedijos apie dizain\u0105, architekt\u016br\u0105, &scaron;iuolaikin\u012f men\u0105.&nbsp;Kvie\u010diame su leidiniais susipa\u017einti gimnazijos bibliotekoje.<\/span><\/span><\/span>\n<\/p>\n<p>\n\t<a href=\"http:\/\/www.basanaviciaus.vilnius.lm.lt\/wp-content\/uploads\/2017\/06\/1-5.png\"><img loading=\"lazy\" decoding=\"async\" alt=\"\" class=\"aligncenter size-medium wp-image-12627\" height=\"300\" src=\"http:\/\/www.basanaviciaus.vilnius.lm.lt\/wp-content\/uploads\/2017\/06\/1-5-225x300.png\" width=\"225\" srcset=\"http:\/\/www.basanaviciaus.vilnius.lm.lt\/wp-content\/uploads\/2017\/06\/1-5-225x300.png 225w, http:\/\/www.basanaviciaus.vilnius.lm.lt\/wp-content\/uploads\/2017\/06\/1-5-300x400.png 300w, http:\/\/www.basanaviciaus.vilnius.lm.lt\/wp-content\/uploads\/2017\/06\/1-5.png 480w\" sizes=\"auto, (max-width: 225px) 100vw, 225px\" \/><\/a><\/p>\n","protected":false},"excerpt":{"rendered":"<p>2019-10-04 MO muziejaus dovana Mokyklos bibliotek\u0105 pasiek\u0117 MO muziejaus dovana &ndash; knygos apie men\u0105, skirtos jaunimui. &Scaron;ios knygos &ndash; lyg ma\u017eos enciklopedijos apie dizain\u0105, architekt\u016br\u0105, &scaron;iuolaikin\u012f men\u0105.&nbsp;Kvie\u010diame su leidiniais susipa\u017einti gimnazijos bibliotekoje.<\/p>\n","protected":false},"author":1,"featured_media":0,"parent":9413,"menu_order":0,"comment_status":"closed","ping_status":"closed","template":"","meta":{"footnotes":""},"class_list":["post-12625","page","type-page","status-publish","hentry"],"_links":{"self":[{"href":"http:\/\/www.basanaviciaus.vilnius.lm.lt\/index.php?rest_route=\/wp\/v2\/pages\/12625","targetHints":{"allow":["GET"]}}],"collection":[{"href":"http:\/\/www.basanaviciaus.vilnius.lm.lt\/index.php?rest_route=\/wp\/v2\/pages"}],"about":[{"href":"http:\/\/www.basanaviciaus.vilnius.lm.lt\/index.php?rest_route=\/wp\/v2\/types\/page"}],"author":[{"embeddable":true,"href":"http:\/\/www.basanaviciaus.vilnius.lm.lt\/index.php?rest_route=\/wp\/v2\/users\/1"}],"replies":[{"embeddable":true,"href":"http:\/\/www.basanaviciaus.vilnius.lm.lt\/index.php?rest_route=%2Fwp%2Fv2%2Fcomments&post=12625"}],"version-history":[{"count":2,"href":"http:\/\/www.basanaviciaus.vilnius.lm.lt\/index.php?rest_route=\/wp\/v2\/pages\/12625\/revisions"}],"predecessor-version":[{"id":12628,"href":"http:\/\/www.basanaviciaus.vilnius.lm.lt\/index.php?rest_route=\/wp\/v2\/pages\/12625\/revisions\/12628"}],"up":[{"embeddable":true,"href":"http:\/\/www.basanaviciaus.vilnius.lm.lt\/index.php?rest_route=\/wp\/v2\/pages\/9413"}],"wp:attachment":[{"href":"http:\/\/www.basanaviciaus.vilnius.lm.lt\/index.php?rest_route=%2Fwp%2Fv2%2Fmedia&parent=12625"}],"curies":[{"name":"wp","href":"https:\/\/api.w.org\/{rel}","templated":true}]}}