{"id":12737,"date":"2019-10-23T14:17:58","date_gmt":"2019-10-23T11:17:58","guid":{"rendered":"http:\/\/www.basanaviciaus.vilnius.lm.lt\/?page_id=12737"},"modified":"2020-10-28T18:17:02","modified_gmt":"2020-10-28T16:17:02","slug":"erasmus-ka1-projekto-kurybiskumas-ugdymosi-procese-sklaida_i19-20","status":"publish","type":"page","link":"http:\/\/www.basanaviciaus.vilnius.lm.lt\/?page_id=12737","title":{"rendered":"Projekto \u201eK\u016brybi\u0161kumas ugdymo(si) procese\u201c sklaida"},"content":{"rendered":"<div data-colibri-id=\"12737-c1\" class=\"style-1528 style-local-12737-c1 position-relative\">\n  <!---->\n  <div data-colibri-component=\"section\" data-colibri-id=\"12737-c56\" id=\"custom-2\" class=\"h-section h-section-global-spacing d-flex align-items-lg-center align-items-md-center align-items-center style-1672 style-local-12737-c56 position-relative\">\n    <!---->\n    <!---->\n    <div class=\"h-section-grid-container h-section-boxed-container\">\n      <!---->\n      <div data-colibri-id=\"12737-c57\" class=\"h-row-container gutters-row-lg-2 gutters-row-md-2 gutters-row-0 gutters-row-v-lg-2 gutters-row-v-md-2 gutters-row-v-2 style-1673 style-local-12737-c57 position-relative\">\n        <!---->\n        <div class=\"h-row justify-content-lg-center justify-content-md-center justify-content-center align-items-lg-stretch align-items-md-stretch align-items-stretch gutters-col-lg-2 gutters-col-md-2 gutters-col-0 gutters-col-v-lg-2 gutters-col-v-md-2 gutters-col-v-2\">\n          <!---->\n          <div class=\"h-column h-column-container d-flex h-col-lg-auto h-col-md-auto h-col-auto style-1674-outer style-local-12737-c58-outer\">\n            <div data-colibri-id=\"12737-c58\" class=\"d-flex h-flex-basis h-column__inner h-ui-empty-state-container h-px-lg-2 h-px-md-2 h-px-2 v-inner-lg-2 v-inner-md-2 v-inner-2 style-1674 style-local-12737-c58 position-relative\">\n              <!---->\n              <!---->\n              <div class=\"w-100 h-y-container h-column__content h-column__v-align flex-basis-100\">\n                <!---->\n              <\/div>\n            <\/div>\n          <\/div>\n          <div class=\"h-column h-column-container d-flex h-col-lg-auto h-col-md-auto h-col-auto style-1675-outer style-local-12737-c59-outer\">\n            <div data-colibri-id=\"12737-c59\" class=\"d-flex h-flex-basis h-column__inner h-ui-empty-state-container h-px-lg-2 h-px-md-2 h-px-2 v-inner-lg-2 v-inner-md-2 v-inner-2 style-1675 style-local-12737-c59 position-relative\">\n              <!---->\n              <!---->\n              <div class=\"w-100 h-y-container h-column__content h-column__v-align flex-basis-100\">\n                <!---->\n              <\/div>\n            <\/div>\n          <\/div>\n        <\/div>\n      <\/div>\n    <\/div>\n  <\/div>\n  <div data-colibri-component=\"section\" data-colibri-id=\"12737-c41\" id=\"custom\" class=\"h-section h-section-global-spacing d-flex align-items-lg-center align-items-md-center align-items-center style-1657 style-local-12737-c41 position-relative\">\n    <!---->\n    <!---->\n    <div class=\"h-section-grid-container h-section-boxed-container\">\n      <!---->\n      <div data-colibri-id=\"12737-c51\" class=\"h-row-container gutters-row-lg-1 gutters-row-md-1 gutters-row-0 gutters-row-v-lg-1 gutters-row-v-md-1 gutters-row-v-1 style-1667 style-local-12737-c51 position-relative\">\n        <!---->\n        <div class=\"h-row justify-content-lg-center justify-content-md-center justify-content-center align-items-lg-stretch align-items-md-stretch align-items-stretch gutters-col-lg-1 gutters-col-md-1 gutters-col-0 gutters-col-v-lg-1 gutters-col-v-md-1 gutters-col-v-1\">\n          <!---->\n          <div class=\"h-column h-column-container d-flex h-col-lg-auto h-col-md-auto h-col-auto style-1668-outer style-local-12737-c52-outer\">\n            <div data-colibri-id=\"12737-c52\" class=\"d-flex h-flex-basis h-column__inner h-px-lg-1 h-px-md-1 h-px-1 v-inner-lg-1 v-inner-md-1 v-inner-1 style-1668 style-local-12737-c52 position-relative\">\n              <!---->\n              <!---->\n              <div class=\"w-100 h-y-container h-column__content h-column__v-align flex-basis-100 align-self-lg-start align-self-md-start align-self-start\">\n                <!---->\n                <div data-colibri-id=\"12737-c53\" class=\"h-text h-text-component style-1669 style-local-12737-c53 position-relative h-element\">\n                  <!---->\n                  <!---->\n                  <div class=\"\">\n                    <p><span style=\"color: rgb(53, 64, 74); font-family: &quot;Nunito Sans&quot;; font-size: 16px; font-weight: 400;\">2019-10-21<\/span><\/p>\n                    <p>Erasmus+ KA1 projekto \u201eK\u016brybi\u0161kumas ugdymo(si) procese\u201c komanda vykd\u0117 projekto sklaid\u0105 ir dalinosi mokymuose Graikijoje \u012fgyta ger\u0105ja patirtimi su gimnazijos mokytojais.<\/p>\n                    <p>Mokytojos J\u016brat\u0117 ir Vida pristat\u0117 Graikijoje vykusius mokymus, palygino Graikijos ir Lietuvos \u0161vietimo sistemas, mokytoj\u0173 darbo ypatumus abiejose \u0161alyse.<\/p>\n                    <p>Mokytoja Akvil\u0117 papasakojo apie Blumo taksonomij\u0105, \u0161oninio m\u0105stymo (lateral thinking) bei istorij\u0173 pasakojimo metodus.<\/p>\n                    <p>Mokytoja Lina pademonstravo k\u016brybi\u0161kum\u0105 ugdan\u010dius IT \u012frankius, mokytoja Giedr\u0117 kalb\u0117jo apie k\u016brybi\u0161kum\u0105 aukl\u0117tojo darbe bei komandos formavimo metodus.<\/p>\n                  <\/div>\n                <\/div>\n                <div data-colibri-id=\"12737-c54\" class=\"h-x-container style-1670 style-local-12737-c54 position-relative h-element\">\n                  <!---->\n                  <div class=\"h-x-container-inner style-dynamic-12737-c54-group style-1670-spacing style-local-12737-c54-spacing\"><span class=\"h-link__outer style-1671-outer style-local-12737-c55-outer d-inline-flex h-element\"><a h-use-smooth-scroll=\"true\" href=\"http:\/\/www.basanaviciaus.vilnius.lm.lt\/wp-content\/uploads\/2019\/10\/Erasmuspristatymas-mokytojams-2019.pdf\"  data-colibri-id=\"12737-c55\" class=\"d-flex w-100 align-items-center h-link style-1671 style-local-12737-c55 position-relative\"><!----><!----> <span>Programa<\/span><\/a>\n                    <\/span>\n                  <\/div>\n                <\/div>\n              <\/div>\n            <\/div>\n          <\/div>\n        <\/div>\n      <\/div>\n      <div data-colibri-id=\"12737-c42\" class=\"h-row-container gutters-row-lg-1 gutters-row-md-1 gutters-row-0 gutters-row-v-lg-1 gutters-row-v-md-1 gutters-row-v-1 style-1658 style-local-12737-c42 position-relative\">\n        <!---->\n        <div class=\"h-row justify-content-lg-center justify-content-md-center justify-content-center align-items-lg-stretch align-items-md-stretch align-items-stretch gutters-col-lg-1 gutters-col-md-1 gutters-col-0 gutters-col-v-lg-1 gutters-col-v-md-1 gutters-col-v-1\">\n          <!---->\n          <div class=\"h-column h-column-container d-flex h-col-lg-auto h-col-md-auto h-col-auto style-1659-outer style-local-12737-c43-outer\">\n            <div data-colibri-id=\"12737-c43\" class=\"d-flex h-flex-basis h-column__inner h-px-lg-0 h-px-md-0 h-px-0 v-inner-lg-0 v-inner-md-0 v-inner-0 style-1659 style-local-12737-c43 position-relative\">\n              <!---->\n              <!---->\n              <div class=\"w-100 h-y-container h-column__content h-column__v-align flex-basis-100 align-self-lg-start align-self-md-start align-self-start\">\n                <!---->\n                <div data-colibri-id=\"12737-c47\" class=\"d-block style-1663 style-local-12737-c47 position-relative h-element\">\n                  <!---->\n                  <div class=\"h-image__frame-container-outer\">\n                    <div class=\"h-image__frame-container\">\n                      <!---->\n                      <!---->\n                      <img loading=\"lazy\" decoding=\"async\" width=\"820\" height=\"720\" src=\"http:\/\/www.basanaviciaus.vilnius.lm.lt\/wp-content\/uploads\/2020\/04\/cropped-cropped-1-1-1-1.jpg\" class=\"wp-image-17424 style-1663-image style-local-12737-c47-image\" alt=\"\" srcset=\"http:\/\/www.basanaviciaus.vilnius.lm.lt\/wp-content\/uploads\/2020\/04\/cropped-cropped-1-1-1-1.jpg 820w, http:\/\/www.basanaviciaus.vilnius.lm.lt\/wp-content\/uploads\/2020\/04\/cropped-cropped-1-1-1-1-300x263.jpg 300w, http:\/\/www.basanaviciaus.vilnius.lm.lt\/wp-content\/uploads\/2020\/04\/cropped-cropped-1-1-1-1-768x674.jpg 768w\" sizes=\"auto, (max-width: 820px) 100vw, 820px\" \/>\n                      <div class=\"h-image__frame h-hide-lg h-hide-md h-hide-sm style-1663-frameImage style-local-12737-c47-frameImage\"><\/div>\n                    <\/div>\n                  <\/div>\n                <\/div>\n              <\/div>\n            <\/div>\n          <\/div>\n          <div class=\"h-column h-column-container d-flex h-col-lg-auto h-col-md-auto h-col-auto style-1660-outer style-local-12737-c44-outer\">\n            <div data-colibri-id=\"12737-c44\" class=\"d-flex h-flex-basis h-column__inner h-px-lg-0 h-px-md-0 h-px-0 v-inner-lg-0 v-inner-md-0 v-inner-0 style-1660 style-local-12737-c44 position-relative\">\n              <!---->\n              <!---->\n              <div class=\"w-100 h-y-container h-column__content h-column__v-align flex-basis-100 align-self-lg-center align-self-md-center align-self-center\">\n                <!---->\n                <div data-colibri-id=\"12737-c48\" class=\"d-block style-1664 style-local-12737-c48 position-relative h-element\">\n                  <!---->\n                  <div class=\"h-image__frame-container-outer\">\n                    <div class=\"h-image__frame-container\">\n                      <!---->\n                      <!---->\n                      <img loading=\"lazy\" decoding=\"async\" width=\"960\" height=\"720\" src=\"http:\/\/www.basanaviciaus.vilnius.lm.lt\/wp-content\/uploads\/2020\/04\/cropped-cropped-2-1-1.jpg\" class=\"wp-image-17425 style-1664-image style-local-12737-c48-image\" alt=\"\" srcset=\"http:\/\/www.basanaviciaus.vilnius.lm.lt\/wp-content\/uploads\/2020\/04\/cropped-cropped-2-1-1.jpg 960w, http:\/\/www.basanaviciaus.vilnius.lm.lt\/wp-content\/uploads\/2020\/04\/cropped-cropped-2-1-1-300x225.jpg 300w, http:\/\/www.basanaviciaus.vilnius.lm.lt\/wp-content\/uploads\/2020\/04\/cropped-cropped-2-1-1-768x576.jpg 768w\" sizes=\"auto, (max-width: 960px) 100vw, 960px\" \/>\n                      <div class=\"h-image__frame h-hide-lg h-hide-md h-hide-sm style-1664-frameImage style-local-12737-c48-frameImage\"><\/div>\n                    <\/div>\n                  <\/div>\n                <\/div>\n              <\/div>\n            <\/div>\n          <\/div>\n          <div class=\"h-column h-column-container d-flex h-col-lg-auto h-col-md-auto h-col-auto style-1661-outer style-local-12737-c45-outer\">\n            <div data-colibri-id=\"12737-c45\" class=\"d-flex h-flex-basis h-column__inner h-px-lg-0 h-px-md-0 h-px-0 v-inner-lg-0 v-inner-md-0 v-inner-0 style-1661 style-local-12737-c45 position-relative\">\n              <!---->\n              <!---->\n              <div class=\"w-100 h-y-container h-column__content h-column__v-align flex-basis-100 align-self-lg-start align-self-md-start align-self-start\">\n                <!---->\n                <div data-colibri-id=\"12737-c49\" class=\"d-block style-1665 style-local-12737-c49 position-relative h-element\">\n                  <!---->\n                  <div class=\"h-image__frame-container-outer\">\n                    <div class=\"h-image__frame-container\">\n                      <!---->\n                      <!---->\n                      <img loading=\"lazy\" decoding=\"async\" width=\"816\" height=\"720\" src=\"http:\/\/www.basanaviciaus.vilnius.lm.lt\/wp-content\/uploads\/2020\/04\/cropped-cropped-5-1.jpg\" class=\"wp-image-17426 style-1665-image style-local-12737-c49-image\" alt=\"\" srcset=\"http:\/\/www.basanaviciaus.vilnius.lm.lt\/wp-content\/uploads\/2020\/04\/cropped-cropped-5-1.jpg 816w, http:\/\/www.basanaviciaus.vilnius.lm.lt\/wp-content\/uploads\/2020\/04\/cropped-cropped-5-1-300x265.jpg 300w, http:\/\/www.basanaviciaus.vilnius.lm.lt\/wp-content\/uploads\/2020\/04\/cropped-cropped-5-1-768x678.jpg 768w\" sizes=\"auto, (max-width: 816px) 100vw, 816px\" \/>\n                      <div class=\"h-image__frame h-hide-lg h-hide-md h-hide-sm style-1665-frameImage style-local-12737-c49-frameImage\"><\/div>\n                    <\/div>\n                  <\/div>\n                <\/div>\n              <\/div>\n            <\/div>\n          <\/div>\n          <div class=\"h-column h-column-container d-flex h-col-lg-auto h-col-md-auto h-col-auto style-1662-outer style-local-12737-c46-outer\">\n            <div data-colibri-id=\"12737-c46\" class=\"d-flex h-flex-basis h-column__inner h-px-lg-0 h-px-md-0 h-px-0 v-inner-lg-0 v-inner-md-0 v-inner-0 style-1662 style-local-12737-c46 position-relative\">\n              <!---->\n              <!---->\n              <div class=\"w-100 h-y-container h-column__content h-column__v-align flex-basis-100 align-self-lg-start align-self-md-start align-self-start\">\n                <!---->\n                <div data-colibri-id=\"12737-c50\" class=\"d-block style-1666 style-local-12737-c50 position-relative h-element\">\n                  <!---->\n                  <div class=\"h-image__frame-container-outer\">\n                    <div class=\"h-image__frame-container\">\n                      <!---->\n                      <!---->\n                      <img loading=\"lazy\" decoding=\"async\" width=\"797\" height=\"720\" src=\"http:\/\/www.basanaviciaus.vilnius.lm.lt\/wp-content\/uploads\/2020\/04\/cropped-cropped-3-2.jpg\" class=\"wp-image-17427 style-1666-image style-local-12737-c50-image\" alt=\"\" srcset=\"http:\/\/www.basanaviciaus.vilnius.lm.lt\/wp-content\/uploads\/2020\/04\/cropped-cropped-3-2.jpg 797w, http:\/\/www.basanaviciaus.vilnius.lm.lt\/wp-content\/uploads\/2020\/04\/cropped-cropped-3-2-300x271.jpg 300w, http:\/\/www.basanaviciaus.vilnius.lm.lt\/wp-content\/uploads\/2020\/04\/cropped-cropped-3-2-768x694.jpg 768w\" sizes=\"auto, (max-width: 797px) 100vw, 797px\" \/>\n                      <div class=\"h-image__frame h-hide-lg h-hide-md h-hide-sm style-1666-frameImage style-local-12737-c50-frameImage\"><\/div>\n                    <\/div>\n                  <\/div>\n                <\/div>\n              <\/div>\n            <\/div>\n          <\/div>\n        <\/div>\n      <\/div>\n    <\/div>\n  <\/div>\n  <div data-colibri-component=\"section\" data-colibri-id=\"12737-c60\" id=\"custom-3\" class=\"h-section h-section-global-spacing d-flex align-items-lg-center align-items-md-center align-items-center style-1676 style-local-12737-c60 position-relative\">\n    <!---->\n    <!---->\n    <div class=\"h-section-grid-container h-section-boxed-container\">\n      <!---->\n      <div data-colibri-id=\"12737-c68\" class=\"h-row-container gutters-row-lg-1 gutters-row-md-1 gutters-row-0 gutters-row-v-lg-1 gutters-row-v-md-1 gutters-row-v-1 style-1684 style-local-12737-c68 position-relative\">\n        <!---->\n        <div class=\"h-row justify-content-lg-center justify-content-md-center justify-content-center align-items-lg-stretch align-items-md-stretch align-items-stretch gutters-col-lg-1 gutters-col-md-1 gutters-col-0 gutters-col-v-lg-1 gutters-col-v-md-1 gutters-col-v-1\">\n          <!---->\n          <div class=\"h-column h-column-container d-flex h-col-lg-auto h-col-md-auto h-col-auto style-1685-outer style-local-12737-c69-outer\">\n            <div data-colibri-id=\"12737-c69\" class=\"d-flex h-flex-basis h-column__inner h-px-lg-1 h-px-md-1 h-px-1 v-inner-lg-1 v-inner-md-1 v-inner-1 style-1685 style-local-12737-c69 position-relative\">\n              <!---->\n              <!---->\n              <div class=\"w-100 h-y-container h-column__content h-column__v-align flex-basis-100 align-self-lg-start align-self-md-start align-self-start\">\n                <!---->\n                <div data-colibri-id=\"12737-c70\" class=\"h-text h-text-component style-1686 style-local-12737-c70 position-relative h-element\">\n                  <!---->\n                  <!---->\n                  <div class=\"\">\n                    <p>2020-02-18<\/p>\n                    <p>Per mokini\u0173 atostogas gimnazijos mokytojai sureng\u0117 metodin\u0119 dien\u0105 ,,K\u016brybi\u0161kumas ugdymo procese\u201c ir kartu su kolegomis i\u0161 kit\u0173 ugdymo \u012fstaig\u0173 dalinosi patirtimi, kaip dirbti k\u016brybi\u0161kai.<\/p>\n                  <\/div>\n                <\/div>\n              <\/div>\n            <\/div>\n          <\/div>\n        <\/div>\n      <\/div>\n      <div data-colibri-id=\"12737-c61\" class=\"h-row-container gutters-row-lg-1 gutters-row-md-1 gutters-row-0 gutters-row-v-lg-1 gutters-row-v-md-1 gutters-row-v-1 style-1677 style-local-12737-c61 position-relative\">\n        <!---->\n        <div class=\"h-row justify-content-lg-center justify-content-md-center justify-content-center align-items-lg-stretch align-items-md-stretch align-items-stretch gutters-col-lg-1 gutters-col-md-1 gutters-col-0 gutters-col-v-lg-1 gutters-col-v-md-1 gutters-col-v-1\">\n          <!---->\n          <div class=\"h-column h-column-container d-flex h-col-lg-auto h-col-md-auto h-col-auto style-1678-outer style-local-12737-c62-outer\">\n            <div data-colibri-id=\"12737-c62\" class=\"d-flex h-flex-basis h-column__inner h-px-lg-1 h-px-md-1 h-px-1 v-inner-lg-1 v-inner-md-1 v-inner-1 style-1678 style-local-12737-c62 position-relative\">\n              <!---->\n              <!---->\n              <div class=\"w-100 h-y-container h-column__content h-column__v-align flex-basis-100 align-self-lg-start align-self-md-start align-self-start\">\n                <!---->\n                <div data-colibri-id=\"12737-c64\" class=\"d-block style-1680 style-local-12737-c64 position-relative h-element\">\n                  <!---->\n                  <div class=\"h-image__frame-container-outer\">\n                    <div class=\"h-image__frame-container\">\n                      <!---->\n                      <!---->\n                      <img loading=\"lazy\" decoding=\"async\" width=\"640\" height=\"279\" src=\"http:\/\/www.basanaviciaus.vilnius.lm.lt\/wp-content\/uploads\/2020\/04\/cropped-cropped-1-13-1.jpg\" class=\"wp-image-17435 style-1680-image style-local-12737-c64-image\" alt=\"\" srcset=\"http:\/\/www.basanaviciaus.vilnius.lm.lt\/wp-content\/uploads\/2020\/04\/cropped-cropped-1-13-1.jpg 640w, http:\/\/www.basanaviciaus.vilnius.lm.lt\/wp-content\/uploads\/2020\/04\/cropped-cropped-1-13-1-300x131.jpg 300w\" sizes=\"auto, (max-width: 640px) 100vw, 640px\" \/>\n                      <div class=\"h-image__frame h-hide-lg h-hide-md h-hide-sm style-1680-frameImage style-local-12737-c64-frameImage\"><\/div>\n                    <\/div>\n                  <\/div>\n                <\/div>\n              <\/div>\n            <\/div>\n          <\/div>\n          <div class=\"h-column h-column-container d-flex h-col-lg-auto h-col-md-auto h-col-auto style-1679-outer style-local-12737-c63-outer\">\n            <div data-colibri-id=\"12737-c63\" class=\"d-flex h-flex-basis h-column__inner h-px-lg-1 h-px-md-1 h-px-1 v-inner-lg-1 v-inner-md-1 v-inner-1 style-1679 style-local-12737-c63 position-relative\">\n              <!---->\n              <!---->\n              <div class=\"w-100 h-y-container h-column__content h-column__v-align flex-basis-100 align-self-lg-start align-self-md-start align-self-start\">\n                <!---->\n                <div data-colibri-id=\"12737-c65\" class=\"d-block style-1681 style-local-12737-c65 position-relative h-element\">\n                  <!---->\n                  <div class=\"h-image__frame-container-outer\">\n                    <div class=\"h-image__frame-container\">\n                      <!---->\n                      <!---->\n                      <img loading=\"lazy\" decoding=\"async\" width=\"1000\" height=\"422\" src=\"http:\/\/www.basanaviciaus.vilnius.lm.lt\/wp-content\/uploads\/2020\/04\/cropped-cropped-2-12-1000x422-1-2.jpg\" class=\"wp-image-17436 style-1681-image style-local-12737-c65-image\" alt=\"\" srcset=\"http:\/\/www.basanaviciaus.vilnius.lm.lt\/wp-content\/uploads\/2020\/04\/cropped-cropped-2-12-1000x422-1-2.jpg 1000w, http:\/\/www.basanaviciaus.vilnius.lm.lt\/wp-content\/uploads\/2020\/04\/cropped-cropped-2-12-1000x422-1-2-300x127.jpg 300w, http:\/\/www.basanaviciaus.vilnius.lm.lt\/wp-content\/uploads\/2020\/04\/cropped-cropped-2-12-1000x422-1-2-768x324.jpg 768w\" sizes=\"auto, (max-width: 1000px) 100vw, 1000px\" \/>\n                      <div class=\"h-image__frame h-hide-lg h-hide-md h-hide-sm style-1681-frameImage style-local-12737-c65-frameImage\"><\/div>\n                    <\/div>\n                  <\/div>\n                <\/div>\n              <\/div>\n            <\/div>\n          <\/div>\n          <div class=\"h-column h-column-container d-flex h-col-lg-auto h-col-md-auto h-col-auto style-1682-outer style-local-12737-c66-outer\">\n            <div data-colibri-id=\"12737-c66\" class=\"d-flex h-flex-basis h-column__inner h-px-lg-1 h-px-md-1 h-px-1 v-inner-lg-1 v-inner-md-1 v-inner-1 style-1682 style-local-12737-c66 position-relative\">\n              <!---->\n              <!---->\n              <div class=\"w-100 h-y-container h-column__content h-column__v-align flex-basis-100 align-self-lg-start align-self-md-start align-self-start\">\n                <!---->\n                <div data-colibri-id=\"12737-c67\" class=\"d-block style-1683 style-local-12737-c67 position-relative h-element\">\n                  <!---->\n                  <div class=\"h-image__frame-container-outer\">\n                    <div class=\"h-image__frame-container\">\n                      <!---->\n                      <!---->\n                      <img loading=\"lazy\" decoding=\"async\" width=\"1000\" height=\"422\" src=\"http:\/\/www.basanaviciaus.vilnius.lm.lt\/wp-content\/uploads\/2020\/04\/cropped-cropped-3-12-1000x422-1-1.jpg\" class=\"wp-image-17437 style-1683-image style-local-12737-c67-image\" alt=\"\" srcset=\"http:\/\/www.basanaviciaus.vilnius.lm.lt\/wp-content\/uploads\/2020\/04\/cropped-cropped-3-12-1000x422-1-1.jpg 1000w, http:\/\/www.basanaviciaus.vilnius.lm.lt\/wp-content\/uploads\/2020\/04\/cropped-cropped-3-12-1000x422-1-1-300x127.jpg 300w, http:\/\/www.basanaviciaus.vilnius.lm.lt\/wp-content\/uploads\/2020\/04\/cropped-cropped-3-12-1000x422-1-1-768x324.jpg 768w\" sizes=\"auto, (max-width: 1000px) 100vw, 1000px\" \/>\n                      <div class=\"h-image__frame h-hide-lg h-hide-md h-hide-sm style-1683-frameImage style-local-12737-c67-frameImage\"><\/div>\n                    <\/div>\n                  <\/div>\n                <\/div>\n              <\/div>\n            <\/div>\n          <\/div>\n        <\/div>\n      <\/div>\n    <\/div>\n  <\/div>\n<\/div>","protected":false},"excerpt":{"rendered":"<p>2019-10-21 Erasmus+ KA1 projekto \u201eK\u016brybi\u0161kumas ugdymo(si) procese\u201c komanda vykd\u0117 projekto sklaid\u0105 ir dalinosi mokymuose Graikijoje \u012fgyta ger\u0105ja patirtimi su gimnazijos mokytojais. Mokytojos J\u016brat\u0117 ir Vida pristat\u0117 Graikijoje vykusius mokymus, palygino Graikijos ir Lietuvos \u0161vietimo sistemas, mokytoj\u0173 darbo ypatumus abiejose \u0161alyse. Mokytoja Akvil\u0117 papasakojo apie Blumo taksonomij\u0105, \u0161oninio m\u0105stymo (lateral thinking) bei istorij\u0173 pasakojimo metodus. Mokytoja [&hellip;]<\/p>\n","protected":false},"author":1,"featured_media":0,"parent":12548,"menu_order":0,"comment_status":"closed","ping_status":"closed","template":"page-templates\/full-width-page.php","meta":{"footnotes":""},"class_list":["post-12737","page","type-page","status-publish","hentry"],"_links":{"self":[{"href":"http:\/\/www.basanaviciaus.vilnius.lm.lt\/index.php?rest_route=\/wp\/v2\/pages\/12737","targetHints":{"allow":["GET"]}}],"collection":[{"href":"http:\/\/www.basanaviciaus.vilnius.lm.lt\/index.php?rest_route=\/wp\/v2\/pages"}],"about":[{"href":"http:\/\/www.basanaviciaus.vilnius.lm.lt\/index.php?rest_route=\/wp\/v2\/types\/page"}],"author":[{"embeddable":true,"href":"http:\/\/www.basanaviciaus.vilnius.lm.lt\/index.php?rest_route=\/wp\/v2\/users\/1"}],"replies":[{"embeddable":true,"href":"http:\/\/www.basanaviciaus.vilnius.lm.lt\/index.php?rest_route=%2Fwp%2Fv2%2Fcomments&post=12737"}],"version-history":[{"count":20,"href":"http:\/\/www.basanaviciaus.vilnius.lm.lt\/index.php?rest_route=\/wp\/v2\/pages\/12737\/revisions"}],"predecessor-version":[{"id":17439,"href":"http:\/\/www.basanaviciaus.vilnius.lm.lt\/index.php?rest_route=\/wp\/v2\/pages\/12737\/revisions\/17439"}],"up":[{"embeddable":true,"href":"http:\/\/www.basanaviciaus.vilnius.lm.lt\/index.php?rest_route=\/wp\/v2\/pages\/12548"}],"wp:attachment":[{"href":"http:\/\/www.basanaviciaus.vilnius.lm.lt\/index.php?rest_route=%2Fwp%2Fv2%2Fmedia&parent=12737"}],"curies":[{"name":"wp","href":"https:\/\/api.w.org\/{rel}","templated":true}]}}