{"id":12788,"date":"2019-11-05T12:33:34","date_gmt":"2019-11-05T10:33:34","guid":{"rendered":"http:\/\/www.basanaviciaus.vilnius.lm.lt\/?page_id=12788"},"modified":"2019-11-05T12:34:11","modified_gmt":"2019-11-05T10:34:11","slug":"12788-2","status":"publish","type":"page","link":"http:\/\/www.basanaviciaus.vilnius.lm.lt\/?page_id=12788","title":{"rendered":"Konferencija\u00a0\u201eKnyga &#8211; b\u016bdas pa\u017einti save\u201c19-20"},"content":{"rendered":"<p>\n\t<strong><span style=\"color:#696969;\"><span style=\"font-size:14px;\"><span style=\"font-family:times new roman,times,serif;\">2019-10-24<\/span><\/span><\/span><\/strong>\n<\/p>\n<p>\n\t<span style=\"color:#696969;\"><span style=\"font-size:14px;\"><span style=\"font-family:times new roman,times,serif;\"><strong>Konferencija&nbsp;&bdquo;Knyga &#8211; b\u016bdas pa\u017einti save&ldquo;<\/strong><\/span><\/span><\/span>\n<\/p>\n<p>\n\t<span style=\"color:#696969;\"><span style=\"font-size:14px;\"><span style=\"font-family:times new roman,times,serif;\">Spalio 24 dien\u0105 Sandra Karpovi\u010di\u016bt\u0117, 4C klas\u0117s mokin\u0117, ir lietuvi\u0173 kalbos mokytoja Lina Matusevi\u010di\u016bt\u0117 dalyvavo konferencijoje &bdquo;Knyga &#8211; b\u016bdas pa\u017einti save&ldquo;, vykusioje &bdquo;Laisv\u0117s&ldquo;&nbsp;gimnazijoje. Sandra skait\u0117 prane&scaron;im\u0105 &bdquo;Prasmingo ir doro gyvenimo taisykl\u0117s Vai\u017eganto pamoksluose&ldquo;.<\/span><\/span><\/span>\n<\/p>\n<p>\n\t<a href=\"http:\/\/www.basanaviciaus.vilnius.lm.lt\/wp-content\/uploads\/2019\/11\/1.jpg\"><img loading=\"lazy\" decoding=\"async\" alt=\"\" class=\"aligncenter size-medium wp-image-12789\" height=\"300\" src=\"http:\/\/www.basanaviciaus.vilnius.lm.lt\/wp-content\/uploads\/2019\/11\/1-225x300.jpg\" width=\"225\" srcset=\"http:\/\/www.basanaviciaus.vilnius.lm.lt\/wp-content\/uploads\/2019\/11\/1-225x300.jpg 225w, http:\/\/www.basanaviciaus.vilnius.lm.lt\/wp-content\/uploads\/2019\/11\/1.jpg 280w\" sizes=\"auto, (max-width: 225px) 100vw, 225px\" \/><\/a><\/p>\n","protected":false},"excerpt":{"rendered":"<p>2019-10-24 Konferencija&nbsp;&bdquo;Knyga &#8211; b\u016bdas pa\u017einti save&ldquo; Spalio 24 dien\u0105 Sandra Karpovi\u010di\u016bt\u0117, 4C klas\u0117s mokin\u0117, ir lietuvi\u0173 kalbos mokytoja Lina Matusevi\u010di\u016bt\u0117 dalyvavo konferencijoje &bdquo;Knyga &#8211; b\u016bdas pa\u017einti save&ldquo;, vykusioje &bdquo;Laisv\u0117s&ldquo;&nbsp;gimnazijoje. Sandra skait\u0117 prane&scaron;im\u0105 &bdquo;Prasmingo ir doro gyvenimo taisykl\u0117s Vai\u017eganto pamoksluose&ldquo;.<\/p>\n","protected":false},"author":1,"featured_media":0,"parent":11174,"menu_order":0,"comment_status":"closed","ping_status":"closed","template":"","meta":{"footnotes":""},"class_list":["post-12788","page","type-page","status-publish","hentry"],"_links":{"self":[{"href":"http:\/\/www.basanaviciaus.vilnius.lm.lt\/index.php?rest_route=\/wp\/v2\/pages\/12788","targetHints":{"allow":["GET"]}}],"collection":[{"href":"http:\/\/www.basanaviciaus.vilnius.lm.lt\/index.php?rest_route=\/wp\/v2\/pages"}],"about":[{"href":"http:\/\/www.basanaviciaus.vilnius.lm.lt\/index.php?rest_route=\/wp\/v2\/types\/page"}],"author":[{"embeddable":true,"href":"http:\/\/www.basanaviciaus.vilnius.lm.lt\/index.php?rest_route=\/wp\/v2\/users\/1"}],"replies":[{"embeddable":true,"href":"http:\/\/www.basanaviciaus.vilnius.lm.lt\/index.php?rest_route=%2Fwp%2Fv2%2Fcomments&post=12788"}],"version-history":[{"count":2,"href":"http:\/\/www.basanaviciaus.vilnius.lm.lt\/index.php?rest_route=\/wp\/v2\/pages\/12788\/revisions"}],"predecessor-version":[{"id":12791,"href":"http:\/\/www.basanaviciaus.vilnius.lm.lt\/index.php?rest_route=\/wp\/v2\/pages\/12788\/revisions\/12791"}],"up":[{"embeddable":true,"href":"http:\/\/www.basanaviciaus.vilnius.lm.lt\/index.php?rest_route=\/wp\/v2\/pages\/11174"}],"wp:attachment":[{"href":"http:\/\/www.basanaviciaus.vilnius.lm.lt\/index.php?rest_route=%2Fwp%2Fv2%2Fmedia&parent=12788"}],"curies":[{"name":"wp","href":"https:\/\/api.w.org\/{rel}","templated":true}]}}