{"id":12892,"date":"2019-12-11T13:23:39","date_gmt":"2019-12-11T11:23:39","guid":{"rendered":"http:\/\/www.basanaviciaus.vilnius.lm.lt\/?page_id=12892"},"modified":"2019-12-11T13:25:52","modified_gmt":"2019-12-11T11:25:52","slug":"verslas-jauniems19-20","status":"publish","type":"page","link":"http:\/\/www.basanaviciaus.vilnius.lm.lt\/?page_id=12892","title":{"rendered":"Verslas jauniems&#8217;19-20"},"content":{"rendered":"<p>\n\t<strong><span style=\"color:#696969;\"><span style=\"font-size:14px;\"><span style=\"font-family:times new roman,times,serif;\">2019-12-11<\/span><\/span><\/span><\/strong>\n<\/p>\n<p>\n\t<strong><span style=\"color:#696969;\"><span style=\"font-size:14px;\"><span style=\"font-family:times new roman,times,serif;\">Verslas jauniems<\/span><\/span><\/span><\/strong>\n<\/p>\n<p>\n\t<span style=\"color:#696969;\"><span style=\"font-size:14px;\"><span style=\"font-family:times new roman,times,serif;\"><meta charset=\"utf-8\" \/>&Scaron;iemet m\u016bs\u0173 gimnazija prisijung\u0117 prie pasaulinio tinklo Junior Achievment &ndash; did\u017eiausios ekonominio ir verslumo ugdymo organizacijos.&nbsp; Jaun\u0173j\u0173 bendrovi\u0173 Accelerators X programa suteikia 1-4 gimnazijos klasi\u0173 mokiniams reali\u0105 verslo patirt\u012f dar mokyklos suole. Mokiniai, spr\u0119sdami vietos ir globalines problemas, atliepdami rinkos poreik\u012f arba tiesiog testuodami savo id\u0117jas, kuria skirtingus verslus. &Scaron;i programa n\u0117ra verslo simuliacija, tai realaus verslo k\u016brimo patirtis supa\u017eindinant, kaip verslas yra vystomas, valdomas bei leid\u017eiant mokiniams patiems priimti svarbiausius su j\u0173 verslu susijusius sprendimus.&nbsp;<\/span><\/span><\/span>\n<\/p>\n<p dir=\"ltr\">\n\t<span style=\"color:#696969;\"><span style=\"font-size:14px;\"><span style=\"font-family:times new roman,times,serif;\">Jaunimo verslumo kompetencij\u0173 ugdymas &ndash; viena pagrindini\u0173 Lietuvos gerov\u0117s sudedam\u0173j\u0173 dali\u0173. Tyrim\u0173 duomenimis, vaikai, dar mokyklos suole, tur\u0117j\u0119 galimyb\u0119 ugdyti verslumo \u012fg\u016bd\u017eius, du kartus da\u017eniau yra link\u0119 kurti savo versl\u0105.<\/span><\/span><\/span>\n<\/p>\n<p dir=\"ltr\">\n\t<span style=\"color:#696969;\"><span style=\"font-size:14px;\"><span style=\"font-family:times new roman,times,serif;\">M\u016bs\u0173 gimnazijoje ji vykdoma 3-4 klasi\u0173 programos verslo vadybos ir ma\u017emenin\u0117s prekybos pamok\u0173 metu. &Scaron;iuo metu susik\u016brusias dvi bendroves kuruoja ir konsultuoja Lietuvos Junior Achievment sertifikuota ekonomikos mokytoja-metodinink\u0117 Lina Rimkuvien\u0117.<\/span><\/span><\/span>\n<\/p>\n<p>\n\t<span style=\"color:#696969;\"><span style=\"font-size:14px;\"><span style=\"font-family:times new roman,times,serif;\">Ir &scaron;tai debiutas- gruod\u017eio 7d. Vilniaus rotu&scaron;\u0117je i&scaron; visos Lietuvos suva\u017eiavusi\u0173 startuoli\u0173 mug\u0117je m\u016bs\u0173 bendrov\u0117&bdquo;VKG BUSINESS GROUP&ldquo; pristat\u0117 savo sukurtus, pagamintus ir testuotus ekologi&scaron;kus produktus- ind\u0173 valikl\u012f, pagamint\u0105 i&scaron; nat\u016brali\u0173, nekenksming\u0173 aplinkai med\u017eiag\u0173 bei saugan\u010diu rank\u0173 od\u0105 kremin\u012f ind\u0173 bei rank\u0173 plovikl\u012f. Komandos nariai pristat\u0117 savo verslo id\u0117j\u0105, demonstravo komandinio darbo \u012fg\u016bd\u017eius, pardavim\u0173 technik\u0105 bei suvokim\u0105 apie finansus, \u012fgyt\u0105 patirt\u012f. O po Nauj\u0173j\u0173 met\u0173 kita startuoli\u0173 komanda pristatys VJBG 10-me\u010dio jubiliejui d\u017eemperius su savo sukurtu logotipu.<\/span><\/span><\/span>\n<\/p>\n<p>\n\t<span style=\"font-size:14px;\"><span style=\"font-family:times new roman,times,serif;\"><a href=\"https:\/\/www.lrt.lt\/mediateka\/irasas\/2000086791\/moksleiviu-verslumo-mugeje-verslios-kartos-produktai-pritaikomos-net-fizikos-ar-chemijos-pamokose-igaunamos-zinios\">Pla\u010diau skaitykite&#8230;<\/a><\/span><\/span>\n<\/p>\n<p>\n\t<span style=\"color:#696969;\"><span style=\"font-size:14px;\"><span style=\"font-family:times new roman,times,serif;\"><style id=\"bwg-style-0\">    #bwg_container1_0 #bwg_container2_0 .bwg-container-0.bwg-standard-thumbnails {      width: 904px;              justify-content: center;        margin:0 auto !important;              background-color: rgba(255, 255, 255, 0.00);            padding-left: 4px;      padding-top: 4px;      max-width: 100%;            }        #bwg_container1_0 #bwg_container2_0 .bwg-container-0.bwg-standard-thumbnails .bwg-item {    justify-content: flex-start;      max-width: 180px;            width: 180px !important;          }    #bwg_container1_0 #bwg_container2_0 .bwg-container-0.bwg-standard-thumbnails .bwg-item a {       margin-right: 4px;       margin-bottom: 4px;    }    #bwg_container1_0 #bwg_container2_0 .bwg-container-0.bwg-standard-thumbnails .bwg-item0 {      padding: 0px;            background-color:rgba(255,255,255, 0.30);      border: 0px none #CCCCCC;      opacity: 1.00;      border-radius: 0;      box-shadow: 0px 0px 0px #888888;    }    #bwg_container1_0 #bwg_container2_0 .bwg-container-0.bwg-standard-thumbnails .bwg-item1 img {      max-height: none;      max-width: none;      padding: 0 !important;    }        @media only screen and (min-width: 480px) {      #bwg_container1_0 #bwg_container2_0 .bwg-container-0.bwg-standard-thumbnails .bwg-item0 {        transition: all 0.3s ease 0s;-webkit-transition: all 0.3s ease 0s;      }      #bwg_container1_0 #bwg_container2_0 .bwg-container-0.bwg-standard-thumbnails .bwg-item0:hover {        -ms-transform: scale(1.1);        -webkit-transform: scale(1.1);        transform: scale(1.1);      }    }          #bwg_container1_0 #bwg_container2_0 .bwg-container-0.bwg-standard-thumbnails .bwg-item1 {      padding-top: 50%;    }        #bwg_container1_0 #bwg_container2_0 .bwg-container-0.bwg-standard-thumbnails .bwg-title2,    #bwg_container1_0 #bwg_container2_0 .bwg-container-0.bwg-standard-thumbnails .bwg-ecommerce2 {      color: #CCCCCC;      font-family: segoe ui;      font-size: 16px;      font-weight: bold;      padding: 2px;      text-shadow: 0px 0px 0px #888888;      max-height: 100%;    }    #bwg_container1_0 #bwg_container2_0 .bwg-container-0.bwg-standard-thumbnails .bwg-thumb-description span {    color: #323A45;    font-family: Ubuntu;    font-size: 12px;    max-height: 100%;    word-wrap: break-word;    }    #bwg_container1_0 #bwg_container2_0 .bwg-container-0.bwg-standard-thumbnails .bwg-play-icon2 {      font-size: 32px;    }    #bwg_container1_0 #bwg_container2_0 .bwg-container-0.bwg-standard-thumbnails .bwg-ecommerce2 {      font-size: 19.2px;      color: #CCCCCC;    }    <\/style>    <div id=\"bwg_container1_0\"         class=\"bwg_container bwg_thumbnail bwg_thumbnails \"         data-right-click-protection=\"0\"         data-bwg=\"0\"         data-scroll=\"0\"         data-gallery-type=\"thumbnails\"         data-gallery-view-type=\"thumbnails\"         data-current-url=\"\/index.php?rest_route=%2Fwp%2Fv2%2Fpages%2F12892\"         data-lightbox-url=\"http:\/\/www.basanaviciaus.vilnius.lm.lt\/wp-admin\/admin-ajax.php?action=GalleryBox&#038;current_view=0&#038;gallery_id=515&#038;tag=0&#038;theme_id=1&#038;shortcode_id=1044&#038;sort_by=order&#038;order_by=asc&#038;current_url=%2Findex.php%3Frest_route%3D%252Fwp%252Fv2%252Fpages%252F12892\"         data-gallery-id=\"515\"         data-popup-width=\"800\"         data-popup-height=\"500\"         data-is-album=\"gallery\"         data-buttons-position=\"bottom\">      <div id=\"bwg_container2_0\">             <div id=\"ajax_loading_0\" class=\"bwg_loading_div_1\">      <div class=\"bwg_loading_div_2\">        <div class=\"bwg_loading_div_3\">          <div id=\"loading_div_0\" class=\"bwg_spider_ajax_loading\">          <\/div>        <\/div>      <\/div>    <\/div>            <form id=\"gal_front_form_0\"              class=\"bwg-hidden\"              method=\"post\"              action=\"#\"              data-current=\"0\"              data-shortcode-id=\"1044\"              data-gallery-type=\"thumbnails\"              data-gallery-id=\"515\"              data-tag=\"0\"              data-album-id=\"0\"              data-theme-id=\"1\"              data-ajax-url=\"http:\/\/www.basanaviciaus.vilnius.lm.lt\/wp-admin\/admin-ajax.php?action=bwg_frontend_data\">          <div id=\"bwg_container3_0\" class=\"bwg-background bwg-background-0\">                <div data-max-count=\"5\"         data-thumbnail-width=\"180\"         data-bwg=\"0\"         data-gallery-id=\"515\"         data-lightbox-url=\"http:\/\/www.basanaviciaus.vilnius.lm.lt\/wp-admin\/admin-ajax.php?action=GalleryBox&amp;current_view=0&amp;gallery_id=515&amp;tag=0&amp;theme_id=1&amp;shortcode_id=1044&amp;sort_by=order&amp;order_by=asc&amp;current_url=%2Findex.php%3Frest_route%3D%252Fwp%252Fv2%252Fpages%252F12892\"         id=\"bwg_thumbnails_0\"         class=\"bwg-container-0 bwg-thumbnails bwg-standard-thumbnails bwg-container bwg-border-box\">            <div class=\"bwg-item\">        <a class=\"bwg-a  bwg_lightbox\"  data-image-id=\"3881\" href=\"http:\/\/www.basanaviciaus.vilnius.lm.lt\/wp-content\/uploads\/photo-gallery\/Verslas_jauniems03919-20\/1.jpg?bwg=1576063476\" data-elementor-open-lightbox=\"no\">                <div class=\"bwg-item0 \">          <div class=\"bwg-item1 \">            <div class=\"bwg-item2\">              <img decoding=\"async\" class=\"skip-lazy bwg_standart_thumb_img_0 \"                   data-id=\"3881\"                   data-width=\"300\"                   data-height=\"200\"                   data-src=\"http:\/\/www.basanaviciaus.vilnius.lm.lt\/wp-content\/uploads\/photo-gallery\/Verslas_jauniems03919-20\/thumb\/1.jpg?bwg=1576063476\"                   src=\"http:\/\/www.basanaviciaus.vilnius.lm.lt\/wp-content\/uploads\/photo-gallery\/Verslas_jauniems03919-20\/thumb\/1.jpg?bwg=1576063476\"                   alt=\"dav\"                   title=\"dav\" \/>            <\/div>            <div class=\"\">                                                      <\/div>          <\/div>        <\/div>                        <\/a>              <\/div>            <div class=\"bwg-item\">        <a class=\"bwg-a  bwg_lightbox\"  data-image-id=\"3880\" href=\"http:\/\/www.basanaviciaus.vilnius.lm.lt\/wp-content\/uploads\/photo-gallery\/Verslas_jauniems03919-20\/verslas1.jpg?bwg=1576063476\" data-elementor-open-lightbox=\"no\">                <div class=\"bwg-item0 \">          <div class=\"bwg-item1 \">            <div class=\"bwg-item2\">              <img decoding=\"async\" class=\"skip-lazy bwg_standart_thumb_img_0 \"                   data-id=\"3880\"                   data-width=\"225\"                   data-height=\"300\"                   data-src=\"http:\/\/www.basanaviciaus.vilnius.lm.lt\/wp-content\/uploads\/photo-gallery\/Verslas_jauniems03919-20\/thumb\/verslas1.jpg?bwg=1576063476\"                   src=\"http:\/\/www.basanaviciaus.vilnius.lm.lt\/wp-content\/uploads\/photo-gallery\/Verslas_jauniems03919-20\/thumb\/verslas1.jpg?bwg=1576063476\"                   alt=\"dav\"                   title=\"dav\" \/>            <\/div>            <div class=\"\">                                                      <\/div>          <\/div>        <\/div>                        <\/a>              <\/div>          <\/div>              <\/div>        <\/form>        <style>          #bwg_container1_0 #bwg_container2_0 #spider_popup_overlay_0 {          background-color: #000000;          opacity: 0.70;          }          <\/style>        <div id=\"bwg_spider_popup_loading_0\" class=\"bwg_spider_popup_loading\"><\/div>        <div id=\"spider_popup_overlay_0\" class=\"spider_popup_overlay\" onclick=\"spider_destroypopup(1000)\"><\/div>        <input type=\"hidden\" id=\"bwg_random_seed_0\" value=\"433738639\">                <\/div>    <\/div>    <script>      if (document.readyState === 'complete') {        if( typeof bwg_main_ready == 'function' ) {          if ( jQuery(\"#bwg_container1_0\").height() ) {            bwg_main_ready(jQuery(\"#bwg_container1_0\"));          }        }      } else {        document.addEventListener('DOMContentLoaded', function() {          if( typeof bwg_main_ready == 'function' ) {            if ( jQuery(\"#bwg_container1_0\").height() ) {             bwg_main_ready(jQuery(\"#bwg_container1_0\"));            }          }        });      }    <\/script>    <\/span><\/span><\/span><\/p>\n","protected":false},"excerpt":{"rendered":"<p>2019-12-11 Verslas jauniems &Scaron;iemet m\u016bs\u0173 gimnazija prisijung\u0117 prie pasaulinio tinklo Junior Achievment &ndash; did\u017eiausios ekonominio ir verslumo ugdymo organizacijos.&nbsp; Jaun\u0173j\u0173 bendrovi\u0173 Accelerators X programa suteikia 1-4 gimnazijos klasi\u0173 mokiniams reali\u0105 verslo patirt\u012f dar mokyklos suole. Mokiniai, spr\u0119sdami vietos ir globalines problemas, atliepdami rinkos poreik\u012f arba tiesiog testuodami savo id\u0117jas, kuria skirtingus verslus. &Scaron;i programa n\u0117ra [&hellip;]<\/p>\n","protected":false},"author":1,"featured_media":0,"parent":0,"menu_order":0,"comment_status":"closed","ping_status":"closed","template":"","meta":{"footnotes":""},"class_list":["post-12892","page","type-page","status-publish","hentry"],"_links":{"self":[{"href":"http:\/\/www.basanaviciaus.vilnius.lm.lt\/index.php?rest_route=\/wp\/v2\/pages\/12892","targetHints":{"allow":["GET"]}}],"collection":[{"href":"http:\/\/www.basanaviciaus.vilnius.lm.lt\/index.php?rest_route=\/wp\/v2\/pages"}],"about":[{"href":"http:\/\/www.basanaviciaus.vilnius.lm.lt\/index.php?rest_route=\/wp\/v2\/types\/page"}],"author":[{"embeddable":true,"href":"http:\/\/www.basanaviciaus.vilnius.lm.lt\/index.php?rest_route=\/wp\/v2\/users\/1"}],"replies":[{"embeddable":true,"href":"http:\/\/www.basanaviciaus.vilnius.lm.lt\/index.php?rest_route=%2Fwp%2Fv2%2Fcomments&post=12892"}],"version-history":[{"count":2,"href":"http:\/\/www.basanaviciaus.vilnius.lm.lt\/index.php?rest_route=\/wp\/v2\/pages\/12892\/revisions"}],"predecessor-version":[{"id":12895,"href":"http:\/\/www.basanaviciaus.vilnius.lm.lt\/index.php?rest_route=\/wp\/v2\/pages\/12892\/revisions\/12895"}],"wp:attachment":[{"href":"http:\/\/www.basanaviciaus.vilnius.lm.lt\/index.php?rest_route=%2Fwp%2Fv2%2Fmedia&parent=12892"}],"curies":[{"name":"wp","href":"https:\/\/api.w.org\/{rel}","templated":true}]}}