{"id":12918,"date":"2019-12-11T14:28:16","date_gmt":"2019-12-11T12:28:16","guid":{"rendered":"http:\/\/www.basanaviciaus.vilnius.lm.lt\/?page_id=12918"},"modified":"2019-12-11T14:44:23","modified_gmt":"2019-12-11T12:44:23","slug":"prevencinis-renginys-pramogauk-saugiai19-20","status":"publish","type":"page","link":"http:\/\/www.basanaviciaus.vilnius.lm.lt\/?page_id=12918","title":{"rendered":"Prevencinis renginys\u00a0\u201ePramogauk saugiai\u201d19-20"},"content":{"rendered":"<p>\n\t<strong><span style=\"color:#696969;\"><span style=\"font-size:14px;\"><span style=\"font-family:times new roman,times,serif;\">2012-12-05<\/span><\/span><\/span><\/strong>\n<\/p>\n<p>\n\t<span style=\"color:#696969;\"><span style=\"font-size:14px;\"><span style=\"font-family:times new roman,times,serif;\"><strong>Prevencinis renginys&nbsp;&bdquo;Pramogauk saugiai&rdquo;<\/strong><\/span><\/span><\/span>\n<\/p>\n<p>\n\t<span style=\"color:#696969;\"><span style=\"font-size:14px;\"><span style=\"font-family:times new roman,times,serif;\">III &#8211; IV klasi\u0173 mokiniai: Otilija Gruodyt\u0117, Irvinas Gedraitis, Laurynas Dabrega, Daniela Vil\u010dinskaja, Lukrecija Mackonait\u0117, Amanda Judickait\u0117, Laura Valin\u010di\u016bt\u0117, Lukas Gedvytis, Nojus Suchochas, Arnas Jur&scaron;a, Kotryna Marcinkut\u0117, Milena Beganskait\u0117, Vilija Stalinkevi\u010di\u016bt\u0117 kartu su socialine pedagoge Vilma &Scaron;ik&scaron;niene dalyvavo prevenciniame renginyje &bdquo;Pramogauk saugiai&rdquo;. Rengin\u012f organizavo Vilniaus miesto savivaldyb\u0117s administracijos Saugaus miesto departamento Vie&scaron;osios tvarkos skyrius, bendradarbiaudamas su Madrido municipaline policija ir &bdquo;Radistais&quot;, saugios Lietuvos ambasadoriais.<br \/>\n\tMokini\u0173 atsiliepimai:<\/span><\/span><\/span>\n<\/p>\n<ul>\n<li>\n\t\t<span style=\"color:#696969;\"><span style=\"font-size:14px;\"><span style=\"font-family:times new roman,times,serif;\">Renginys buvo labai emocionalus, pamokantis bei skatinantis kelyje b\u016bti atsakinga, nes po pamatyt\u0173 vaizd\u0173 ir i&scaron;girst\u0173 pasakojim\u0173 padariau reik&scaron;mingas i&scaron;vadas.<\/span><\/span><\/span>\n\t<\/li>\n<li>\n\t\t<span style=\"color:#696969;\"><span style=\"font-size:14px;\"><span style=\"font-family:times new roman,times,serif;\">Renginys man patiko d\u0117l gerai parinkt\u0173 oratori\u0173, kurie mok\u0117jo perteikti informacij\u0105 labai \u012fdomiai, visos papasakotos istorijos buvo labai aktualios man ir mano am\u017eiaus \u017emoni\u0173 grupei.<\/span><\/span><\/span>\n\t<\/li>\n<li>\n\t\t<span style=\"color:#696969;\"><span style=\"font-size:14px;\"><span style=\"font-family:times new roman,times,serif;\">Renginys man buvo \u012fdomus, labai stipriai paveik\u0117, nes buvo rodomi tokie vaizdai, kurie labai paveikia.<\/span><\/span><\/span>\n\t<\/li>\n<li>\n\t\t<span style=\"color:#696969;\"><span style=\"font-size:14px;\"><span style=\"font-family:times new roman,times,serif;\">Renginys buvo sukre\u010diantis ir pamokantis, kaip reikia elgtis kelyje, privert\u0117 susim\u0105styti, nes buvo sukre\u010dian\u010di\u0173 vaizd\u0173 ir pamokan\u010di\u0173 pasakojim\u0173.<\/span><\/span><\/span>\n\t<\/li>\n<li>\n\t\t<span style=\"color:#696969;\"><span style=\"font-size:14px;\"><span style=\"font-family:times new roman,times,serif;\">Renginys man labai patiko, labai pad\u0117jo susim\u0105styti apie saug\u0173 vairavim\u0105, apie nesaugaus vairavimo pasekmes, tiesiog nuostabus renginys.<\/span><\/span><\/span>\n\t<\/li>\n<li>\n\t\t<span style=\"color:#696969;\"><span style=\"font-size:14px;\"><span style=\"font-family:times new roman,times,serif;\">Renginys man labai patiko, nes parod\u0117 nesuvaidint\u0105 tikrov\u0119 ir, mano manymu, tai veiksmingiausias b\u016bdas, kaip paveikti m\u016bs\u0173 visuomen\u0119 ir mus pa\u010dius.<\/span><\/span><\/span>\n\t<\/li>\n<li>\n\t\t<span style=\"color:#696969;\"><span style=\"font-size:14px;\"><span style=\"font-family:times new roman,times,serif;\">Renginys man patiko ir paliko didel\u012f \u012fsp\u016bd\u012f. Renginyje buvo pasakojamos tikros, sukre\u010dian\u010dios ir pamokan\u010dios istorijos, kurios privert\u0117 susim\u0105styti.<\/span><\/span><\/span>\n\t<\/li>\n<li>\n\t\t<span style=\"color:#696969;\"><span style=\"font-size:14px;\"><span style=\"font-family:times new roman,times,serif;\">Patiko. Labai gerai, kad parod\u0117 nepagra\u017eint\u0105 ties\u0105, informatyvu.<\/span><\/span><\/span>\n\t<\/li>\n<li>\n\t\t<span style=\"color:#696969;\"><span style=\"font-size:14px;\"><span style=\"font-family:times new roman,times,serif;\">Prevencinis renginys paliko didel\u012f \u012fsp\u016bd\u012f ir privert\u0117 susim\u0105styti. Visos istorijos ir vaizdai parod\u0117 realyb\u0119, kaip yra i&scaron; ties\u0173.<\/span><\/span><\/span>\n\t<\/li>\n<li>\n\t\t<span style=\"color:#696969;\"><span style=\"font-size:14px;\"><span style=\"font-family:times new roman,times,serif;\">Renginys man labai patiko, buvo labai \u012fdomu klausyti. Visi&scaron;kai kitaip supratau, kaip lengvai galima patekti \u012f kebli\u0105 situacij\u0105 ir nukent\u0117ti. Dar kart\u0105 supratau, kaip svarbu saugoti save ir kitus.<\/span><\/span><\/span>\n\t<\/li>\n<\/ul>\n<p>\n\t<span style=\"color:#696969;\"><span style=\"font-size:14px;\"><span style=\"font-family:times new roman,times,serif;\">\u200b<style id=\"bwg-style-0\">    #bwg_container1_0 #bwg_container2_0 .bwg-container-0.bwg-standard-thumbnails {      width: 904px;              justify-content: center;        margin:0 auto !important;              background-color: rgba(255, 255, 255, 0.00);            padding-left: 4px;      padding-top: 4px;      max-width: 100%;            }        #bwg_container1_0 #bwg_container2_0 .bwg-container-0.bwg-standard-thumbnails .bwg-item {    justify-content: flex-start;      max-width: 180px;            width: 180px !important;          }    #bwg_container1_0 #bwg_container2_0 .bwg-container-0.bwg-standard-thumbnails .bwg-item a {       margin-right: 4px;       margin-bottom: 4px;    }    #bwg_container1_0 #bwg_container2_0 .bwg-container-0.bwg-standard-thumbnails .bwg-item0 {      padding: 0px;            background-color:rgba(255,255,255, 0.30);      border: 0px none #CCCCCC;      opacity: 1.00;      border-radius: 0;      box-shadow: 0px 0px 0px #888888;    }    #bwg_container1_0 #bwg_container2_0 .bwg-container-0.bwg-standard-thumbnails .bwg-item1 img {      max-height: none;      max-width: none;      padding: 0 !important;    }        @media only screen and (min-width: 480px) {      #bwg_container1_0 #bwg_container2_0 .bwg-container-0.bwg-standard-thumbnails .bwg-item0 {        transition: all 0.3s ease 0s;-webkit-transition: all 0.3s ease 0s;      }      #bwg_container1_0 #bwg_container2_0 .bwg-container-0.bwg-standard-thumbnails .bwg-item0:hover {        -ms-transform: scale(1.1);        -webkit-transform: scale(1.1);        transform: scale(1.1);      }    }          #bwg_container1_0 #bwg_container2_0 .bwg-container-0.bwg-standard-thumbnails .bwg-item1 {      padding-top: 50%;    }        #bwg_container1_0 #bwg_container2_0 .bwg-container-0.bwg-standard-thumbnails .bwg-title2,    #bwg_container1_0 #bwg_container2_0 .bwg-container-0.bwg-standard-thumbnails .bwg-ecommerce2 {      color: #CCCCCC;      font-family: segoe ui;      font-size: 16px;      font-weight: bold;      padding: 2px;      text-shadow: 0px 0px 0px #888888;      max-height: 100%;    }    #bwg_container1_0 #bwg_container2_0 .bwg-container-0.bwg-standard-thumbnails .bwg-thumb-description span {    color: #323A45;    font-family: Ubuntu;    font-size: 12px;    max-height: 100%;    word-wrap: break-word;    }    #bwg_container1_0 #bwg_container2_0 .bwg-container-0.bwg-standard-thumbnails .bwg-play-icon2 {      font-size: 32px;    }    #bwg_container1_0 #bwg_container2_0 .bwg-container-0.bwg-standard-thumbnails .bwg-ecommerce2 {      font-size: 19.2px;      color: #CCCCCC;    }    <\/style>    <div id=\"bwg_container1_0\"         class=\"bwg_container bwg_thumbnail bwg_thumbnails \"         data-right-click-protection=\"0\"         data-bwg=\"0\"         data-scroll=\"0\"         data-gallery-type=\"thumbnails\"         data-gallery-view-type=\"thumbnails\"         data-current-url=\"\/index.php?rest_route=%2Fwp%2Fv2%2Fpages%2F12918\"         data-lightbox-url=\"http:\/\/www.basanaviciaus.vilnius.lm.lt\/wp-admin\/admin-ajax.php?action=GalleryBox&#038;current_view=0&#038;gallery_id=519&#038;tag=0&#038;theme_id=1&#038;shortcode_id=1052&#038;sort_by=order&#038;order_by=asc&#038;current_url=%2Findex.php%3Frest_route%3D%252Fwp%252Fv2%252Fpages%252F12918\"         data-gallery-id=\"519\"         data-popup-width=\"800\"         data-popup-height=\"500\"         data-is-album=\"gallery\"         data-buttons-position=\"bottom\">      <div id=\"bwg_container2_0\">             <div id=\"ajax_loading_0\" class=\"bwg_loading_div_1\">      <div class=\"bwg_loading_div_2\">        <div class=\"bwg_loading_div_3\">          <div id=\"loading_div_0\" class=\"bwg_spider_ajax_loading\">          <\/div>        <\/div>      <\/div>    <\/div>            <form id=\"gal_front_form_0\"              class=\"bwg-hidden\"              method=\"post\"              action=\"#\"              data-current=\"0\"              data-shortcode-id=\"1052\"              data-gallery-type=\"thumbnails\"              data-gallery-id=\"519\"              data-tag=\"0\"              data-album-id=\"0\"              data-theme-id=\"1\"              data-ajax-url=\"http:\/\/www.basanaviciaus.vilnius.lm.lt\/wp-admin\/admin-ajax.php?action=bwg_frontend_data\">          <div id=\"bwg_container3_0\" class=\"bwg-background bwg-background-0\">                <div data-max-count=\"5\"         data-thumbnail-width=\"180\"         data-bwg=\"0\"         data-gallery-id=\"519\"         data-lightbox-url=\"http:\/\/www.basanaviciaus.vilnius.lm.lt\/wp-admin\/admin-ajax.php?action=GalleryBox&amp;current_view=0&amp;gallery_id=519&amp;tag=0&amp;theme_id=1&amp;shortcode_id=1052&amp;sort_by=order&amp;order_by=asc&amp;current_url=%2Findex.php%3Frest_route%3D%252Fwp%252Fv2%252Fpages%252F12918\"         id=\"bwg_thumbnails_0\"         class=\"bwg-container-0 bwg-thumbnails bwg-standard-thumbnails bwg-container bwg-border-box\">            <div class=\"bwg-item\">        <a class=\"bwg-a  bwg_lightbox\"  data-image-id=\"3908\" href=\"http:\/\/www.basanaviciaus.vilnius.lm.lt\/wp-content\/uploads\/photo-gallery\/Prevencinis_renginys-\u201ePramogauk_saugiai\u201d19-20\/5.jpg?bwg=1576067443\" data-elementor-open-lightbox=\"no\">                <div class=\"bwg-item0 \">          <div class=\"bwg-item1 \">            <div class=\"bwg-item2\">              <img decoding=\"async\" class=\"skip-lazy bwg_standart_thumb_img_0 \"                   data-id=\"3908\"                   data-width=\"300\"                   data-height=\"225\"                   data-src=\"http:\/\/www.basanaviciaus.vilnius.lm.lt\/wp-content\/uploads\/photo-gallery\/Prevencinis_renginys-\u201ePramogauk_saugiai\u201d19-20\/thumb\/5.jpg?bwg=1576067443\"                   src=\"http:\/\/www.basanaviciaus.vilnius.lm.lt\/wp-content\/uploads\/photo-gallery\/Prevencinis_renginys-\u201ePramogauk_saugiai\u201d19-20\/thumb\/5.jpg?bwg=1576067443\"                   alt=\"5\"                   title=\"5\" \/>            <\/div>            <div class=\"\">                                                      <\/div>          <\/div>        <\/div>                        <\/a>              <\/div>            <div class=\"bwg-item\">        <a class=\"bwg-a  bwg_lightbox\"  data-image-id=\"3907\" href=\"http:\/\/www.basanaviciaus.vilnius.lm.lt\/wp-content\/uploads\/photo-gallery\/Prevencinis_renginys-\u201ePramogauk_saugiai\u201d19-20\/3.jpg?bwg=1576067443\" data-elementor-open-lightbox=\"no\">                <div class=\"bwg-item0 \">          <div class=\"bwg-item1 \">            <div class=\"bwg-item2\">              <img decoding=\"async\" class=\"skip-lazy bwg_standart_thumb_img_0 \"                   data-id=\"3907\"                   data-width=\"300\"                   data-height=\"225\"                   data-src=\"http:\/\/www.basanaviciaus.vilnius.lm.lt\/wp-content\/uploads\/photo-gallery\/Prevencinis_renginys-\u201ePramogauk_saugiai\u201d19-20\/thumb\/3.jpg?bwg=1576067443\"                   src=\"http:\/\/www.basanaviciaus.vilnius.lm.lt\/wp-content\/uploads\/photo-gallery\/Prevencinis_renginys-\u201ePramogauk_saugiai\u201d19-20\/thumb\/3.jpg?bwg=1576067443\"                   alt=\"3\"                   title=\"3\" \/>            <\/div>            <div class=\"\">                                                      <\/div>          <\/div>        <\/div>                        <\/a>              <\/div>            <div class=\"bwg-item\">        <a class=\"bwg-a  bwg_lightbox\"  data-image-id=\"3906\" href=\"http:\/\/www.basanaviciaus.vilnius.lm.lt\/wp-content\/uploads\/photo-gallery\/Prevencinis_renginys-\u201ePramogauk_saugiai\u201d19-20\/1.jpg?bwg=1576067443\" data-elementor-open-lightbox=\"no\">                <div class=\"bwg-item0 \">          <div class=\"bwg-item1 \">            <div class=\"bwg-item2\">              <img decoding=\"async\" class=\"skip-lazy bwg_standart_thumb_img_0 \"                   data-id=\"3906\"                   data-width=\"300\"                   data-height=\"200\"                   data-src=\"http:\/\/www.basanaviciaus.vilnius.lm.lt\/wp-content\/uploads\/photo-gallery\/Prevencinis_renginys-\u201ePramogauk_saugiai\u201d19-20\/thumb\/1.jpg?bwg=1576067443\"                   src=\"http:\/\/www.basanaviciaus.vilnius.lm.lt\/wp-content\/uploads\/photo-gallery\/Prevencinis_renginys-\u201ePramogauk_saugiai\u201d19-20\/thumb\/1.jpg?bwg=1576067443\"                   alt=\"1\"                   title=\"1\" \/>            <\/div>            <div class=\"\">                                                      <\/div>          <\/div>        <\/div>                        <\/a>              <\/div>            <div class=\"bwg-item\">        <a class=\"bwg-a  bwg_lightbox\"  data-image-id=\"3905\" href=\"http:\/\/www.basanaviciaus.vilnius.lm.lt\/wp-content\/uploads\/photo-gallery\/Prevencinis_renginys-\u201ePramogauk_saugiai\u201d19-20\/4.jpg?bwg=1576067443\" data-elementor-open-lightbox=\"no\">                <div class=\"bwg-item0 \">          <div class=\"bwg-item1 \">            <div class=\"bwg-item2\">              <img decoding=\"async\" class=\"skip-lazy bwg_standart_thumb_img_0 \"                   data-id=\"3905\"                   data-width=\"300\"                   data-height=\"200\"                   data-src=\"http:\/\/www.basanaviciaus.vilnius.lm.lt\/wp-content\/uploads\/photo-gallery\/Prevencinis_renginys-\u201ePramogauk_saugiai\u201d19-20\/thumb\/4.jpg?bwg=1576067443\"                   src=\"http:\/\/www.basanaviciaus.vilnius.lm.lt\/wp-content\/uploads\/photo-gallery\/Prevencinis_renginys-\u201ePramogauk_saugiai\u201d19-20\/thumb\/4.jpg?bwg=1576067443\"                   alt=\"4\"                   title=\"4\" \/>            <\/div>            <div class=\"\">                                                      <\/div>          <\/div>        <\/div>                        <\/a>              <\/div>            <div class=\"bwg-item\">        <a class=\"bwg-a  bwg_lightbox\"  data-image-id=\"3904\" href=\"http:\/\/www.basanaviciaus.vilnius.lm.lt\/wp-content\/uploads\/photo-gallery\/Prevencinis_renginys-\u201ePramogauk_saugiai\u201d19-20\/6.jpg?bwg=1576067443\" data-elementor-open-lightbox=\"no\">                <div class=\"bwg-item0 \">          <div class=\"bwg-item1 \">            <div class=\"bwg-item2\">              <img decoding=\"async\" class=\"skip-lazy bwg_standart_thumb_img_0 \"                   data-id=\"3904\"                   data-width=\"300\"                   data-height=\"200\"                   data-src=\"http:\/\/www.basanaviciaus.vilnius.lm.lt\/wp-content\/uploads\/photo-gallery\/Prevencinis_renginys-\u201ePramogauk_saugiai\u201d19-20\/thumb\/6.jpg?bwg=1576067443\"                   src=\"http:\/\/www.basanaviciaus.vilnius.lm.lt\/wp-content\/uploads\/photo-gallery\/Prevencinis_renginys-\u201ePramogauk_saugiai\u201d19-20\/thumb\/6.jpg?bwg=1576067443\"                   alt=\"6\"                   title=\"6\" \/>            <\/div>            <div class=\"\">                                                      <\/div>          <\/div>        <\/div>                        <\/a>              <\/div>            <div class=\"bwg-item\">        <a class=\"bwg-a  bwg_lightbox\"  data-image-id=\"3903\" href=\"http:\/\/www.basanaviciaus.vilnius.lm.lt\/wp-content\/uploads\/photo-gallery\/Prevencinis_renginys-\u201ePramogauk_saugiai\u201d19-20\/2.jpg?bwg=1576067443\" data-elementor-open-lightbox=\"no\">                <div class=\"bwg-item0 \">          <div class=\"bwg-item1 \">            <div class=\"bwg-item2\">              <img decoding=\"async\" class=\"skip-lazy bwg_standart_thumb_img_0 \"                   data-id=\"3903\"                   data-width=\"300\"                   data-height=\"225\"                   data-src=\"http:\/\/www.basanaviciaus.vilnius.lm.lt\/wp-content\/uploads\/photo-gallery\/Prevencinis_renginys-\u201ePramogauk_saugiai\u201d19-20\/thumb\/2.jpg?bwg=1576067443\"                   src=\"http:\/\/www.basanaviciaus.vilnius.lm.lt\/wp-content\/uploads\/photo-gallery\/Prevencinis_renginys-\u201ePramogauk_saugiai\u201d19-20\/thumb\/2.jpg?bwg=1576067443\"                   alt=\"2\"                   title=\"2\" \/>            <\/div>            <div class=\"\">                                                      <\/div>          <\/div>        <\/div>                        <\/a>              <\/div>            <div class=\"bwg-item\">        <a class=\"bwg-a  bwg_lightbox\"  data-image-id=\"3902\" href=\"http:\/\/www.basanaviciaus.vilnius.lm.lt\/wp-content\/uploads\/photo-gallery\/Prevencinis_renginys-\u201ePramogauk_saugiai\u201d19-20\/7.jpg?bwg=1576067443\" data-elementor-open-lightbox=\"no\">                <div class=\"bwg-item0 \">          <div class=\"bwg-item1 \">            <div class=\"bwg-item2\">              <img decoding=\"async\" class=\"skip-lazy bwg_standart_thumb_img_0 \"                   data-id=\"3902\"                   data-width=\"300\"                   data-height=\"225\"                   data-src=\"http:\/\/www.basanaviciaus.vilnius.lm.lt\/wp-content\/uploads\/photo-gallery\/Prevencinis_renginys-\u201ePramogauk_saugiai\u201d19-20\/thumb\/7.jpg?bwg=1576067443\"                   src=\"http:\/\/www.basanaviciaus.vilnius.lm.lt\/wp-content\/uploads\/photo-gallery\/Prevencinis_renginys-\u201ePramogauk_saugiai\u201d19-20\/thumb\/7.jpg?bwg=1576067443\"                   alt=\"7\"                   title=\"7\" \/>            <\/div>            <div class=\"\">                                                      <\/div>          <\/div>        <\/div>                        <\/a>              <\/div>            <div class=\"bwg-item\">        <a class=\"bwg-a  bwg_lightbox\"  data-image-id=\"3901\" href=\"http:\/\/www.basanaviciaus.vilnius.lm.lt\/wp-content\/uploads\/photo-gallery\/Prevencinis_renginys-\u201ePramogauk_saugiai\u201d19-20\/8.jpg?bwg=1576067443\" data-elementor-open-lightbox=\"no\">                <div class=\"bwg-item0 \">          <div class=\"bwg-item1 \">            <div class=\"bwg-item2\">              <img decoding=\"async\" class=\"skip-lazy bwg_standart_thumb_img_0 \"                   data-id=\"3901\"                   data-width=\"300\"                   data-height=\"200\"                   data-src=\"http:\/\/www.basanaviciaus.vilnius.lm.lt\/wp-content\/uploads\/photo-gallery\/Prevencinis_renginys-\u201ePramogauk_saugiai\u201d19-20\/thumb\/8.jpg?bwg=1576067443\"                   src=\"http:\/\/www.basanaviciaus.vilnius.lm.lt\/wp-content\/uploads\/photo-gallery\/Prevencinis_renginys-\u201ePramogauk_saugiai\u201d19-20\/thumb\/8.jpg?bwg=1576067443\"                   alt=\"8\"                   title=\"8\" \/>            <\/div>            <div class=\"\">                                                      <\/div>          <\/div>        <\/div>                        <\/a>              <\/div>          <\/div>              <\/div>        <\/form>        <style>          #bwg_container1_0 #bwg_container2_0 #spider_popup_overlay_0 {          background-color: #000000;          opacity: 0.70;          }          <\/style>        <div id=\"bwg_spider_popup_loading_0\" class=\"bwg_spider_popup_loading\"><\/div>        <div id=\"spider_popup_overlay_0\" class=\"spider_popup_overlay\" onclick=\"spider_destroypopup(1000)\"><\/div>        <input type=\"hidden\" id=\"bwg_random_seed_0\" value=\"915256877\">                <\/div>    <\/div>    <script>      if (document.readyState === 'complete') {        if( typeof bwg_main_ready == 'function' ) {          if ( jQuery(\"#bwg_container1_0\").height() ) {            bwg_main_ready(jQuery(\"#bwg_container1_0\"));          }        }      } else {        document.addEventListener('DOMContentLoaded', function() {          if( typeof bwg_main_ready == 'function' ) {            if ( jQuery(\"#bwg_container1_0\").height() ) {             bwg_main_ready(jQuery(\"#bwg_container1_0\"));            }          }        });      }    <\/script>    <\/span><\/span><\/span><\/p>\n","protected":false},"excerpt":{"rendered":"<p>2012-12-05 Prevencinis renginys&nbsp;&bdquo;Pramogauk saugiai&rdquo; III &#8211; IV klasi\u0173 mokiniai: Otilija Gruodyt\u0117, Irvinas Gedraitis, Laurynas Dabrega, Daniela Vil\u010dinskaja, Lukrecija Mackonait\u0117, Amanda Judickait\u0117, Laura Valin\u010di\u016bt\u0117, Lukas Gedvytis, Nojus Suchochas, Arnas Jur&scaron;a, Kotryna Marcinkut\u0117, Milena Beganskait\u0117, Vilija Stalinkevi\u010di\u016bt\u0117 kartu su socialine pedagoge Vilma &Scaron;ik&scaron;niene dalyvavo prevenciniame renginyje &bdquo;Pramogauk saugiai&rdquo;. Rengin\u012f organizavo Vilniaus miesto savivaldyb\u0117s administracijos Saugaus miesto departamento [&hellip;]<\/p>\n","protected":false},"author":1,"featured_media":0,"parent":0,"menu_order":0,"comment_status":"closed","ping_status":"closed","template":"","meta":{"footnotes":""},"class_list":["post-12918","page","type-page","status-publish","hentry"],"_links":{"self":[{"href":"http:\/\/www.basanaviciaus.vilnius.lm.lt\/index.php?rest_route=\/wp\/v2\/pages\/12918","targetHints":{"allow":["GET"]}}],"collection":[{"href":"http:\/\/www.basanaviciaus.vilnius.lm.lt\/index.php?rest_route=\/wp\/v2\/pages"}],"about":[{"href":"http:\/\/www.basanaviciaus.vilnius.lm.lt\/index.php?rest_route=\/wp\/v2\/types\/page"}],"author":[{"embeddable":true,"href":"http:\/\/www.basanaviciaus.vilnius.lm.lt\/index.php?rest_route=\/wp\/v2\/users\/1"}],"replies":[{"embeddable":true,"href":"http:\/\/www.basanaviciaus.vilnius.lm.lt\/index.php?rest_route=%2Fwp%2Fv2%2Fcomments&post=12918"}],"version-history":[{"count":2,"href":"http:\/\/www.basanaviciaus.vilnius.lm.lt\/index.php?rest_route=\/wp\/v2\/pages\/12918\/revisions"}],"predecessor-version":[{"id":12923,"href":"http:\/\/www.basanaviciaus.vilnius.lm.lt\/index.php?rest_route=\/wp\/v2\/pages\/12918\/revisions\/12923"}],"wp:attachment":[{"href":"http:\/\/www.basanaviciaus.vilnius.lm.lt\/index.php?rest_route=%2Fwp%2Fv2%2Fmedia&parent=12918"}],"curies":[{"name":"wp","href":"https:\/\/api.w.org\/{rel}","templated":true}]}}