{"id":12934,"date":"2019-12-11T16:13:15","date_gmt":"2019-12-11T14:13:15","guid":{"rendered":"http:\/\/www.basanaviciaus.vilnius.lm.lt\/?page_id=12934"},"modified":"2019-12-11T16:15:34","modified_gmt":"2019-12-11T14:15:34","slug":"vgtu-ateities-inzinierijos-kurybines-dirbtuves19-20","status":"publish","type":"page","link":"http:\/\/www.basanaviciaus.vilnius.lm.lt\/?page_id=12934","title":{"rendered":"VGTU Ateities In\u017einierijos k\u016brybin\u0117s dirbtuv\u0117s&#8217;19-20"},"content":{"rendered":"<p>\n\t<span style=\"color:#696969;\"><span style=\"font-size:14px;\"><span style=\"font-family:times new roman,times,serif;\"><strong>2019-11-21<\/strong><\/span><\/span><\/span>\n<\/p>\n<p>\n\t<span style=\"color:#696969;\"><span style=\"font-size:14px;\"><span style=\"font-family:times new roman,times,serif;\"><strong>VGTU Ateities In\u017einierijos k\u016brybin\u0117s dirbtuv\u0117s<\/strong><\/span><\/span><\/span>\n<\/p>\n<p>\n\t<span style=\"color:#696969;\"><span style=\"font-size:14px;\"><span style=\"font-family:times new roman,times,serif;\">Septynios mokini\u0173 grup\u0117s dalyvavo VGTU organizuojamose Ateities in\u017einerijos nuotolinio mokymosi platformoje atliekam\u0173 projektini\u0173 darb\u0173 dirbtuv\u0117se.<\/span><\/span><\/span>\n<\/p>\n<ol>\n<li>\n\t\t<span style=\"color:#696969;\"><span style=\"font-size:14px;\"><span style=\"font-family:times new roman,times,serif;\">Lempos dizaino k\u016brimo projekte dalyvauja IC klas\u0117s mokiniai Kamil\u0117 Rumbutyt\u0117, Rachel\u0117 Lau\u017eikait\u0117, Gust\u0117 Petkevi\u010di\u016bt\u0117, Paulina Griciut\u0117, Vincentas Eidukas, Domas Sinkus. Mokytoja Migl\u0117 Glebuvien\u0117 (dail\u0117-fotografija).<\/span><\/span><\/span>\n\t<\/li>\n<li>\n\t\t<span style=\"color:#696969;\"><span style=\"font-size:14px;\"><span style=\"font-family:times new roman,times,serif;\">&bdquo;\u017daliosios energetikos&ldquo; projekte dalyvauja Rokas Vasiliauskas IIIA, Kristijonas Slavinskas IIIA, Augustinas Valevko IIIB, Aleksej Mendybajev IIID. Fizikos Mokytoja Edita Dijokien\u0117 (fizika).<\/span><\/span><\/span>\n\t<\/li>\n<li>\n\t\t<span style=\"color:#696969;\"><span style=\"font-size:14px;\"><span style=\"font-family:times new roman,times,serif;\">I&scaron;maniojo &scaron;iltnamio k\u016brimo projekte dalyvauja Justas Pa&scaron;kauskas IIID, \u0104\u017euolas Ivo&scaron;kus IIID, R\u016bta Maliukait\u0117 IIIC, Gabija Svorobovi\u010di\u016bt\u0117 IIIC, Emilija Sriubait\u0117 IIID. Mokytoja Lina Steponavi\u010dien\u0117 (fizika-IT).<\/span><\/span><\/span>\n\t<\/li>\n<li>\n\t\t<span style=\"color:#696969;\"><span style=\"font-size:14px;\"><span style=\"font-family:times new roman,times,serif;\">Bitkoin\u0173 projekte dalyvauja Sabaliauskas Deividas IIIA, Kogodovskij German IIID. Mokytoja Lina Rimkuvien\u0117 (ekonomika).<\/span><\/span><\/span>\n\t<\/li>\n<li>\n\t\t<span style=\"color:#696969;\"><span style=\"font-size:14px;\"><span style=\"font-family:times new roman,times,serif;\">3D gaminio k\u016brimo projekte dalyvauja Emilija Zubryt\u0117, Erika Litvinavi\u010di\u016bt\u0117, Arnas Vaitkus, Elizabeta Martinaityt\u0117 IIIB, Laimis Liumparas IIIC, Greta Dumbliauskait\u0117 IID. Mokytoja Migl\u0117 Glebuvien\u0117 ir Giedr\u0117 Kvizikevi\u010dien\u0117 (IT).<\/span><\/span><\/span>\n\t<\/li>\n<li>\n\t\t<span style=\"color:#696969;\"><span style=\"font-size:14px;\"><span style=\"font-family:times new roman,times,serif;\">Mikrovaldikli\u0173 projekte dalyvauja IA klas\u0117s mokiniai Dovydas Gencevi\u010dius, Danielius Komaras.<\/span><\/span><\/span>\n\t<\/li>\n<li>\n\t\t<span style=\"color:#696969;\"><span style=\"font-size:14px;\"><span style=\"font-family:times new roman,times,serif;\">Android mobili\u0173j\u0173 \u012frengini\u0173 programavimo projekte dalyvauja Mantas Vadopalas, Paulius Urbanavi\u010dius IIID, \u017dilvinas La&scaron;i\u016bnas, Ignas Bogu&scaron;is, Rytis Trimonis IIIA, Justinas Vi&scaron;inskas IIIB, Simonas Va&scaron;kevi\u010dius IVD, &Scaron;ar\u016bnas Kavaliauskas, Mykolas Dobilaitis IIB.<\/span><\/span><\/span>\n\t<\/li>\n<\/ol>\n<style id=\"bwg-style-0\">    #bwg_container1_0 #bwg_container2_0 .bwg-container-0.bwg-standard-thumbnails {      width: 904px;              justify-content: center;        margin:0 auto !important;              background-color: rgba(255, 255, 255, 0.00);            padding-left: 4px;      padding-top: 4px;      max-width: 100%;            }        #bwg_container1_0 #bwg_container2_0 .bwg-container-0.bwg-standard-thumbnails .bwg-item {    justify-content: flex-start;      max-width: 180px;            width: 180px !important;          }    #bwg_container1_0 #bwg_container2_0 .bwg-container-0.bwg-standard-thumbnails .bwg-item a {       margin-right: 4px;       margin-bottom: 4px;    }    #bwg_container1_0 #bwg_container2_0 .bwg-container-0.bwg-standard-thumbnails .bwg-item0 {      padding: 0px;            background-color:rgba(255,255,255, 0.30);      border: 0px none #CCCCCC;      opacity: 1.00;      border-radius: 0;      box-shadow: 0px 0px 0px #888888;    }    #bwg_container1_0 #bwg_container2_0 .bwg-container-0.bwg-standard-thumbnails .bwg-item1 img {      max-height: none;      max-width: none;      padding: 0 !important;    }        @media only screen and (min-width: 480px) {      #bwg_container1_0 #bwg_container2_0 .bwg-container-0.bwg-standard-thumbnails .bwg-item0 {        transition: all 0.3s ease 0s;-webkit-transition: all 0.3s ease 0s;      }      #bwg_container1_0 #bwg_container2_0 .bwg-container-0.bwg-standard-thumbnails .bwg-item0:hover {        -ms-transform: scale(1.1);        -webkit-transform: scale(1.1);        transform: scale(1.1);      }    }          #bwg_container1_0 #bwg_container2_0 .bwg-container-0.bwg-standard-thumbnails .bwg-item1 {      padding-top: 50%;    }        #bwg_container1_0 #bwg_container2_0 .bwg-container-0.bwg-standard-thumbnails .bwg-title2,    #bwg_container1_0 #bwg_container2_0 .bwg-container-0.bwg-standard-thumbnails .bwg-ecommerce2 {      color: #CCCCCC;      font-family: segoe ui;      font-size: 16px;      font-weight: bold;      padding: 2px;      text-shadow: 0px 0px 0px #888888;      max-height: 100%;    }    #bwg_container1_0 #bwg_container2_0 .bwg-container-0.bwg-standard-thumbnails .bwg-thumb-description span {    color: #323A45;    font-family: Ubuntu;    font-size: 12px;    max-height: 100%;    word-wrap: break-word;    }    #bwg_container1_0 #bwg_container2_0 .bwg-container-0.bwg-standard-thumbnails .bwg-play-icon2 {      font-size: 32px;    }    #bwg_container1_0 #bwg_container2_0 .bwg-container-0.bwg-standard-thumbnails .bwg-ecommerce2 {      font-size: 19.2px;      color: #CCCCCC;    }    <\/style>    <div id=\"bwg_container1_0\"         class=\"bwg_container bwg_thumbnail bwg_thumbnails \"         data-right-click-protection=\"0\"         data-bwg=\"0\"         data-scroll=\"0\"         data-gallery-type=\"thumbnails\"         data-gallery-view-type=\"thumbnails\"         data-current-url=\"\/index.php?rest_route=%2Fwp%2Fv2%2Fpages%2F12934\"         data-lightbox-url=\"http:\/\/www.basanaviciaus.vilnius.lm.lt\/wp-admin\/admin-ajax.php?action=GalleryBox&#038;current_view=0&#038;gallery_id=521&#038;tag=0&#038;theme_id=1&#038;shortcode_id=1056&#038;sort_by=order&#038;order_by=asc&#038;current_url=%2Findex.php%3Frest_route%3D%252Fwp%252Fv2%252Fpages%252F12934\"         data-gallery-id=\"521\"         data-popup-width=\"800\"         data-popup-height=\"500\"         data-is-album=\"gallery\"         data-buttons-position=\"bottom\">      <div id=\"bwg_container2_0\">             <div id=\"ajax_loading_0\" class=\"bwg_loading_div_1\">      <div class=\"bwg_loading_div_2\">        <div class=\"bwg_loading_div_3\">          <div id=\"loading_div_0\" class=\"bwg_spider_ajax_loading\">          <\/div>        <\/div>      <\/div>    <\/div>            <form id=\"gal_front_form_0\"              class=\"bwg-hidden\"              method=\"post\"              action=\"#\"              data-current=\"0\"              data-shortcode-id=\"1056\"              data-gallery-type=\"thumbnails\"              data-gallery-id=\"521\"              data-tag=\"0\"              data-album-id=\"0\"              data-theme-id=\"1\"              data-ajax-url=\"http:\/\/www.basanaviciaus.vilnius.lm.lt\/wp-admin\/admin-ajax.php?action=bwg_frontend_data\">          <div id=\"bwg_container3_0\" class=\"bwg-background bwg-background-0\">                <div data-max-count=\"5\"         data-thumbnail-width=\"180\"         data-bwg=\"0\"         data-gallery-id=\"521\"         data-lightbox-url=\"http:\/\/www.basanaviciaus.vilnius.lm.lt\/wp-admin\/admin-ajax.php?action=GalleryBox&amp;current_view=0&amp;gallery_id=521&amp;tag=0&amp;theme_id=1&amp;shortcode_id=1056&amp;sort_by=order&amp;order_by=asc&amp;current_url=%2Findex.php%3Frest_route%3D%252Fwp%252Fv2%252Fpages%252F12934\"         id=\"bwg_thumbnails_0\"         class=\"bwg-container-0 bwg-thumbnails bwg-standard-thumbnails bwg-container bwg-border-box\">            <div class=\"bwg-item\">        <a class=\"bwg-a  bwg_lightbox\"  data-image-id=\"3930\" href=\"http:\/\/www.basanaviciaus.vilnius.lm.lt\/wp-content\/uploads\/photo-gallery\/VGTU_Ateities_In\u017einierijos_k\u016brybin\u0117s_dirbtuv\u0117s03919-20\/8.jpg?bwg=1576073687\" data-elementor-open-lightbox=\"no\">                <div class=\"bwg-item0 \">          <div class=\"bwg-item1 \">            <div class=\"bwg-item2\">              <img decoding=\"async\" class=\"skip-lazy bwg_standart_thumb_img_0 \"                   data-id=\"3930\"                   data-width=\"300\"                   data-height=\"200\"                   data-src=\"http:\/\/www.basanaviciaus.vilnius.lm.lt\/wp-content\/uploads\/photo-gallery\/VGTU_Ateities_In\u017einierijos_k\u016brybin\u0117s_dirbtuv\u0117s03919-20\/thumb\/8.jpg?bwg=1576073687\"                   src=\"http:\/\/www.basanaviciaus.vilnius.lm.lt\/wp-content\/uploads\/photo-gallery\/VGTU_Ateities_In\u017einierijos_k\u016brybin\u0117s_dirbtuv\u0117s03919-20\/thumb\/8.jpg?bwg=1576073687\"                   alt=\"8\"                   title=\"8\" \/>            <\/div>            <div class=\"\">                                                      <\/div>          <\/div>        <\/div>                        <\/a>              <\/div>            <div class=\"bwg-item\">        <a class=\"bwg-a  bwg_lightbox\"  data-image-id=\"3929\" href=\"http:\/\/www.basanaviciaus.vilnius.lm.lt\/wp-content\/uploads\/photo-gallery\/VGTU_Ateities_In\u017einierijos_k\u016brybin\u0117s_dirbtuv\u0117s03919-20\/7.jpg?bwg=1576073687\" data-elementor-open-lightbox=\"no\">                <div class=\"bwg-item0 \">          <div class=\"bwg-item1 \">            <div class=\"bwg-item2\">              <img decoding=\"async\" class=\"skip-lazy bwg_standart_thumb_img_0 \"                   data-id=\"3929\"                   data-width=\"300\"                   data-height=\"225\"                   data-src=\"http:\/\/www.basanaviciaus.vilnius.lm.lt\/wp-content\/uploads\/photo-gallery\/VGTU_Ateities_In\u017einierijos_k\u016brybin\u0117s_dirbtuv\u0117s03919-20\/thumb\/7.jpg?bwg=1576073687\"                   src=\"http:\/\/www.basanaviciaus.vilnius.lm.lt\/wp-content\/uploads\/photo-gallery\/VGTU_Ateities_In\u017einierijos_k\u016brybin\u0117s_dirbtuv\u0117s03919-20\/thumb\/7.jpg?bwg=1576073687\"                   alt=\"7\"                   title=\"7\" \/>            <\/div>            <div class=\"\">                                                      <\/div>          <\/div>        <\/div>                        <\/a>              <\/div>            <div class=\"bwg-item\">        <a class=\"bwg-a  bwg_lightbox\"  data-image-id=\"3928\" href=\"http:\/\/www.basanaviciaus.vilnius.lm.lt\/wp-content\/uploads\/photo-gallery\/VGTU_Ateities_In\u017einierijos_k\u016brybin\u0117s_dirbtuv\u0117s03919-20\/6.jpg?bwg=1576073687\" data-elementor-open-lightbox=\"no\">                <div class=\"bwg-item0 \">          <div class=\"bwg-item1 \">            <div class=\"bwg-item2\">              <img decoding=\"async\" class=\"skip-lazy bwg_standart_thumb_img_0 \"                   data-id=\"3928\"                   data-width=\"300\"                   data-height=\"200\"                   data-src=\"http:\/\/www.basanaviciaus.vilnius.lm.lt\/wp-content\/uploads\/photo-gallery\/VGTU_Ateities_In\u017einierijos_k\u016brybin\u0117s_dirbtuv\u0117s03919-20\/thumb\/6.jpg?bwg=1576073687\"                   src=\"http:\/\/www.basanaviciaus.vilnius.lm.lt\/wp-content\/uploads\/photo-gallery\/VGTU_Ateities_In\u017einierijos_k\u016brybin\u0117s_dirbtuv\u0117s03919-20\/thumb\/6.jpg?bwg=1576073687\"                   alt=\"6\"                   title=\"6\" \/>            <\/div>            <div class=\"\">                                                      <\/div>          <\/div>        <\/div>                        <\/a>              <\/div>            <div class=\"bwg-item\">        <a class=\"bwg-a  bwg_lightbox\"  data-image-id=\"3927\" href=\"http:\/\/www.basanaviciaus.vilnius.lm.lt\/wp-content\/uploads\/photo-gallery\/VGTU_Ateities_In\u017einierijos_k\u016brybin\u0117s_dirbtuv\u0117s03919-20\/5.jpg?bwg=1576073687\" data-elementor-open-lightbox=\"no\">                <div class=\"bwg-item0 \">          <div class=\"bwg-item1 \">            <div class=\"bwg-item2\">              <img decoding=\"async\" class=\"skip-lazy bwg_standart_thumb_img_0 \"                   data-id=\"3927\"                   data-width=\"225\"                   data-height=\"300\"                   data-src=\"http:\/\/www.basanaviciaus.vilnius.lm.lt\/wp-content\/uploads\/photo-gallery\/VGTU_Ateities_In\u017einierijos_k\u016brybin\u0117s_dirbtuv\u0117s03919-20\/thumb\/5.jpg?bwg=1576073687\"                   src=\"http:\/\/www.basanaviciaus.vilnius.lm.lt\/wp-content\/uploads\/photo-gallery\/VGTU_Ateities_In\u017einierijos_k\u016brybin\u0117s_dirbtuv\u0117s03919-20\/thumb\/5.jpg?bwg=1576073687\"                   alt=\"5\"                   title=\"5\" \/>            <\/div>            <div class=\"\">                                                      <\/div>          <\/div>        <\/div>                        <\/a>              <\/div>            <div class=\"bwg-item\">        <a class=\"bwg-a  bwg_lightbox\"  data-image-id=\"3926\" href=\"http:\/\/www.basanaviciaus.vilnius.lm.lt\/wp-content\/uploads\/photo-gallery\/VGTU_Ateities_In\u017einierijos_k\u016brybin\u0117s_dirbtuv\u0117s03919-20\/4.jpg?bwg=1576073687\" data-elementor-open-lightbox=\"no\">                <div class=\"bwg-item0 \">          <div class=\"bwg-item1 \">            <div class=\"bwg-item2\">              <img decoding=\"async\" class=\"skip-lazy bwg_standart_thumb_img_0 \"                   data-id=\"3926\"                   data-width=\"300\"                   data-height=\"200\"                   data-src=\"http:\/\/www.basanaviciaus.vilnius.lm.lt\/wp-content\/uploads\/photo-gallery\/VGTU_Ateities_In\u017einierijos_k\u016brybin\u0117s_dirbtuv\u0117s03919-20\/thumb\/4.jpg?bwg=1576073687\"                   src=\"http:\/\/www.basanaviciaus.vilnius.lm.lt\/wp-content\/uploads\/photo-gallery\/VGTU_Ateities_In\u017einierijos_k\u016brybin\u0117s_dirbtuv\u0117s03919-20\/thumb\/4.jpg?bwg=1576073687\"                   alt=\"4\"                   title=\"4\" \/>            <\/div>            <div class=\"\">                                                      <\/div>          <\/div>        <\/div>                        <\/a>              <\/div>            <div class=\"bwg-item\">        <a class=\"bwg-a  bwg_lightbox\"  data-image-id=\"3925\" href=\"http:\/\/www.basanaviciaus.vilnius.lm.lt\/wp-content\/uploads\/photo-gallery\/VGTU_Ateities_In\u017einierijos_k\u016brybin\u0117s_dirbtuv\u0117s03919-20\/2.jpg?bwg=1576073687\" data-elementor-open-lightbox=\"no\">                <div class=\"bwg-item0 \">          <div class=\"bwg-item1 \">            <div class=\"bwg-item2\">              <img decoding=\"async\" class=\"skip-lazy bwg_standart_thumb_img_0 \"                   data-id=\"3925\"                   data-width=\"300\"                   data-height=\"225\"                   data-src=\"http:\/\/www.basanaviciaus.vilnius.lm.lt\/wp-content\/uploads\/photo-gallery\/VGTU_Ateities_In\u017einierijos_k\u016brybin\u0117s_dirbtuv\u0117s03919-20\/thumb\/2.jpg?bwg=1576073687\"                   src=\"http:\/\/www.basanaviciaus.vilnius.lm.lt\/wp-content\/uploads\/photo-gallery\/VGTU_Ateities_In\u017einierijos_k\u016brybin\u0117s_dirbtuv\u0117s03919-20\/thumb\/2.jpg?bwg=1576073687\"                   alt=\"2\"                   title=\"2\" \/>            <\/div>            <div class=\"\">                                                      <\/div>          <\/div>        <\/div>                        <\/a>              <\/div>            <div class=\"bwg-item\">        <a class=\"bwg-a  bwg_lightbox\"  data-image-id=\"3924\" href=\"http:\/\/www.basanaviciaus.vilnius.lm.lt\/wp-content\/uploads\/photo-gallery\/VGTU_Ateities_In\u017einierijos_k\u016brybin\u0117s_dirbtuv\u0117s03919-20\/1.jpg?bwg=1576073687\" data-elementor-open-lightbox=\"no\">                <div class=\"bwg-item0 \">          <div class=\"bwg-item1 \">            <div class=\"bwg-item2\">              <img decoding=\"async\" class=\"skip-lazy bwg_standart_thumb_img_0 \"                   data-id=\"3924\"                   data-width=\"300\"                   data-height=\"200\"                   data-src=\"http:\/\/www.basanaviciaus.vilnius.lm.lt\/wp-content\/uploads\/photo-gallery\/VGTU_Ateities_In\u017einierijos_k\u016brybin\u0117s_dirbtuv\u0117s03919-20\/thumb\/1.jpg?bwg=1576073687\"                   src=\"http:\/\/www.basanaviciaus.vilnius.lm.lt\/wp-content\/uploads\/photo-gallery\/VGTU_Ateities_In\u017einierijos_k\u016brybin\u0117s_dirbtuv\u0117s03919-20\/thumb\/1.jpg?bwg=1576073687\"                   alt=\"1\"                   title=\"1\" \/>            <\/div>            <div class=\"\">                                                      <\/div>          <\/div>        <\/div>                        <\/a>              <\/div>            <div class=\"bwg-item\">        <a class=\"bwg-a  bwg_lightbox\"  data-image-id=\"3923\" href=\"http:\/\/www.basanaviciaus.vilnius.lm.lt\/wp-content\/uploads\/photo-gallery\/VGTU_Ateities_In\u017einierijos_k\u016brybin\u0117s_dirbtuv\u0117s03919-20\/3.jpg?bwg=1576073687\" data-elementor-open-lightbox=\"no\">                <div class=\"bwg-item0 \">          <div class=\"bwg-item1 \">            <div class=\"bwg-item2\">              <img decoding=\"async\" class=\"skip-lazy bwg_standart_thumb_img_0 \"                   data-id=\"3923\"                   data-width=\"225\"                   data-height=\"300\"                   data-src=\"http:\/\/www.basanaviciaus.vilnius.lm.lt\/wp-content\/uploads\/photo-gallery\/VGTU_Ateities_In\u017einierijos_k\u016brybin\u0117s_dirbtuv\u0117s03919-20\/thumb\/3.jpg?bwg=1576073687\"                   src=\"http:\/\/www.basanaviciaus.vilnius.lm.lt\/wp-content\/uploads\/photo-gallery\/VGTU_Ateities_In\u017einierijos_k\u016brybin\u0117s_dirbtuv\u0117s03919-20\/thumb\/3.jpg?bwg=1576073687\"                   alt=\"3\"                   title=\"3\" \/>            <\/div>            <div class=\"\">                                                      <\/div>          <\/div>        <\/div>                        <\/a>              <\/div>          <\/div>              <\/div>        <\/form>        <style>          #bwg_container1_0 #bwg_container2_0 #spider_popup_overlay_0 {          background-color: #000000;          opacity: 0.70;          }          <\/style>        <div id=\"bwg_spider_popup_loading_0\" class=\"bwg_spider_popup_loading\"><\/div>        <div id=\"spider_popup_overlay_0\" class=\"spider_popup_overlay\" onclick=\"spider_destroypopup(1000)\"><\/div>        <input type=\"hidden\" id=\"bwg_random_seed_0\" value=\"1429539996\">                <\/div>    <\/div>    <script>      if (document.readyState === 'complete') {        if( typeof bwg_main_ready == 'function' ) {          if ( jQuery(\"#bwg_container1_0\").height() ) {            bwg_main_ready(jQuery(\"#bwg_container1_0\"));          }        }      } else {        document.addEventListener('DOMContentLoaded', function() {          if( typeof bwg_main_ready == 'function' ) {            if ( jQuery(\"#bwg_container1_0\").height() ) {             bwg_main_ready(jQuery(\"#bwg_container1_0\"));            }          }        });      }    <\/script>    \n","protected":false},"excerpt":{"rendered":"<p>2019-11-21 VGTU Ateities In\u017einierijos k\u016brybin\u0117s dirbtuv\u0117s Septynios mokini\u0173 grup\u0117s dalyvavo VGTU organizuojamose Ateities in\u017einerijos nuotolinio mokymosi platformoje atliekam\u0173 projektini\u0173 darb\u0173 dirbtuv\u0117se. Lempos dizaino k\u016brimo projekte dalyvauja IC klas\u0117s mokiniai Kamil\u0117 Rumbutyt\u0117, Rachel\u0117 Lau\u017eikait\u0117, Gust\u0117 Petkevi\u010di\u016bt\u0117, Paulina Griciut\u0117, Vincentas Eidukas, Domas Sinkus. Mokytoja Migl\u0117 Glebuvien\u0117 (dail\u0117-fotografija). &bdquo;\u017daliosios energetikos&ldquo; projekte dalyvauja Rokas Vasiliauskas IIIA, Kristijonas Slavinskas IIIA, [&hellip;]<\/p>\n","protected":false},"author":1,"featured_media":0,"parent":0,"menu_order":0,"comment_status":"closed","ping_status":"closed","template":"","meta":{"footnotes":""},"class_list":["post-12934","page","type-page","status-publish","hentry"],"_links":{"self":[{"href":"http:\/\/www.basanaviciaus.vilnius.lm.lt\/index.php?rest_route=\/wp\/v2\/pages\/12934","targetHints":{"allow":["GET"]}}],"collection":[{"href":"http:\/\/www.basanaviciaus.vilnius.lm.lt\/index.php?rest_route=\/wp\/v2\/pages"}],"about":[{"href":"http:\/\/www.basanaviciaus.vilnius.lm.lt\/index.php?rest_route=\/wp\/v2\/types\/page"}],"author":[{"embeddable":true,"href":"http:\/\/www.basanaviciaus.vilnius.lm.lt\/index.php?rest_route=\/wp\/v2\/users\/1"}],"replies":[{"embeddable":true,"href":"http:\/\/www.basanaviciaus.vilnius.lm.lt\/index.php?rest_route=%2Fwp%2Fv2%2Fcomments&post=12934"}],"version-history":[{"count":2,"href":"http:\/\/www.basanaviciaus.vilnius.lm.lt\/index.php?rest_route=\/wp\/v2\/pages\/12934\/revisions"}],"predecessor-version":[{"id":12939,"href":"http:\/\/www.basanaviciaus.vilnius.lm.lt\/index.php?rest_route=\/wp\/v2\/pages\/12934\/revisions\/12939"}],"wp:attachment":[{"href":"http:\/\/www.basanaviciaus.vilnius.lm.lt\/index.php?rest_route=%2Fwp%2Fv2%2Fmedia&parent=12934"}],"curies":[{"name":"wp","href":"https:\/\/api.w.org\/{rel}","templated":true}]}}