{"id":12940,"date":"2019-12-11T16:17:33","date_gmt":"2019-12-11T14:17:33","guid":{"rendered":"http:\/\/www.basanaviciaus.vilnius.lm.lt\/?page_id=12940"},"modified":"2019-12-11T16:26:46","modified_gmt":"2019-12-11T14:26:46","slug":"vgtu-nuotolinio-mokymosi-platformos-ateities-inzinerija-kurybines-dirbtuves19-20","status":"publish","type":"page","link":"http:\/\/www.basanaviciaus.vilnius.lm.lt\/?page_id=12940","title":{"rendered":"VGTU nuotolinio mokymosi platformos \u201eAteities in\u017einerija\u201c k\u016brybin\u0117s dirbtuv\u0117s&#8217;19-20"},"content":{"rendered":"<p>\n\t<strong><span style=\"color:#696969;\"><span style=\"font-size:14px;\"><span style=\"font-family:times new roman,times,serif;\">2019-12-29<\/span><\/span><\/span><\/strong>\n<\/p>\n<p>\n\t<span style=\"color:#696969;\"><span style=\"font-size:14px;\"><span style=\"font-family:times new roman,times,serif;\"><strong>VGTU nuotolinio mokymosi platformos &bdquo;Ateities in\u017einerija&ldquo; k\u016brybin\u0117s dirbtuv\u0117s gimnazijoje<\/strong><\/span><\/span><\/span>\n<\/p>\n<p>\n\t<span style=\"color:#696969;\"><span style=\"font-size:14px;\"><span style=\"font-family:times new roman,times,serif;\">Gimnazijoje vyko VGTU nuotolinio mokymosi platformos &bdquo;Ateities in\u017einerija&ldquo; k\u016brybin\u0117s dirbtuv\u0117s.<br \/>\n\tJose dalyvavo m\u016bs\u0173 ir \u017demynos gimnazijos mokiniai, pasirink\u0119 filmo mobiliu telefonu k\u016brimo projektinius darbus.<br \/>\n\tDirbtuves ved\u0117 VGTU KIF lektorius Remigijus Ruokis.<\/span><\/span><\/span>\n<\/p>\n<p>\n\t<span style=\"color:#696969;\"><span style=\"font-size:14px;\"><span style=\"font-family:times new roman,times,serif;\">Dirbtuvi\u0173 dalyviai su\u017einojo daug nauja apie filmavim\u0105 ir vaizdo \u012fra&scaron;\u0173 montavim\u0105.<br \/>\n\tLektorius ne tik pasakojo apie skirtingus planus, filmavimo subtilybes, bet ir prakti&scaron;kai tai rod\u0117. Gimnazistai su\u017einojo labai daug naudingos informacijos: kaip naudotis stabilizatoriumi, kaip kokybi&scaron;kai \u012fra&scaron;yti gars\u0105 panaudojant papildomus mikrofonus, kaip net ir minimaliomis priemon\u0117mis (dviej\u0173 telefon\u0173 pagalba) ap&scaron;viesti pa&scaron;nekovo veid\u0105, kiek galimybi\u0173 pagerinti vaizd\u0105, stabilizuoti, keisti spalv\u0173 diapazonus galima su vaizdo montavimo programa DaVinci Resolve. Taip pat R.Ruokis dalinosi savo patirtimi &#8211; atkreip\u0117 d\u0117mes\u012f &#8211; koks svarbus net filmuojan\u010dio \u017emogaus jud\u0117jimas, kv\u0117pavimas. Patar\u0117 kaip i&scaron;mokti sinchronizuoti nufilmuot\u0105 vaizd\u0105 su \u012fra&scaron;ytu (pasirinktu) garso takeliu.<\/span><\/span><\/span>\n<\/p>\n<p>\n\t<span style=\"color:#696969;\"><span style=\"font-size:14px;\"><span style=\"font-family:times new roman,times,serif;\"><style id=\"bwg-style-0\">    #bwg_container1_0 #bwg_container2_0 .bwg-container-0.bwg-standard-thumbnails {      width: 904px;              justify-content: center;        margin:0 auto !important;              background-color: rgba(255, 255, 255, 0.00);            padding-left: 4px;      padding-top: 4px;      max-width: 100%;            }        #bwg_container1_0 #bwg_container2_0 .bwg-container-0.bwg-standard-thumbnails .bwg-item {    justify-content: flex-start;      max-width: 180px;            width: 180px !important;          }    #bwg_container1_0 #bwg_container2_0 .bwg-container-0.bwg-standard-thumbnails .bwg-item a {       margin-right: 4px;       margin-bottom: 4px;    }    #bwg_container1_0 #bwg_container2_0 .bwg-container-0.bwg-standard-thumbnails .bwg-item0 {      padding: 0px;            background-color:rgba(255,255,255, 0.30);      border: 0px none #CCCCCC;      opacity: 1.00;      border-radius: 0;      box-shadow: 0px 0px 0px #888888;    }    #bwg_container1_0 #bwg_container2_0 .bwg-container-0.bwg-standard-thumbnails .bwg-item1 img {      max-height: none;      max-width: none;      padding: 0 !important;    }        @media only screen and (min-width: 480px) {      #bwg_container1_0 #bwg_container2_0 .bwg-container-0.bwg-standard-thumbnails .bwg-item0 {        transition: all 0.3s ease 0s;-webkit-transition: all 0.3s ease 0s;      }      #bwg_container1_0 #bwg_container2_0 .bwg-container-0.bwg-standard-thumbnails .bwg-item0:hover {        -ms-transform: scale(1.1);        -webkit-transform: scale(1.1);        transform: scale(1.1);      }    }          #bwg_container1_0 #bwg_container2_0 .bwg-container-0.bwg-standard-thumbnails .bwg-item1 {      padding-top: 50%;    }        #bwg_container1_0 #bwg_container2_0 .bwg-container-0.bwg-standard-thumbnails .bwg-title2,    #bwg_container1_0 #bwg_container2_0 .bwg-container-0.bwg-standard-thumbnails .bwg-ecommerce2 {      color: #CCCCCC;      font-family: segoe ui;      font-size: 16px;      font-weight: bold;      padding: 2px;      text-shadow: 0px 0px 0px #888888;      max-height: 100%;    }    #bwg_container1_0 #bwg_container2_0 .bwg-container-0.bwg-standard-thumbnails .bwg-thumb-description span {    color: #323A45;    font-family: Ubuntu;    font-size: 12px;    max-height: 100%;    word-wrap: break-word;    }    #bwg_container1_0 #bwg_container2_0 .bwg-container-0.bwg-standard-thumbnails .bwg-play-icon2 {      font-size: 32px;    }    #bwg_container1_0 #bwg_container2_0 .bwg-container-0.bwg-standard-thumbnails .bwg-ecommerce2 {      font-size: 19.2px;      color: #CCCCCC;    }    <\/style>    <div id=\"bwg_container1_0\"         class=\"bwg_container bwg_thumbnail bwg_thumbnails \"         data-right-click-protection=\"0\"         data-bwg=\"0\"         data-scroll=\"0\"         data-gallery-type=\"thumbnails\"         data-gallery-view-type=\"thumbnails\"         data-current-url=\"\/index.php?rest_route=%2Fwp%2Fv2%2Fpages%2F12940\"         data-lightbox-url=\"http:\/\/www.basanaviciaus.vilnius.lm.lt\/wp-admin\/admin-ajax.php?action=GalleryBox&#038;current_view=0&#038;gallery_id=522&#038;tag=0&#038;theme_id=1&#038;shortcode_id=1058&#038;sort_by=order&#038;order_by=asc&#038;current_url=%2Findex.php%3Frest_route%3D%252Fwp%252Fv2%252Fpages%252F12940\"         data-gallery-id=\"522\"         data-popup-width=\"800\"         data-popup-height=\"500\"         data-is-album=\"gallery\"         data-buttons-position=\"bottom\">      <div id=\"bwg_container2_0\">             <div id=\"ajax_loading_0\" class=\"bwg_loading_div_1\">      <div class=\"bwg_loading_div_2\">        <div class=\"bwg_loading_div_3\">          <div id=\"loading_div_0\" class=\"bwg_spider_ajax_loading\">          <\/div>        <\/div>      <\/div>    <\/div>            <form id=\"gal_front_form_0\"              class=\"bwg-hidden\"              method=\"post\"              action=\"#\"              data-current=\"0\"              data-shortcode-id=\"1058\"              data-gallery-type=\"thumbnails\"              data-gallery-id=\"522\"              data-tag=\"0\"              data-album-id=\"0\"              data-theme-id=\"1\"              data-ajax-url=\"http:\/\/www.basanaviciaus.vilnius.lm.lt\/wp-admin\/admin-ajax.php?action=bwg_frontend_data\">          <div id=\"bwg_container3_0\" class=\"bwg-background bwg-background-0\">                <div data-max-count=\"5\"         data-thumbnail-width=\"180\"         data-bwg=\"0\"         data-gallery-id=\"522\"         data-lightbox-url=\"http:\/\/www.basanaviciaus.vilnius.lm.lt\/wp-admin\/admin-ajax.php?action=GalleryBox&amp;current_view=0&amp;gallery_id=522&amp;tag=0&amp;theme_id=1&amp;shortcode_id=1058&amp;sort_by=order&amp;order_by=asc&amp;current_url=%2Findex.php%3Frest_route%3D%252Fwp%252Fv2%252Fpages%252F12940\"         id=\"bwg_thumbnails_0\"         class=\"bwg-container-0 bwg-thumbnails bwg-standard-thumbnails bwg-container bwg-border-box\">            <div class=\"bwg-item\">        <a class=\"bwg-a  bwg_lightbox\"  data-image-id=\"3938\" href=\"http:\/\/www.basanaviciaus.vilnius.lm.lt\/wp-content\/uploads\/photo-gallery\/VGTU_nuotolinio_mokymosi_platformos_\u201eAteities_in\u017einerija\u201c_k\u016brybin\u0117s_dirbtuv\u0117s03919-20\/8.jpg?bwg=1576074037\" data-elementor-open-lightbox=\"no\">                <div class=\"bwg-item0 \">          <div class=\"bwg-item1 \">            <div class=\"bwg-item2\">              <img decoding=\"async\" class=\"skip-lazy bwg_standart_thumb_img_0 \"                   data-id=\"3938\"                   data-width=\"300\"                   data-height=\"200\"                   data-src=\"http:\/\/www.basanaviciaus.vilnius.lm.lt\/wp-content\/uploads\/photo-gallery\/VGTU_nuotolinio_mokymosi_platformos_\u201eAteities_in\u017einerija\u201c_k\u016brybin\u0117s_dirbtuv\u0117s03919-20\/thumb\/8.jpg?bwg=1576074037\"                   src=\"http:\/\/www.basanaviciaus.vilnius.lm.lt\/wp-content\/uploads\/photo-gallery\/VGTU_nuotolinio_mokymosi_platformos_\u201eAteities_in\u017einerija\u201c_k\u016brybin\u0117s_dirbtuv\u0117s03919-20\/thumb\/8.jpg?bwg=1576074037\"                   alt=\"8\"                   title=\"8\" \/>            <\/div>            <div class=\"\">                                                      <\/div>          <\/div>        <\/div>                        <\/a>              <\/div>            <div class=\"bwg-item\">        <a class=\"bwg-a  bwg_lightbox\"  data-image-id=\"3937\" href=\"http:\/\/www.basanaviciaus.vilnius.lm.lt\/wp-content\/uploads\/photo-gallery\/VGTU_nuotolinio_mokymosi_platformos_\u201eAteities_in\u017einerija\u201c_k\u016brybin\u0117s_dirbtuv\u0117s03919-20\/7.jpg?bwg=1576074037\" data-elementor-open-lightbox=\"no\">                <div class=\"bwg-item0 \">          <div class=\"bwg-item1 \">            <div class=\"bwg-item2\">              <img decoding=\"async\" class=\"skip-lazy bwg_standart_thumb_img_0 \"                   data-id=\"3937\"                   data-width=\"225\"                   data-height=\"300\"                   data-src=\"http:\/\/www.basanaviciaus.vilnius.lm.lt\/wp-content\/uploads\/photo-gallery\/VGTU_nuotolinio_mokymosi_platformos_\u201eAteities_in\u017einerija\u201c_k\u016brybin\u0117s_dirbtuv\u0117s03919-20\/thumb\/7.jpg?bwg=1576074037\"                   src=\"http:\/\/www.basanaviciaus.vilnius.lm.lt\/wp-content\/uploads\/photo-gallery\/VGTU_nuotolinio_mokymosi_platformos_\u201eAteities_in\u017einerija\u201c_k\u016brybin\u0117s_dirbtuv\u0117s03919-20\/thumb\/7.jpg?bwg=1576074037\"                   alt=\"7\"                   title=\"7\" \/>            <\/div>            <div class=\"\">                                                      <\/div>          <\/div>        <\/div>                        <\/a>              <\/div>            <div class=\"bwg-item\">        <a class=\"bwg-a  bwg_lightbox\"  data-image-id=\"3936\" href=\"http:\/\/www.basanaviciaus.vilnius.lm.lt\/wp-content\/uploads\/photo-gallery\/VGTU_nuotolinio_mokymosi_platformos_\u201eAteities_in\u017einerija\u201c_k\u016brybin\u0117s_dirbtuv\u0117s03919-20\/5.jpg?bwg=1576074037\" data-elementor-open-lightbox=\"no\">                <div class=\"bwg-item0 \">          <div class=\"bwg-item1 \">            <div class=\"bwg-item2\">              <img decoding=\"async\" class=\"skip-lazy bwg_standart_thumb_img_0 \"                   data-id=\"3936\"                   data-width=\"300\"                   data-height=\"225\"                   data-src=\"http:\/\/www.basanaviciaus.vilnius.lm.lt\/wp-content\/uploads\/photo-gallery\/VGTU_nuotolinio_mokymosi_platformos_\u201eAteities_in\u017einerija\u201c_k\u016brybin\u0117s_dirbtuv\u0117s03919-20\/thumb\/5.jpg?bwg=1576074037\"                   src=\"http:\/\/www.basanaviciaus.vilnius.lm.lt\/wp-content\/uploads\/photo-gallery\/VGTU_nuotolinio_mokymosi_platformos_\u201eAteities_in\u017einerija\u201c_k\u016brybin\u0117s_dirbtuv\u0117s03919-20\/thumb\/5.jpg?bwg=1576074037\"                   alt=\"5\"                   title=\"5\" \/>            <\/div>            <div class=\"\">                                                      <\/div>          <\/div>        <\/div>                        <\/a>              <\/div>            <div class=\"bwg-item\">        <a class=\"bwg-a  bwg_lightbox\"  data-image-id=\"3935\" href=\"http:\/\/www.basanaviciaus.vilnius.lm.lt\/wp-content\/uploads\/photo-gallery\/VGTU_nuotolinio_mokymosi_platformos_\u201eAteities_in\u017einerija\u201c_k\u016brybin\u0117s_dirbtuv\u0117s03919-20\/6.jpg?bwg=1576074037\" data-elementor-open-lightbox=\"no\">                <div class=\"bwg-item0 \">          <div class=\"bwg-item1 \">            <div class=\"bwg-item2\">              <img decoding=\"async\" class=\"skip-lazy bwg_standart_thumb_img_0 \"                   data-id=\"3935\"                   data-width=\"300\"                   data-height=\"200\"                   data-src=\"http:\/\/www.basanaviciaus.vilnius.lm.lt\/wp-content\/uploads\/photo-gallery\/VGTU_nuotolinio_mokymosi_platformos_\u201eAteities_in\u017einerija\u201c_k\u016brybin\u0117s_dirbtuv\u0117s03919-20\/thumb\/6.jpg?bwg=1576074037\"                   src=\"http:\/\/www.basanaviciaus.vilnius.lm.lt\/wp-content\/uploads\/photo-gallery\/VGTU_nuotolinio_mokymosi_platformos_\u201eAteities_in\u017einerija\u201c_k\u016brybin\u0117s_dirbtuv\u0117s03919-20\/thumb\/6.jpg?bwg=1576074037\"                   alt=\"6\"                   title=\"6\" \/>            <\/div>            <div class=\"\">                                                      <\/div>          <\/div>        <\/div>                        <\/a>              <\/div>            <div class=\"bwg-item\">        <a class=\"bwg-a  bwg_lightbox\"  data-image-id=\"3934\" href=\"http:\/\/www.basanaviciaus.vilnius.lm.lt\/wp-content\/uploads\/photo-gallery\/VGTU_nuotolinio_mokymosi_platformos_\u201eAteities_in\u017einerija\u201c_k\u016brybin\u0117s_dirbtuv\u0117s03919-20\/4.jpg?bwg=1576074037\" data-elementor-open-lightbox=\"no\">                <div class=\"bwg-item0 \">          <div class=\"bwg-item1 \">            <div class=\"bwg-item2\">              <img decoding=\"async\" class=\"skip-lazy bwg_standart_thumb_img_0 \"                   data-id=\"3934\"                   data-width=\"300\"                   data-height=\"200\"                   data-src=\"http:\/\/www.basanaviciaus.vilnius.lm.lt\/wp-content\/uploads\/photo-gallery\/VGTU_nuotolinio_mokymosi_platformos_\u201eAteities_in\u017einerija\u201c_k\u016brybin\u0117s_dirbtuv\u0117s03919-20\/thumb\/4.jpg?bwg=1576074037\"                   src=\"http:\/\/www.basanaviciaus.vilnius.lm.lt\/wp-content\/uploads\/photo-gallery\/VGTU_nuotolinio_mokymosi_platformos_\u201eAteities_in\u017einerija\u201c_k\u016brybin\u0117s_dirbtuv\u0117s03919-20\/thumb\/4.jpg?bwg=1576074037\"                   alt=\"4\"                   title=\"4\" \/>            <\/div>            <div class=\"\">                                                      <\/div>          <\/div>        <\/div>                        <\/a>              <\/div>            <div class=\"bwg-item\">        <a class=\"bwg-a  bwg_lightbox\"  data-image-id=\"3933\" href=\"http:\/\/www.basanaviciaus.vilnius.lm.lt\/wp-content\/uploads\/photo-gallery\/VGTU_nuotolinio_mokymosi_platformos_\u201eAteities_in\u017einerija\u201c_k\u016brybin\u0117s_dirbtuv\u0117s03919-20\/2.jpg?bwg=1576074037\" data-elementor-open-lightbox=\"no\">                <div class=\"bwg-item0 \">          <div class=\"bwg-item1 \">            <div class=\"bwg-item2\">              <img decoding=\"async\" class=\"skip-lazy bwg_standart_thumb_img_0 \"                   data-id=\"3933\"                   data-width=\"300\"                   data-height=\"225\"                   data-src=\"http:\/\/www.basanaviciaus.vilnius.lm.lt\/wp-content\/uploads\/photo-gallery\/VGTU_nuotolinio_mokymosi_platformos_\u201eAteities_in\u017einerija\u201c_k\u016brybin\u0117s_dirbtuv\u0117s03919-20\/thumb\/2.jpg?bwg=1576074037\"                   src=\"http:\/\/www.basanaviciaus.vilnius.lm.lt\/wp-content\/uploads\/photo-gallery\/VGTU_nuotolinio_mokymosi_platformos_\u201eAteities_in\u017einerija\u201c_k\u016brybin\u0117s_dirbtuv\u0117s03919-20\/thumb\/2.jpg?bwg=1576074037\"                   alt=\"2\"                   title=\"2\" \/>            <\/div>            <div class=\"\">                                                      <\/div>          <\/div>        <\/div>                        <\/a>              <\/div>            <div class=\"bwg-item\">        <a class=\"bwg-a  bwg_lightbox\"  data-image-id=\"3932\" href=\"http:\/\/www.basanaviciaus.vilnius.lm.lt\/wp-content\/uploads\/photo-gallery\/VGTU_nuotolinio_mokymosi_platformos_\u201eAteities_in\u017einerija\u201c_k\u016brybin\u0117s_dirbtuv\u0117s03919-20\/1.jpg?bwg=1576074037\" data-elementor-open-lightbox=\"no\">                <div class=\"bwg-item0 \">          <div class=\"bwg-item1 \">            <div class=\"bwg-item2\">              <img decoding=\"async\" class=\"skip-lazy bwg_standart_thumb_img_0 \"                   data-id=\"3932\"                   data-width=\"300\"                   data-height=\"200\"                   data-src=\"http:\/\/www.basanaviciaus.vilnius.lm.lt\/wp-content\/uploads\/photo-gallery\/VGTU_nuotolinio_mokymosi_platformos_\u201eAteities_in\u017einerija\u201c_k\u016brybin\u0117s_dirbtuv\u0117s03919-20\/thumb\/1.jpg?bwg=1576074037\"                   src=\"http:\/\/www.basanaviciaus.vilnius.lm.lt\/wp-content\/uploads\/photo-gallery\/VGTU_nuotolinio_mokymosi_platformos_\u201eAteities_in\u017einerija\u201c_k\u016brybin\u0117s_dirbtuv\u0117s03919-20\/thumb\/1.jpg?bwg=1576074037\"                   alt=\"1\"                   title=\"1\" \/>            <\/div>            <div class=\"\">                                                      <\/div>          <\/div>        <\/div>                        <\/a>              <\/div>            <div class=\"bwg-item\">        <a class=\"bwg-a  bwg_lightbox\"  data-image-id=\"3931\" href=\"http:\/\/www.basanaviciaus.vilnius.lm.lt\/wp-content\/uploads\/photo-gallery\/VGTU_nuotolinio_mokymosi_platformos_\u201eAteities_in\u017einerija\u201c_k\u016brybin\u0117s_dirbtuv\u0117s03919-20\/3.jpg?bwg=1576074037\" data-elementor-open-lightbox=\"no\">                <div class=\"bwg-item0 \">          <div class=\"bwg-item1 \">            <div class=\"bwg-item2\">              <img decoding=\"async\" class=\"skip-lazy bwg_standart_thumb_img_0 \"                   data-id=\"3931\"                   data-width=\"300\"                   data-height=\"225\"                   data-src=\"http:\/\/www.basanaviciaus.vilnius.lm.lt\/wp-content\/uploads\/photo-gallery\/VGTU_nuotolinio_mokymosi_platformos_\u201eAteities_in\u017einerija\u201c_k\u016brybin\u0117s_dirbtuv\u0117s03919-20\/thumb\/3.jpg?bwg=1576074037\"                   src=\"http:\/\/www.basanaviciaus.vilnius.lm.lt\/wp-content\/uploads\/photo-gallery\/VGTU_nuotolinio_mokymosi_platformos_\u201eAteities_in\u017einerija\u201c_k\u016brybin\u0117s_dirbtuv\u0117s03919-20\/thumb\/3.jpg?bwg=1576074037\"                   alt=\"3\"                   title=\"3\" \/>            <\/div>            <div class=\"\">                                                      <\/div>          <\/div>        <\/div>                        <\/a>              <\/div>          <\/div>              <\/div>        <\/form>        <style>          #bwg_container1_0 #bwg_container2_0 #spider_popup_overlay_0 {          background-color: #000000;          opacity: 0.70;          }          <\/style>        <div id=\"bwg_spider_popup_loading_0\" class=\"bwg_spider_popup_loading\"><\/div>        <div id=\"spider_popup_overlay_0\" class=\"spider_popup_overlay\" onclick=\"spider_destroypopup(1000)\"><\/div>        <input type=\"hidden\" id=\"bwg_random_seed_0\" value=\"2115898305\">                <\/div>    <\/div>    <script>      if (document.readyState === 'complete') {        if( typeof bwg_main_ready == 'function' ) {          if ( jQuery(\"#bwg_container1_0\").height() ) {            bwg_main_ready(jQuery(\"#bwg_container1_0\"));          }        }      } else {        document.addEventListener('DOMContentLoaded', function() {          if( typeof bwg_main_ready == 'function' ) {            if ( jQuery(\"#bwg_container1_0\").height() ) {             bwg_main_ready(jQuery(\"#bwg_container1_0\"));            }          }        });      }    <\/script>    <\/span><\/span><\/span><\/p>\n","protected":false},"excerpt":{"rendered":"<p>2019-12-29 VGTU nuotolinio mokymosi platformos &bdquo;Ateities in\u017einerija&ldquo; k\u016brybin\u0117s dirbtuv\u0117s gimnazijoje Gimnazijoje vyko VGTU nuotolinio mokymosi platformos &bdquo;Ateities in\u017einerija&ldquo; k\u016brybin\u0117s dirbtuv\u0117s. Jose dalyvavo m\u016bs\u0173 ir \u017demynos gimnazijos mokiniai, pasirink\u0119 filmo mobiliu telefonu k\u016brimo projektinius darbus. Dirbtuves ved\u0117 VGTU KIF lektorius Remigijus Ruokis. Dirbtuvi\u0173 dalyviai su\u017einojo daug nauja apie filmavim\u0105 ir vaizdo \u012fra&scaron;\u0173 montavim\u0105. Lektorius ne tik [&hellip;]<\/p>\n","protected":false},"author":1,"featured_media":0,"parent":0,"menu_order":0,"comment_status":"closed","ping_status":"closed","template":"","meta":{"footnotes":""},"class_list":["post-12940","page","type-page","status-publish","hentry"],"_links":{"self":[{"href":"http:\/\/www.basanaviciaus.vilnius.lm.lt\/index.php?rest_route=\/wp\/v2\/pages\/12940","targetHints":{"allow":["GET"]}}],"collection":[{"href":"http:\/\/www.basanaviciaus.vilnius.lm.lt\/index.php?rest_route=\/wp\/v2\/pages"}],"about":[{"href":"http:\/\/www.basanaviciaus.vilnius.lm.lt\/index.php?rest_route=\/wp\/v2\/types\/page"}],"author":[{"embeddable":true,"href":"http:\/\/www.basanaviciaus.vilnius.lm.lt\/index.php?rest_route=\/wp\/v2\/users\/1"}],"replies":[{"embeddable":true,"href":"http:\/\/www.basanaviciaus.vilnius.lm.lt\/index.php?rest_route=%2Fwp%2Fv2%2Fcomments&post=12940"}],"version-history":[{"count":2,"href":"http:\/\/www.basanaviciaus.vilnius.lm.lt\/index.php?rest_route=\/wp\/v2\/pages\/12940\/revisions"}],"predecessor-version":[{"id":12944,"href":"http:\/\/www.basanaviciaus.vilnius.lm.lt\/index.php?rest_route=\/wp\/v2\/pages\/12940\/revisions\/12944"}],"wp:attachment":[{"href":"http:\/\/www.basanaviciaus.vilnius.lm.lt\/index.php?rest_route=%2Fwp%2Fv2%2Fmedia&parent=12940"}],"curies":[{"name":"wp","href":"https:\/\/api.w.org\/{rel}","templated":true}]}}