{"id":12977,"date":"2019-12-17T08:39:40","date_gmt":"2019-12-17T06:39:40","guid":{"rendered":"http:\/\/www.basanaviciaus.vilnius.lm.lt\/?page_id=12977"},"modified":"2019-12-17T09:00:40","modified_gmt":"2019-12-17T07:00:40","slug":"sventinis-paramos-koncertas-maltieciu-sriuba19-20","status":"publish","type":"page","link":"http:\/\/www.basanaviciaus.vilnius.lm.lt\/?page_id=12977","title":{"rendered":"\u0160ventinis\u00a0paramos koncertas\u00a0\u201eMaltie\u010di\u0173 sriuba\u201c19-20"},"content":{"rendered":"<p>\n\t<strong><span style=\"color:#696969;\"><span style=\"font-size:14px;\"><span style=\"font-family:times new roman,times,serif;\">2019-12-15<\/span><\/span><\/span><\/strong>\n<\/p>\n<p>\n\t<span style=\"color:#696969;\"><span style=\"font-size:14px;\"><span style=\"font-family:times new roman,times,serif;\"><strong>&Scaron;ventinis&nbsp;paramos koncertas&nbsp;&bdquo;Maltie\u010di\u0173 sriuba&ldquo;<\/strong><\/span><\/span><\/span>\n<\/p>\n<p>\n\t<span style=\"color:#696969;\"><span style=\"font-size:14px;\"><span style=\"font-family:times new roman,times,serif;\">Vieni&scaron;us senolius gyvenan\u010dius &scaron;alia mokyklos, gimnazijos savanoriai lanko visus mokslo metus: pirmadieniais, tre\u010diadieniais ir penktadieniais. Gruod\u017eio 15 dien\u0105 &scaron;ventiniame paramos koncerte &bdquo;Maltie\u010di\u0173 sriuba&ldquo; dalyvavo ma\u017ea dalis savanoriaujan\u010di\u0173j\u0173, tai ne pirmus metus sriubas ne&scaron;antys: Dovydas Guja, Gabriel\u0117 Noreika, Auks\u0117 Dobikaltyt\u0117, Kostas Pranulis, Gabriel\u0117 Perevalovait\u0117, penktus metus &scaron;i\u0105 veikl\u0105 organizuojanti socialin\u0117 pedagog\u0117 Vilma &Scaron;ik&scaron;nien\u0117 ir gimnazijos valgyklos ved\u0117ja Milda Bielinien\u0117, kurios virt\u0105 sriub\u0105 gimnazistai ne&scaron;a senoliams.<br \/>\n\tArt\u0117ja gra\u017eiausios met\u0173 &scaron;vent\u0117s norime pad\u0117koti gimnazistams, kurie antrus metus savanoriauja ir tiems kurie prisijung\u0117 &scaron;iais mokslo metais, tai Paulius \u017daliauskas, Martynas Matijo&scaron;ius, Goda Sadauskait\u0117, Skaist\u0117 Stirnait\u0117, Gabija Bernotait\u0117, Svaj\u016bn\u0117 Si\u010di\u016bnait\u0117, Ula Milkamanavi\u010di\u016bt\u0117, Bret Paramonov, Augustas Ginevi\u010dius, Meg\u0117 Biliakevi\u010di\u016bt\u0117, Mantas Klyvis, Evelina Tarnauskait\u0117, Edvinas &Scaron;i&scaron;lo, Ieva &Scaron;evcova, Kotryna Godlevskaja, Aust\u0117ja Martin\u0117lyt\u0117, Gabija Buiko ir Jovita Versockait\u0117.<br \/>\n\tSavanoryst\u0117 &ndash; tai pati geriausia galimyb\u0117 pad\u0117ti kitiems, kartu realizuojant savo gabumus, talentus ir \u012fgyjant naujos patirties ir \u012fg\u016bd\u017ei\u0173.<br \/>\n\t&bdquo;Maltie\u010di\u0173 sriuba&rdquo; &ndash; tai pagarba ir pad\u0117ka senoliams!<\/span><\/span><\/span><\/p>\n","protected":false},"excerpt":{"rendered":"<p>2019-12-15 &Scaron;ventinis&nbsp;paramos koncertas&nbsp;&bdquo;Maltie\u010di\u0173 sriuba&ldquo; Vieni&scaron;us senolius gyvenan\u010dius &scaron;alia mokyklos, gimnazijos savanoriai lanko visus mokslo metus: pirmadieniais, tre\u010diadieniais ir penktadieniais. Gruod\u017eio 15 dien\u0105 &scaron;ventiniame paramos koncerte &bdquo;Maltie\u010di\u0173 sriuba&ldquo; dalyvavo ma\u017ea dalis savanoriaujan\u010di\u0173j\u0173, tai ne pirmus metus sriubas ne&scaron;antys: Dovydas Guja, Gabriel\u0117 Noreika, Auks\u0117 Dobikaltyt\u0117, Kostas Pranulis, Gabriel\u0117 Perevalovait\u0117, penktus metus &scaron;i\u0105 veikl\u0105 organizuojanti socialin\u0117 pedagog\u0117 Vilma [&hellip;]<\/p>\n","protected":false},"author":1,"featured_media":0,"parent":0,"menu_order":0,"comment_status":"closed","ping_status":"closed","template":"","meta":{"footnotes":""},"class_list":["post-12977","page","type-page","status-publish","hentry"],"_links":{"self":[{"href":"http:\/\/www.basanaviciaus.vilnius.lm.lt\/index.php?rest_route=\/wp\/v2\/pages\/12977","targetHints":{"allow":["GET"]}}],"collection":[{"href":"http:\/\/www.basanaviciaus.vilnius.lm.lt\/index.php?rest_route=\/wp\/v2\/pages"}],"about":[{"href":"http:\/\/www.basanaviciaus.vilnius.lm.lt\/index.php?rest_route=\/wp\/v2\/types\/page"}],"author":[{"embeddable":true,"href":"http:\/\/www.basanaviciaus.vilnius.lm.lt\/index.php?rest_route=\/wp\/v2\/users\/1"}],"replies":[{"embeddable":true,"href":"http:\/\/www.basanaviciaus.vilnius.lm.lt\/index.php?rest_route=%2Fwp%2Fv2%2Fcomments&post=12977"}],"version-history":[{"count":1,"href":"http:\/\/www.basanaviciaus.vilnius.lm.lt\/index.php?rest_route=\/wp\/v2\/pages\/12977\/revisions"}],"predecessor-version":[{"id":12978,"href":"http:\/\/www.basanaviciaus.vilnius.lm.lt\/index.php?rest_route=\/wp\/v2\/pages\/12977\/revisions\/12978"}],"wp:attachment":[{"href":"http:\/\/www.basanaviciaus.vilnius.lm.lt\/index.php?rest_route=%2Fwp%2Fv2%2Fmedia&parent=12977"}],"curies":[{"name":"wp","href":"https:\/\/api.w.org\/{rel}","templated":true}]}}