{"id":12994,"date":"2019-12-17T09:10:42","date_gmt":"2019-12-17T07:10:42","guid":{"rendered":"http:\/\/www.basanaviciaus.vilnius.lm.lt\/?page_id=12994"},"modified":"2019-12-17T09:12:01","modified_gmt":"2019-12-17T07:12:01","slug":"kaledinio-filmo-vakaras19-20","status":"publish","type":"page","link":"http:\/\/www.basanaviciaus.vilnius.lm.lt\/?page_id=12994","title":{"rendered":"Kal\u0117dinio filmo vakaras&#8217;19-20"},"content":{"rendered":"<p>\n\t<strong><span style=\"color:#696969;\"><span style=\"font-size:14px;\"><span style=\"font-family:times new roman,times,serif;\">2019-12-13<\/span><\/span><\/span><\/strong>\n<\/p>\n<p>\n\t<strong><span style=\"color:#696969;\"><span style=\"font-size:14px;\"><span style=\"font-family:times new roman,times,serif;\">Kal\u0117dinio filmo vakaras<\/span><\/span><\/span><\/strong>\n<\/p>\n<p>\n\t<span style=\"color:#696969;\"><span style=\"font-size:14px;\"><span style=\"font-family:times new roman,times,serif;\">Penktadienio vakaras kartu su bi\u010diuliais &ndash; kas gali b\u016bti geriau? 13 dienos pilnaties vakar\u0105 mes, gimnazistai, pasitikome \u017ei\u016br\u0117dami kal\u0117din\u012f film\u0105 apie Grin\u010d\u0105. Filme nuskamb\u0117jusi fraz\u0117 &bdquo;Mes pajutome Kal\u0117d\u0173 dvasi\u0105&ldquo; visai tinka ir mums. &Scaron;aunu, kad Mokini\u0173 taryba pakviet\u0117 jaukiai praleisti popiet\u0119. Tikim\u0117s, jog toki\u0173 bendr\u0173 susi\u0117jim\u0173 bus dar ne vienas.<br \/>\n\tVisiems gra\u017eaus adventinio savaitgalio, &scaron;ilt\u0173 emocij\u0173 vis labiau jau\u010diant art\u0117jan\u010dias Kal\u0117das!<\/span><\/span><\/span>\n<\/p>\n<p>\n\t<a href=\"http:\/\/www.basanaviciaus.vilnius.lm.lt\/wp-content\/uploads\/2017\/06\/1-154.jpg\"><img loading=\"lazy\" decoding=\"async\" alt=\"\" class=\"aligncenter size-medium wp-image-12996\" height=\"300\" src=\"http:\/\/www.basanaviciaus.vilnius.lm.lt\/wp-content\/uploads\/2017\/06\/1-154-300x300.jpg\" width=\"300\" srcset=\"http:\/\/www.basanaviciaus.vilnius.lm.lt\/wp-content\/uploads\/2017\/06\/1-154-300x300.jpg 300w, http:\/\/www.basanaviciaus.vilnius.lm.lt\/wp-content\/uploads\/2017\/06\/1-154-150x150.jpg 150w, http:\/\/www.basanaviciaus.vilnius.lm.lt\/wp-content\/uploads\/2017\/06\/1-154-768x768.jpg 768w, http:\/\/www.basanaviciaus.vilnius.lm.lt\/wp-content\/uploads\/2017\/06\/1-154.jpg 960w\" sizes=\"auto, (max-width: 300px) 100vw, 300px\" \/><\/a><\/p>\n","protected":false},"excerpt":{"rendered":"<p>2019-12-13 Kal\u0117dinio filmo vakaras Penktadienio vakaras kartu su bi\u010diuliais &ndash; kas gali b\u016bti geriau? 13 dienos pilnaties vakar\u0105 mes, gimnazistai, pasitikome \u017ei\u016br\u0117dami kal\u0117din\u012f film\u0105 apie Grin\u010d\u0105. Filme nuskamb\u0117jusi fraz\u0117 &bdquo;Mes pajutome Kal\u0117d\u0173 dvasi\u0105&ldquo; visai tinka ir mums. &Scaron;aunu, kad Mokini\u0173 taryba pakviet\u0117 jaukiai praleisti popiet\u0119. Tikim\u0117s, jog toki\u0173 bendr\u0173 susi\u0117jim\u0173 bus dar ne vienas. Visiems [&hellip;]<\/p>\n","protected":false},"author":1,"featured_media":0,"parent":0,"menu_order":0,"comment_status":"closed","ping_status":"closed","template":"","meta":{"footnotes":""},"class_list":["post-12994","page","type-page","status-publish","hentry"],"_links":{"self":[{"href":"http:\/\/www.basanaviciaus.vilnius.lm.lt\/index.php?rest_route=\/wp\/v2\/pages\/12994","targetHints":{"allow":["GET"]}}],"collection":[{"href":"http:\/\/www.basanaviciaus.vilnius.lm.lt\/index.php?rest_route=\/wp\/v2\/pages"}],"about":[{"href":"http:\/\/www.basanaviciaus.vilnius.lm.lt\/index.php?rest_route=\/wp\/v2\/types\/page"}],"author":[{"embeddable":true,"href":"http:\/\/www.basanaviciaus.vilnius.lm.lt\/index.php?rest_route=\/wp\/v2\/users\/1"}],"replies":[{"embeddable":true,"href":"http:\/\/www.basanaviciaus.vilnius.lm.lt\/index.php?rest_route=%2Fwp%2Fv2%2Fcomments&post=12994"}],"version-history":[{"count":2,"href":"http:\/\/www.basanaviciaus.vilnius.lm.lt\/index.php?rest_route=\/wp\/v2\/pages\/12994\/revisions"}],"predecessor-version":[{"id":12998,"href":"http:\/\/www.basanaviciaus.vilnius.lm.lt\/index.php?rest_route=\/wp\/v2\/pages\/12994\/revisions\/12998"}],"wp:attachment":[{"href":"http:\/\/www.basanaviciaus.vilnius.lm.lt\/index.php?rest_route=%2Fwp%2Fv2%2Fmedia&parent=12994"}],"curies":[{"name":"wp","href":"https:\/\/api.w.org\/{rel}","templated":true}]}}