{"id":13,"date":"2013-01-25T11:57:36","date_gmt":"2013-01-25T09:57:36","guid":{"rendered":"http:\/\/www2086.vu.lt\/?page_id=13"},"modified":"2025-08-26T14:30:45","modified_gmt":"2025-08-26T11:30:45","slug":"kontaktai","status":"publish","type":"page","link":"http:\/\/www.basanaviciaus.vilnius.lm.lt\/?page_id=13","title":{"rendered":"Strukt\u016bra ir kontaktai"},"content":{"rendered":"<p>Vilniaus Jono Basanavi\u010diaus\u00a0gimnazija<\/p>\n<p>S. Konarskio g. 34, LT &#8211;\u00a003127<\/p>\n<p><a href=\"http:\/\/www.basanaviciaus.vilnius.lm.lt\/wp-content\/uploads\/2013\/01\/Valdymo-strukt\u016bra2019-2020.pdf\">Gimnazijos valdymo strukt\u016bra<\/a><\/p>\n<table border=\"1\" cellspacing=\"1\" cellpadding=\"1\">\n<tbody>\n<tr>\n<td>Ra\u0161tin\u0117 (116 kab.)<\/p>\n<p>Ra\u0161tin\u0117s darbo laikas:<\/p>\n<p>8.00 &#8211; 16.00 val.<\/td>\n<td>Ra\u0161tin\u0117s ved\u0117ja,<\/p>\n<p>tel.: +370 52 330452;\u00a0 +37068484141<\/p>\n<p>el.pa\u0161tas:\u00a0<a href=\"http:\/\/rastine@basanaviciaus.vilnius.lm.lt\">rastine@basanaviciaus.vilnius.lm.lt<\/a><\/td>\n<td>Direktor\u0117\u00a0Fausta Gulbinien\u0117,<\/p>\n<p>tel.: +370 52 330452<\/p>\n<p>el. pa\u0161tas: <a href=\"http:\/\/direktore@basanaviciaus.vilnius.lm.lt\">direktore@basanaviciaus.vilnius.lm.lt<\/a><\/td>\n<\/tr>\n<\/tbody>\n<\/table>\n<p><a href=\"http:\/\/www.basanaviciaus.vilnius.lm.lt\/?page_id=13758\">Administracija<\/a><\/p>\n<p><a href=\"http:\/\/www2086.vu.lt\/?page_id=173\">Gimnazijos taryba<\/a><\/p>\n<p><a href=\"http:\/\/www2086.vu.lt\/?page_id=285\">Metodin\u0117s grup\u0117s<\/a><\/p>\n<p><a href=\"http:\/\/www.basanaviciaus.vilnius.lm.lt\/?page_id=153\">Mokini\u0173 taryba<\/a><\/p>\n<p><a href=\"http:\/\/www.basanaviciaus.vilnius.lm.lt\/?page_id=146\">Mokytojai<\/a><\/p>\n<p><a href=\"http:\/\/www2086.vu.lt\/?page_id=169\">Klasi\u0173 aukl\u0117tojai<\/a><\/p>\n<p><a href=\"http:\/\/www2086.vu.lt\/?page_id=283\">Metodin\u0117 taryba<\/a><\/p>\n<p><a href=\"http:\/\/www.basanaviciaus.vilnius.lm.lt\/?page_id=13805\">\u0160vietimo pagalbos specialistai<\/a><\/p>\n<hr \/>\n","protected":false},"excerpt":{"rendered":"<p>Vilniaus Jono Basanavi\u010diaus\u00a0gimnazija S. Konarskio g. 34, LT &#8211;\u00a003127 Gimnazijos valdymo strukt\u016bra Ra\u0161tin\u0117 (116 kab.) Ra\u0161tin\u0117s darbo laikas: 8.00 &#8211; 16.00 val. Ra\u0161tin\u0117s ved\u0117ja, tel.: +370 52 330452;\u00a0 +37068484141 el.pa\u0161tas:\u00a0rastine@basanaviciaus.vilnius.lm.lt Direktor\u0117\u00a0Fausta Gulbinien\u0117, tel.: +370 52 330452 el. pa\u0161tas: direktore@basanaviciaus.vilnius.lm.lt Administracija Gimnazijos taryba Metodin\u0117s grup\u0117s Mokini\u0173 taryba Mokytojai Klasi\u0173 aukl\u0117tojai Metodin\u0117 taryba \u0160vietimo pagalbos specialistai<\/p>\n","protected":false},"author":1,"featured_media":0,"parent":0,"menu_order":6,"comment_status":"closed","ping_status":"closed","template":"","meta":{"footnotes":""},"class_list":["post-13","page","type-page","status-publish","hentry"],"_links":{"self":[{"href":"http:\/\/www.basanaviciaus.vilnius.lm.lt\/index.php?rest_route=\/wp\/v2\/pages\/13","targetHints":{"allow":["GET"]}}],"collection":[{"href":"http:\/\/www.basanaviciaus.vilnius.lm.lt\/index.php?rest_route=\/wp\/v2\/pages"}],"about":[{"href":"http:\/\/www.basanaviciaus.vilnius.lm.lt\/index.php?rest_route=\/wp\/v2\/types\/page"}],"author":[{"embeddable":true,"href":"http:\/\/www.basanaviciaus.vilnius.lm.lt\/index.php?rest_route=\/wp\/v2\/users\/1"}],"replies":[{"embeddable":true,"href":"http:\/\/www.basanaviciaus.vilnius.lm.lt\/index.php?rest_route=%2Fwp%2Fv2%2Fcomments&post=13"}],"version-history":[{"count":48,"href":"http:\/\/www.basanaviciaus.vilnius.lm.lt\/index.php?rest_route=\/wp\/v2\/pages\/13\/revisions"}],"predecessor-version":[{"id":31403,"href":"http:\/\/www.basanaviciaus.vilnius.lm.lt\/index.php?rest_route=\/wp\/v2\/pages\/13\/revisions\/31403"}],"wp:attachment":[{"href":"http:\/\/www.basanaviciaus.vilnius.lm.lt\/index.php?rest_route=%2Fwp%2Fv2%2Fmedia&parent=13"}],"curies":[{"name":"wp","href":"https:\/\/api.w.org\/{rel}","templated":true}]}}