{"id":13136,"date":"2020-01-30T08:30:30","date_gmt":"2020-01-30T06:30:30","guid":{"rendered":"http:\/\/www.basanaviciaus.vilnius.lm.lt\/?page_id=13136"},"modified":"2020-01-30T08:37:49","modified_gmt":"2020-01-30T06:37:49","slug":"paskaita-apie-sveika-gyvensena","status":"publish","type":"page","link":"http:\/\/www.basanaviciaus.vilnius.lm.lt\/?page_id=13136","title":{"rendered":"Paskaita apie sveik\u0105 gyvensen\u0105"},"content":{"rendered":"\n<p><strong>2020-01-28<\/strong><\/p>\n\n\n\n<p><strong>Paskaita apie sveik\u0105 gyvensen\u0105<\/strong><\/p>\n\n\n\n<p> <\/p>\n\n\n\n<p>IIB klas\u0117s valand\u0117l\u0117je lank\u0117si visuomen\u0117s sveikatos prie\u017ei\u016bros specialist\u0117 Indr\u0117. Vie\u0161nia mokiniams pasakojo apie sveik\u0105 gyvensen\u0105. Susitikimas buvo \u012fdomus, informatyvus, naudingas \u2013 dar kart\u0105 prisiminta sveikos mitybos nauda, kalb\u0117ta apie stres\u0105, lydint\u012f mus vos ne kasdien, ir atsipalaidavimo b\u016bdus, miego svarb\u0105. Specialist\u0117 papasakojo, k\u0105 daryti u\u017eklupus paaugli\u0173 siaubui \u2013 spuogams, kaip su jais kovoti. Kiekvienas \u017einome, jog su sveika gyvensena niekaip nedera \u017ealingi \u012fpro\u010diai, tod\u0117l Indr\u0117 skyr\u0117 laiko ir patarimams, kaip j\u0173 i\u0161vengti. Pusvalandis \u017eini\u0173 apie sveik\u0105 gyvenimo b\u016bd\u0105 buvo labai naudingas. <\/p>\n\n\n\n<figure class=\"wp-block-image size-large\"><img loading=\"lazy\" decoding=\"async\" width=\"700\" height=\"422\" src=\"http:\/\/www.basanaviciaus.vilnius.lm.lt\/wp-content\/uploads\/2020\/01\/1_IIB-700x422.jpg\" alt=\"\" class=\"wp-image-13137\"\/><\/figure>\n","protected":false},"excerpt":{"rendered":"<p>2020-01-28 Paskaita apie sveik\u0105 gyvensen\u0105 IIB klas\u0117s valand\u0117l\u0117je lank\u0117si visuomen\u0117s sveikatos prie\u017ei\u016bros specialist\u0117 Indr\u0117. Vie\u0161nia mokiniams pasakojo apie sveik\u0105 gyvensen\u0105. Susitikimas buvo \u012fdomus, informatyvus, naudingas \u2013 dar kart\u0105 prisiminta sveikos mitybos nauda, kalb\u0117ta apie stres\u0105, lydint\u012f mus vos ne kasdien, ir atsipalaidavimo b\u016bdus, miego svarb\u0105. Specialist\u0117 papasakojo, k\u0105 daryti u\u017eklupus paaugli\u0173 siaubui \u2013 spuogams, kaip [&hellip;]<\/p>\n","protected":false},"author":1,"featured_media":0,"parent":0,"menu_order":0,"comment_status":"closed","ping_status":"closed","template":"","meta":{"footnotes":""},"class_list":["post-13136","page","type-page","status-publish","hentry"],"_links":{"self":[{"href":"http:\/\/www.basanaviciaus.vilnius.lm.lt\/index.php?rest_route=\/wp\/v2\/pages\/13136","targetHints":{"allow":["GET"]}}],"collection":[{"href":"http:\/\/www.basanaviciaus.vilnius.lm.lt\/index.php?rest_route=\/wp\/v2\/pages"}],"about":[{"href":"http:\/\/www.basanaviciaus.vilnius.lm.lt\/index.php?rest_route=\/wp\/v2\/types\/page"}],"author":[{"embeddable":true,"href":"http:\/\/www.basanaviciaus.vilnius.lm.lt\/index.php?rest_route=\/wp\/v2\/users\/1"}],"replies":[{"embeddable":true,"href":"http:\/\/www.basanaviciaus.vilnius.lm.lt\/index.php?rest_route=%2Fwp%2Fv2%2Fcomments&post=13136"}],"version-history":[{"count":4,"href":"http:\/\/www.basanaviciaus.vilnius.lm.lt\/index.php?rest_route=\/wp\/v2\/pages\/13136\/revisions"}],"predecessor-version":[{"id":13145,"href":"http:\/\/www.basanaviciaus.vilnius.lm.lt\/index.php?rest_route=\/wp\/v2\/pages\/13136\/revisions\/13145"}],"wp:attachment":[{"href":"http:\/\/www.basanaviciaus.vilnius.lm.lt\/index.php?rest_route=%2Fwp%2Fv2%2Fmedia&parent=13136"}],"curies":[{"name":"wp","href":"https:\/\/api.w.org\/{rel}","templated":true}]}}