{"id":13149,"date":"2020-01-30T08:42:48","date_gmt":"2020-01-30T06:42:48","guid":{"rendered":"http:\/\/www.basanaviciaus.vilnius.lm.lt\/?page_id=13149"},"modified":"2020-01-30T08:46:30","modified_gmt":"2020-01-30T06:46:30","slug":"vilniaus-m-mokiniu-rusu-uzsienio-kalbos-olimpiada19-20","status":"publish","type":"page","link":"http:\/\/www.basanaviciaus.vilnius.lm.lt\/?page_id=13149","title":{"rendered":"Vilniaus m. mokini\u0173 rus\u0173 (u\u017esienio) kalbos olimpiada&#8217;19-20"},"content":{"rendered":"\n<figure class=\"wp-block-image size-large\"><img decoding=\"async\" src=\"http:\/\/www.basanaviciaus.vilnius.lm.lt\/wp-content\/uploads\/2013\/02\/sveikinimai1-1.png\" alt=\"\" class=\"wp-image-7664\"\/><\/figure>\n\n\n\n<p><strong>2020-01-23<\/strong><\/p>\n\n\n\n<p> <strong>Vilniaus miesto mokini\u0173  u\u017esienio  (rus\u0173) kalbos olimpiada <\/strong><\/p>\n\n\n\n<p><\/p>\n\n\n\n<p> Vyko Vilniaus m. mokini\u0173 rus\u0173 (u\u017esienio) kalbos olimpiada. 1-m\u0173j\u0173 klasi\u0173 mokini\u0173 komanda \u2013 Evelina \u010cekanauskait\u0117 1B, Karolina \u0160ulskyt\u0117 1B, Erika Staniulyt\u0117 1E &#8211; atstovavo Jono Basanavi\u010diaus gimnazij\u0105, puikiai pasirod\u0117 ir laim\u0117jo 2 viet\u0105 9 klasi\u0173 mokini\u0173 grup\u0117je.<br \/>D\u017eiaugiam\u0117s ir did\u017eiuojam\u0117s!<br \/>Komand\u0105 ruo\u0161\u0117 mokytoja Halina Kapra\u0161ova <\/p>\n\n\n\n<figure class=\"wp-block-image size-large\"><img loading=\"lazy\" decoding=\"async\" width=\"720\" height=\"422\" src=\"http:\/\/www.basanaviciaus.vilnius.lm.lt\/wp-content\/uploads\/2020\/01\/1-2-720x422.jpg\" alt=\"\" class=\"wp-image-13152\"\/><\/figure>\n","protected":false},"excerpt":{"rendered":"<p>2020-01-23 Vilniaus miesto mokini\u0173 u\u017esienio (rus\u0173) kalbos olimpiada Vyko Vilniaus m. mokini\u0173 rus\u0173 (u\u017esienio) kalbos olimpiada. 1-m\u0173j\u0173 klasi\u0173 mokini\u0173 komanda \u2013 Evelina \u010cekanauskait\u0117 1B, Karolina \u0160ulskyt\u0117 1B, Erika Staniulyt\u0117 1E &#8211; atstovavo Jono Basanavi\u010diaus gimnazij\u0105, puikiai pasirod\u0117 ir laim\u0117jo 2 viet\u0105 9 klasi\u0173 mokini\u0173 grup\u0117je.D\u017eiaugiam\u0117s ir did\u017eiuojam\u0117s!Komand\u0105 ruo\u0161\u0117 mokytoja Halina Kapra\u0161ova<\/p>\n","protected":false},"author":1,"featured_media":0,"parent":0,"menu_order":0,"comment_status":"closed","ping_status":"closed","template":"","meta":{"footnotes":""},"class_list":["post-13149","page","type-page","status-publish","hentry"],"_links":{"self":[{"href":"http:\/\/www.basanaviciaus.vilnius.lm.lt\/index.php?rest_route=\/wp\/v2\/pages\/13149","targetHints":{"allow":["GET"]}}],"collection":[{"href":"http:\/\/www.basanaviciaus.vilnius.lm.lt\/index.php?rest_route=\/wp\/v2\/pages"}],"about":[{"href":"http:\/\/www.basanaviciaus.vilnius.lm.lt\/index.php?rest_route=\/wp\/v2\/types\/page"}],"author":[{"embeddable":true,"href":"http:\/\/www.basanaviciaus.vilnius.lm.lt\/index.php?rest_route=\/wp\/v2\/users\/1"}],"replies":[{"embeddable":true,"href":"http:\/\/www.basanaviciaus.vilnius.lm.lt\/index.php?rest_route=%2Fwp%2Fv2%2Fcomments&post=13149"}],"version-history":[{"count":2,"href":"http:\/\/www.basanaviciaus.vilnius.lm.lt\/index.php?rest_route=\/wp\/v2\/pages\/13149\/revisions"}],"predecessor-version":[{"id":13153,"href":"http:\/\/www.basanaviciaus.vilnius.lm.lt\/index.php?rest_route=\/wp\/v2\/pages\/13149\/revisions\/13153"}],"wp:attachment":[{"href":"http:\/\/www.basanaviciaus.vilnius.lm.lt\/index.php?rest_route=%2Fwp%2Fv2%2Fmedia&parent=13149"}],"curies":[{"name":"wp","href":"https:\/\/api.w.org\/{rel}","templated":true}]}}