{"id":13158,"date":"2020-01-30T09:07:54","date_gmt":"2020-01-30T07:07:54","guid":{"rendered":"http:\/\/www.basanaviciaus.vilnius.lm.lt\/?page_id=13158"},"modified":"2020-01-30T11:52:25","modified_gmt":"2020-01-30T09:52:25","slug":"pasiruosimas-parodai-studijos-202019-20","status":"publish","type":"page","link":"http:\/\/www.basanaviciaus.vilnius.lm.lt\/?page_id=13158","title":{"rendered":"Pasiruo\u0161imas parodai &#8222;Studijos 2020&#8243;19-20"},"content":{"rendered":"\n<p><strong>2020-01-22<\/strong><\/p>\n\n\n\n<p> <strong>Pasiruo\u0161imas parodai \u201eStudijos 2020\u201c<\/strong><\/p>\n\n\n\n<p>IID klas\u0117s bendruomen\u0117 susirinko aptarti kaip dalyvauti parodoje \u201eStudijos 2020\u201c. Donata Kavoliunien\u0117 mums papasakojo, kod\u0117l pravartu dalyvauti parodoje, kaip jai pasiruo\u0161ti. Mokiniams buvo aktualu i\u0161girsti, kaip i\u0161sirinkti profesij\u0105, d\u0117l kurios jiems niekada netekt\u0173 gail\u0117tis. Po prane\u0161imo visi tur\u0117jo prog\u0105 dalyvauti smagiame kahoot \u017eaidime. O nugal\u0117toj\u0173 lauk\u0117 prizai. <\/p>\n\n\n\n<figure class=\"wp-block-gallery columns-3 is-cropped wp-block-gallery-1 is-layout-flex wp-block-gallery-is-layout-flex\"><ul class=\"blocks-gallery-grid\"><li class=\"blocks-gallery-item\"><figure><img loading=\"lazy\" decoding=\"async\" width=\"960\" height=\"422\" src=\"http:\/\/www.basanaviciaus.vilnius.lm.lt\/wp-content\/uploads\/2020\/01\/1-4-960x422.jpg\" alt=\"\" data-id=\"13159\" data-full-url=\"http:\/\/www.basanaviciaus.vilnius.lm.lt\/wp-content\/uploads\/2020\/01\/1-4.jpg\" data-link=\"http:\/\/www.basanaviciaus.vilnius.lm.lt\/?attachment_id=13159\" class=\"wp-image-13159\"\/><\/figure><\/li><li class=\"blocks-gallery-item\"><figure><img loading=\"lazy\" decoding=\"async\" width=\"714\" height=\"960\" src=\"http:\/\/www.basanaviciaus.vilnius.lm.lt\/wp-content\/uploads\/2020\/01\/2-714x422.jpg\" alt=\"\" data-id=\"13160\" data-full-url=\"http:\/\/www.basanaviciaus.vilnius.lm.lt\/wp-content\/uploads\/2020\/01\/2.jpg\" data-link=\"http:\/\/www.basanaviciaus.vilnius.lm.lt\/?attachment_id=13160\" class=\"wp-image-13160\" srcset=\"http:\/\/www.basanaviciaus.vilnius.lm.lt\/wp-content\/uploads\/2020\/01\/2-223x300.jpg 223w, http:\/\/www.basanaviciaus.vilnius.lm.lt\/wp-content\/uploads\/2020\/01\/2-300x403.jpg 300w, http:\/\/www.basanaviciaus.vilnius.lm.lt\/wp-content\/uploads\/2020\/01\/2.jpg 714w\" sizes=\"auto, (max-width: 714px) 100vw, 714px\" \/><\/figure><\/li><li class=\"blocks-gallery-item\"><figure><img loading=\"lazy\" decoding=\"async\" width=\"960\" height=\"422\" src=\"http:\/\/www.basanaviciaus.vilnius.lm.lt\/wp-content\/uploads\/2020\/01\/3-960x422.jpg\" alt=\"\" data-id=\"13161\" data-full-url=\"http:\/\/www.basanaviciaus.vilnius.lm.lt\/wp-content\/uploads\/2020\/01\/3.jpg\" data-link=\"http:\/\/www.basanaviciaus.vilnius.lm.lt\/?attachment_id=13161\" class=\"wp-image-13161\"\/><\/figure><\/li><li class=\"blocks-gallery-item\"><figure><img loading=\"lazy\" decoding=\"async\" width=\"960\" height=\"422\" src=\"http:\/\/www.basanaviciaus.vilnius.lm.lt\/wp-content\/uploads\/2020\/01\/4-960x422.jpg\" alt=\"\" data-id=\"13162\" data-full-url=\"http:\/\/www.basanaviciaus.vilnius.lm.lt\/wp-content\/uploads\/2020\/01\/4.jpg\" data-link=\"http:\/\/www.basanaviciaus.vilnius.lm.lt\/?attachment_id=13162\" class=\"wp-image-13162\"\/><\/figure><\/li><\/ul><\/figure>\n","protected":false},"excerpt":{"rendered":"<p>2020-01-22 Pasiruo\u0161imas parodai \u201eStudijos 2020\u201c IID klas\u0117s bendruomen\u0117 susirinko aptarti kaip dalyvauti parodoje \u201eStudijos 2020\u201c. Donata Kavoliunien\u0117 mums papasakojo, kod\u0117l pravartu dalyvauti parodoje, kaip jai pasiruo\u0161ti. Mokiniams buvo aktualu i\u0161girsti, kaip i\u0161sirinkti profesij\u0105, d\u0117l kurios jiems niekada netekt\u0173 gail\u0117tis. Po prane\u0161imo visi tur\u0117jo prog\u0105 dalyvauti smagiame kahoot \u017eaidime. O nugal\u0117toj\u0173 lauk\u0117 prizai.<\/p>\n","protected":false},"author":1,"featured_media":0,"parent":0,"menu_order":0,"comment_status":"closed","ping_status":"closed","template":"","meta":{"footnotes":""},"class_list":["post-13158","page","type-page","status-publish","hentry"],"_links":{"self":[{"href":"http:\/\/www.basanaviciaus.vilnius.lm.lt\/index.php?rest_route=\/wp\/v2\/pages\/13158","targetHints":{"allow":["GET"]}}],"collection":[{"href":"http:\/\/www.basanaviciaus.vilnius.lm.lt\/index.php?rest_route=\/wp\/v2\/pages"}],"about":[{"href":"http:\/\/www.basanaviciaus.vilnius.lm.lt\/index.php?rest_route=\/wp\/v2\/types\/page"}],"author":[{"embeddable":true,"href":"http:\/\/www.basanaviciaus.vilnius.lm.lt\/index.php?rest_route=\/wp\/v2\/users\/1"}],"replies":[{"embeddable":true,"href":"http:\/\/www.basanaviciaus.vilnius.lm.lt\/index.php?rest_route=%2Fwp%2Fv2%2Fcomments&post=13158"}],"version-history":[{"count":1,"href":"http:\/\/www.basanaviciaus.vilnius.lm.lt\/index.php?rest_route=\/wp\/v2\/pages\/13158\/revisions"}],"predecessor-version":[{"id":13163,"href":"http:\/\/www.basanaviciaus.vilnius.lm.lt\/index.php?rest_route=\/wp\/v2\/pages\/13158\/revisions\/13163"}],"wp:attachment":[{"href":"http:\/\/www.basanaviciaus.vilnius.lm.lt\/index.php?rest_route=%2Fwp%2Fv2%2Fmedia&parent=13158"}],"curies":[{"name":"wp","href":"https:\/\/api.w.org\/{rel}","templated":true}]}}