{"id":13186,"date":"2020-01-30T11:21:37","date_gmt":"2020-01-30T09:21:37","guid":{"rendered":"http:\/\/www.basanaviciaus.vilnius.lm.lt\/?page_id=13186"},"modified":"2020-01-30T11:21:38","modified_gmt":"2020-01-30T09:21:38","slug":"meninio-skaitymo-konkursas19-20","status":"publish","type":"page","link":"http:\/\/www.basanaviciaus.vilnius.lm.lt\/?page_id=13186","title":{"rendered":"Meninio skaitymo konkursas&#8217;19-20"},"content":{"rendered":"\n<p><strong>2020-01-23<\/strong><\/p>\n\n\n\n<p> <strong>Meninio skaitymo konkursas <\/strong><\/p>\n\n\n\n<p>Gimnazijoje vyko Meninio skaitymo konkursas. Mokini\u0173 skaitomos eil\u0117s, prozos tekstai persipyn\u0117 su gitaros ir okul\u0117l\u0117s garsais.<br \/>Konkurso nugal\u0117tojai:<br \/>1 vieta &#8211; Milda Baltu\u0161nikait\u0117 ID,<br \/>2 vieta &#8211; Mikas Steponavi\u010dius IVB,<br \/>3 vieta &#8211; Aust\u0117ja Jurkynait\u0117 IIIA, Greta Dumbliauskait\u0117 IID. <\/p>\n\n\n\n<figure class=\"wp-block-gallery columns-3 is-cropped wp-block-gallery-1 is-layout-flex wp-block-gallery-is-layout-flex\"><ul class=\"blocks-gallery-grid\"><li class=\"blocks-gallery-item\"><figure><img loading=\"lazy\" decoding=\"async\" width=\"1000\" height=\"422\" src=\"http:\/\/www.basanaviciaus.vilnius.lm.lt\/wp-content\/uploads\/2020\/01\/1-6-1000x422.jpg\" alt=\"\" data-id=\"13187\" data-full-url=\"http:\/\/www.basanaviciaus.vilnius.lm.lt\/wp-content\/uploads\/2020\/01\/1-6.jpg\" data-link=\"http:\/\/www.basanaviciaus.vilnius.lm.lt\/?attachment_id=13187\" class=\"wp-image-13187\"\/><\/figure><\/li><li class=\"blocks-gallery-item\"><figure><img loading=\"lazy\" decoding=\"async\" width=\"1000\" height=\"422\" src=\"http:\/\/www.basanaviciaus.vilnius.lm.lt\/wp-content\/uploads\/2020\/01\/2-2-1000x422.jpg\" alt=\"\" data-id=\"13188\" data-full-url=\"http:\/\/www.basanaviciaus.vilnius.lm.lt\/wp-content\/uploads\/2020\/01\/2-2.jpg\" data-link=\"http:\/\/www.basanaviciaus.vilnius.lm.lt\/?attachment_id=13188\" class=\"wp-image-13188\"\/><\/figure><\/li><li class=\"blocks-gallery-item\"><figure><img loading=\"lazy\" decoding=\"async\" width=\"1000\" height=\"422\" src=\"http:\/\/www.basanaviciaus.vilnius.lm.lt\/wp-content\/uploads\/2020\/01\/3-2-1000x422.jpg\" alt=\"\" data-id=\"13189\" data-full-url=\"http:\/\/www.basanaviciaus.vilnius.lm.lt\/wp-content\/uploads\/2020\/01\/3-2.jpg\" data-link=\"http:\/\/www.basanaviciaus.vilnius.lm.lt\/?attachment_id=13189\" class=\"wp-image-13189\"\/><\/figure><\/li><li class=\"blocks-gallery-item\"><figure><img loading=\"lazy\" decoding=\"async\" width=\"713\" height=\"422\" src=\"http:\/\/www.basanaviciaus.vilnius.lm.lt\/wp-content\/uploads\/2020\/01\/4-2-713x422.jpg\" alt=\"\" data-id=\"13190\" data-full-url=\"http:\/\/www.basanaviciaus.vilnius.lm.lt\/wp-content\/uploads\/2020\/01\/4-2.jpg\" data-link=\"http:\/\/www.basanaviciaus.vilnius.lm.lt\/?attachment_id=13190\" class=\"wp-image-13190\"\/><\/figure><\/li><li class=\"blocks-gallery-item\"><figure><img loading=\"lazy\" decoding=\"async\" width=\"678\" height=\"422\" src=\"http:\/\/www.basanaviciaus.vilnius.lm.lt\/wp-content\/uploads\/2020\/01\/5-678x422.jpg\" alt=\"\" data-id=\"13191\" data-full-url=\"http:\/\/www.basanaviciaus.vilnius.lm.lt\/wp-content\/uploads\/2020\/01\/5.jpg\" data-link=\"http:\/\/www.basanaviciaus.vilnius.lm.lt\/?attachment_id=13191\" class=\"wp-image-13191\"\/><\/figure><\/li><li class=\"blocks-gallery-item\"><figure><img loading=\"lazy\" decoding=\"async\" width=\"540\" height=\"422\" src=\"http:\/\/www.basanaviciaus.vilnius.lm.lt\/wp-content\/uploads\/2020\/01\/6-540x422.jpg\" alt=\"\" data-id=\"13192\" data-full-url=\"http:\/\/www.basanaviciaus.vilnius.lm.lt\/wp-content\/uploads\/2020\/01\/6.jpg\" data-link=\"http:\/\/www.basanaviciaus.vilnius.lm.lt\/?attachment_id=13192\" class=\"wp-image-13192\"\/><\/figure><\/li><li class=\"blocks-gallery-item\"><figure><img loading=\"lazy\" decoding=\"async\" width=\"796\" height=\"422\" src=\"http:\/\/www.basanaviciaus.vilnius.lm.lt\/wp-content\/uploads\/2020\/01\/7-796x422.jpg\" alt=\"\" data-id=\"13193\" data-full-url=\"http:\/\/www.basanaviciaus.vilnius.lm.lt\/wp-content\/uploads\/2020\/01\/7.jpg\" data-link=\"http:\/\/www.basanaviciaus.vilnius.lm.lt\/?attachment_id=13193\" class=\"wp-image-13193\"\/><\/figure><\/li><li class=\"blocks-gallery-item\"><figure><img loading=\"lazy\" decoding=\"async\" width=\"632\" height=\"422\" src=\"http:\/\/www.basanaviciaus.vilnius.lm.lt\/wp-content\/uploads\/2020\/01\/8-632x422.jpg\" alt=\"\" data-id=\"13194\" data-full-url=\"http:\/\/www.basanaviciaus.vilnius.lm.lt\/wp-content\/uploads\/2020\/01\/8.jpg\" data-link=\"http:\/\/www.basanaviciaus.vilnius.lm.lt\/?attachment_id=13194\" class=\"wp-image-13194\"\/><\/figure><\/li><li class=\"blocks-gallery-item\"><figure><img loading=\"lazy\" decoding=\"async\" width=\"626\" height=\"422\" src=\"http:\/\/www.basanaviciaus.vilnius.lm.lt\/wp-content\/uploads\/2020\/01\/9-626x422.jpg\" alt=\"\" data-id=\"13195\" data-full-url=\"http:\/\/www.basanaviciaus.vilnius.lm.lt\/wp-content\/uploads\/2020\/01\/9.jpg\" data-link=\"http:\/\/www.basanaviciaus.vilnius.lm.lt\/?attachment_id=13195\" class=\"wp-image-13195\"\/><\/figure><\/li><li class=\"blocks-gallery-item\"><figure><img loading=\"lazy\" decoding=\"async\" width=\"485\" height=\"422\" src=\"http:\/\/www.basanaviciaus.vilnius.lm.lt\/wp-content\/uploads\/2020\/01\/10-485x422.jpg\" alt=\"\" data-id=\"13196\" data-full-url=\"http:\/\/www.basanaviciaus.vilnius.lm.lt\/wp-content\/uploads\/2020\/01\/10.jpg\" data-link=\"http:\/\/www.basanaviciaus.vilnius.lm.lt\/?attachment_id=13196\" class=\"wp-image-13196\"\/><\/figure><\/li><li class=\"blocks-gallery-item\"><figure><img loading=\"lazy\" decoding=\"async\" width=\"1000\" height=\"422\" src=\"http:\/\/www.basanaviciaus.vilnius.lm.lt\/wp-content\/uploads\/2020\/01\/11-1000x422.jpg\" alt=\"\" data-id=\"13197\" data-full-url=\"http:\/\/www.basanaviciaus.vilnius.lm.lt\/wp-content\/uploads\/2020\/01\/11.jpg\" data-link=\"http:\/\/www.basanaviciaus.vilnius.lm.lt\/?attachment_id=13197\" class=\"wp-image-13197\"\/><\/figure><\/li><\/ul><\/figure>\n","protected":false},"excerpt":{"rendered":"<p>2020-01-23 Meninio skaitymo konkursas Gimnazijoje vyko Meninio skaitymo konkursas. Mokini\u0173 skaitomos eil\u0117s, prozos tekstai persipyn\u0117 su gitaros ir okul\u0117l\u0117s garsais.Konkurso nugal\u0117tojai:1 vieta &#8211; Milda Baltu\u0161nikait\u0117 ID,2 vieta &#8211; Mikas Steponavi\u010dius IVB,3 vieta &#8211; Aust\u0117ja Jurkynait\u0117 IIIA, Greta Dumbliauskait\u0117 IID.<\/p>\n","protected":false},"author":1,"featured_media":0,"parent":0,"menu_order":0,"comment_status":"closed","ping_status":"closed","template":"","meta":{"footnotes":""},"class_list":["post-13186","page","type-page","status-publish","hentry"],"_links":{"self":[{"href":"http:\/\/www.basanaviciaus.vilnius.lm.lt\/index.php?rest_route=\/wp\/v2\/pages\/13186","targetHints":{"allow":["GET"]}}],"collection":[{"href":"http:\/\/www.basanaviciaus.vilnius.lm.lt\/index.php?rest_route=\/wp\/v2\/pages"}],"about":[{"href":"http:\/\/www.basanaviciaus.vilnius.lm.lt\/index.php?rest_route=\/wp\/v2\/types\/page"}],"author":[{"embeddable":true,"href":"http:\/\/www.basanaviciaus.vilnius.lm.lt\/index.php?rest_route=\/wp\/v2\/users\/1"}],"replies":[{"embeddable":true,"href":"http:\/\/www.basanaviciaus.vilnius.lm.lt\/index.php?rest_route=%2Fwp%2Fv2%2Fcomments&post=13186"}],"version-history":[{"count":1,"href":"http:\/\/www.basanaviciaus.vilnius.lm.lt\/index.php?rest_route=\/wp\/v2\/pages\/13186\/revisions"}],"predecessor-version":[{"id":13198,"href":"http:\/\/www.basanaviciaus.vilnius.lm.lt\/index.php?rest_route=\/wp\/v2\/pages\/13186\/revisions\/13198"}],"wp:attachment":[{"href":"http:\/\/www.basanaviciaus.vilnius.lm.lt\/index.php?rest_route=%2Fwp%2Fv2%2Fmedia&parent=13186"}],"curies":[{"name":"wp","href":"https:\/\/api.w.org\/{rel}","templated":true}]}}