{"id":13203,"date":"2020-01-30T11:27:25","date_gmt":"2020-01-30T09:27:25","guid":{"rendered":"http:\/\/www.basanaviciaus.vilnius.lm.lt\/?page_id=13203"},"modified":"2020-01-30T11:27:26","modified_gmt":"2020-01-30T09:27:26","slug":"vilniaus-miesto-lietuviu-kalbos-ir-literaturos-olimpiada19-20","status":"publish","type":"page","link":"http:\/\/www.basanaviciaus.vilnius.lm.lt\/?page_id=13203","title":{"rendered":"Vilniaus miesto lietuvi\u0173 kalbos ir literat\u016bros olimpiada&#8217;19-20"},"content":{"rendered":"\n<p><strong>2020-01-21<\/strong><\/p>\n\n\n\n<p><strong>Vilniaus miesto lietuvi\u0173 kalbos ir literat\u016bros olimpiada <\/strong><\/p>\n\n\n\n<p> Gimnazijoje vyko Vilniaus miesto lietuvi\u0173 kalbos ir literat\u016bros olimpiada 9-10 ir 11-12 klasi\u0173 mokiniams. Joje dalyvavo 79 mokiniai i\u0161 25 mokykl\u0173. M\u016bs\u0173 gimnazijai atstovavo Milda Baltu\u0161nikait\u0117 (ID), Rusn\u0117 Jankauskait\u0117 (IIB), Livija Jundulait\u0117 (IIIA) ir Meda Grigaityt\u0117 (IVA). <\/p>\n","protected":false},"excerpt":{"rendered":"<p>2020-01-21 Vilniaus miesto lietuvi\u0173 kalbos ir literat\u016bros olimpiada Gimnazijoje vyko Vilniaus miesto lietuvi\u0173 kalbos ir literat\u016bros olimpiada 9-10 ir 11-12 klasi\u0173 mokiniams. Joje dalyvavo 79 mokiniai i\u0161 25 mokykl\u0173. M\u016bs\u0173 gimnazijai atstovavo Milda Baltu\u0161nikait\u0117 (ID), Rusn\u0117 Jankauskait\u0117 (IIB), Livija Jundulait\u0117 (IIIA) ir Meda Grigaityt\u0117 (IVA).<\/p>\n","protected":false},"author":1,"featured_media":0,"parent":0,"menu_order":0,"comment_status":"closed","ping_status":"closed","template":"","meta":{"footnotes":""},"class_list":["post-13203","page","type-page","status-publish","hentry"],"_links":{"self":[{"href":"http:\/\/www.basanaviciaus.vilnius.lm.lt\/index.php?rest_route=\/wp\/v2\/pages\/13203","targetHints":{"allow":["GET"]}}],"collection":[{"href":"http:\/\/www.basanaviciaus.vilnius.lm.lt\/index.php?rest_route=\/wp\/v2\/pages"}],"about":[{"href":"http:\/\/www.basanaviciaus.vilnius.lm.lt\/index.php?rest_route=\/wp\/v2\/types\/page"}],"author":[{"embeddable":true,"href":"http:\/\/www.basanaviciaus.vilnius.lm.lt\/index.php?rest_route=\/wp\/v2\/users\/1"}],"replies":[{"embeddable":true,"href":"http:\/\/www.basanaviciaus.vilnius.lm.lt\/index.php?rest_route=%2Fwp%2Fv2%2Fcomments&post=13203"}],"version-history":[{"count":1,"href":"http:\/\/www.basanaviciaus.vilnius.lm.lt\/index.php?rest_route=\/wp\/v2\/pages\/13203\/revisions"}],"predecessor-version":[{"id":13204,"href":"http:\/\/www.basanaviciaus.vilnius.lm.lt\/index.php?rest_route=\/wp\/v2\/pages\/13203\/revisions\/13204"}],"wp:attachment":[{"href":"http:\/\/www.basanaviciaus.vilnius.lm.lt\/index.php?rest_route=%2Fwp%2Fv2%2Fmedia&parent=13203"}],"curies":[{"name":"wp","href":"https:\/\/api.w.org\/{rel}","templated":true}]}}