{"id":13207,"date":"2020-01-30T11:46:38","date_gmt":"2020-01-30T09:46:38","guid":{"rendered":"http:\/\/www.basanaviciaus.vilnius.lm.lt\/?page_id=13207"},"modified":"2020-01-30T11:46:38","modified_gmt":"2020-01-30T09:46:38","slug":"prevencine-paskaita19-20","status":"publish","type":"page","link":"http:\/\/www.basanaviciaus.vilnius.lm.lt\/?page_id=13207","title":{"rendered":"Prevencin\u0117 paskaita&#8217;19-20"},"content":{"rendered":"\n<p><strong>2020-01-21<\/strong><\/p>\n\n\n\n<p><strong>Prevencin\u0117 paskaita<\/strong><\/p>\n\n\n\n<p>II klasi\u0173 gimnazistai dalyvavo susitikime su Vilniaus 2PK 1-ojo Veiklos skyriaus bendruomen\u0117s pareig\u016bne Diana Ponidzelskiene. Paskaitos \u201eAlkoholio prevencija\u201c metu pristatyta vaizdin\u0117 &#8211; informacin\u0117 med\u017eiaga apie vien\u0105 i\u0161 da\u017eniausiai vartojam\u0173 narkotik\u0173 \u2013 alkohol\u012f. Kai paaugliai vartoja alkohol\u012f, pakinta j\u0173 elgesys, sukeliamos neigiamos pasekm\u0117s sveikatai, socialiniam gyvenimui. <\/p>\n\n\n\n<figure class=\"wp-block-gallery columns-3 is-cropped wp-block-gallery-1 is-layout-flex wp-block-gallery-is-layout-flex\"><ul class=\"blocks-gallery-grid\"><li class=\"blocks-gallery-item\"><figure><img loading=\"lazy\" decoding=\"async\" width=\"1000\" height=\"422\" src=\"http:\/\/www.basanaviciaus.vilnius.lm.lt\/wp-content\/uploads\/2020\/01\/1-8-1000x422.jpg\" alt=\"\" data-id=\"13209\" data-full-url=\"http:\/\/www.basanaviciaus.vilnius.lm.lt\/wp-content\/uploads\/2020\/01\/1-8.jpg\" data-link=\"http:\/\/www.basanaviciaus.vilnius.lm.lt\/?attachment_id=13209\" class=\"wp-image-13209\"\/><\/figure><\/li><li class=\"blocks-gallery-item\"><figure><img loading=\"lazy\" decoding=\"async\" width=\"1000\" height=\"422\" src=\"http:\/\/www.basanaviciaus.vilnius.lm.lt\/wp-content\/uploads\/2020\/01\/2-3-1000x422.jpg\" alt=\"\" data-id=\"13210\" data-full-url=\"http:\/\/www.basanaviciaus.vilnius.lm.lt\/wp-content\/uploads\/2020\/01\/2-3.jpg\" data-link=\"http:\/\/www.basanaviciaus.vilnius.lm.lt\/?attachment_id=13210\" class=\"wp-image-13210\"\/><\/figure><\/li><li class=\"blocks-gallery-item\"><figure><img loading=\"lazy\" decoding=\"async\" width=\"1000\" height=\"422\" src=\"http:\/\/www.basanaviciaus.vilnius.lm.lt\/wp-content\/uploads\/2020\/01\/3-3-1000x422.jpg\" alt=\"\" data-id=\"13211\" data-full-url=\"http:\/\/www.basanaviciaus.vilnius.lm.lt\/wp-content\/uploads\/2020\/01\/3-3.jpg\" data-link=\"http:\/\/www.basanaviciaus.vilnius.lm.lt\/?attachment_id=13211\" class=\"wp-image-13211\"\/><\/figure><\/li><\/ul><\/figure>\n","protected":false},"excerpt":{"rendered":"<p>2020-01-21 Prevencin\u0117 paskaita II klasi\u0173 gimnazistai dalyvavo susitikime su Vilniaus 2PK 1-ojo Veiklos skyriaus bendruomen\u0117s pareig\u016bne Diana Ponidzelskiene. Paskaitos \u201eAlkoholio prevencija\u201c metu pristatyta vaizdin\u0117 &#8211; informacin\u0117 med\u017eiaga apie vien\u0105 i\u0161 da\u017eniausiai vartojam\u0173 narkotik\u0173 \u2013 alkohol\u012f. Kai paaugliai vartoja alkohol\u012f, pakinta j\u0173 elgesys, sukeliamos neigiamos pasekm\u0117s sveikatai, socialiniam gyvenimui.<\/p>\n","protected":false},"author":1,"featured_media":0,"parent":0,"menu_order":0,"comment_status":"closed","ping_status":"closed","template":"","meta":{"footnotes":""},"class_list":["post-13207","page","type-page","status-publish","hentry"],"_links":{"self":[{"href":"http:\/\/www.basanaviciaus.vilnius.lm.lt\/index.php?rest_route=\/wp\/v2\/pages\/13207","targetHints":{"allow":["GET"]}}],"collection":[{"href":"http:\/\/www.basanaviciaus.vilnius.lm.lt\/index.php?rest_route=\/wp\/v2\/pages"}],"about":[{"href":"http:\/\/www.basanaviciaus.vilnius.lm.lt\/index.php?rest_route=\/wp\/v2\/types\/page"}],"author":[{"embeddable":true,"href":"http:\/\/www.basanaviciaus.vilnius.lm.lt\/index.php?rest_route=\/wp\/v2\/users\/1"}],"replies":[{"embeddable":true,"href":"http:\/\/www.basanaviciaus.vilnius.lm.lt\/index.php?rest_route=%2Fwp%2Fv2%2Fcomments&post=13207"}],"version-history":[{"count":2,"href":"http:\/\/www.basanaviciaus.vilnius.lm.lt\/index.php?rest_route=\/wp\/v2\/pages\/13207\/revisions"}],"predecessor-version":[{"id":13212,"href":"http:\/\/www.basanaviciaus.vilnius.lm.lt\/index.php?rest_route=\/wp\/v2\/pages\/13207\/revisions\/13212"}],"wp:attachment":[{"href":"http:\/\/www.basanaviciaus.vilnius.lm.lt\/index.php?rest_route=%2Fwp%2Fv2%2Fmedia&parent=13207"}],"curies":[{"name":"wp","href":"https:\/\/api.w.org\/{rel}","templated":true}]}}