{"id":173,"date":"2013-01-30T20:17:25","date_gmt":"2013-01-30T18:17:25","guid":{"rendered":"http:\/\/www2086.vu.lt\/?page_id=173"},"modified":"2025-08-26T14:26:58","modified_gmt":"2025-08-26T11:26:58","slug":"gimnazijos-taryba","status":"publish","type":"page","link":"http:\/\/www.basanaviciaus.vilnius.lm.lt\/?page_id=173","title":{"rendered":"Gimnazijos taryba"},"content":{"rendered":"<div data-colibri-id=\"173-c1\" class=\"style-5518 style-local-173-c1 position-relative\">\n  <!---->\n  <div data-colibri-component=\"section\" data-colibri-id=\"173-c2\" id=\"initial-content\" class=\"h-section h-section-global-spacing d-flex align-items-lg-center align-items-md-center align-items-center style-5519 style-local-173-c2 position-relative\">\n    <!---->\n    <!---->\n    <div class=\"h-section-grid-container h-section-boxed-container\">\n      <!---->\n      <div data-colibri-id=\"173-c3\" class=\"h-row-container gutters-row-lg-2 gutters-row-md-2 gutters-row-0 gutters-row-v-lg-2 gutters-row-v-md-2 gutters-row-v-2 style-5520 style-local-173-c3 position-relative\">\n        <!---->\n        <div class=\"h-row justify-content-lg-center justify-content-md-center justify-content-center align-items-lg-stretch align-items-md-stretch align-items-stretch gutters-col-lg-2 gutters-col-md-2 gutters-col-0 gutters-col-v-lg-2 gutters-col-v-md-2 gutters-col-v-2\">\n          <!---->\n          <div class=\"h-column h-column-container d-flex h-col-lg-auto h-col-md-auto h-col-auto style-5521-outer style-local-173-c4-outer\">\n            <div data-colibri-id=\"173-c4\" class=\"d-flex h-flex-basis h-column__inner h-px-lg-2 h-px-md-2 h-px-2 v-inner-lg-2 v-inner-md-2 v-inner-2 style-5521 style-local-173-c4 position-relative\">\n              <!---->\n              <!---->\n              <div class=\"w-100 h-y-container h-column__content h-column__v-align flex-basis-100 align-self-lg-start align-self-md-start align-self-start\">\n                <!---->\n                <div data-colibri-id=\"173-c5\" class=\"h-global-transition-all h-heading style-5523 style-local-173-c5 position-relative h-element\">\n                  <!---->\n                  <div class=\"h-heading__outer style-5523 style-local-173-c5\">\n                    <!---->\n                    <!---->\n                    <h6 class=\"\">2024 &#8211; 2025 m. m.\n                      <br>Jeigu turite klausim\u0173 ar pasi\u016blym\u0173 Gimnazijos tarybai, maloniai pra\u0161ome kreiptis tel. +37068484880<\/h6>\n                  <\/div>\n                <\/div>\n              <\/div>\n            <\/div>\n          <\/div>\n        <\/div>\n      <\/div>\n    <\/div>\n  <\/div>\n  <div data-colibri-component=\"section\" data-colibri-id=\"173-c6\" id=\"custom\" class=\"h-section h-section-global-spacing d-flex align-items-lg-center align-items-md-center align-items-center style-5524 style-local-173-c6 position-relative\">\n    <!---->\n    <!---->\n    <div class=\"h-section-grid-container h-section-boxed-container\">\n      <!---->\n      <div data-colibri-id=\"173-c7\" class=\"h-row-container gutters-row-lg-2 gutters-row-md-2 gutters-row-0 gutters-row-v-lg-2 gutters-row-v-md-2 gutters-row-v-2 style-5525 style-local-173-c7 position-relative\">\n        <!---->\n        <div class=\"h-row justify-content-lg-center justify-content-md-center justify-content-center align-items-lg-stretch align-items-md-stretch align-items-stretch gutters-col-lg-2 gutters-col-md-2 gutters-col-0 gutters-col-v-lg-2 gutters-col-v-md-2 gutters-col-v-2\">\n          <!---->\n          <div class=\"h-column h-column-container d-flex h-col-lg-auto h-col-md-auto h-col-auto style-5526-outer style-local-173-c8-outer\">\n            <div data-colibri-id=\"173-c8\" class=\"d-flex h-flex-basis h-column__inner h-px-lg-2 h-px-md-2 h-px-2 v-inner-lg-2 v-inner-md-2 v-inner-2 style-5526 style-local-173-c8 position-relative\">\n              <!---->\n              <!---->\n              <div class=\"w-100 h-y-container h-column__content h-column__v-align flex-basis-100 align-self-lg-start align-self-md-start align-self-start\">\n                <!---->\n                <div data-colibri-id=\"173-c9\" class=\"h-global-transition-all h-heading style-5530 style-local-173-c9 position-relative h-element\">\n                  <!---->\n                  <div class=\"h-heading__outer style-5530 style-local-173-c9\">\n                    <!---->\n                    <!---->\n                    <h4 class=\"\">T\u0117vai<\/h4>\n                  <\/div>\n                <\/div>\n                <div data-colibri-id=\"173-c10\" class=\"h-text h-text-component style-5534 style-local-173-c10 position-relative h-element\">\n                  <!---->\n                  <!---->\n                  <div class=\"\">\n                    <p>Elvyra Ma\u017eukaitien\u0117<\/p>\n                    <p>Ram\u016bnas Markovas<\/p>\n                    <p>Kristina Serapinien\u0117<\/p>\n                  <\/div>\n                <\/div>\n              <\/div>\n            <\/div>\n          <\/div>\n          <div class=\"h-column h-column-container d-flex h-col-lg-auto h-col-md-auto h-col-auto style-5527-outer style-local-173-c11-outer\">\n            <div data-colibri-id=\"173-c11\" class=\"d-flex h-flex-basis h-column__inner h-px-lg-2 h-px-md-2 h-px-2 v-inner-lg-2 v-inner-md-2 v-inner-2 style-5527 style-local-173-c11 position-relative\">\n              <!---->\n              <!---->\n              <div class=\"w-100 h-y-container h-column__content h-column__v-align flex-basis-100 align-self-lg-start align-self-md-start align-self-start\">\n                <!---->\n                <div data-colibri-id=\"173-c12\" class=\"h-global-transition-all h-heading style-5531 style-local-173-c12 position-relative h-element\">\n                  <!---->\n                  <div class=\"h-heading__outer style-5531 style-local-173-c12\">\n                    <!---->\n                    <!---->\n                    <h4 class=\"\">Mokytojai<\/h4>\n                  <\/div>\n                <\/div>\n                <div data-colibri-id=\"173-c13\" class=\"h-text h-text-component style-5535 style-local-173-c13 position-relative h-element\">\n                  <!---->\n                  <!---->\n                  <div class=\"\">\n                    <p>J\u016brat\u0117 Po\u0161kait\u0117-Genien\u0117<\/p>\n                    <p>Au\u0161ra Pa\u010dkauskien\u0117<\/p>\n                    <p>Nijol\u0117 Pilipavi\u010dien\u0117<\/p>\n                  <\/div>\n                <\/div>\n              <\/div>\n            <\/div>\n          <\/div>\n          <div class=\"h-column h-column-container d-flex h-col-lg-auto h-col-md-auto h-col-auto style-5528-outer style-local-173-c14-outer\">\n            <div data-colibri-id=\"173-c14\" class=\"d-flex h-flex-basis h-column__inner h-px-lg-2 h-px-md-2 h-px-2 v-inner-lg-2 v-inner-md-2 v-inner-2 style-5528 style-local-173-c14 position-relative\">\n              <!---->\n              <!---->\n              <div class=\"w-100 h-y-container h-column__content h-column__v-align flex-basis-100 align-self-lg-start align-self-md-start align-self-start\">\n                <!---->\n                <div data-colibri-id=\"173-c15\" class=\"h-global-transition-all h-heading style-5532 style-local-173-c15 position-relative h-element\">\n                  <!---->\n                  <div class=\"h-heading__outer style-5532 style-local-173-c15\">\n                    <!---->\n                    <!---->\n                    <h4 class=\"\">Mokiniai<\/h4>\n                  <\/div>\n                <\/div>\n                <div data-colibri-id=\"173-c16\" class=\"h-text h-text-component style-5536 style-local-173-c16 position-relative h-element\">\n                  <!---->\n                  <!---->\n                  <div class=\"\">\n                    <p>Danielius ZaborovskisIVC<\/p>\n                    <p>Auks\u0117 Bernotait\u0117IIG<\/p>\n                    <p>Benas Dirs\u0117IF<\/p>\n                  <\/div>\n                <\/div>\n              <\/div>\n            <\/div>\n          <\/div>\n          <div class=\"h-column h-column-container d-flex h-col-lg-auto h-col-md-auto h-col-auto style-5529-outer style-local-173-c17-outer\">\n            <div data-colibri-id=\"173-c17\" class=\"d-flex h-flex-basis h-column__inner h-px-lg-2 h-px-md-2 h-px-2 v-inner-lg-2 v-inner-md-2 v-inner-2 style-5529 style-local-173-c17 position-relative\">\n              <!---->\n              <!---->\n              <div class=\"w-100 h-y-container h-column__content h-column__v-align flex-basis-100 align-self-lg-start align-self-md-start align-self-start\">\n                <!---->\n                <div data-colibri-id=\"173-c18\" class=\"h-global-transition-all h-heading style-5533 style-local-173-c18 position-relative h-element\">\n                  <!---->\n                  <div class=\"h-heading__outer style-5533 style-local-173-c18\">\n                    <!---->\n                    <!---->\n                    <h4 class=\"\">Deleguoti atstovai<\/h4>\n                  <\/div>\n                <\/div>\n                <div data-colibri-id=\"173-c19\" class=\"h-text h-text-component style-5537 style-local-173-c19 position-relative h-element\">\n                  <!---->\n                  <!---->\n                  <div class=\"\">\n                    <p>Kestutis Mitkus\n                      <br>(Vilkped\u0117s seni\u016bnija)<\/p>\n                  <\/div>\n                <\/div>\n              <\/div>\n            <\/div>\n          <\/div>\n        <\/div>\n      <\/div>\n    <\/div>\n  <\/div>\n<\/div>","protected":false},"excerpt":{"rendered":"<p>2024 &#8211; 2025 m. m. Jeigu turite klausim\u0173 ar pasi\u016blym\u0173 Gimnazijos tarybai, maloniai pra\u0161ome kreiptis tel. +37068484880 T\u0117vai Elvyra Ma\u017eukaitien\u0117 Ram\u016bnas Markovas Kristina Serapinien\u0117 Mokytojai J\u016brat\u0117 Po\u0161kait\u0117-Genien\u0117 Au\u0161ra Pa\u010dkauskien\u0117 Nijol\u0117 Pilipavi\u010dien\u0117 Mokiniai Danielius ZaborovskisIVC Auks\u0117 Bernotait\u0117IIG Benas Dirs\u0117IF Deleguoti atstovai Kestutis Mitkus (Vilkped\u0117s seni\u016bnija)<\/p>\n","protected":false},"author":1,"featured_media":0,"parent":13,"menu_order":0,"comment_status":"closed","ping_status":"closed","template":"page-templates\/full-width-page.php","meta":{"footnotes":""},"class_list":["post-173","page","type-page","status-publish","hentry"],"_links":{"self":[{"href":"http:\/\/www.basanaviciaus.vilnius.lm.lt\/index.php?rest_route=\/wp\/v2\/pages\/173","targetHints":{"allow":["GET"]}}],"collection":[{"href":"http:\/\/www.basanaviciaus.vilnius.lm.lt\/index.php?rest_route=\/wp\/v2\/pages"}],"about":[{"href":"http:\/\/www.basanaviciaus.vilnius.lm.lt\/index.php?rest_route=\/wp\/v2\/types\/page"}],"author":[{"embeddable":true,"href":"http:\/\/www.basanaviciaus.vilnius.lm.lt\/index.php?rest_route=\/wp\/v2\/users\/1"}],"replies":[{"embeddable":true,"href":"http:\/\/www.basanaviciaus.vilnius.lm.lt\/index.php?rest_route=%2Fwp%2Fv2%2Fcomments&post=173"}],"version-history":[{"count":20,"href":"http:\/\/www.basanaviciaus.vilnius.lm.lt\/index.php?rest_route=\/wp\/v2\/pages\/173\/revisions"}],"predecessor-version":[{"id":31390,"href":"http:\/\/www.basanaviciaus.vilnius.lm.lt\/index.php?rest_route=\/wp\/v2\/pages\/173\/revisions\/31390"}],"up":[{"embeddable":true,"href":"http:\/\/www.basanaviciaus.vilnius.lm.lt\/index.php?rest_route=\/wp\/v2\/pages\/13"}],"wp:attachment":[{"href":"http:\/\/www.basanaviciaus.vilnius.lm.lt\/index.php?rest_route=%2Fwp%2Fv2%2Fmedia&parent=173"}],"curies":[{"name":"wp","href":"https:\/\/api.w.org\/{rel}","templated":true}]}}