{"id":17585,"date":"2020-11-18T21:22:39","date_gmt":"2020-11-18T19:22:39","guid":{"rendered":"http:\/\/www.basanaviciaus.vilnius.lm.lt\/?page_id=17585"},"modified":"2020-11-18T22:30:03","modified_gmt":"2020-11-18T20:30:03","slug":"projektas-mokyklu-aprupinimas-gamtos-ir-technologiniu-mokslu-priemonemis","status":"publish","type":"page","link":"http:\/\/www.basanaviciaus.vilnius.lm.lt\/?page_id=17585","title":{"rendered":"Projektas ,,Mokykl\u0173 apr\u016bpinimas gamtos ir technologini\u0173 moksl\u0173 priemon\u0117mis\u201c\u00a0"},"content":{"rendered":"<div data-colibri-id=\"17585-c1\" class=\"style-1693 style-local-17585-c1 position-relative\">\n  <!---->\n  <div data-colibri-component=\"section\" data-colibri-id=\"17585-c6\" id=\"custom\" class=\"h-section h-section-global-spacing d-flex align-items-lg-center align-items-md-center align-items-center style-1698 style-local-17585-c6 position-relative\">\n    <!---->\n    <!---->\n    <div class=\"h-section-grid-container h-section-boxed-container\">\n      <!---->\n      <div data-colibri-id=\"17585-c7\" class=\"h-row-container gutters-row-lg-2 gutters-row-md-2 gutters-row-0 gutters-row-v-lg-2 gutters-row-v-md-2 gutters-row-v-2 style-1699 style-local-17585-c7 position-relative\">\n        <!---->\n        <div class=\"h-row justify-content-lg-center justify-content-md-center justify-content-center align-items-lg-stretch align-items-md-stretch align-items-stretch gutters-col-lg-2 gutters-col-md-2 gutters-col-0 gutters-col-v-lg-2 gutters-col-v-md-2 gutters-col-v-2\">\n          <!---->\n          <div class=\"h-column h-column-container d-flex h-col-lg-auto h-col-md-auto h-col-auto style-1700-outer style-local-17585-c8-outer\">\n            <div data-colibri-id=\"17585-c8\" class=\"d-flex h-flex-basis h-column__inner h-px-lg-2 h-px-md-2 h-px-2 v-inner-lg-2 v-inner-md-2 v-inner-2 style-1700 style-local-17585-c8 position-relative\">\n              <!---->\n              <!---->\n              <div class=\"w-100 h-y-container h-column__content h-column__v-align flex-basis-100 align-self-lg-start align-self-md-start align-self-start\">\n                <!---->\n                <div data-colibri-id=\"17585-c11\" class=\"d-block style-1703 style-local-17585-c11 position-relative h-element\">\n                  <!---->\n                  <div class=\"h-image__frame-container-outer\">\n                    <div class=\"h-image__frame-container\">\n                      <!---->\n                      <!---->\n                      <img loading=\"lazy\" decoding=\"async\" width=\"2363\" height=\"1182\" src=\"http:\/\/www.basanaviciaus.vilnius.lm.lt\/wp-content\/uploads\/2020\/09\/cropped-cropped-cropped-cropped-cropped-cropped-cropped-ESFIVP-I-1-3.jpg\" class=\"wp-image-17645 style-1703-image style-local-17585-c11-image\" alt=\"\" srcset=\"http:\/\/www.basanaviciaus.vilnius.lm.lt\/wp-content\/uploads\/2020\/09\/cropped-cropped-cropped-cropped-cropped-cropped-cropped-ESFIVP-I-1-3.jpg 2363w, http:\/\/www.basanaviciaus.vilnius.lm.lt\/wp-content\/uploads\/2020\/09\/cropped-cropped-cropped-cropped-cropped-cropped-cropped-ESFIVP-I-1-3-300x150.jpg 300w, http:\/\/www.basanaviciaus.vilnius.lm.lt\/wp-content\/uploads\/2020\/09\/cropped-cropped-cropped-cropped-cropped-cropped-cropped-ESFIVP-I-1-3-768x384.jpg 768w, http:\/\/www.basanaviciaus.vilnius.lm.lt\/wp-content\/uploads\/2020\/09\/cropped-cropped-cropped-cropped-cropped-cropped-cropped-ESFIVP-I-1-3-1536x768.jpg 1536w, http:\/\/www.basanaviciaus.vilnius.lm.lt\/wp-content\/uploads\/2020\/09\/cropped-cropped-cropped-cropped-cropped-cropped-cropped-ESFIVP-I-1-3-2048x1024.jpg 2048w\" sizes=\"auto, (max-width: 2363px) 100vw, 2363px\" \/>\n                      <div class=\"h-image__frame h-hide-lg h-hide-md h-hide-sm style-1703-frameImage style-local-17585-c11-frameImage\"><\/div>\n                    <\/div>\n                  <\/div>\n                <\/div>\n              <\/div>\n            <\/div>\n          <\/div>\n          <div class=\"h-column h-column-container d-flex h-col-lg-auto h-col-md-auto h-col-auto style-1701-outer style-local-17585-c9-outer\">\n            <div data-colibri-id=\"17585-c9\" class=\"d-flex h-flex-basis h-column__inner h-px-lg-2 h-px-md-2 h-px-2 v-inner-lg-2 v-inner-md-2 v-inner-2 style-1701 style-local-17585-c9 position-relative\">\n              <!---->\n              <!---->\n              <div class=\"w-100 h-y-container h-column__content h-column__v-align flex-basis-100 align-self-lg-start align-self-md-start align-self-start\">\n                <!---->\n                <div data-colibri-id=\"17585-c12\" class=\"d-block style-1704 style-local-17585-c12 position-relative h-element\">\n                  <!---->\n                  <div class=\"h-image__frame-container-outer\">\n                    <div class=\"h-image__frame-container\">\n                      <!---->\n                      <!---->\n                      <img loading=\"lazy\" decoding=\"async\" width=\"512\" height=\"201\" src=\"http:\/\/www.basanaviciaus.vilnius.lm.lt\/wp-content\/uploads\/2020\/11\/cropped-cropped-cropped-126300398_1572509852957851_4436249187437501657_n.png\" class=\"wp-image-17646 style-1704-image style-local-17585-c12-image\" alt=\"\" srcset=\"http:\/\/www.basanaviciaus.vilnius.lm.lt\/wp-content\/uploads\/2020\/11\/cropped-cropped-cropped-126300398_1572509852957851_4436249187437501657_n.png 512w, http:\/\/www.basanaviciaus.vilnius.lm.lt\/wp-content\/uploads\/2020\/11\/cropped-cropped-cropped-126300398_1572509852957851_4436249187437501657_n-300x118.png 300w\" sizes=\"auto, (max-width: 512px) 100vw, 512px\" \/>\n                      <div class=\"h-image__frame h-hide-lg h-hide-md h-hide-sm style-1704-frameImage style-local-17585-c12-frameImage\"><\/div>\n                    <\/div>\n                  <\/div>\n                <\/div>\n              <\/div>\n            <\/div>\n          <\/div>\n          <div class=\"h-column h-column-container d-flex h-col-lg-auto h-col-md-auto h-col-auto style-1702-outer style-local-17585-c10-outer\">\n            <div data-colibri-id=\"17585-c10\" class=\"d-flex h-flex-basis h-column__inner h-px-lg-2 h-px-md-2 h-px-2 v-inner-lg-2 v-inner-md-2 v-inner-2 style-1702 style-local-17585-c10 position-relative\">\n              <!---->\n              <!---->\n              <div class=\"w-100 h-y-container h-column__content h-column__v-align flex-basis-100 align-self-lg-start align-self-md-start align-self-start\">\n                <!---->\n                <div data-colibri-id=\"17585-c13\" class=\"d-block style-1705 style-local-17585-c13 position-relative h-element\">\n                  <!---->\n                  <div class=\"h-image__frame-container-outer\">\n                    <div class=\"h-image__frame-container\">\n                      <!---->\n                      <!---->\n                      <img loading=\"lazy\" decoding=\"async\" width=\"574\" height=\"199\" src=\"http:\/\/www.basanaviciaus.vilnius.lm.lt\/wp-content\/uploads\/2020\/11\/cropped-cropped-cropped-14789.png\" class=\"wp-image-17647 style-1705-image style-local-17585-c13-image\" alt=\"\" srcset=\"http:\/\/www.basanaviciaus.vilnius.lm.lt\/wp-content\/uploads\/2020\/11\/cropped-cropped-cropped-14789.png 574w, http:\/\/www.basanaviciaus.vilnius.lm.lt\/wp-content\/uploads\/2020\/11\/cropped-cropped-cropped-14789-300x104.png 300w\" sizes=\"auto, (max-width: 574px) 100vw, 574px\" \/>\n                      <div class=\"h-image__frame h-hide-lg h-hide-md h-hide-sm style-1705-frameImage style-local-17585-c13-frameImage\"><\/div>\n                    <\/div>\n                  <\/div>\n                <\/div>\n              <\/div>\n            <\/div>\n          <\/div>\n        <\/div>\n      <\/div>\n    <\/div>\n  <\/div>\n  <div data-colibri-component=\"section\" data-colibri-id=\"17585-c14\" id=\"custom-2\" class=\"h-section h-section-global-spacing d-flex align-items-lg-center align-items-md-center align-items-center style-1706 style-local-17585-c14 position-relative\">\n    <!---->\n    <!---->\n    <div class=\"h-section-grid-container h-section-boxed-container\">\n      <!---->\n      <div data-colibri-id=\"17585-c15\" class=\"h-row-container gutters-row-lg-2 gutters-row-md-2 gutters-row-0 gutters-row-v-lg-2 gutters-row-v-md-2 gutters-row-v-2 style-1707 style-local-17585-c15 position-relative\">\n        <!---->\n        <div class=\"h-row justify-content-lg-center justify-content-md-center justify-content-center align-items-lg-stretch align-items-md-stretch align-items-stretch gutters-col-lg-2 gutters-col-md-2 gutters-col-0 gutters-col-v-lg-2 gutters-col-v-md-2 gutters-col-v-2\">\n          <!---->\n          <div class=\"h-column h-column-container d-flex h-col-lg-auto h-col-md-auto h-col-auto style-1708-outer style-local-17585-c16-outer\">\n            <div data-colibri-id=\"17585-c16\" class=\"d-flex h-flex-basis h-column__inner h-px-lg-1 h-px-md-1 h-px-1 v-inner-lg-1 v-inner-md-1 v-inner-1 style-1708 style-local-17585-c16 position-relative\">\n              <!---->\n              <!---->\n              <div class=\"w-100 h-y-container h-column__content h-column__v-align flex-basis-100 align-self-lg-start align-self-md-start align-self-start\">\n                <!---->\n                <div data-colibri-id=\"17585-c17\" class=\"h-text h-text-component style-1709 style-local-17585-c17 position-relative h-element\">\n                  <!---->\n                  <!---->\n                  <div class=\"\">\n                    <p><strong>Projektas ,,Mokykl\u0173 apr\u016bpinimas gamtos ir technologini\u0173 moksl\u0173 priemon\u0117mis\u201c&nbsp;<\/strong>&nbsp;Projekto kodas Nr. 09.1.3-CPVA-V-704-02-0001<\/p>\n                    <p><strong>Projekto tikslas<\/strong>&nbsp;\u2013 didinti bendrojo ugdymo \u012fstaig\u0173 tinklo veiklos efektyvum\u0105.<\/p>\n                    <p><strong>Projekto u\u017edavinys<\/strong>&nbsp;\u2013 modernizuoti gamtos ir technologini\u0173 moksl\u0173 mokymo(si) aplink\u0105.<\/p>\n                    <p><strong>Projekto partneriai:<\/strong>&nbsp;visos \u0161alies savivaldyb\u0117s, kuri\u0173 tarybos yra mokykl\u0173 steig\u0117jai; valstybin\u0117s mokyklos. Projekto \u012fgyvendinimo metu vykdomos \u0161ios veiklos:gamtos ir technologini\u0173 moksl\u0173 mokymo priemoni\u0173 ir \u012frangos\n                      \u012fsigijimas;gamtos ir technologini\u0173 moksl\u0173 mokymui \u012fsigyt\u0173 mokymo priemoni\u0173 ir \u012frangos panaudojimo ugdymo procese metodik\u0173 parengimas.<\/p>\n                    <p>\n                      <a href=\"https:\/\/www.nsa.smm.lt\/ugdymo-turinio-departamentas\/projektai\/projektas-mokyklu-aprupinimas-gamtos-ir-technologiniu-mokslu-priemonemis-nr-09-1-3-cpva-v-704-02-0001\" style=\"color: rgb(40, 141, 243); font-size: 1em; font-weight: 400; font-family: &quot;Nunito Sans&quot;;\"\n                        class=\"customize-unpreviewable\">Informacij\u0105 apie projekt\u0105 galima rasti\u2026<\/a>&nbsp;<\/p>\n                    <p>Projekto metu gimnazijoje kuriamos ir ple\u010diamos:<\/p>\n                    <p>&nbsp; &nbsp; &nbsp; &nbsp; &nbsp; &nbsp; &nbsp; &nbsp;1.\n                      <a href=\"http:\/\/www.basanaviciaus.vilnius.lm.lt?page_id=16484\" style=\"color: rgb(40, 141, 243); font-size: 1em; font-weight: 400; font-family: &quot;Nunito Sans&quot;;\"> \u0160iuolaiki\u0161ka gamtos moksl\u0173 laboratorija<\/a>\n                    <\/p>\n                    <p>&nbsp; &nbsp; &nbsp; &nbsp; &nbsp; &nbsp; &nbsp; &nbsp;2.\n                      <a href=\"http:\/\/www.basanaviciaus.vilnius.lm.lt?page_id=12535\" style=\"color: rgb(40, 141, 243); font-size: 1em; font-weight: 400; font-family: &quot;Nunito Sans&quot;;\"> Atviros technin\u0117s k\u016brybin\u0117s dirbtuv\u0117s FabLab<\/a>\n                    <\/p>\n                    <p>\n                      <br>\n                    <\/p>\n                  <\/div>\n                <\/div>\n              <\/div>\n            <\/div>\n          <\/div>\n        <\/div>\n      <\/div>\n    <\/div>\n  <\/div>\n<\/div>","protected":false},"excerpt":{"rendered":"<p>Projektas ,,Mokykl\u0173 apr\u016bpinimas gamtos ir technologini\u0173 moksl\u0173 priemon\u0117mis\u201c&nbsp;&nbsp;Projekto kodas Nr. 09.1.3-CPVA-V-704-02-0001 Projekto tikslas&nbsp;\u2013 didinti bendrojo ugdymo \u012fstaig\u0173 tinklo veiklos efektyvum\u0105. Projekto u\u017edavinys&nbsp;\u2013 modernizuoti gamtos ir technologini\u0173 moksl\u0173 mokymo(si) aplink\u0105. Projekto partneriai:&nbsp;visos \u0161alies savivaldyb\u0117s, kuri\u0173 tarybos yra mokykl\u0173 steig\u0117jai; valstybin\u0117s mokyklos. Projekto \u012fgyvendinimo metu vykdomos \u0161ios veiklos:gamtos ir technologini\u0173 moksl\u0173 mokymo priemoni\u0173 ir \u012frangos \u012fsigijimas;gamtos ir [&hellip;]<\/p>\n","protected":false},"author":1,"featured_media":0,"parent":190,"menu_order":0,"comment_status":"closed","ping_status":"closed","template":"page-templates\/full-width-page.php","meta":{"footnotes":""},"class_list":["post-17585","page","type-page","status-publish","hentry"],"_links":{"self":[{"href":"http:\/\/www.basanaviciaus.vilnius.lm.lt\/index.php?rest_route=\/wp\/v2\/pages\/17585","targetHints":{"allow":["GET"]}}],"collection":[{"href":"http:\/\/www.basanaviciaus.vilnius.lm.lt\/index.php?rest_route=\/wp\/v2\/pages"}],"about":[{"href":"http:\/\/www.basanaviciaus.vilnius.lm.lt\/index.php?rest_route=\/wp\/v2\/types\/page"}],"author":[{"embeddable":true,"href":"http:\/\/www.basanaviciaus.vilnius.lm.lt\/index.php?rest_route=\/wp\/v2\/users\/1"}],"replies":[{"embeddable":true,"href":"http:\/\/www.basanaviciaus.vilnius.lm.lt\/index.php?rest_route=%2Fwp%2Fv2%2Fcomments&post=17585"}],"version-history":[{"count":14,"href":"http:\/\/www.basanaviciaus.vilnius.lm.lt\/index.php?rest_route=\/wp\/v2\/pages\/17585\/revisions"}],"predecessor-version":[{"id":17672,"href":"http:\/\/www.basanaviciaus.vilnius.lm.lt\/index.php?rest_route=\/wp\/v2\/pages\/17585\/revisions\/17672"}],"up":[{"embeddable":true,"href":"http:\/\/www.basanaviciaus.vilnius.lm.lt\/index.php?rest_route=\/wp\/v2\/pages\/190"}],"wp:attachment":[{"href":"http:\/\/www.basanaviciaus.vilnius.lm.lt\/index.php?rest_route=%2Fwp%2Fv2%2Fmedia&parent=17585"}],"curies":[{"name":"wp","href":"https:\/\/api.w.org\/{rel}","templated":true}]}}