{"id":184,"date":"2013-01-30T20:50:43","date_gmt":"2013-01-30T18:50:43","guid":{"rendered":"http:\/\/www2086.vu.lt\/?page_id=184"},"modified":"2025-10-20T14:30:59","modified_gmt":"2025-10-20T11:30:59","slug":"neformalus-ygdymas","status":"publish","type":"page","link":"http:\/\/www.basanaviciaus.vilnius.lm.lt\/?page_id=184","title":{"rendered":"Neformalus \u0161vietimas"},"content":{"rendered":"<h3><span style=\"color: #696969;\"><span style=\"font-size: 14px;\"><span style=\"font-family: times new roman,times,serif;\">Neformaliojo vaik\u0173 \u0161vietimo paskirtis\u00a0\u2013 tenkinti mokini\u0173 pa\u017einimo, lavinimosi ir savirai\u0161kos poreikius, pad\u0117ti jiems tapti aktyviais visuomen\u0117s nariais.<\/span><\/span><\/span><\/h3>\n<h6 style=\"text-align: right;\"><span style=\"font-size: 14px;\"><span style=\"font-family: times new roman,times,serif;\"><span style=\"color: #696969;\">Atnaujinta 2024 &#8211; 2025 m. m.<\/span><\/span><\/span><\/h6>\n<p><span style=\"font-size: 14px;\"><span style=\"font-family: times new roman,times,serif;\"><a style=\"line-height: 1.6em;\" href=\"http:\/\/www2086.vu.lt\/?page_id=190\">Projektai<\/a><\/span><\/span><\/p>\n\n<a href=\"http:\/\/www.basanaviciaus.vilnius.lm.lt\/wp-content\/uploads\/2025\/10\/neformalus-\u0161vietimas-2025-2026-1.pdf\" class=\"pdfemb-viewer\" style=\"\" data-width=\"max\" data-height=\"max\"  data-toolbar=\"bottom\" data-toolbar-fixed=\"off\">neformalus-\u0161vietimas-2025-2026-1<br\/><\/a>\n<p class=\"wp-block-pdfemb-pdf-embedder-viewer\"><\/p>\n","protected":false},"excerpt":{"rendered":"<p>Neformaliojo vaik\u0173 \u0161vietimo paskirtis\u00a0\u2013 tenkinti mokini\u0173 pa\u017einimo, lavinimosi ir savirai\u0161kos poreikius, pad\u0117ti jiems tapti aktyviais visuomen\u0117s nariais. Atnaujinta 2024 &#8211; 2025 m. m. Projektai<\/p>\n","protected":false},"author":1,"featured_media":0,"parent":0,"menu_order":0,"comment_status":"closed","ping_status":"closed","template":"","meta":{"footnotes":""},"class_list":["post-184","page","type-page","status-publish","hentry"],"_links":{"self":[{"href":"http:\/\/www.basanaviciaus.vilnius.lm.lt\/index.php?rest_route=\/wp\/v2\/pages\/184","targetHints":{"allow":["GET"]}}],"collection":[{"href":"http:\/\/www.basanaviciaus.vilnius.lm.lt\/index.php?rest_route=\/wp\/v2\/pages"}],"about":[{"href":"http:\/\/www.basanaviciaus.vilnius.lm.lt\/index.php?rest_route=\/wp\/v2\/types\/page"}],"author":[{"embeddable":true,"href":"http:\/\/www.basanaviciaus.vilnius.lm.lt\/index.php?rest_route=\/wp\/v2\/users\/1"}],"replies":[{"embeddable":true,"href":"http:\/\/www.basanaviciaus.vilnius.lm.lt\/index.php?rest_route=%2Fwp%2Fv2%2Fcomments&post=184"}],"version-history":[{"count":37,"href":"http:\/\/www.basanaviciaus.vilnius.lm.lt\/index.php?rest_route=\/wp\/v2\/pages\/184\/revisions"}],"predecessor-version":[{"id":31789,"href":"http:\/\/www.basanaviciaus.vilnius.lm.lt\/index.php?rest_route=\/wp\/v2\/pages\/184\/revisions\/31789"}],"wp:attachment":[{"href":"http:\/\/www.basanaviciaus.vilnius.lm.lt\/index.php?rest_route=%2Fwp%2Fv2%2Fmedia&parent=184"}],"curies":[{"name":"wp","href":"https:\/\/api.w.org\/{rel}","templated":true}]}}