{"id":18486,"date":"2021-01-27T10:50:35","date_gmt":"2021-01-27T08:50:35","guid":{"rendered":"http:\/\/www.basanaviciaus.vilnius.lm.lt\/?page_id=18486"},"modified":"2021-01-27T11:31:39","modified_gmt":"2021-01-27T09:31:39","slug":"asmens-duomenu-apsauga","status":"publish","type":"page","link":"http:\/\/www.basanaviciaus.vilnius.lm.lt\/?page_id=18486","title":{"rendered":"Asmens duomen\u0173 apsauga"},"content":{"rendered":"<div data-colibri-id=\"18486-c1\" class=\"style-2094 style-local-18486-c1 position-relative\">\n  <!---->\n  <div data-colibri-component=\"section\" data-colibri-id=\"18486-c2\" id=\"custom\" class=\"h-section h-section-global-spacing d-flex align-items-lg-center align-items-md-center align-items-center style-2095 style-local-18486-c2 position-relative\">\n    <!---->\n    <!---->\n    <div class=\"h-section-grid-container h-section-boxed-container\">\n      <!---->\n      <div data-colibri-id=\"18486-c3\" class=\"h-row-container gutters-row-lg-2 gutters-row-md-2 gutters-row-0 gutters-row-v-lg-2 gutters-row-v-md-2 gutters-row-v-2 style-2096 style-local-18486-c3 position-relative\">\n        <!---->\n        <div class=\"h-row justify-content-lg-center justify-content-md-center justify-content-center align-items-lg-stretch align-items-md-stretch align-items-stretch gutters-col-lg-2 gutters-col-md-2 gutters-col-0 gutters-col-v-lg-2 gutters-col-v-md-2 gutters-col-v-2\">\n          <!---->\n          <div class=\"h-column h-column-container d-flex h-col-lg-auto h-col-md-auto h-col-auto style-2097-outer style-local-18486-c4-outer\">\n            <div data-colibri-id=\"18486-c4\" class=\"d-flex h-flex-basis h-column__inner h-px-lg-2 h-px-md-2 h-px-2 v-inner-lg-2 v-inner-md-2 v-inner-2 style-2097 style-local-18486-c4 position-relative\">\n              <!---->\n              <!---->\n              <div class=\"w-100 h-y-container h-column__content h-column__v-align flex-basis-100 align-self-lg-start align-self-md-start align-self-start\">\n                <!---->\n                <div data-colibri-id=\"18486-c8\" class=\"h-text h-text-component style-2101 style-local-18486-c8 position-relative h-element\">\n                  <!---->\n                  <!---->\n                  <div class=\"\">\n                    <p>Asmens duomen\u0173 tvarkymo taisykl\u0117s<\/p>\n                  <\/div>\n                <\/div>\n                <div data-colibri-id=\"18486-c12\" class=\"h-x-container style-2105 style-local-18486-c12 position-relative h-element\">\n                  <!---->\n                  <div class=\"h-x-container-inner style-dynamic-18486-c12-group style-2105-spacing style-local-18486-c12-spacing\"><span class=\"h-button__outer style-2106-outer style-local-18486-c13-outer d-inline-flex h-element\"><a h-use-smooth-scroll=\"true\" href=\"http:\/\/www.basanaviciaus.vilnius.lm.lt\/?page_id=18482\"  data-colibri-id=\"18486-c13\" class=\"d-flex w-100 align-items-center h-button justify-content-lg-center justify-content-md-center justify-content-center style-2106 style-local-18486-c13 position-relative\"><!----><!----> <span>Skaityti pla\u010diau&#8230;<\/span><\/a>\n                    <\/span>\n                  <\/div>\n                <\/div>\n              <\/div>\n            <\/div>\n          <\/div>\n          <div class=\"h-column h-column-container d-flex h-col-lg-auto h-col-md-auto h-col-auto style-2098-outer style-local-18486-c5-outer\">\n            <div data-colibri-id=\"18486-c5\" class=\"d-flex h-flex-basis h-column__inner h-px-lg-2 h-px-md-2 h-px-2 v-inner-lg-2 v-inner-md-2 v-inner-2 style-2098 style-local-18486-c5 position-relative\">\n              <!---->\n              <!---->\n              <div class=\"w-100 h-y-container h-column__content h-column__v-align flex-basis-100 align-self-lg-start align-self-md-start align-self-start\">\n                <!---->\n                <div data-colibri-id=\"18486-c9\" class=\"h-text h-text-component style-2102 style-local-18486-c9 position-relative h-element\">\n                  <!---->\n                  <!---->\n                  <div class=\"\">\n                    <p>Asmens duomen\u0173 tvarkymo politikos apra\u0161as<\/p>\n                  <\/div>\n                <\/div>\n                <div data-colibri-id=\"18486-c14\" class=\"h-x-container style-2107 style-local-18486-c14 position-relative h-element\">\n                  <!---->\n                  <div class=\"h-x-container-inner style-dynamic-18486-c14-group style-2107-spacing style-local-18486-c14-spacing\"><span class=\"h-button__outer style-2108-outer style-local-18486-c15-outer d-inline-flex h-element\"><a h-use-smooth-scroll=\"true\" href=\"http:\/\/www.basanaviciaus.vilnius.lm.lt\/?page_id=18496\"  data-colibri-id=\"18486-c15\" class=\"d-flex w-100 align-items-center h-button justify-content-lg-center justify-content-md-center justify-content-center style-2108 style-local-18486-c15 position-relative\"><!----><!----> <span>Skaityti pla\u010diau&#8230;<\/span><\/a>\n                    <\/span>\n                  <\/div>\n                <\/div>\n              <\/div>\n            <\/div>\n          <\/div>\n          <div class=\"h-column h-column-container d-flex h-col-lg-auto h-col-md-auto h-col-auto style-2099-outer style-local-18486-c6-outer\">\n            <div data-colibri-id=\"18486-c6\" class=\"d-flex h-flex-basis h-column__inner h-px-lg-2 h-px-md-2 h-px-2 v-inner-lg-2 v-inner-md-2 v-inner-2 style-2099 style-local-18486-c6 position-relative\">\n              <!---->\n              <!---->\n              <div class=\"w-100 h-y-container h-column__content h-column__v-align flex-basis-100 align-self-lg-start align-self-md-start align-self-start\">\n                <!---->\n                <div data-colibri-id=\"18486-c11\" class=\"h-text h-text-component style-2104 style-local-18486-c11 position-relative h-element\">\n                  <!---->\n                  <!---->\n                  <div class=\"\">\n                    <p>Mokini\u0173 asmens duomen\u0173 tvarkymo taisykl\u0117s<\/p>\n                  <\/div>\n                <\/div>\n                <div data-colibri-id=\"18486-c16\" class=\"h-x-container style-2109 style-local-18486-c16 position-relative h-element\">\n                  <!---->\n                  <div class=\"h-x-container-inner style-dynamic-18486-c16-group style-2109-spacing style-local-18486-c16-spacing\"><span class=\"h-button__outer style-2110-outer style-local-18486-c17-outer d-inline-flex h-element\"><a h-use-smooth-scroll=\"true\" href=\"http:\/\/www.basanaviciaus.vilnius.lm.lt\/?page_id=18514\"  data-colibri-id=\"18486-c17\" class=\"d-flex w-100 align-items-center h-button justify-content-lg-center justify-content-md-center justify-content-center style-2110 style-local-18486-c17 position-relative\"><!----><!----> <span>Skaityti pla\u010diau&#8230;<\/span><\/a>\n                    <\/span>\n                  <\/div>\n                <\/div>\n              <\/div>\n            <\/div>\n          <\/div>\n          <div class=\"h-column h-column-container d-flex h-col-lg-auto h-col-md-auto h-col-auto style-2100-outer style-local-18486-c7-outer\">\n            <div data-colibri-id=\"18486-c7\" class=\"d-flex h-flex-basis h-column__inner h-px-lg-2 h-px-md-2 h-px-2 v-inner-lg-2 v-inner-md-2 v-inner-2 style-2100 style-local-18486-c7 position-relative\">\n              <!---->\n              <!---->\n              <div class=\"w-100 h-y-container h-column__content h-column__v-align flex-basis-100 align-self-lg-start align-self-md-start align-self-start\">\n                <!---->\n                <div data-colibri-id=\"18486-c10\" class=\"h-text h-text-component style-2103 style-local-18486-c10 position-relative h-element\">\n                  <!---->\n                  <!---->\n                  <div class=\"\">\n                    <p>Vaizdo duomen\u0173 tvarkymo taisykl\u0117s<\/p>\n                  <\/div>\n                <\/div>\n                <div data-colibri-id=\"18486-c18\" class=\"h-x-container style-2111 style-local-18486-c18 position-relative h-element\">\n                  <!---->\n                  <div class=\"h-x-container-inner style-dynamic-18486-c18-group style-2111-spacing style-local-18486-c18-spacing\"><span class=\"h-button__outer style-2112-outer style-local-18486-c19-outer d-inline-flex h-element\"><a h-use-smooth-scroll=\"true\" href=\"http:\/\/www.basanaviciaus.vilnius.lm.lt\/?page_id=18525\"  data-colibri-id=\"18486-c19\" class=\"d-flex w-100 align-items-center h-button justify-content-lg-center justify-content-md-center justify-content-center style-2112 style-local-18486-c19 position-relative\"><!----><!----> <span>Skaityti pla\u010diau&#8230;<\/span><\/a>\n                    <\/span>\n                  <\/div>\n                <\/div>\n              <\/div>\n            <\/div>\n          <\/div>\n        <\/div>\n      <\/div>\n    <\/div>\n  <\/div>\n<\/div>","protected":false},"excerpt":{"rendered":"<p>Asmens duomen\u0173 tvarkymo taisykl\u0117s Skaityti pla\u010diau&#8230; Asmens duomen\u0173 tvarkymo politikos apra\u0161as Skaityti pla\u010diau&#8230; Mokini\u0173 asmens duomen\u0173 tvarkymo taisykl\u0117s Skaityti pla\u010diau&#8230; Vaizdo duomen\u0173 tvarkymo taisykl\u0117s Skaityti pla\u010diau&#8230;<\/p>\n","protected":false},"author":1,"featured_media":0,"parent":0,"menu_order":0,"comment_status":"closed","ping_status":"closed","template":"page-templates\/full-width-page.php","meta":{"footnotes":""},"class_list":["post-18486","page","type-page","status-publish","hentry"],"_links":{"self":[{"href":"http:\/\/www.basanaviciaus.vilnius.lm.lt\/index.php?rest_route=\/wp\/v2\/pages\/18486","targetHints":{"allow":["GET"]}}],"collection":[{"href":"http:\/\/www.basanaviciaus.vilnius.lm.lt\/index.php?rest_route=\/wp\/v2\/pages"}],"about":[{"href":"http:\/\/www.basanaviciaus.vilnius.lm.lt\/index.php?rest_route=\/wp\/v2\/types\/page"}],"author":[{"embeddable":true,"href":"http:\/\/www.basanaviciaus.vilnius.lm.lt\/index.php?rest_route=\/wp\/v2\/users\/1"}],"replies":[{"embeddable":true,"href":"http:\/\/www.basanaviciaus.vilnius.lm.lt\/index.php?rest_route=%2Fwp%2Fv2%2Fcomments&post=18486"}],"version-history":[{"count":7,"href":"http:\/\/www.basanaviciaus.vilnius.lm.lt\/index.php?rest_route=\/wp\/v2\/pages\/18486\/revisions"}],"predecessor-version":[{"id":18538,"href":"http:\/\/www.basanaviciaus.vilnius.lm.lt\/index.php?rest_route=\/wp\/v2\/pages\/18486\/revisions\/18538"}],"wp:attachment":[{"href":"http:\/\/www.basanaviciaus.vilnius.lm.lt\/index.php?rest_route=%2Fwp%2Fv2%2Fmedia&parent=18486"}],"curies":[{"name":"wp","href":"https:\/\/api.w.org\/{rel}","templated":true}]}}