{"id":18952,"date":"2021-02-17T15:47:57","date_gmt":"2021-02-17T13:47:57","guid":{"rendered":"http:\/\/www.basanaviciaus.vilnius.lm.lt\/?page_id=18952"},"modified":"2022-09-07T17:57:17","modified_gmt":"2022-09-07T14:57:17","slug":"paskatinimai-ir-apdovanojimai","status":"publish","type":"page","link":"http:\/\/www.basanaviciaus.vilnius.lm.lt\/?page_id=18952","title":{"rendered":"Paskatinimai ir apdovanojimai"},"content":{"rendered":"<div data-colibri-id=\"18952-c1\" class=\"style-2239 style-local-18952-c1 position-relative\">\n  <!---->\n  <div data-colibri-component=\"section\" data-colibri-id=\"18952-c2\" id=\"custom\" class=\"h-section h-section-global-spacing d-flex align-items-lg-center align-items-md-center align-items-center style-2240 style-local-18952-c2 position-relative\">\n    <!---->\n    <!---->\n    <div class=\"h-section-grid-container h-section-boxed-container\">\n      <!---->\n      <div data-colibri-id=\"18952-c3\" class=\"h-row-container gutters-row-lg-1 gutters-row-md-1 gutters-row-0 gutters-row-v-lg-1 gutters-row-v-md-1 gutters-row-v-1 style-2241 style-local-18952-c3 position-relative\">\n        <!---->\n        <div class=\"h-row justify-content-lg-center justify-content-md-center justify-content-center align-items-lg-stretch align-items-md-stretch align-items-stretch gutters-col-lg-1 gutters-col-md-1 gutters-col-0 gutters-col-v-lg-1 gutters-col-v-md-1 gutters-col-v-1\">\n          <!---->\n          <div class=\"h-column h-column-container d-flex h-col-lg-auto h-col-md-auto h-col-auto style-2242-outer style-local-18952-c4-outer\">\n            <div data-colibri-id=\"18952-c4\" class=\"d-flex h-flex-basis h-column__inner h-px-lg-1 h-px-md-1 h-px-1 v-inner-lg-1 v-inner-md-1 v-inner-1 style-2242 style-local-18952-c4 position-relative\">\n              <!---->\n              <!---->\n              <div class=\"w-100 h-y-container h-column__content h-column__v-align flex-basis-100 align-self-lg-start align-self-md-start align-self-start\">\n                <!---->\n                <div data-colibri-id=\"18952-c5\" class=\"icon-list d-flex justify-content-lg-start justify-content-md-start justify-content-start style-2244 style-local-18952-c5 position-relative h-element\">\n                  <!---->\n                  <ul class=\"ul-list-icon vertical-on-desktop vertical-on-tablet vertical-on-mobile justify-content-lg-start justify-content-md-start justify-content-start\">\n                    <!---->\n                    <li class=\"list-item no-gutters\">\n                      <!---->\n                      <div class=\"list-container-divider d-flex justify-content-lg-start justify-content-md-start justify-content-start first-el-spacer\"><\/div>\n                      <a href=\"http:\/\/www.basanaviciaus.vilnius.lm.lt\/?page_id=10258\" h-use-smooth-scroll=\"true\" class=\"item-link no-gutters\">\n                        <div class=\"d-flex h-col no-gutters align-items-lg-center align-items-md-center align-items-center list-item-text-wrapper\">\n                          <div class=\"d-flex\"><span class=\"h-svg-icon style-2244-icon style-local-18952-c5-icon\"><!--Icon by Font Awesome (https:\/\/fontawesome.com)--><svg version=\"1.1\" xmlns=\"http:\/\/www.w3.org\/2000\/svg\" xmlns:xlink=\"http:\/\/www.w3.org\/1999\/xlink\" id=\"plus\" viewBox=\"0 0 1408 1896.0833\"><path d=\"M1408 736v192q0 40-28 68t-68 28H896v416q0 40-28 68t-68 28H608q-40 0-68-28t-28-68v-416H96q-40 0-68-28T0 928V736q0-40 28-68t68-28h416V224q0-40 28-68t68-28h192q40 0 68 28t28 68v416h416q40 0 68 28t28 68z\"><\/path><\/svg><\/span><\/div>\n                          <span class=\"list-text d-block\"><span>Nuostatai<\/span><\/span>\n                        <\/div>\n                      <\/a>\n                      <div class=\"list-container-divider d-flex justify-content-lg-start justify-content-md-start justify-content-start\">\n                        <!---->\n                      <\/div>\n                    <\/li>\n                    <li class=\"list-item no-gutters\">\n                      <!---->\n                      <!---->\n                      <a href=\"http:\/\/www.basanaviciaus.vilnius.lm.lt\/?page_id=18899\" h-use-smooth-scroll=\"true\" class=\"item-link no-gutters\">\n                        <div class=\"d-flex h-col no-gutters align-items-lg-center align-items-md-center align-items-center list-item-text-wrapper\">\n                          <div class=\"d-flex\"><span class=\"h-svg-icon style-2244-icon style-local-18952-c5-icon\"><!--Icon by Font Awesome (https:\/\/fontawesome.com)--><svg version=\"1.1\" xmlns=\"http:\/\/www.w3.org\/2000\/svg\" xmlns:xlink=\"http:\/\/www.w3.org\/1999\/xlink\" id=\"plus\" viewBox=\"0 0 1408 1896.0833\"><path d=\"M1408 736v192q0 40-28 68t-68 28H896v416q0 40-28 68t-68 28H608q-40 0-68-28t-28-68v-416H96q-40 0-68-28T0 928V736q0-40 28-68t68-28h416V224q0-40 28-68t68-28h192q40 0 68 28t28 68v416h416q40 0 68 28t28 68z\"><\/path><\/svg><\/span><\/div>\n                          <span class=\"list-text d-block\"><span>Planavimo dokumentai<\/span><\/span>\n                        <\/div>\n                      <\/a>\n                      <div class=\"list-container-divider d-flex justify-content-lg-start justify-content-md-start justify-content-start\">\n                        <!---->\n                      <\/div>\n                    <\/li>\n                    <li class=\"list-item no-gutters\">\n                      <!---->\n                      <!---->\n                      <a href=\"http:\/\/www.basanaviciaus.vilnius.lm.lt\/?page_id=19338\" h-use-smooth-scroll=\"true\" class=\"item-link no-gutters\">\n                        <div class=\"d-flex h-col no-gutters align-items-lg-center align-items-md-center align-items-center list-item-text-wrapper\">\n                          <div class=\"d-flex\"><span class=\"h-svg-icon style-2244-icon style-local-18952-c5-icon\"><!--Icon by Font Awesome (https:\/\/fontawesome.com)--><svg version=\"1.1\" xmlns=\"http:\/\/www.w3.org\/2000\/svg\" xmlns:xlink=\"http:\/\/www.w3.org\/1999\/xlink\" id=\"plus\" viewBox=\"0 0 1408 1896.0833\"><path d=\"M1408 736v192q0 40-28 68t-68 28H896v416q0 40-28 68t-68 28H608q-40 0-68-28t-28-68v-416H96q-40 0-68-28T0 928V736q0-40 28-68t68-28h416V224q0-40 28-68t68-28h192q40 0 68 28t28 68v416h416q40 0 68 28t28 68z\"><\/path><\/svg><\/span><\/div>\n                          <span class=\"list-text d-block\"><span>Galiojantys dokumentai<\/span><\/span>\n                        <\/div>\n                      <\/a>\n                      <div class=\"list-container-divider d-flex justify-content-lg-start justify-content-md-start justify-content-start\">\n                        <!---->\n                      <\/div>\n                    <\/li>\n                    <li class=\"list-item no-gutters\">\n                      <!---->\n                      <!---->\n                      <a href=\"http:\/\/www.basanaviciaus.vilnius.lm.lt\/?page_id=18949\" h-use-smooth-scroll=\"true\" class=\"item-link no-gutters\">\n                        <div class=\"d-flex h-col no-gutters align-items-lg-center align-items-md-center align-items-center list-item-text-wrapper\">\n                          <div class=\"d-flex\"><span class=\"h-svg-icon style-2244-icon style-local-18952-c5-icon\"><!--Icon by Font Awesome (https:\/\/fontawesome.com)--><svg version=\"1.1\" xmlns=\"http:\/\/www.w3.org\/2000\/svg\" xmlns:xlink=\"http:\/\/www.w3.org\/1999\/xlink\" id=\"plus\" viewBox=\"0 0 1408 1896.0833\"><path d=\"M1408 736v192q0 40-28 68t-68 28H896v416q0 40-28 68t-68 28H608q-40 0-68-28t-28-68v-416H96q-40 0-68-28T0 928V736q0-40 28-68t68-28h416V224q0-40 28-68t68-28h192q40 0 68 28t28 68v416h416q40 0 68 28t28 68z\"><\/path><\/svg><\/span><\/div>\n                          <span class=\"list-text d-block\"><span>Darbo u\u017emokestis<\/span><\/span>\n                        <\/div>\n                      <\/a>\n                      <div class=\"list-container-divider d-flex justify-content-lg-start justify-content-md-start justify-content-start\">\n                        <!---->\n                      <\/div>\n                    <\/li>\n                    <li class=\"list-item no-gutters\">\n                      <!---->\n                      <!---->\n                      <a href=\"http:\/\/www.basanaviciaus.vilnius.lm.lt\/?page_id=18952\" h-use-smooth-scroll=\"true\" class=\"item-link no-gutters\">\n                        <div class=\"d-flex h-col no-gutters align-items-lg-center align-items-md-center align-items-center list-item-text-wrapper\">\n                          <div class=\"d-flex\"><span class=\"h-svg-icon style-2244-icon style-local-18952-c5-icon\"><!--Icon by Font Awesome (https:\/\/fontawesome.com)--><svg version=\"1.1\" xmlns=\"http:\/\/www.w3.org\/2000\/svg\" xmlns:xlink=\"http:\/\/www.w3.org\/1999\/xlink\" id=\"minus\" viewBox=\"0 0 1408 1896.0833\"><path d=\"M1408 736v192q0 40-28 68t-68 28H96q-40 0-68-28T0 928V736q0-40 28-68t68-28h1216q40 0 68 28t28 68z\"><\/path><\/svg><\/span><\/div>\n                          <span class=\"list-text d-block\"><span>Paskatinimai ir apdovanojimai<\/span><\/span>\n                        <\/div>\n                      <\/a>\n                      <div class=\"list-container-divider d-flex justify-content-lg-start justify-content-md-start justify-content-start\">\n                        <!---->\n                      <\/div>\n                    <\/li>\n                    <li class=\"list-item no-gutters\">\n                      <!---->\n                      <!---->\n                      <a href=\"http:\/\/www.basanaviciaus.vilnius.lm.lt\/?page_id=19032\" h-use-smooth-scroll=\"true\" class=\"item-link no-gutters\">\n                        <div class=\"d-flex h-col no-gutters align-items-lg-center align-items-md-center align-items-center list-item-text-wrapper\">\n                          <div class=\"d-flex\"><span class=\"h-svg-icon style-2244-icon style-local-18952-c5-icon\"><!--Icon by Font Awesome (https:\/\/fontawesome.com)--><svg version=\"1.1\" xmlns=\"http:\/\/www.w3.org\/2000\/svg\" xmlns:xlink=\"http:\/\/www.w3.org\/1999\/xlink\" id=\"plus\" viewBox=\"0 0 1408 1896.0833\"><path d=\"M1408 736v192q0 40-28 68t-68 28H896v416q0 40-28 68t-68 28H608q-40 0-68-28t-28-68v-416H96q-40 0-68-28T0 928V736q0-40 28-68t68-28h416V224q0-40 28-68t68-28h192q40 0 68 28t28 68v416h416q40 0 68 28t28 68z\"><\/path><\/svg><\/span><\/div>\n                          <span class=\"list-text d-block\"><span>Vie\u0161ieji pirkimai<\/span><\/span>\n                        <\/div>\n                      <\/a>\n                      <div class=\"list-container-divider d-flex justify-content-lg-start justify-content-md-start justify-content-start\">\n                        <!---->\n                      <\/div>\n                    <\/li>\n                    <li class=\"list-item no-gutters\">\n                      <!---->\n                      <!----><span class=\"item-link no-gutters\"><div class=\"d-flex h-col no-gutters align-items-lg-center align-items-md-center align-items-center list-item-text-wrapper\"><div class=\"d-flex\"><span  class=\"h-svg-icon style-2244-icon style-local-18952-c5-icon\"><!--Icon by Font Awesome (https:\/\/fontawesome.com)--><svg version=\"1.1\" xmlns=\"http:\/\/www.w3.org\/2000\/svg\" xmlns:xlink=\"http:\/\/www.w3.org\/1999\/xlink\" id=\"plus\" viewBox=\"0 0 1408 1896.0833\"><path d=\"M1408 736v192q0 40-28 68t-68 28H896v416q0 40-28 68t-68 28H608q-40 0-68-28t-28-68v-416H96q-40 0-68-28T0 928V736q0-40 28-68t68-28h416V224q0-40 28-68t68-28h192q40 0 68 28t28 68v416h416q40 0 68 28t28 68z\"><\/path><\/svg><\/span><\/div>\n                <span class=\"list-text d-block\"><span>Biud\u017eeto vykdymo ataskait\u0173 rinkiniai<\/span><\/span>\n              <\/div>\n              <\/span>\n              <div class=\"list-container-divider d-flex justify-content-lg-start justify-content-md-start justify-content-start\">\n                <!---->\n              <\/div>\n              <\/li>\n              <li class=\"list-item no-gutters\">\n                <!---->\n                <!---->\n                <a href=\"http:\/\/www.basanaviciaus.vilnius.lm.lt\/?page_id=19078\" h-use-smooth-scroll=\"true\" class=\"item-link no-gutters\">\n                  <div class=\"d-flex h-col no-gutters align-items-lg-center align-items-md-center align-items-center list-item-text-wrapper\">\n                    <div class=\"d-flex\"><span class=\"h-svg-icon style-2244-icon style-local-18952-c5-icon\"><!--Icon by Font Awesome (https:\/\/fontawesome.com)--><svg version=\"1.1\" xmlns=\"http:\/\/www.w3.org\/2000\/svg\" xmlns:xlink=\"http:\/\/www.w3.org\/1999\/xlink\" id=\"plus\" viewBox=\"0 0 1408 1896.0833\"><path d=\"M1408 736v192q0 40-28 68t-68 28H896v416q0 40-28 68t-68 28H608q-40 0-68-28t-28-68v-416H96q-40 0-68-28T0 928V736q0-40 28-68t68-28h416V224q0-40 28-68t68-28h192q40 0 68 28t28 68v416h416q40 0 68 28t28 68z\"><\/path><\/svg><\/span><\/div>\n                    <span class=\"list-text d-block\"><span>Finansini\u0173 ataskait\u0173 rinkiniai<\/span><\/span>\n                  <\/div>\n                <\/a>\n                <div class=\"list-container-divider d-flex justify-content-lg-start justify-content-md-start justify-content-start\">\n                  <!---->\n                <\/div>\n              <\/li>\n              <li class=\"list-item no-gutters\">\n                <!---->\n                <!---->\n                <a href=\"http:\/\/www.basanaviciaus.vilnius.lm.lt\/wp-content\/uploads\/2020\/04\/Grafikas_2022.pdf\" h-use-smooth-scroll=\"true\" class=\"item-link no-gutters\">\n                  <div class=\"d-flex h-col no-gutters align-items-lg-center align-items-md-center align-items-center list-item-text-wrapper\">\n                    <div class=\"d-flex\"><span class=\"h-svg-icon style-2244-icon style-local-18952-c5-icon\"><!--Icon by Font Awesome (https:\/\/fontawesome.com)--><svg version=\"1.1\" xmlns=\"http:\/\/www.w3.org\/2000\/svg\" xmlns:xlink=\"http:\/\/www.w3.org\/1999\/xlink\" id=\"plus\" viewBox=\"0 0 1408 1896.0833\"><path d=\"M1408 736v192q0 40-28 68t-68 28H896v416q0 40-28 68t-68 28H608q-40 0-68-28t-28-68v-416H96q-40 0-68-28T0 928V736q0-40 28-68t68-28h416V224q0-40 28-68t68-28h192q40 0 68 28t28 68v416h416q40 0 68 28t28 68z\"><\/path><\/svg><\/span><\/div>\n                    <span class=\"list-text d-block\"><span>Paslaugos<\/span><\/span>\n                  <\/div>\n                <\/a>\n                <div class=\"list-container-divider d-flex justify-content-lg-start justify-content-md-start justify-content-start\">\n                  <!---->\n                <\/div>\n              <\/li>\n              <li class=\"list-item no-gutters\">\n                <!---->\n                <!---->\n                <a href=\"http:\/\/www.basanaviciaus.vilnius.lm.lt\/?page_id=19128\" h-use-smooth-scroll=\"true\" class=\"item-link no-gutters\">\n                  <div class=\"d-flex h-col no-gutters align-items-lg-center align-items-md-center align-items-center list-item-text-wrapper\">\n                    <div class=\"d-flex\"><span class=\"h-svg-icon style-2244-icon style-local-18952-c5-icon\"><!--Icon by Font Awesome (https:\/\/fontawesome.com)--><svg version=\"1.1\" xmlns=\"http:\/\/www.w3.org\/2000\/svg\" xmlns:xlink=\"http:\/\/www.w3.org\/1999\/xlink\" id=\"plus\" viewBox=\"0 0 1408 1896.0833\"><path d=\"M1408 736v192q0 40-28 68t-68 28H896v416q0 40-28 68t-68 28H608q-40 0-68-28t-28-68v-416H96q-40 0-68-28T0 928V736q0-40 28-68t68-28h416V224q0-40 28-68t68-28h192q40 0 68 28t28 68v416h416q40 0 68 28t28 68z\"><\/path><\/svg><\/span><\/div>\n                    <span class=\"list-text d-block\"><span>Asmens duomen\u0173 apsauga<\/span><\/span>\n                  <\/div>\n                <\/a>\n                <div class=\"list-container-divider d-flex justify-content-lg-start justify-content-md-start justify-content-start\">\n                  <!---->\n                <\/div>\n              <\/li>\n              <li class=\"list-item no-gutters\">\n                <!---->\n                <!----><span class=\"item-link no-gutters\"><div class=\"d-flex h-col no-gutters align-items-lg-center align-items-md-center align-items-center list-item-text-wrapper\"><div class=\"d-flex\"><span  class=\"h-svg-icon style-2244-icon style-local-18952-c5-icon\"><!--Icon by Font Awesome (https:\/\/fontawesome.com)--><svg version=\"1.1\" xmlns=\"http:\/\/www.w3.org\/2000\/svg\" xmlns:xlink=\"http:\/\/www.w3.org\/1999\/xlink\" id=\"plus\" viewBox=\"0 0 1408 1896.0833\"><path d=\"M1408 736v192q0 40-28 68t-68 28H896v416q0 40-28 68t-68 28H608q-40 0-68-28t-28-68v-416H96q-40 0-68-28T0 928V736q0-40 28-68t68-28h416V224q0-40 28-68t68-28h192q40 0 68 28t28 68v416h416q40 0 68 28t28 68z\"><\/path><\/svg><\/span><\/div>\n            <span class=\"list-text d-block\"><span>Nuorodos<\/span><\/span>\n          <\/div>\n          <\/span>\n          <div class=\"list-container-divider d-flex justify-content-lg-start justify-content-md-start justify-content-start\" style=\"display: none;\">\n            <!---->\n          <\/div>\n          <div class=\"list-container-divider d-flex justify-content-lg-start justify-content-md-start justify-content-start last-el-spacer\"><\/div>\n          <\/li>\n          <\/ul>\n        <\/div>\n      <\/div>\n    <\/div>\n  <\/div>\n  <div class=\"h-column h-column-container d-flex h-col-lg-auto h-col-md-auto h-col-auto style-2243-outer style-local-18952-c6-outer\">\n    <div data-colibri-id=\"18952-c6\" class=\"d-flex h-flex-basis h-column__inner h-px-lg-1 h-px-md-1 h-px-1 v-inner-lg-1 v-inner-md-1 v-inner-1 style-2243 style-local-18952-c6 position-relative\">\n      <!---->\n      <!---->\n      <div class=\"w-100 h-y-container h-column__content h-column__v-align flex-basis-100 align-self-lg-start align-self-md-start align-self-start\">\n        <!---->\n        <div data-colibri-id=\"18952-c7\" class=\"h-global-transition-all h-heading style-2245 style-local-18952-c7 position-relative h-element\">\n          <!---->\n          <div class=\"h-heading__outer style-2245 style-local-18952-c7\">\n            <!---->\n            <!---->\n            <h5 class=\"\">Administracin\u0117 informacija<\/h5>\n          <\/div>\n        <\/div>\n        <div data-colibri-id=\"18952-c8\" class=\"icon-list d-flex justify-content-lg-start justify-content-md-start justify-content-start style-2246 style-local-18952-c8 position-relative h-element\">\n          <!---->\n          <ul class=\"ul-list-icon vertical-on-desktop vertical-on-tablet vertical-on-mobile justify-content-lg-start justify-content-md-start justify-content-start\">\n            <!---->\n            <li class=\"list-item no-gutters\">\n              <!---->\n              <div class=\"list-container-divider d-flex justify-content-lg-start justify-content-md-start justify-content-start first-el-spacer\"><\/div>\n              <a href=\"http:\/\/www.basanaviciaus.vilnius.lm.lt\/?page_id=28\" h-use-smooth-scroll=\"true\" class=\"item-link no-gutters\">\n                <div class=\"d-flex h-col no-gutters align-items-lg-center align-items-md-center align-items-center list-item-text-wrapper\">\n                  <div class=\"d-flex\"><span class=\"h-svg-icon style-2246-icon style-local-18952-c8-icon\"><!--Icon by Font Awesome (https:\/\/fontawesome.com)--><svg version=\"1.1\" xmlns=\"http:\/\/www.w3.org\/2000\/svg\" xmlns:xlink=\"http:\/\/www.w3.org\/1999\/xlink\" id=\"chevron-right\" viewBox=\"0 0 1280 1896.0833\"><path d=\"M1107 877l-742 742q-19 19-45 19t-45-19l-166-166q-19-19-19-45t19-45l531-531-531-531q-19-19-19-45t19-45L275 45q19-19 45-19t45 19l742 742q19 19 19 45t-19 45z\"><\/path><\/svg><\/span><\/div>\n                  <span class=\"list-text d-block\"><span>Paskatinimai ir apdovanojimai<\/span><\/span>\n                <\/div>\n              <\/a>\n              <div class=\"list-container-divider d-flex justify-content-lg-start justify-content-md-start justify-content-start\" style=\"display: none;\">\n                <!---->\n              <\/div>\n              <div class=\"list-container-divider d-flex justify-content-lg-start justify-content-md-start justify-content-start last-el-spacer\"><\/div>\n            <\/li>\n          <\/ul>\n        <\/div>\n      <\/div>\n    <\/div>\n  <\/div>\n<\/div>\n<\/div>\n<\/div>\n<\/div>\n<\/div>","protected":false},"excerpt":{"rendered":"<p>Nuostatai Planavimo dokumentai Galiojantys dokumentai Darbo u\u017emokestis Paskatinimai ir apdovanojimai Vie\u0161ieji pirkimai Biud\u017eeto vykdymo ataskait\u0173 rinkiniai Finansini\u0173 ataskait\u0173 rinkiniai Paslaugos Asmens duomen\u0173 apsauga Nuorodos Administracin\u0117 informacija Paskatinimai ir apdovanojimai<\/p>\n","protected":false},"author":1,"featured_media":0,"parent":10258,"menu_order":0,"comment_status":"closed","ping_status":"closed","template":"page-templates\/full-width-page.php","meta":{"footnotes":""},"class_list":["post-18952","page","type-page","status-publish","hentry"],"_links":{"self":[{"href":"http:\/\/www.basanaviciaus.vilnius.lm.lt\/index.php?rest_route=\/wp\/v2\/pages\/18952","targetHints":{"allow":["GET"]}}],"collection":[{"href":"http:\/\/www.basanaviciaus.vilnius.lm.lt\/index.php?rest_route=\/wp\/v2\/pages"}],"about":[{"href":"http:\/\/www.basanaviciaus.vilnius.lm.lt\/index.php?rest_route=\/wp\/v2\/types\/page"}],"author":[{"embeddable":true,"href":"http:\/\/www.basanaviciaus.vilnius.lm.lt\/index.php?rest_route=\/wp\/v2\/users\/1"}],"replies":[{"embeddable":true,"href":"http:\/\/www.basanaviciaus.vilnius.lm.lt\/index.php?rest_route=%2Fwp%2Fv2%2Fcomments&post=18952"}],"version-history":[{"count":13,"href":"http:\/\/www.basanaviciaus.vilnius.lm.lt\/index.php?rest_route=\/wp\/v2\/pages\/18952\/revisions"}],"predecessor-version":[{"id":24487,"href":"http:\/\/www.basanaviciaus.vilnius.lm.lt\/index.php?rest_route=\/wp\/v2\/pages\/18952\/revisions\/24487"}],"up":[{"embeddable":true,"href":"http:\/\/www.basanaviciaus.vilnius.lm.lt\/index.php?rest_route=\/wp\/v2\/pages\/10258"}],"wp:attachment":[{"href":"http:\/\/www.basanaviciaus.vilnius.lm.lt\/index.php?rest_route=%2Fwp%2Fv2%2Fmedia&parent=18952"}],"curies":[{"name":"wp","href":"https:\/\/api.w.org\/{rel}","templated":true}]}}