{"id":19485,"date":"2021-02-17T20:06:51","date_gmt":"2021-02-17T18:06:51","guid":{"rendered":"http:\/\/www.basanaviciaus.vilnius.lm.lt\/?page_id=19485"},"modified":"2021-03-07T12:58:30","modified_gmt":"2021-03-07T10:58:30","slug":"pagalba-priklausomybiu-atvejais","status":"publish","type":"page","link":"http:\/\/www.basanaviciaus.vilnius.lm.lt\/?page_id=19485","title":{"rendered":"Pagalba priklausomybi\u0173 atvejais"},"content":{"rendered":"<div data-colibri-id=\"19485-c1\" class=\"style-2439 style-local-19485-c1 position-relative\">\n  <!---->\n  <div data-colibri-component=\"section\" data-colibri-id=\"19485-c2\" id=\"custom\" class=\"h-section h-section-global-spacing d-flex align-items-lg-center align-items-md-center align-items-center style-2440 style-local-19485-c2 position-relative\">\n    <!---->\n    <!---->\n    <div class=\"h-section-grid-container h-section-boxed-container\">\n      <!---->\n      <div data-colibri-id=\"19485-c3\" class=\"h-row-container gutters-row-lg-1 gutters-row-md-1 gutters-row-0 gutters-row-v-lg-1 gutters-row-v-md-1 gutters-row-v-1 style-2441 style-local-19485-c3 position-relative\">\n        <!---->\n        <div class=\"h-row justify-content-lg-center justify-content-md-center justify-content-center align-items-lg-stretch align-items-md-stretch align-items-stretch gutters-col-lg-1 gutters-col-md-1 gutters-col-0 gutters-col-v-lg-1 gutters-col-v-md-1 gutters-col-v-1\">\n          <!---->\n          <div class=\"h-column h-column-container d-flex h-col-lg-auto h-col-md-auto h-col-auto style-2442-outer style-local-19485-c4-outer\">\n            <div data-colibri-id=\"19485-c4\" class=\"d-flex h-flex-basis h-column__inner h-px-lg-1 h-px-md-1 h-px-1 v-inner-lg-1 v-inner-md-1 v-inner-1 style-2442 style-local-19485-c4 position-relative\">\n              <!---->\n              <!---->\n              <div class=\"w-100 h-y-container h-column__content h-column__v-align flex-basis-100 align-self-lg-start align-self-md-start align-self-start\">\n                <!---->\n                <div data-colibri-id=\"19485-c5\" class=\"icon-list d-flex justify-content-lg-start justify-content-md-start justify-content-start style-2444 style-local-19485-c5 position-relative h-element\">\n                  <!---->\n                  <ul class=\"ul-list-icon vertical-on-desktop vertical-on-tablet vertical-on-mobile justify-content-lg-start justify-content-md-start justify-content-start\">\n                    <!---->\n                    <li class=\"list-item no-gutters\">\n                      <!---->\n                      <div class=\"list-container-divider d-flex justify-content-lg-start justify-content-md-start justify-content-start first-el-spacer\"><\/div>\n                      <a href=\"http:\/\/www.basanaviciaus.vilnius.lm.lt\/?page_id=165\" h-use-smooth-scroll=\"true\" class=\"item-link no-gutters\">\n                        <div class=\"d-flex h-col no-gutters align-items-lg-center align-items-md-center align-items-center list-item-text-wrapper\">\n                          <div class=\"d-flex\"><span class=\"h-svg-icon style-2444-icon style-local-19485-c5-icon\"><!--Icon by Font Awesome (https:\/\/fontawesome.com)--><svg version=\"1.1\" xmlns=\"http:\/\/www.w3.org\/2000\/svg\" xmlns:xlink=\"http:\/\/www.w3.org\/1999\/xlink\" id=\"plus\" viewBox=\"0 0 1408 1896.0833\"><path d=\"M1408 736v192q0 40-28 68t-68 28H896v416q0 40-28 68t-68 28H608q-40 0-68-28t-28-68v-416H96q-40 0-68-28T0 928V736q0-40 28-68t68-28h416V224q0-40 28-68t68-28h192q40 0 68 28t28 68v416h416q40 0 68 28t28 68z\"><\/path><\/svg><\/span><\/div>\n                          <span class=\"list-text d-block\"><span>Gimnazijos \u0161vietimo pagalbos specialist\u0173 tyrimai ir rekomendacijos<\/span><\/span>\n                        <\/div>\n                      <\/a>\n                      <div class=\"list-container-divider d-flex justify-content-lg-start justify-content-md-start justify-content-start\">\n                        <!---->\n                      <\/div>\n                    <\/li>\n                    <li class=\"list-item no-gutters\">\n                      <!---->\n                      <!----><span class=\"item-link no-gutters\"><div class=\"d-flex h-col no-gutters align-items-lg-center align-items-md-center align-items-center list-item-text-wrapper\"><div class=\"d-flex\"><span  class=\"h-svg-icon style-2444-icon style-local-19485-c5-icon\"><!--Icon by Font Awesome (https:\/\/fontawesome.com)--><svg version=\"1.1\" xmlns=\"http:\/\/www.w3.org\/2000\/svg\" xmlns:xlink=\"http:\/\/www.w3.org\/1999\/xlink\" id=\"plus\" viewBox=\"0 0 1408 1896.0833\"><path d=\"M1408 736v192q0 40-28 68t-68 28H896v416q0 40-28 68t-68 28H608q-40 0-68-28t-28-68v-416H96q-40 0-68-28T0 928V736q0-40 28-68t68-28h416V224q0-40 28-68t68-28h192q40 0 68 28t28 68v416h416q40 0 68 28t28 68z\"><\/path><\/svg><\/span><\/div>\n                <span class=\"list-text d-block\"><span>Socialin\u0117 parama<\/span><\/span>\n              <\/div>\n              <\/span>\n              <div class=\"list-container-divider d-flex justify-content-lg-start justify-content-md-start justify-content-start\">\n                <!---->\n              <\/div>\n              <\/li>\n              <li class=\"list-item no-gutters\">\n                <!---->\n                <!---->\n                <a href=\"http:\/\/www.basanaviciaus.vilnius.lm.lt\/?page_id=19481\" h-use-smooth-scroll=\"true\" class=\"item-link no-gutters\">\n                  <div class=\"d-flex h-col no-gutters align-items-lg-center align-items-md-center align-items-center list-item-text-wrapper\">\n                    <div class=\"d-flex\"><span class=\"h-svg-icon style-2444-icon style-local-19485-c5-icon\"><!--Icon by Font Awesome (https:\/\/fontawesome.com)--><svg version=\"1.1\" xmlns=\"http:\/\/www.w3.org\/2000\/svg\" xmlns:xlink=\"http:\/\/www.w3.org\/1999\/xlink\" id=\"plus\" viewBox=\"0 0 1408 1896.0833\"><path d=\"M1408 736v192q0 40-28 68t-68 28H896v416q0 40-28 68t-68 28H608q-40 0-68-28t-28-68v-416H96q-40 0-68-28T0 928V736q0-40 28-68t68-28h416V224q0-40 28-68t68-28h192q40 0 68 28t28 68v416h416q40 0 68 28t28 68z\"><\/path><\/svg><\/span><\/div>\n                    <span class=\"list-text d-block\"><span>Nemokama anonimin\u0117 psichologin\u0117 pagalba<\/span><\/span>\n                  <\/div>\n                <\/a>\n                <div class=\"list-container-divider d-flex justify-content-lg-start justify-content-md-start justify-content-start\">\n                  <!---->\n                <\/div>\n              <\/li>\n              <li class=\"list-item no-gutters\">\n                <!---->\n                <!---->\n                <a href=\"http:\/\/www.basanaviciaus.vilnius.lm.lt\/?page_id=19483\" h-use-smooth-scroll=\"true\" class=\"item-link no-gutters\">\n                  <div class=\"d-flex h-col no-gutters align-items-lg-center align-items-md-center align-items-center list-item-text-wrapper\">\n                    <div class=\"d-flex\"><span class=\"h-svg-icon style-2444-icon style-local-19485-c5-icon\"><!--Icon by Font Awesome (https:\/\/fontawesome.com)--><svg version=\"1.1\" xmlns=\"http:\/\/www.w3.org\/2000\/svg\" xmlns:xlink=\"http:\/\/www.w3.org\/1999\/xlink\" id=\"plus\" viewBox=\"0 0 1408 1896.0833\"><path d=\"M1408 736v192q0 40-28 68t-68 28H896v416q0 40-28 68t-68 28H608q-40 0-68-28t-28-68v-416H96q-40 0-68-28T0 928V736q0-40 28-68t68-28h416V224q0-40 28-68t68-28h192q40 0 68 28t28 68v416h416q40 0 68 28t28 68z\"><\/path><\/svg><\/span><\/div>\n                    <span class=\"list-text d-block\"><span>Emocin\u0117 pagalba <\/span><\/span>\n                  <\/div>\n                <\/a>\n                <div class=\"list-container-divider d-flex justify-content-lg-start justify-content-md-start justify-content-start\">\n                  <!---->\n                <\/div>\n              <\/li>\n              <li class=\"list-item no-gutters\">\n                <!---->\n                <!---->\n                <a href=\"http:\/\/www.basanaviciaus.vilnius.lm.lt\/?page_id=19485\" h-use-smooth-scroll=\"true\" class=\"item-link no-gutters\">\n                  <div class=\"d-flex h-col no-gutters align-items-lg-center align-items-md-center align-items-center list-item-text-wrapper\">\n                    <div class=\"d-flex\"><span class=\"h-svg-icon style-2444-icon style-local-19485-c5-icon\"><!--Icon by Font Awesome (https:\/\/fontawesome.com)--><svg version=\"1.1\" xmlns=\"http:\/\/www.w3.org\/2000\/svg\" xmlns:xlink=\"http:\/\/www.w3.org\/1999\/xlink\" id=\"minus\" viewBox=\"0 0 1408 1896.0833\"><path d=\"M1408 736v192q0 40-28 68t-68 28H96q-40 0-68-28T0 928V736q0-40 28-68t68-28h1216q40 0 68 28t28 68z\"><\/path><\/svg><\/span><\/div>\n                    <span class=\"list-text d-block\"><span>Pagalba priklausomybi\u0173 atvejais<\/span><\/span>\n                  <\/div>\n                <\/a>\n                <div class=\"list-container-divider d-flex justify-content-lg-start justify-content-md-start justify-content-start\">\n                  <!---->\n                <\/div>\n              <\/li>\n              <li class=\"list-item no-gutters\">\n                <!---->\n                <!---->\n                <a href=\"http:\/\/www.basanaviciaus.vilnius.lm.lt\/?page_id=19487\" h-use-smooth-scroll=\"true\" class=\"item-link no-gutters\">\n                  <div class=\"d-flex h-col no-gutters align-items-lg-center align-items-md-center align-items-center list-item-text-wrapper\">\n                    <div class=\"d-flex\"><span class=\"h-svg-icon style-2444-icon style-local-19485-c5-icon\"><!--Icon by Font Awesome (https:\/\/fontawesome.com)--><svg version=\"1.1\" xmlns=\"http:\/\/www.w3.org\/2000\/svg\" xmlns:xlink=\"http:\/\/www.w3.org\/1999\/xlink\" id=\"plus\" viewBox=\"0 0 1408 1896.0833\"><path d=\"M1408 736v192q0 40-28 68t-68 28H896v416q0 40-28 68t-68 28H608q-40 0-68-28t-28-68v-416H96q-40 0-68-28T0 928V736q0-40 28-68t68-28h416V224q0-40 28-68t68-28h192q40 0 68 28t28 68v416h416q40 0 68 28t28 68z\"><\/path><\/svg><\/span><\/div>\n                    <span class=\"list-text d-block\"><span>Kitos vietos, kur teikiama psichologin\u0117, emocin\u0117, socialin\u0117 pagalba<\/span><\/span>\n                  <\/div>\n                <\/a>\n                <div class=\"list-container-divider d-flex justify-content-lg-start justify-content-md-start justify-content-start\">\n                  <!---->\n                <\/div>\n              <\/li>\n              <li class=\"list-item no-gutters\">\n                <!---->\n                <!---->\n                <a href=\"http:\/\/www.basanaviciaus.vilnius.lm.lt\/?page_id=19489\" h-use-smooth-scroll=\"true\" class=\"item-link no-gutters\">\n                  <div class=\"d-flex h-col no-gutters align-items-lg-center align-items-md-center align-items-center list-item-text-wrapper\">\n                    <div class=\"d-flex\"><span class=\"h-svg-icon style-2444-icon style-local-19485-c5-icon\"><!--Icon by Font Awesome (https:\/\/fontawesome.com)--><svg version=\"1.1\" xmlns=\"http:\/\/www.w3.org\/2000\/svg\" xmlns:xlink=\"http:\/\/www.w3.org\/1999\/xlink\" id=\"plus\" viewBox=\"0 0 1408 1896.0833\"><path d=\"M1408 736v192q0 40-28 68t-68 28H896v416q0 40-28 68t-68 28H608q-40 0-68-28t-28-68v-416H96q-40 0-68-28T0 928V736q0-40 28-68t68-28h416V224q0-40 28-68t68-28h192q40 0 68 28t28 68v416h416q40 0 68 28t28 68z\"><\/path><\/svg><\/span><\/div>\n                    <span class=\"list-text d-block\"><span>Savipagalba<\/span><\/span>\n                  <\/div>\n                <\/a>\n                <div class=\"list-container-divider d-flex justify-content-lg-start justify-content-md-start justify-content-start\">\n                  <!---->\n                <\/div>\n              <\/li>\n              <li class=\"list-item no-gutters\">\n                <!---->\n                <!---->\n                <a href=\"http:\/\/www.basanaviciaus.vilnius.lm.lt\/?page_id=20141\" h-use-smooth-scroll=\"true\" class=\"item-link no-gutters\">\n                  <div class=\"d-flex h-col no-gutters align-items-lg-center align-items-md-center align-items-center list-item-text-wrapper\">\n                    <div class=\"d-flex\"><span class=\"h-svg-icon style-2444-icon style-local-19485-c5-icon\"><!--Icon by Font Awesome (https:\/\/fontawesome.com)--><svg version=\"1.1\" xmlns=\"http:\/\/www.w3.org\/2000\/svg\" xmlns:xlink=\"http:\/\/www.w3.org\/1999\/xlink\" id=\"plus\" viewBox=\"0 0 1408 1896.0833\"><path d=\"M1408 736v192q0 40-28 68t-68 28H896v416q0 40-28 68t-68 28H608q-40 0-68-28t-28-68v-416H96q-40 0-68-28T0 928V736q0-40 28-68t68-28h416V224q0-40 28-68t68-28h192q40 0 68 28t28 68v416h416q40 0 68 28t28 68z\"><\/path><\/svg><\/span><\/div>\n                    <span class=\"list-text d-block\"><span>Literat\u016bra internete psichikos sveikatos klausimais<\/span><\/span>\n                  <\/div>\n                <\/a>\n                <div class=\"list-container-divider d-flex justify-content-lg-start justify-content-md-start justify-content-start\" style=\"display: none;\">\n                  <!---->\n                <\/div>\n                <div class=\"list-container-divider d-flex justify-content-lg-start justify-content-md-start justify-content-start last-el-spacer\"><\/div>\n              <\/li>\n              <\/ul>\n            <\/div>\n          <\/div>\n        <\/div>\n      <\/div>\n      <div class=\"h-column h-column-container d-flex h-col-lg-auto h-col-md-auto h-col-auto style-2443-outer style-local-19485-c6-outer\">\n        <div data-colibri-id=\"19485-c6\" class=\"d-flex h-flex-basis h-column__inner h-px-lg-1 h-px-md-1 h-px-1 v-inner-lg-1 v-inner-md-1 v-inner-1 style-2443 style-local-19485-c6 position-relative\">\n          <!---->\n          <!---->\n          <div class=\"w-100 h-y-container h-column__content h-column__v-align flex-basis-100 align-self-lg-start align-self-md-start align-self-start\">\n            <!---->\n            <div data-colibri-id=\"19485-c7\" class=\"h-global-transition-all h-heading style-2445 style-local-19485-c7 position-relative h-element\">\n              <!---->\n              <div class=\"h-heading__outer style-2445 style-local-19485-c7\">\n                <!---->\n                <!---->\n                <h4 class=\"\">Psichologin\u0117s, emocin\u0117s, socialin\u0117s pagalbos galimyb\u0117s<\/h4>\n              <\/div>\n            <\/div>\n            <div data-colibri-id=\"19485-c8\" class=\"icon-list d-flex justify-content-lg-start justify-content-md-start justify-content-start style-2446 style-local-19485-c8 position-relative h-element\">\n              <!---->\n              <ul class=\"ul-list-icon vertical-on-desktop vertical-on-tablet vertical-on-mobile justify-content-lg-start justify-content-md-start justify-content-start\">\n                <!---->\n                <li class=\"list-item no-gutters\">\n                  <!---->\n                  <div class=\"list-container-divider d-flex justify-content-lg-start justify-content-md-start justify-content-start first-el-spacer\"><\/div>\n                  <a href=\"https:\/\/www.vilniussveikiau.lt\/\" h-use-smooth-scroll=\"true\" class=\"item-link no-gutters\">\n                    <div class=\"d-flex h-col no-gutters align-items-lg-center align-items-md-center align-items-center list-item-text-wrapper\">\n                      <div class=\"d-flex\"><span class=\"h-svg-icon style-2446-icon style-local-19485-c8-icon\"><!--Icon by Font Awesome (https:\/\/fontawesome.com)--><svg version=\"1.1\" xmlns=\"http:\/\/www.w3.org\/2000\/svg\" xmlns:xlink=\"http:\/\/www.w3.org\/1999\/xlink\" id=\"chevron-right\" viewBox=\"0 0 1280 1896.0833\"><path d=\"M1107 877l-742 742q-19 19-45 19t-45-19l-166-166q-19-19-19-45t19-45l531-531-531-531q-19-19-19-45t19-45L275 45q19-19 45-19t45 19l742 742q19 19 19 45t-19 45z\"><\/path><\/svg><\/span><\/div>\n                      <span class=\"list-text d-block\"><span>Vilniaus miesto savivaldyb\u0117s visuomen\u0117s sveikatos biuras<\/span><\/span>\n                    <\/div>\n                  <\/a>\n                  <div class=\"list-container-divider d-flex justify-content-lg-start justify-content-md-start justify-content-start\">\n                    <!---->\n                  <\/div>\n                <\/li>\n                <li class=\"list-item no-gutters\">\n                  <!---->\n                  <!---->\n                  <a href=\"https:\/\/www.rplc.lt\/\" h-use-smooth-scroll=\"true\" class=\"item-link no-gutters\">\n                    <div class=\"d-flex h-col no-gutters align-items-lg-center align-items-md-center align-items-center list-item-text-wrapper\">\n                      <div class=\"d-flex\"><span class=\"h-svg-icon style-2446-icon style-local-19485-c8-icon\"><!--Icon by Font Awesome (https:\/\/fontawesome.com)--><svg version=\"1.1\" xmlns=\"http:\/\/www.w3.org\/2000\/svg\" xmlns:xlink=\"http:\/\/www.w3.org\/1999\/xlink\" id=\"chevron-right\" viewBox=\"0 0 1280 1896.0833\"><path d=\"M1107 877l-742 742q-19 19-45 19t-45-19l-166-166q-19-19-19-45t19-45l531-531-531-531q-19-19-19-45t19-45L275 45q19-19 45-19t45 19l742 742q19 19 19 45t-19 45z\"><\/path><\/svg><\/span><\/div>\n                      <span class=\"list-text d-block\"><span>Vilniaus priklausomybi\u0173 lig\u0173 centras<\/span><\/span>\n                    <\/div>\n                  <\/a>\n                  <div class=\"list-container-divider d-flex justify-content-lg-start justify-content-md-start justify-content-start\">\n                    <!---->\n                  <\/div>\n                <\/li>\n                <li class=\"list-item no-gutters\">\n                  <!---->\n                  <!---->\n                  <a href=\"https:\/\/www.aalietuvoje.org\/\" h-use-smooth-scroll=\"true\" class=\"item-link no-gutters\">\n                    <div class=\"d-flex h-col no-gutters align-items-lg-center align-items-md-center align-items-center list-item-text-wrapper\">\n                      <div class=\"d-flex\"><span class=\"h-svg-icon style-2446-icon style-local-19485-c8-icon\"><!--Icon by Font Awesome (https:\/\/fontawesome.com)--><svg version=\"1.1\" xmlns=\"http:\/\/www.w3.org\/2000\/svg\" xmlns:xlink=\"http:\/\/www.w3.org\/1999\/xlink\" id=\"chevron-right\" viewBox=\"0 0 1280 1896.0833\"><path d=\"M1107 877l-742 742q-19 19-45 19t-45-19l-166-166q-19-19-19-45t19-45l531-531-531-531q-19-19-19-45t19-45L275 45q19-19 45-19t45 19l742 742q19 19 19 45t-19 45z\"><\/path><\/svg><\/span><\/div>\n                      <span class=\"list-text d-block\"><span>Anoniminiai alkoholikai. Pagalba norintiems pad\u0117ti sau ir kitiems sveikti nuo alkoholizmo.<\/span><\/span>\n                    <\/div>\n                  <\/a>\n                  <div class=\"list-container-divider d-flex justify-content-lg-start justify-content-md-start justify-content-start\">\n                    <!---->\n                  <\/div>\n                <\/li>\n                <li class=\"list-item no-gutters\">\n                  <!---->\n                  <!----><span class=\"item-link no-gutters\"><div class=\"d-flex h-col no-gutters align-items-lg-center align-items-md-center align-items-center list-item-text-wrapper\"><div class=\"d-flex\"><span  class=\"h-svg-icon style-2446-icon style-local-19485-c8-icon\"><!--Icon by Font Awesome (https:\/\/fontawesome.com)--><svg version=\"1.1\" xmlns=\"http:\/\/www.w3.org\/2000\/svg\" xmlns:xlink=\"http:\/\/www.w3.org\/1999\/xlink\" id=\"chevron-right\" viewBox=\"0 0 1280 1896.0833\"><path d=\"M1107 877l-742 742q-19 19-45 19t-45-19l-166-166q-19-19-19-45t19-45l531-531-531-531q-19-19-19-45t19-45L275 45q19-19 45-19t45 19l742 742q19 19 19 45t-19 45z\"><\/path><\/svg><\/span><\/div>\n            <span class=\"list-text d-block\"><span>Respublikinio priklausomyb\u0117s lig\u0173 centro Vilniaus filialo&nbsp;Vaik\u0173 ir jaunimo reabilitacijos skyrius. Teikiamos kompleksin\u0117s paslaugos vaikams ir paaugliams, turintiems priklausomyb\u0119 kompiuteriams, patologin\u012f potrauk\u012f azartiniams lo\u0161imams, tabakui, alkoholiui,<br>narkotin\u0117ms med\u017eiagoms, nemokamas paaugli\u0173 testavimas, \u012ftarus vartojant narkotines med\u017eiagas ar alkohol\u012f (vis\u0105 par\u0105). \u0160laito g. 14, Vilnius, Tel. 8 52137274, 2137808. <br>El. p.&nbsp;info@vplc.lt;&nbsp;vilnius@rplc.lt<\/span><\/span>\n          <\/div>\n          <\/span>\n          <div class=\"list-container-divider d-flex justify-content-lg-start justify-content-md-start justify-content-start\">\n            <!---->\n          <\/div>\n          <\/li>\n          <li class=\"list-item no-gutters\">\n            <!---->\n            <!----><span class=\"item-link no-gutters\"><div class=\"d-flex h-col no-gutters align-items-lg-center align-items-md-center align-items-center list-item-text-wrapper\"><div class=\"d-flex\"><span  class=\"h-svg-icon style-2446-icon style-local-19485-c8-icon\"><!--Icon by Font Awesome (https:\/\/fontawesome.com)--><svg version=\"1.1\" xmlns=\"http:\/\/www.w3.org\/2000\/svg\" xmlns:xlink=\"http:\/\/www.w3.org\/1999\/xlink\" id=\"chevron-right\" viewBox=\"0 0 1280 1896.0833\"><path d=\"M1107 877l-742 742q-19 19-45 19t-45-19l-166-166q-19-19-19-45t19-45l531-531-531-531q-19-19-19-45t19-45L275 45q19-19 45-19t45 19l742 742q19 19 19 45t-19 45z\"><\/path><\/svg><\/span><\/div>\n        <span class=\"list-text d-block\"><span>Respublikinio priklausomyb\u0117s lig\u0173 centro Kauno filialo vaik\u0173 ir jaunimo reabilitacijos skyrius. Teikiamas ambulatorinis konsultavimas, medicininis gydymas, \u0161eimos nari\u0173 konsultavimas, trumpalaik\u0117 iki 2 m\u0117nesi\u0173 trukm\u0117s psichologin\u0117s socialin\u0117s reabilitacijos programa, ilgalaik\u0117s psichoterapin\u0117s reabilitacijos programa, trunkanti vidutini\u0161kai 40-50 savai\u010di\u0173. Skyriuje teikiamos paslaugos vaik\u0173 globos \u012fstaigos aukl\u0117tiniams su lengva psichine negalia sergantiems priklausomyb\u0117s ligomis. Giedrai\u010di\u0173 g. 8, Kaunas, Tel.: 8 3733196. <br>El. p. info@kaplc.lt;&nbsp;kaunas@rplc.lt<\/span><\/span>\n      <\/div>\n      <\/span>\n      <div class=\"list-container-divider d-flex justify-content-lg-start justify-content-md-start justify-content-start\">\n        <!---->\n      <\/div>\n      <\/li>\n      <li class=\"list-item no-gutters\">\n        <!---->\n        <!----><span class=\"item-link no-gutters\"><div class=\"d-flex h-col no-gutters align-items-lg-center align-items-md-center align-items-center list-item-text-wrapper\"><div class=\"d-flex\"><span  class=\"h-svg-icon style-2446-icon style-local-19485-c8-icon\"><!--Icon by Font Awesome (https:\/\/fontawesome.com)--><svg version=\"1.1\" xmlns=\"http:\/\/www.w3.org\/2000\/svg\" xmlns:xlink=\"http:\/\/www.w3.org\/1999\/xlink\" id=\"chevron-right\" viewBox=\"0 0 1280 1896.0833\"><path d=\"M1107 877l-742 742q-19 19-45 19t-45-19l-166-166q-19-19-19-45t19-45l531-531-531-531q-19-19-19-45t19-45L275 45q19-19 45-19t45 19l742 742q19 19 19 45t-19 45z\"><\/path><\/svg><\/span><\/div>\n    <span class=\"list-text d-block\"><span>V\u0161\u012e Vaik\u0173 ir jaunimo socialin\u0117s reabilitacijos ir integracijos centras \u201eApsisprendimas\u201c. Teikiamos kompleksin\u0117s ilgalaik\u0117s socialin\u0117s psichologin\u0117s reabilitacijos paslaugos vaikams ir jaunuoliams, nukent\u0117jusiems nuo narkotini\u0173 med\u017eiag\u0173 vartojimo, bei j\u0173 \u0161eimoms, teikiamos socialin\u0117s laikino pacient\u0173 apgyvendinimo paslaugos, elgesio terapija, individuali psichoterapija. L\u0117no km., Ukmerg\u0117s r., Tel. 8 684 01051; 8&nbsp;60516 218.<br>El.p.&nbsp;apsisprendimas@gmail.com<\/span><\/span>\n  <\/div>\n  <\/span>\n  <div class=\"list-container-divider d-flex justify-content-lg-start justify-content-md-start justify-content-start\" style=\"display: none;\">\n    <!---->\n  <\/div>\n  <div class=\"list-container-divider d-flex justify-content-lg-start justify-content-md-start justify-content-start last-el-spacer\"><\/div>\n  <\/li>\n  <\/ul>\n<\/div>\n<\/div>\n<\/div>\n<\/div>\n<\/div>\n<\/div>\n<\/div>\n<\/div>\n<\/div>","protected":false},"excerpt":{"rendered":"<p>Gimnazijos \u0161vietimo pagalbos specialist\u0173 tyrimai ir rekomendacijos Socialin\u0117 parama Nemokama anonimin\u0117 psichologin\u0117 pagalba Emocin\u0117 pagalba Pagalba priklausomybi\u0173 atvejais Kitos vietos, kur teikiama psichologin\u0117, emocin\u0117, socialin\u0117 pagalba Savipagalba Literat\u016bra internete psichikos sveikatos klausimais Psichologin\u0117s, emocin\u0117s, socialin\u0117s pagalbos galimyb\u0117s Vilniaus miesto savivaldyb\u0117s visuomen\u0117s sveikatos biuras Vilniaus priklausomybi\u0173 lig\u0173 centras Anoniminiai alkoholikai. Pagalba norintiems pad\u0117ti sau ir kitiems [&hellip;]<\/p>\n","protected":false},"author":1,"featured_media":0,"parent":0,"menu_order":0,"comment_status":"closed","ping_status":"closed","template":"page-templates\/full-width-page.php","meta":{"footnotes":""},"class_list":["post-19485","page","type-page","status-publish","hentry"],"_links":{"self":[{"href":"http:\/\/www.basanaviciaus.vilnius.lm.lt\/index.php?rest_route=\/wp\/v2\/pages\/19485","targetHints":{"allow":["GET"]}}],"collection":[{"href":"http:\/\/www.basanaviciaus.vilnius.lm.lt\/index.php?rest_route=\/wp\/v2\/pages"}],"about":[{"href":"http:\/\/www.basanaviciaus.vilnius.lm.lt\/index.php?rest_route=\/wp\/v2\/types\/page"}],"author":[{"embeddable":true,"href":"http:\/\/www.basanaviciaus.vilnius.lm.lt\/index.php?rest_route=\/wp\/v2\/users\/1"}],"replies":[{"embeddable":true,"href":"http:\/\/www.basanaviciaus.vilnius.lm.lt\/index.php?rest_route=%2Fwp%2Fv2%2Fcomments&post=19485"}],"version-history":[{"count":10,"href":"http:\/\/www.basanaviciaus.vilnius.lm.lt\/index.php?rest_route=\/wp\/v2\/pages\/19485\/revisions"}],"predecessor-version":[{"id":20203,"href":"http:\/\/www.basanaviciaus.vilnius.lm.lt\/index.php?rest_route=\/wp\/v2\/pages\/19485\/revisions\/20203"}],"wp:attachment":[{"href":"http:\/\/www.basanaviciaus.vilnius.lm.lt\/index.php?rest_route=%2Fwp%2Fv2%2Fmedia&parent=19485"}],"curies":[{"name":"wp","href":"https:\/\/api.w.org\/{rel}","templated":true}]}}