{"id":20305,"date":"2021-03-14T18:59:18","date_gmt":"2021-03-14T16:59:18","guid":{"rendered":"http:\/\/www.basanaviciaus.vilnius.lm.lt\/?page_id=20305"},"modified":"2024-11-21T14:33:12","modified_gmt":"2024-11-21T12:33:12","slug":"gimnazijos-muziejus_1","status":"publish","type":"page","link":"http:\/\/www.basanaviciaus.vilnius.lm.lt\/?page_id=20305","title":{"rendered":"Gimnazijos muziejus_1"},"content":{"rendered":"<p><a href=\"http:\/\/www.basanaviciaus.vilnius.lm.lt\/wp-content\/uploads\/2020\/04\/1-8.jpg\"><img loading=\"lazy\" decoding=\"async\" class=\"aligncenter wp-image-20306 size-full\" src=\"http:\/\/www.basanaviciaus.vilnius.lm.lt\/wp-content\/uploads\/2020\/04\/1-8.jpg\" alt=\"\" width=\"473\" height=\"454\" srcset=\"http:\/\/www.basanaviciaus.vilnius.lm.lt\/wp-content\/uploads\/2020\/04\/1-8.jpg 473w, http:\/\/www.basanaviciaus.vilnius.lm.lt\/wp-content\/uploads\/2020\/04\/1-8-300x288.jpg 300w\" sizes=\"auto, (max-width: 473px) 100vw, 473px\" \/><\/a><\/p>\n<p>Gimnazijos muziejus \u012fkurtas 2014 met\u0173 lapkrit\u012f. Jo \u012fk\u016br\u0117ja &#8211; lietuvi\u0173 kalbos mokytoja Gra\u017eina Mali\u0161auskien\u0117.<\/p>\n<p>Muziejuje gausu \u012fvairi\u0173 eksponat\u0173.<\/p>\n<p>Tik \u012f\u0117jus pasitinka Tautos kult\u016bros medis, kurio lapeliai primena Lietuvai svarbius \u017emones. Jono Basanavi\u010diaus gyvenimui, jo darbams, Jono Basanavi\u010diaus premijos laureatams skirta stendin\u0117 ekspozicija.<\/p>\n<p>Gimnazijos istorij\u0105 mena nuotraukos, stendai, abiturient\u0173 vinjet\u0117s, \u0161imtadieni\u0173 testamentai, kalendoriai, pad\u0117kos mokiniams ir mokytojams, m\u0117nra\u0161\u010dio ,,Ritmas\u201c rinkiniai.<\/p>\n<p>Muziejuje eksponuojama unikali sen\u0173j\u0173 leidini\u0173 biblioteka. Gausu sve\u010di\u0173 padovanot\u0173 ir pa\u010di\u0173 pagamint\u0173 suvenyr\u0173.<\/p>\n<p>Etnografin\u0117 ekspozicija nukelia \u012f Lietuvos senov\u0119. \u010cia galite pamatyti \u012fvairius \u012frankius, tautines juostas, margara\u0161\u010dius audinius.<\/p>\n","protected":false},"excerpt":{"rendered":"<p>Gimnazijos muziejus \u012fkurtas 2014 met\u0173 lapkrit\u012f. Jo \u012fk\u016br\u0117ja &#8211; lietuvi\u0173 kalbos mokytoja Gra\u017eina Mali\u0161auskien\u0117. Muziejuje gausu \u012fvairi\u0173 eksponat\u0173. Tik \u012f\u0117jus pasitinka Tautos kult\u016bros medis, kurio lapeliai primena Lietuvai svarbius \u017emones. Jono Basanavi\u010diaus gyvenimui, jo darbams, Jono Basanavi\u010diaus premijos laureatams skirta stendin\u0117 ekspozicija. Gimnazijos istorij\u0105 mena nuotraukos, stendai, abiturient\u0173 vinjet\u0117s, \u0161imtadieni\u0173 testamentai, kalendoriai, pad\u0117kos mokiniams ir [&hellip;]<\/p>\n","protected":false},"author":1,"featured_media":0,"parent":20301,"menu_order":0,"comment_status":"closed","ping_status":"closed","template":"","meta":{"footnotes":""},"class_list":["post-20305","page","type-page","status-publish","hentry"],"_links":{"self":[{"href":"http:\/\/www.basanaviciaus.vilnius.lm.lt\/index.php?rest_route=\/wp\/v2\/pages\/20305","targetHints":{"allow":["GET"]}}],"collection":[{"href":"http:\/\/www.basanaviciaus.vilnius.lm.lt\/index.php?rest_route=\/wp\/v2\/pages"}],"about":[{"href":"http:\/\/www.basanaviciaus.vilnius.lm.lt\/index.php?rest_route=\/wp\/v2\/types\/page"}],"author":[{"embeddable":true,"href":"http:\/\/www.basanaviciaus.vilnius.lm.lt\/index.php?rest_route=\/wp\/v2\/users\/1"}],"replies":[{"embeddable":true,"href":"http:\/\/www.basanaviciaus.vilnius.lm.lt\/index.php?rest_route=%2Fwp%2Fv2%2Fcomments&post=20305"}],"version-history":[{"count":4,"href":"http:\/\/www.basanaviciaus.vilnius.lm.lt\/index.php?rest_route=\/wp\/v2\/pages\/20305\/revisions"}],"predecessor-version":[{"id":30652,"href":"http:\/\/www.basanaviciaus.vilnius.lm.lt\/index.php?rest_route=\/wp\/v2\/pages\/20305\/revisions\/30652"}],"up":[{"embeddable":true,"href":"http:\/\/www.basanaviciaus.vilnius.lm.lt\/index.php?rest_route=\/wp\/v2\/pages\/20301"}],"wp:attachment":[{"href":"http:\/\/www.basanaviciaus.vilnius.lm.lt\/index.php?rest_route=%2Fwp%2Fv2%2Fmedia&parent=20305"}],"curies":[{"name":"wp","href":"https:\/\/api.w.org\/{rel}","templated":true}]}}