{"id":20881,"date":"2021-04-01T16:30:39","date_gmt":"2021-04-01T13:30:39","guid":{"rendered":"http:\/\/www.basanaviciaus.vilnius.lm.lt\/?page_id=20881"},"modified":"2026-03-05T15:16:32","modified_gmt":"2026-03-05T13:16:32","slug":"apie-pasauline-dofe-apdovanojimu-programa","status":"publish","type":"page","link":"http:\/\/www.basanaviciaus.vilnius.lm.lt\/?page_id=20881","title":{"rendered":"DofE gimnazijoje"},"content":{"rendered":"<p><strong>Apie DofE program\u0105 <\/strong><\/p>\n<p>Nuo 2014 m. bir\u017eelio 10 d. Vilniaus Jono Basanavi\u010diaus gimnazija \u012fgyvendina \u201eThe Duke of Edinburgh\u2018s International Award\u201c (DofE) tarptautin\u0119 program\u0105.<\/p>\n<p>DofE programa \u2013 tai i\u0161 Edinburgo (Jungtin\u0117 Karalyst\u0117) atkeliavusi asmeninio tobul\u0117jimo programa, Lietuvoje nuo 2006 met\u0173 s\u0117kmingai \u012fgyvendinama organizacijose, dirban\u010diose su 14\u201324 met\u0173 jaunimu. Taikydami \u0161i\u0105 program\u0105, mes skatiname ugdyti socialines-emocines kompetencijas, atpa\u017einti savo geb\u0117jimus, i\u0161likti fizi\u0161kai aktyviems ir \u012fgyti karjeros planavimo \u012fg\u016bd\u017ei\u0173. \u00a0Tai savanori\u0161ka veikla, nepripa\u017e\u012fstanti jokios konkurencijos, skatinanti sav\u0119s pa\u017einim\u0105 ir tobul\u0117jim\u0105. Dalyviai kryptingai ugdo \u012fg\u016bd\u017eius, sportuoja, savanoriauja ir kartu su komanda eina \u012f \u017eygius. Kiekvienai veiklai i\u0161sikelia tobul\u0117jimo tikslus ir j\u0173 siekia.<\/p>\n<p><strong>Nauda dalyviams <\/strong><\/p>\n<p>Dalyvaudami DofE programoje jauni \u017emon\u0117s i\u0161sikelia individualius asmeninio tobul\u0117jimo tikslus ir j\u0173 siekia. M\u016bs\u0173 gimnazijoje program\u0105 \u012fgyvendina patyrusi DofE koordinator\u0117, programos ir \u017eygi\u0173 vadov\u0117 Vilma \u0160ik\u0161nien\u0117. DofE vadovo pagrindinis tikslas yra pad\u0117ti dalyviui \u012fsivertinti savo poky\u010dius, padr\u0105sinti t\u0119sti veiklas ir nei\u0161sig\u0105sti nes\u0117kmi\u0173. DofE programa visuomet yra i\u0161\u0161\u016bkis, ta\u010diau kartu ir linksmas nuotykis. Dalyviai turi i\u0161lavintus bendravimo, bendradarbiavimo \u012fg\u016bd\u017eius ne tik su bendraam\u017eiais, bet ir su vyresniais. Dalyvavimas skatina socialini\u0173-emocini\u0173 kompetencij\u0173 ugdym\u0105(si).<\/p>\n<p>Programa pagal am\u017ei\u0173 yra skirstoma \u012f tris pagrindinius lygius, kuriuos \u012fgyvendinus gaunamas tarptautinis sertifikatas ir lygio \u017eenklelis.<\/p>\n<p>DofE programos dalyviams suteikiamos galimyb\u0117s:<\/p>\n<ul>\n<li>Susirasti nauj\u0173 draug\u0173;<\/li>\n<li>Mokytis tolerancijos;<\/li>\n<li>Geriau susipa\u017einti su savo stipryb\u0117mis ir silpnyb\u0117mis;<\/li>\n<li>Patirti nuotyki\u0173;<\/li>\n<li>Didinti motyvacij\u0105 i\u0161bandyti nauj\u0173 dalyk\u0173, kartu ir mokytis;<\/li>\n<li>Stiprinti kritin\u012f m\u0105stym\u0105;<\/li>\n<li>I\u0161mokti keltis pamatuojamus tikslus ir reguliariai j\u0173 siekti;<\/li>\n<li>Tobulinti problem\u0173 sprendimo \u012fg\u016bd\u017eius;<\/li>\n<li>Gerinti refleksijos \u012fg\u016bd\u017eius;<\/li>\n<li>U\u017emegzti nauding\u0173 kontakt\u0173 ateities l\u016bkes\u010diams \u012fgyvendinti;<\/li>\n<li>Susipa\u017einti su \u012fvairiomis profesijomis ir lengviau apsispr\u0119sti, k\u0105 studijuoti.<\/li>\n<\/ul>\n<p>DofE programa yra vertinama darbdavi\u0173, nes parodo jaun\u0173 \u017emoni\u0173 motyvacij\u0105, geb\u0117jim\u0105 siekti tiksl\u0173, mokytis i\u0161 patirties ir efektyviai planuoti savo veikl\u0105.<\/p>\n","protected":false},"excerpt":{"rendered":"<p>Apie DofE program\u0105 Nuo 2014 m. bir\u017eelio 10 d. Vilniaus Jono Basanavi\u010diaus gimnazija \u012fgyvendina \u201eThe Duke of Edinburgh\u2018s International Award\u201c (DofE) tarptautin\u0119 program\u0105. DofE programa \u2013 tai i\u0161 Edinburgo (Jungtin\u0117 Karalyst\u0117) atkeliavusi asmeninio tobul\u0117jimo programa, Lietuvoje nuo 2006 met\u0173 s\u0117kmingai \u012fgyvendinama organizacijose, dirban\u010diose su 14\u201324 met\u0173 jaunimu. Taikydami \u0161i\u0105 program\u0105, mes skatiname ugdyti socialines-emocines kompetencijas, [&hellip;]<\/p>\n","protected":false},"author":1,"featured_media":0,"parent":190,"menu_order":0,"comment_status":"closed","ping_status":"closed","template":"","meta":{"footnotes":""},"class_list":["post-20881","page","type-page","status-publish","hentry"],"_links":{"self":[{"href":"http:\/\/www.basanaviciaus.vilnius.lm.lt\/index.php?rest_route=\/wp\/v2\/pages\/20881","targetHints":{"allow":["GET"]}}],"collection":[{"href":"http:\/\/www.basanaviciaus.vilnius.lm.lt\/index.php?rest_route=\/wp\/v2\/pages"}],"about":[{"href":"http:\/\/www.basanaviciaus.vilnius.lm.lt\/index.php?rest_route=\/wp\/v2\/types\/page"}],"author":[{"embeddable":true,"href":"http:\/\/www.basanaviciaus.vilnius.lm.lt\/index.php?rest_route=\/wp\/v2\/users\/1"}],"replies":[{"embeddable":true,"href":"http:\/\/www.basanaviciaus.vilnius.lm.lt\/index.php?rest_route=%2Fwp%2Fv2%2Fcomments&post=20881"}],"version-history":[{"count":4,"href":"http:\/\/www.basanaviciaus.vilnius.lm.lt\/index.php?rest_route=\/wp\/v2\/pages\/20881\/revisions"}],"predecessor-version":[{"id":33208,"href":"http:\/\/www.basanaviciaus.vilnius.lm.lt\/index.php?rest_route=\/wp\/v2\/pages\/20881\/revisions\/33208"}],"up":[{"embeddable":true,"href":"http:\/\/www.basanaviciaus.vilnius.lm.lt\/index.php?rest_route=\/wp\/v2\/pages\/190"}],"wp:attachment":[{"href":"http:\/\/www.basanaviciaus.vilnius.lm.lt\/index.php?rest_route=%2Fwp%2Fv2%2Fmedia&parent=20881"}],"curies":[{"name":"wp","href":"https:\/\/api.w.org\/{rel}","templated":true}]}}