{"id":24050,"date":"2022-08-25T14:55:00","date_gmt":"2022-08-25T11:55:00","guid":{"rendered":"http:\/\/www.basanaviciaus.vilnius.lm.lt\/?page_id=24050"},"modified":"2022-08-25T17:12:37","modified_gmt":"2022-08-25T14:12:37","slug":"dofe-lietuva-apdovanojimu-ceremonija","status":"publish","type":"page","link":"http:\/\/www.basanaviciaus.vilnius.lm.lt\/?page_id=24050","title":{"rendered":"DofE Lietuva apdovanojim\u0173 ceremonija"},"content":{"rendered":"<div>\n<div class=\"k0kqjr44 c26d6ho5 sygo2mea qxuwncqo hxf2uw4e h8391g91 m0cukt09 kpwa50dg ta68dy8c s9ok87oh s9ljgwtm lxqftegz bf1zulr9 r4jidfu8 ahb38r9s scpwgmsl opot3u1k tpvapw4o j0k7ypqs\">\n<div class=\"\">\n<div class=\"rdsw9yci\">\n<div class=\"\" dir=\"auto\">\n<div class=\"\" dir=\"auto\">\n<div class=\"d2hqwtrz r227ecj6 ez8dtbzv gt60zsk1\" data-ad-comet-preview=\"message\" data-ad-preview=\"message\">\n<div class=\"alzwoclg cqf1kptm siwo0mpr gu5uzgus\">\n<div class=\"jroqu855 nthtkgg5\">\n<div class=\"m8h3af8h l7ghb35v kjdc1dyq kmwttqpk gh25dzvf n3t5jt4f\">\n<div dir=\"auto\">\u201ePrograma pad\u0117jo augintis motyvacij\u0105 ir atkaklum\u0105 veikti, ma\u017eais \u017eingsneliais art\u0117ti link tikslo. Nor\u0117jau i\u0161mokti groti gitara. Prisiversti buvo sunku, bet nusprend\u017eiau \u0161iam tikslui kasdien skirti bent 10 minu\u010di\u0173. Kai tai tapo \u012fpro\u010diu, supratau, kad viskas bus gerai. Vos 10 minu\u010di\u0173 per dien\u0105 gali pad\u0117ti keistis ir tobul\u0117ti. Groti gitara i\u0161mokau ir vis dar groju. Daug kantryb\u0117s pareikalavo ir \u017eygiai. Ypa\u010d \u2013 aukso \u017eygis, \u012f kur\u012f leidom\u0117s Islandijoje. Teko bristi per ledines upes, sulijome, su\u0161alome \u2013 bet tiksl\u0105 su komanda pasiek\u0117me\u201c, \u2013 atsiimdamas aukso \u017eenklel\u012f sak\u0117 Gleb \u010cirkov,<a class=\"qi72231t nu7423ey n3hqoq4p r86q59rh b3qcqh3k fq87ekyn bdao358l fsf7x5fv rse6dlih s5oniofx m8h3af8h l7ghb35v kjdc1dyq kmwttqpk srn514ro oxkhqvkx rl78xhln nch0832m cr00lzj9 rn8ck1ys s3jn8y49 icdlwmnq cxfqmxzd d1w2l3lo tes86rjd\" tabindex=\"0\" role=\"link\" href=\"https:\/\/www.facebook.com\/vilniusJBG\/?__cft__[0]=AZVc-cIpYKodSbXpSFD_zo340A579D4B8lN6LQvewxaszIG4geNPmJ1OOp3XC8FZdZNzpO2ZpWaE720F-n0Y-MLCBgZG-df-kmJZ5i4V1ylqLRWDCGNcF-3OQhtZsbGRHSpV0ree1g0StKQTpdzDeFtAAQNVIegXsesaUA2t4yVvWFfwbfn30N1Vr7n0rNFIY7D1AF2KGWAxRy8mXUVBaUg9&amp;__tn__=kK-y-R\"><span class=\"rse6dlih\"> Vilniaus Jono Basanavi\u010diaus gimnazij<\/span><\/a>a absolventas.<\/div>\n<div dir=\"auto\">Tokie atgarsiai i\u0161 <a class=\"qi72231t nu7423ey n3hqoq4p r86q59rh b3qcqh3k fq87ekyn bdao358l fsf7x5fv rse6dlih s5oniofx m8h3af8h l7ghb35v kjdc1dyq kmwttqpk srn514ro oxkhqvkx rl78xhln nch0832m cr00lzj9 rn8ck1ys s3jn8y49 icdlwmnq cxfqmxzd d1w2l3lo tes86rjd\" tabindex=\"0\" role=\"link\" href=\"https:\/\/www.facebook.com\/botanikos.sodas\/?__cft__[0]=AZVc-cIpYKodSbXpSFD_zo340A579D4B8lN6LQvewxaszIG4geNPmJ1OOp3XC8FZdZNzpO2ZpWaE720F-n0Y-MLCBgZG-df-kmJZ5i4V1ylqLRWDCGNcF-3OQhtZsbGRHSpV0ree1g0StKQTpdzDeFtAAQNVIegXsesaUA2t4yVvWFfwbfn30N1Vr7n0rNFIY7D1AF2KGWAxRy8mXUVBaUg9&amp;__tn__=kK-y-R\"><span class=\"rse6dlih\">Vilniaus universiteto botanikos sodas<\/span><\/a> vykusios <a class=\"qi72231t nu7423ey n3hqoq4p r86q59rh b3qcqh3k fq87ekyn bdao358l fsf7x5fv rse6dlih s5oniofx m8h3af8h l7ghb35v kjdc1dyq kmwttqpk srn514ro oxkhqvkx rl78xhln nch0832m cr00lzj9 rn8ck1ys s3jn8y49 icdlwmnq cxfqmxzd d1w2l3lo tes86rjd\" tabindex=\"0\" role=\"link\" href=\"https:\/\/www.facebook.com\/DofELietuva\/?__cft__[0]=AZVc-cIpYKodSbXpSFD_zo340A579D4B8lN6LQvewxaszIG4geNPmJ1OOp3XC8FZdZNzpO2ZpWaE720F-n0Y-MLCBgZG-df-kmJZ5i4V1ylqLRWDCGNcF-3OQhtZsbGRHSpV0ree1g0StKQTpdzDeFtAAQNVIegXsesaUA2t4yVvWFfwbfn30N1Vr7n0rNFIY7D1AF2KGWAxRy8mXUVBaUg9&amp;__tn__=kK-y-R\"><span class=\"rse6dlih\">DofE Lietuva<\/span><\/a> apdovanojim\u0173 ceremonijos. Per dvi dienas 300 jaun\u0173 \u017emoni\u0173 i\u0161 visos Lietuvos apdovanoti aukso, sidabro ir bronzos lygio \u017eenkleliais ir tarptautiniais sertifikatais. DofE apdovanojimus \u012fteik\u0117 \u0160vietimo, mokslo ir sporto viceministrai Ram\u016bnas Skaud\u017eius ir Agn\u0117 Kudarauskien\u0117, Jungtin\u0117s Karalyst\u0117s gynybos ata\u0161\u0117 Steve Gleisinger ir Brit\u0173 pramon\u0117s ir prekybos r\u016bm\u0173 steig\u0117jas Lietuvoje, Karalien\u0117s El\u017ebietos II apdovanotas Brit\u0173 imperijos ordinu, Chris Butler.<\/div>\n<div dir=\"auto\">The Duke of Edinburgh&#8221;s International Award <a class=\"qi72231t nu7423ey n3hqoq4p r86q59rh b3qcqh3k fq87ekyn bdao358l fsf7x5fv rse6dlih s5oniofx m8h3af8h l7ghb35v kjdc1dyq kmwttqpk srn514ro oxkhqvkx rl78xhln nch0832m cr00lzj9 rn8ck1ys s3jn8y49 icdlwmnq cxfqmxzd d1w2l3lo tes86rjd\" tabindex=\"0\" role=\"link\" href=\"https:\/\/www.facebook.com\/hashtag\/dofe?__eep__=6&amp;__cft__[0]=AZVc-cIpYKodSbXpSFD_zo340A579D4B8lN6LQvewxaszIG4geNPmJ1OOp3XC8FZdZNzpO2ZpWaE720F-n0Y-MLCBgZG-df-kmJZ5i4V1ylqLRWDCGNcF-3OQhtZsbGRHSpV0ree1g0StKQTpdzDeFtAAQNVIegXsesaUA2t4yVvWFfwbfn30N1Vr7n0rNFIY7D1AF2KGWAxRy8mXUVBaUg9&amp;__tn__=*NK-y-R\">#DofE<\/a> yra tarptautin\u0117 neformaliojo \u0161vietimo <a class=\"qi72231t nu7423ey n3hqoq4p r86q59rh b3qcqh3k fq87ekyn bdao358l fsf7x5fv rse6dlih s5oniofx m8h3af8h l7ghb35v kjdc1dyq kmwttqpk srn514ro oxkhqvkx rl78xhln nch0832m cr00lzj9 rn8ck1ys s3jn8y49 icdlwmnq cxfqmxzd d1w2l3lo tes86rjd\" tabindex=\"0\" role=\"link\" href=\"https:\/\/www.facebook.com\/hashtag\/nv%C5%A1?__eep__=6&amp;__cft__[0]=AZVc-cIpYKodSbXpSFD_zo340A579D4B8lN6LQvewxaszIG4geNPmJ1OOp3XC8FZdZNzpO2ZpWaE720F-n0Y-MLCBgZG-df-kmJZ5i4V1ylqLRWDCGNcF-3OQhtZsbGRHSpV0ree1g0StKQTpdzDeFtAAQNVIegXsesaUA2t4yVvWFfwbfn30N1Vr7n0rNFIY7D1AF2KGWAxRy8mXUVBaUg9&amp;__tn__=*NK-y-R\">#NV\u0160<\/a> programa jaunimui. Programa prad\u0117ta 1956-ais metais Edinburgo hercogo princo Filipo (Prince Philip) Did\u017eiojoje Britanijoje ir nuo tada prie jos prisijung\u0117 jau daugiau nei 130 \u0161ali\u0173. \u0160iuo metu programoje dalyvauja 1,3 mln. jaun\u0173 \u017emoni\u0173.<\/div>\n<div dir=\"auto\">Pla\u010diau skaitykite \u010dia: <a class=\"qi72231t nu7423ey n3hqoq4p r86q59rh b3qcqh3k fq87ekyn bdao358l fsf7x5fv rse6dlih s5oniofx m8h3af8h l7ghb35v kjdc1dyq kmwttqpk srn514ro oxkhqvkx rl78xhln nch0832m cr00lzj9 rn8ck1ys s3jn8y49 icdlwmnq cxfqmxzd ezidihy3\" tabindex=\"0\" role=\"link\" href=\"https:\/\/l.facebook.com\/l.php?u=https%3A%2F%2Fwww.lmnsc.lt%2Fnaujiena%2Fjubiliejineje-dofe-programos-ceremonijoje-apdovanoti-300-mokiniu%2F%3Ffbclid%3DIwAR0seoQmVJtPPkX2VDmsJUFCSXPKa15uq7DbCszC8HtTtWihXkSEiPpdBDI&amp;h=AT2W_NPHiJkm1MNEIO29mBXU_l9AwIMcHi440QBFOyHIpkWf2EhvyHm71VnFj0fmOQ8nCm5V7ZJK8IvFDWvg7W_pGSQyfhKlMrYsvCUCWjP8OeTpzMQsfWnmeA4XyTQsBQ&amp;__tn__=-UK-y-R&amp;c[0]=AT1w_jlEtjtPfEiR67BXDww4rojBdSDD1Q5GJU4DaVVcNsNDTVkYAqf4Fjdi5gFA01F3p_jpfeLm3pjp3FZfYr77m1PGpS0Kt_71-N-EGozMsTUHIAFZ_XfzZL2zwYFIk9sPt9acK8SlGnRtkmWb1o3-7xBRaR6lWwUK4bGI8Az3BNgjQbVHpzTJboRzAD4TNxQOdQCBRhjHJGFhPtyWdv48VQryguZaFQ\" target=\"_blank\" rel=\"nofollow noopener noreferrer\">https:\/\/www.lmnsc.lt\/&#8230;\/jubiliejineje-dofe-programos&#8230;\/<\/a><\/div>\n<div dir=\"auto\"><a href=\"http:\/\/www.basanaviciaus.vilnius.lm.lt\/wp-content\/uploads\/2020\/04\/11-1.jpg\"><img loading=\"lazy\" decoding=\"async\" class=\"aligncenter size-full wp-image-24045\" src=\"http:\/\/www.basanaviciaus.vilnius.lm.lt\/wp-content\/uploads\/2020\/04\/11-1.jpg\" alt=\"\" width=\"1875\" height=\"1251\" srcset=\"http:\/\/www.basanaviciaus.vilnius.lm.lt\/wp-content\/uploads\/2020\/04\/11-1.jpg 1875w, http:\/\/www.basanaviciaus.vilnius.lm.lt\/wp-content\/uploads\/2020\/04\/11-1-300x200.jpg 300w, http:\/\/www.basanaviciaus.vilnius.lm.lt\/wp-content\/uploads\/2020\/04\/11-1-768x512.jpg 768w, http:\/\/www.basanaviciaus.vilnius.lm.lt\/wp-content\/uploads\/2020\/04\/11-1-1536x1025.jpg 1536w, http:\/\/www.basanaviciaus.vilnius.lm.lt\/wp-content\/uploads\/2020\/04\/11-1-272x182.jpg 272w\" sizes=\"auto, (max-width: 1875px) 100vw, 1875px\" \/><\/a><\/div>\n<\/div>\n<\/div>\n<\/div>\n<\/div>\n<\/div>\n<\/div>\n<\/div>\n<\/div>\n<\/div>\n<\/div>\n<div>\n<div class=\"hf30pyar lq84ybu9 ta68dy8c kpwa50dg lk0hwhjd cmg2g80i\" data-visualcompletion=\"ignore-dynamic\">\n<div>\n<div>\n<div>\n<div class=\"om3e55n1\">\n<div class=\"i85zmo3j rtxb060y alzwoclg k1z55t6l siu44isn oog5qr5w m8h3af8h rj0o91l8 kjdc1dyq p9ctufpz pvreidsc oxkhqvkx n68fow1o nch0832m mfycix9x\">\n<div class=\"i85zmo3j alzwoclg cgu29s5g lq84ybu9 hf30pyar\">\n<div class=\"\">\n<div class=\"qi72231t nu7423ey n3hqoq4p r86q59rh b3qcqh3k fq87ekyn bdao358l fsf7x5fv s5oniofx m8h3af8h l7ghb35v kjdc1dyq kmwttqpk srn514ro oxkhqvkx rl78xhln nch0832m cr00lzj9 rn8ck1ys s3jn8y49 o9erhkwx dzqi5evh hupbnkgi hvb2xoa8 om3e55n1 f14ij5to l3ldwz01 icdlwmnq jxuftiz4 lpp9fc1v lq84ybu9 hf30pyar b0ur3jhr b6ax4al1\" tabindex=\"0\" role=\"button\">\u00a0<\/div>\n<\/div>\n<\/div>\n<\/div>\n<\/div>\n<\/div>\n<\/div>\n<\/div>\n<\/div>\n<\/div>\n\n\n<p><\/p>\n","protected":false},"excerpt":{"rendered":"<p>\u201ePrograma pad\u0117jo augintis motyvacij\u0105 ir atkaklum\u0105 veikti, ma\u017eais \u017eingsneliais art\u0117ti link tikslo. Nor\u0117jau i\u0161mokti groti gitara. Prisiversti buvo sunku, bet nusprend\u017eiau \u0161iam tikslui kasdien skirti bent 10 minu\u010di\u0173. Kai tai tapo \u012fpro\u010diu, supratau, kad viskas bus gerai. Vos 10 minu\u010di\u0173 per dien\u0105 gali pad\u0117ti keistis ir tobul\u0117ti. Groti gitara i\u0161mokau ir vis dar groju. Daug [&hellip;]<\/p>\n","protected":false},"author":1,"featured_media":24045,"parent":16753,"menu_order":0,"comment_status":"closed","ping_status":"closed","template":"","meta":{"footnotes":""},"class_list":["post-24050","page","type-page","status-publish","has-post-thumbnail","hentry"],"_links":{"self":[{"href":"http:\/\/www.basanaviciaus.vilnius.lm.lt\/index.php?rest_route=\/wp\/v2\/pages\/24050","targetHints":{"allow":["GET"]}}],"collection":[{"href":"http:\/\/www.basanaviciaus.vilnius.lm.lt\/index.php?rest_route=\/wp\/v2\/pages"}],"about":[{"href":"http:\/\/www.basanaviciaus.vilnius.lm.lt\/index.php?rest_route=\/wp\/v2\/types\/page"}],"author":[{"embeddable":true,"href":"http:\/\/www.basanaviciaus.vilnius.lm.lt\/index.php?rest_route=\/wp\/v2\/users\/1"}],"replies":[{"embeddable":true,"href":"http:\/\/www.basanaviciaus.vilnius.lm.lt\/index.php?rest_route=%2Fwp%2Fv2%2Fcomments&post=24050"}],"version-history":[{"count":3,"href":"http:\/\/www.basanaviciaus.vilnius.lm.lt\/index.php?rest_route=\/wp\/v2\/pages\/24050\/revisions"}],"predecessor-version":[{"id":24281,"href":"http:\/\/www.basanaviciaus.vilnius.lm.lt\/index.php?rest_route=\/wp\/v2\/pages\/24050\/revisions\/24281"}],"up":[{"embeddable":true,"href":"http:\/\/www.basanaviciaus.vilnius.lm.lt\/index.php?rest_route=\/wp\/v2\/pages\/16753"}],"wp:featuredmedia":[{"embeddable":true,"href":"http:\/\/www.basanaviciaus.vilnius.lm.lt\/index.php?rest_route=\/wp\/v2\/media\/24045"}],"wp:attachment":[{"href":"http:\/\/www.basanaviciaus.vilnius.lm.lt\/index.php?rest_route=%2Fwp%2Fv2%2Fmedia&parent=24050"}],"curies":[{"name":"wp","href":"https:\/\/api.w.org\/{rel}","templated":true}]}}