{"id":26890,"date":"2023-01-04T14:19:45","date_gmt":"2023-01-04T12:19:45","guid":{"rendered":"http:\/\/www.basanaviciaus.vilnius.lm.lt\/?page_id=26890"},"modified":"2023-01-04T14:19:45","modified_gmt":"2023-01-04T12:19:45","slug":"projektas-sveikos-gyvensenos-skatinimas-ir-moksleiviu-sveikatos-rastingumo-ugdymas-vilniaus-mieste","status":"publish","type":"page","link":"http:\/\/www.basanaviciaus.vilnius.lm.lt\/?page_id=26890","title":{"rendered":"Projektas \u201eSveikos gyvensenos skatinimas ir moksleivi\u0173 sveikatos ra\u0161tingumo ugdymas Vilniaus mieste\u201c"},"content":{"rendered":"<p>2022 m. rugs\u0117jo &#8211; 2023 m. gegu\u017e\u0117s m\u0117n. gimnazijos I-II klasi\u0173 mokiniai dalyvauja Vilniaus miesto Savivaldyb\u0117s Visuomen\u0117s sveikatos biuro organizuojamo projekto \u201eSveikos gyvensenos skatinimas ir moksleivi\u0173 sveikatos ra\u0161tingumo ugdymas Vilniaus mieste\u201c paskaitose.<\/p>\n<p>Projekto tikslas \u2013 suformuoti pozityvius Vilniaus miesto gyventoj\u0173 sveikatos elgsenos poky\u010dius, padidinant j\u0173 sveikatos ra\u0161tingumo lyg\u012f. Projekto metu siekiant stiprinti vaik\u0173 fizin\u0119 ir emocin\u0119 sveikat\u0105, jie bus apmokyti suteikti pirm\u0105j\u0105 ir b\u016btin\u0105j\u0105 pagalb\u0105, suteikta \u017eini\u0173 apie sveik\u0105 gyvensen\u0105 ir fizin\u012f aktyvum\u0105, ple\u010diamos jau turimos \u017einios apie \u017ealingus \u012fpro\u010dius ir galimas rizikas bei skatinama diskutuoti ly\u010di\u0173 lygyb\u0117s klausimais.<\/p>\n<p>\u0160ios temos pl\u0117tojamos per 5 paskait\u0173 cikl\u0105. Mokiniams, i\u0161klausiusiems 5 paskait\u0173 cikl\u0105, organizuojamas baigiamasis renginys \u2013 protm\u016b\u0161is, kuriame vaikai \u012ftvirtina \u012fgytas \u017einias.<\/p>\n<p>Daugiau informacijos apie projekt\u0105: Sveikos gyvensenos skatinimas ir moksleivi\u0173 sveikatos ra\u0161tingumo ugdymas Vilniaus mieste \u2013 <a href=\"http:\/\/vilniussveikiau.lt\">Vilniaus visuomen\u0117s sveikatos biuras<\/a><\/p>\n","protected":false},"excerpt":{"rendered":"<p>2022 m. rugs\u0117jo &#8211; 2023 m. gegu\u017e\u0117s m\u0117n. gimnazijos I-II klasi\u0173 mokiniai dalyvauja Vilniaus miesto Savivaldyb\u0117s Visuomen\u0117s sveikatos biuro organizuojamo projekto \u201eSveikos gyvensenos skatinimas ir moksleivi\u0173 sveikatos ra\u0161tingumo ugdymas Vilniaus mieste\u201c paskaitose. Projekto tikslas \u2013 suformuoti pozityvius Vilniaus miesto gyventoj\u0173 sveikatos elgsenos poky\u010dius, padidinant j\u0173 sveikatos ra\u0161tingumo lyg\u012f. Projekto metu siekiant stiprinti vaik\u0173 fizin\u0119 ir [&hellip;]<\/p>\n","protected":false},"author":1,"featured_media":0,"parent":0,"menu_order":0,"comment_status":"closed","ping_status":"closed","template":"","meta":{"footnotes":""},"class_list":["post-26890","page","type-page","status-publish","hentry"],"_links":{"self":[{"href":"http:\/\/www.basanaviciaus.vilnius.lm.lt\/index.php?rest_route=\/wp\/v2\/pages\/26890","targetHints":{"allow":["GET"]}}],"collection":[{"href":"http:\/\/www.basanaviciaus.vilnius.lm.lt\/index.php?rest_route=\/wp\/v2\/pages"}],"about":[{"href":"http:\/\/www.basanaviciaus.vilnius.lm.lt\/index.php?rest_route=\/wp\/v2\/types\/page"}],"author":[{"embeddable":true,"href":"http:\/\/www.basanaviciaus.vilnius.lm.lt\/index.php?rest_route=\/wp\/v2\/users\/1"}],"replies":[{"embeddable":true,"href":"http:\/\/www.basanaviciaus.vilnius.lm.lt\/index.php?rest_route=%2Fwp%2Fv2%2Fcomments&post=26890"}],"version-history":[{"count":1,"href":"http:\/\/www.basanaviciaus.vilnius.lm.lt\/index.php?rest_route=\/wp\/v2\/pages\/26890\/revisions"}],"predecessor-version":[{"id":26891,"href":"http:\/\/www.basanaviciaus.vilnius.lm.lt\/index.php?rest_route=\/wp\/v2\/pages\/26890\/revisions\/26891"}],"wp:attachment":[{"href":"http:\/\/www.basanaviciaus.vilnius.lm.lt\/index.php?rest_route=%2Fwp%2Fv2%2Fmedia&parent=26890"}],"curies":[{"name":"wp","href":"https:\/\/api.w.org\/{rel}","templated":true}]}}