{"id":283,"date":"2013-02-06T15:26:38","date_gmt":"2013-02-06T13:26:38","guid":{"rendered":"http:\/\/www2086.vu.lt\/?page_id=283"},"modified":"2026-01-08T15:15:15","modified_gmt":"2026-01-08T13:15:15","slug":"metodine-taryba","status":"publish","type":"page","link":"http:\/\/www.basanaviciaus.vilnius.lm.lt\/?page_id=283","title":{"rendered":"Metodin\u0117s grup\u0117s"},"content":{"rendered":"<div data-colibri-id=\"283-c1\" class=\"style-815 style-local-283-c1 position-relative\">\n  <!---->\n  <div data-colibri-component=\"section\" data-colibri-id=\"283-c2\" id=\"initial-content\" class=\"h-section h-section-global-spacing d-flex align-items-lg-center align-items-md-center align-items-center style-816 style-local-283-c2 position-relative\">\n    <!---->\n    <!---->\n    <div class=\"h-section-grid-container h-section-boxed-container\">\n      <!---->\n      <div data-colibri-id=\"283-c3\" class=\"h-row-container gutters-row-lg-2 gutters-row-md-2 gutters-row-0 gutters-row-v-lg-2 gutters-row-v-md-2 gutters-row-v-2 style-895 style-local-283-c3 position-relative\">\n        <!---->\n        <div class=\"h-row justify-content-lg-center justify-content-md-center justify-content-center align-items-lg-stretch align-items-md-stretch align-items-stretch gutters-col-lg-2 gutters-col-md-2 gutters-col-0 gutters-col-v-lg-2 gutters-col-v-md-2 gutters-col-v-2\">\n          <!---->\n          <div class=\"h-column h-column-container d-flex h-col-lg-auto h-col-md-auto h-col-auto style-896-outer style-local-283-c4-outer\">\n            <div data-colibri-id=\"283-c4\" class=\"d-flex h-flex-basis h-column__inner h-px-lg-2 h-px-md-2 h-px-2 v-inner-lg-2 v-inner-md-2 v-inner-2 style-896 style-local-283-c4 position-relative\">\n              <!---->\n              <!---->\n              <div class=\"w-100 h-y-container h-column__content h-column__v-align flex-basis-100 align-self-lg-start align-self-md-start align-self-start\">\n                <!---->\n                <div data-colibri-id=\"283-c5\" class=\"h-text h-text-component style-4950 style-local-283-c5 position-relative h-element\">\n                  <!---->\n                  <!---->\n                  <div class=\"\">\n                    <p>2025 &#8211; 2026 m.m.<\/p>\n                  <\/div>\n                <\/div>\n              <\/div>\n            <\/div>\n          <\/div>\n        <\/div>\n      <\/div>\n    <\/div>\n  <\/div>\n  <div data-colibri-component=\"section\" data-colibri-id=\"283-c7\" id=\"custom\" class=\"h-section h-section-global-spacing d-flex align-items-lg-center align-items-md-center align-items-center style-820 style-local-283-c7 position-relative\">\n    <!---->\n    <!---->\n    <div class=\"h-section-grid-container h-section-boxed-container\">\n      <!---->\n      <div data-colibri-id=\"283-c8\" class=\"h-row-container gutters-row-lg-2 gutters-row-md-2 gutters-row-0 gutters-row-v-lg-2 gutters-row-v-md-2 gutters-row-v-2 style-821 style-local-283-c8 position-relative\">\n        <!---->\n        <div class=\"h-row justify-content-lg-center justify-content-md-center justify-content-center align-items-lg-stretch align-items-md-stretch align-items-stretch gutters-col-lg-2 gutters-col-md-2 gutters-col-0 gutters-col-v-lg-2 gutters-col-v-md-2 gutters-col-v-2\">\n          <!---->\n          <div class=\"h-column h-column-container d-flex h-col-lg-auto h-col-md-auto h-col-auto style-822-outer style-local-283-c9-outer\">\n            <div data-colibri-id=\"283-c9\" class=\"d-flex h-flex-basis h-column__inner h-px-lg-2 h-px-md-2 h-px-2 v-inner-lg-2 v-inner-md-2 v-inner-2 style-822 style-local-283-c9 position-relative\">\n              <!---->\n              <!---->\n              <div class=\"w-100 h-y-container h-column__content h-column__v-align flex-basis-100 align-self-lg-start align-self-md-start align-self-start\">\n                <!---->\n                <div data-colibri-id=\"283-c10\" class=\"h-global-transition-all h-heading style-826 style-local-283-c10 position-relative h-element\">\n                  <!---->\n                  <div class=\"h-heading__outer style-826 style-local-283-c10\">\n                    <!---->\n                    <!---->\n                    <h4 class=\"\">Lietuvi\u0173 kalbos ir dorinio ugdymo metodin\u0117 grup\u0117<\/h4>\n                  <\/div>\n                <\/div>\n                <div data-colibri-id=\"283-c11\" class=\"h-global-transition-all h-heading style-831 style-local-283-c11 position-relative h-element\">\n                  <!---->\n                  <div class=\"h-heading__outer style-831 style-local-283-c11\">\n                    <!---->\n                    <!---->\n                    <h5 class=\"\">Pirminink\u0117<\/h5>\n                  <\/div>\n                <\/div>\n                <div data-colibri-id=\"283-c12\" class=\"h-text h-text-component style-4285 style-local-283-c12 position-relative h-element\">\n                  <!---->\n                  <!---->\n                  <div class=\"\">\n                    <p>Laura Pak\u0161tait\u0117<\/p>\n                    <p><span style=\"color: rgb(3, 60, 244); font-family: &quot;Nunito Sans&quot;; font-size: 16px; font-weight: 400;\">el. pa\u0161tas: laura.pakstaite@jbgvilnius.lt<\/span><\/p>\n                  <\/div>\n                <\/div>\n                <div data-colibri-id=\"283-c13\" class=\"h-global-transition-all h-heading style-832 style-local-283-c13 position-relative h-element\">\n                  <!---->\n                  <div class=\"h-heading__outer style-832 style-local-283-c13\">\n                    <!---->\n                    <!---->\n                    <h5 class=\"\">Pavaduotoja<\/h5>\n                  <\/div>\n                <\/div>\n                <div data-colibri-id=\"283-c14\" class=\"h-text h-text-component style-4287 style-local-283-c14 position-relative h-element\">\n                  <!---->\n                  <!---->\n                  <div class=\"\">\n                    <p>Inga \u017dydelien\u0117<\/p>\n                    <p>el. pa\u0161tas: inga.zydeliene@jbgvilnius.lt<\/p>\n                  <\/div>\n                <\/div>\n              <\/div>\n            <\/div>\n          <\/div>\n          <div class=\"h-column h-column-container d-flex h-col-lg-auto h-col-md-auto h-col-auto style-823-outer style-local-283-c15-outer\">\n            <div data-colibri-id=\"283-c15\" class=\"d-flex h-flex-basis h-column__inner h-px-lg-2 h-px-md-2 h-px-2 v-inner-lg-2 v-inner-md-2 v-inner-2 style-823 style-local-283-c15 position-relative\">\n              <!---->\n              <!---->\n              <div class=\"w-100 h-y-container h-column__content h-column__v-align flex-basis-100 align-self-lg-start align-self-md-start align-self-start\">\n                <!---->\n                <div data-colibri-id=\"283-c16\" class=\"h-global-transition-all h-heading style-833 style-local-283-c16 position-relative h-element\">\n                  <!---->\n                  <div class=\"h-heading__outer style-833 style-local-283-c16\">\n                    <!---->\n                    <!---->\n                    <h4 class=\"\">U\u017esienio kalb\u0173\n                      <br>metodin\u0117 grup\u0117<\/h4>\n                  <\/div>\n                <\/div>\n                <div data-colibri-id=\"283-c17\" class=\"h-global-transition-all h-heading style-834 style-local-283-c17 position-relative h-element\">\n                  <!---->\n                  <div class=\"h-heading__outer style-834 style-local-283-c17\">\n                    <!---->\n                    <!---->\n                    <h5 class=\"\">Pirminink\u0117<\/h5>\n                  <\/div>\n                <\/div>\n                <div data-colibri-id=\"283-c18\" class=\"h-text h-text-component style-4288 style-local-283-c18 position-relative h-element\">\n                  <!---->\n                  <!---->\n                  <div class=\"\">\n                    <p>Aira Margelyt\u0117<\/p>\n                    <p><span style=\"color: rgb(3, 60, 244); font-family: &quot;Nunito Sans&quot;; font-size: 16px; font-weight: 400;\">el. pa\u0161tas: aira.margelyte@jbgvilnius.lt<\/span><\/p>\n                  <\/div>\n                <\/div>\n                <div data-colibri-id=\"283-c19\" class=\"h-global-transition-all h-heading style-836 style-local-283-c19 position-relative h-element\">\n                  <!---->\n                  <div class=\"h-heading__outer style-836 style-local-283-c19\">\n                    <!---->\n                    <!---->\n                    <h5 class=\"\">Pavaduotoja<\/h5>\n                  <\/div>\n                <\/div>\n                <div data-colibri-id=\"283-c20\" class=\"h-text h-text-component style-4289 style-local-283-c20 position-relative h-element\">\n                  <!---->\n                  <!---->\n                  <div class=\"\">\n                    <p>Sniega Krenci\u016bt\u0117<\/p>\n                    <p>el. pa\u0161tas: sniega.krenciute@jbgvilnius.lt<\/p>\n                  <\/div>\n                <\/div>\n              <\/div>\n            <\/div>\n          <\/div>\n          <div class=\"h-column h-column-container d-flex h-col-lg-auto h-col-md-auto h-col-auto style-3508-outer style-local-283-c21-outer\">\n            <div data-colibri-id=\"283-c21\" class=\"d-flex h-flex-basis h-column__inner h-px-lg-2 h-px-md-2 h-px-2 v-inner-lg-2 v-inner-md-2 v-inner-2 style-3508 style-local-283-c21 position-relative\">\n              <!---->\n              <!---->\n              <div class=\"w-100 h-y-container h-column__content h-column__v-align flex-basis-100 align-self-lg-start align-self-md-start align-self-start\">\n                <!---->\n                <div data-colibri-id=\"283-c22\" class=\"h-global-transition-all h-heading style-3509 style-local-283-c22 position-relative h-element\">\n                  <!---->\n                  <div class=\"h-heading__outer style-3509 style-local-283-c22\">\n                    <!---->\n                    <!---->\n                    <h4 class=\"\">Visuomenini\u0173 moksl\u0173\n                      <br>metodin\u0117 grup\u0117<\/h4>\n                  <\/div>\n                <\/div>\n                <div data-colibri-id=\"283-c23\" class=\"h-global-transition-all h-heading style-3510 style-local-283-c23 position-relative h-element\">\n                  <!---->\n                  <div class=\"h-heading__outer style-3510 style-local-283-c23\">\n                    <!---->\n                    <!---->\n                    <h5 class=\"\">Pirminink\u0117<\/h5>\n                  <\/div>\n                <\/div>\n                <div data-colibri-id=\"283-c24\" class=\"h-text h-text-component style-3511 style-local-283-c24 position-relative h-element\">\n                  <!---->\n                  <!---->\n                  <div class=\"\">\n                    <p><span style=\"color: rgb(3, 60, 244); font-family: &quot;Nunito Sans&quot;; font-size: 16px; font-weight: 400;\">Nijol\u0117 Pilipavi\u010dien\u0117<\/span><\/p>\n                    <p><span style=\"font-weight: 400; font-size: 16px; font-family: &quot;Nunito Sans&quot;; color: rgb(3, 60, 244);\">el. pa\u0161tas: nijole.pilipaviciene<\/span><span style=\"font-weight: 400; font-size: 16px; font-family: &quot;Nunito Sans&quot;; color: rgb(53, 64, 74);\">@<\/span>\n                      <span\n                        style=\"font-weight: 400; font-size: 16px; font-family: &quot;Nunito Sans&quot;; color: rgb(3, 60, 244);\">jbgvilnius.lt<\/span>\n                    <\/p>\n                  <\/div>\n                <\/div>\n                <div data-colibri-id=\"283-c25\" class=\"h-global-transition-all h-heading style-3512 style-local-283-c25 position-relative h-element\">\n                  <!---->\n                  <div class=\"h-heading__outer style-3512 style-local-283-c25\">\n                    <!---->\n                    <!---->\n                    <h5 class=\"\">Pavaduotoja<\/h5>\n                  <\/div>\n                <\/div>\n                <div data-colibri-id=\"283-c26\" class=\"h-text h-text-component style-3513 style-local-283-c26 position-relative h-element\">\n                  <!---->\n                  <!---->\n                  <div class=\"\">\n                    <p>Lina Rimkuvien\u0117<\/p>\n                    <p>el. pa\u0161tas: lina.rimkuviene<span style=\"font-weight: 400; font-size: 16px; font-family: &quot;Nunito Sans&quot;; color: rgb(53, 64, 74);\">@<\/span>jbgvilnius.lt<\/p>\n                  <\/div>\n                <\/div>\n              <\/div>\n            <\/div>\n          <\/div>\n        <\/div>\n      <\/div>\n    <\/div>\n  <\/div>\n  <div data-colibri-component=\"section\" data-colibri-id=\"283-c27\" id=\"custom-2\" class=\"h-section h-section-global-spacing d-flex align-items-lg-center align-items-md-center align-items-center style-847 style-local-283-c27 position-relative\">\n    <!---->\n    <!---->\n    <div class=\"h-section-grid-container h-section-boxed-container\">\n      <!---->\n      <div data-colibri-id=\"283-c28\" class=\"h-row-container gutters-row-lg-2 gutters-row-md-2 gutters-row-0 gutters-row-v-lg-2 gutters-row-v-md-2 gutters-row-v-2 style-848 style-local-283-c28 position-relative\">\n        <!---->\n        <div class=\"h-row justify-content-lg-center justify-content-md-center justify-content-center align-items-lg-stretch align-items-md-stretch align-items-stretch gutters-col-lg-2 gutters-col-md-2 gutters-col-0 gutters-col-v-lg-2 gutters-col-v-md-2 gutters-col-v-2\">\n          <!---->\n          <div class=\"h-column h-column-container d-flex h-col-lg-auto h-col-md-auto h-col-auto style-849-outer style-local-283-c29-outer\">\n            <div data-colibri-id=\"283-c29\" class=\"d-flex h-flex-basis h-column__inner h-px-lg-2 h-px-md-2 h-px-2 v-inner-lg-2 v-inner-md-2 v-inner-2 style-849 style-local-283-c29 position-relative\">\n              <!---->\n              <!---->\n              <div class=\"w-100 h-y-container h-column__content h-column__v-align flex-basis-100 align-self-lg-start align-self-md-start align-self-start\">\n                <!---->\n                <div data-colibri-id=\"283-c30\" class=\"h-global-transition-all h-heading style-852 style-local-283-c30 position-relative h-element\">\n                  <!---->\n                  <div class=\"h-heading__outer style-852 style-local-283-c30\">\n                    <!---->\n                    <!---->\n                    <h4 class=\"\">Tiksli\u0173j\u0173 moksl\u0173\n                      <br>metodin\u0117 grup\u0117<\/h4>\n                  <\/div>\n                <\/div>\n                <div data-colibri-id=\"283-c31\" class=\"h-global-transition-all h-heading style-853 style-local-283-c31 position-relative h-element\">\n                  <!---->\n                  <div class=\"h-heading__outer style-853 style-local-283-c31\">\n                    <!---->\n                    <!---->\n                    <h5 class=\"\">Pirminink\u0117<\/h5>\n                  <\/div>\n                <\/div>\n                <div data-colibri-id=\"283-c32\" class=\"h-text h-text-component style-4292 style-local-283-c32 position-relative h-element\">\n                  <!---->\n                  <!---->\n                  <div class=\"\">\n                    <p>Giedr\u0117 Kvizikevi\u010dien\u0117<\/p>\n                    <p>el. pa\u0161tas: giedre.kvizikeviciene@jbgvilnius.lt<\/p>\n                  <\/div>\n                <\/div>\n                <div data-colibri-id=\"283-c33\" class=\"h-global-transition-all h-heading style-855 style-local-283-c33 position-relative h-element\">\n                  <!---->\n                  <div class=\"h-heading__outer style-855 style-local-283-c33\">\n                    <!---->\n                    <!---->\n                    <h5 class=\"\">Pavaduotoja<\/h5>\n                  <\/div>\n                <\/div>\n                <div data-colibri-id=\"283-c34\" class=\"h-text h-text-component style-4293 style-local-283-c34 position-relative h-element\">\n                  <!---->\n                  <!---->\n                  <div class=\"\">\n                    <p>Ramut\u0117 Keblien\u0117<\/p>\n                    <p>el. pa\u0161tas: ramute.kebliene@jbgvilnius.lt<\/p>\n                  <\/div>\n                <\/div>\n              <\/div>\n            <\/div>\n          <\/div>\n          <div class=\"h-column h-column-container d-flex h-col-lg-auto h-col-md-auto h-col-auto style-850-outer style-local-283-c35-outer\">\n            <div data-colibri-id=\"283-c35\" class=\"d-flex h-flex-basis h-column__inner h-px-lg-2 h-px-md-2 h-px-2 v-inner-lg-2 v-inner-md-2 v-inner-2 style-850 style-local-283-c35 position-relative\">\n              <!---->\n              <!---->\n              <div class=\"w-100 h-y-container h-column__content h-column__v-align flex-basis-100 align-self-lg-start align-self-md-start align-self-start\">\n                <!---->\n                <div data-colibri-id=\"283-c36\" class=\"h-global-transition-all h-heading style-857 style-local-283-c36 position-relative h-element\">\n                  <!---->\n                  <div class=\"h-heading__outer style-857 style-local-283-c36\">\n                    <!---->\n                    <!---->\n                    <h4 class=\"\">Men\u0173, technologij\u0173, fizinio ugdymo metodin\u0117 grup\u0117<\/h4>\n                  <\/div>\n                <\/div>\n                <div data-colibri-id=\"283-c37\" class=\"h-global-transition-all h-heading style-858 style-local-283-c37 position-relative h-element\">\n                  <!---->\n                  <div class=\"h-heading__outer style-858 style-local-283-c37\">\n                    <!---->\n                    <!---->\n                    <h5 class=\"\">Pirminink\u0117<\/h5>\n                  <\/div>\n                <\/div>\n                <div data-colibri-id=\"283-c38\" class=\"h-text h-text-component style-4290 style-local-283-c38 position-relative h-element\">\n                  <!---->\n                  <!---->\n                  <div class=\"\">\n                    <p>Migl\u0117 Glebuvien\u0117<\/p>\n                    <p>el. pa\u0161tas: migle.glebuviene@jbgvilnius.lt<\/p>\n                  <\/div>\n                <\/div>\n                <div data-colibri-id=\"283-c39\" class=\"h-global-transition-all h-heading style-860 style-local-283-c39 position-relative h-element\">\n                  <!---->\n                  <div class=\"h-heading__outer style-860 style-local-283-c39\">\n                    <!---->\n                    <!---->\n                    <h5 class=\"\">Pavaduotoja<\/h5>\n                  <\/div>\n                <\/div>\n                <div data-colibri-id=\"283-c40\" class=\"h-text h-text-component style-4291 style-local-283-c40 position-relative h-element\">\n                  <!---->\n                  <!---->\n                  <div class=\"\">\n                    <p>Gabriel\u0117 Petrauskien\u0117<\/p>\n                    <p>el. pa\u0161tas: gabriele.petrauskiene@jbgvilnius.lt<\/p>\n                  <\/div>\n                <\/div>\n              <\/div>\n            <\/div>\n          <\/div>\n          <div class=\"h-column h-column-container d-flex h-col-lg-auto h-col-md-auto h-col-auto style-851-outer style-local-283-c41-outer\">\n            <div data-colibri-id=\"283-c41\" class=\"d-flex h-flex-basis h-column__inner h-px-lg-2 h-px-md-2 h-px-2 v-inner-lg-2 v-inner-md-2 v-inner-2 style-851 style-local-283-c41 position-relative\">\n              <!---->\n              <!---->\n              <div class=\"w-100 h-y-container h-column__content h-column__v-align flex-basis-100 align-self-lg-start align-self-md-start align-self-start\">\n                <!---->\n                <div data-colibri-id=\"283-c42\" class=\"h-global-transition-all h-heading style-862 style-local-283-c42 position-relative h-element\">\n                  <!---->\n                  <div class=\"h-heading__outer style-862 style-local-283-c42\">\n                    <!---->\n                    <!---->\n                    <h4 class=\"\">Gamtos moksl\u0173\n                      <br>metodin\u0117 grup\u0117<\/h4>\n                  <\/div>\n                <\/div>\n                <div data-colibri-id=\"283-c43\" class=\"h-global-transition-all h-heading style-863 style-local-283-c43 position-relative h-element\">\n                  <!---->\n                  <div class=\"h-heading__outer style-863 style-local-283-c43\">\n                    <!---->\n                    <!---->\n                    <h5 class=\"\">Pirminink\u0117<\/h5>\n                  <\/div>\n                <\/div>\n                <div data-colibri-id=\"283-c44\" class=\"h-text h-text-component style-864 style-local-283-c44 position-relative h-element\">\n                  <!---->\n                  <!---->\n                  <div class=\"\">\n                    <p>J\u016brat\u0117 Kapo\u010d\u0117<\/p>\n                    <p>el. pa\u0161tas: jurate.kapoce@jbgvilnius.lt<\/p>\n                  <\/div>\n                <\/div>\n                <div data-colibri-id=\"283-c45\" class=\"h-global-transition-all h-heading style-865 style-local-283-c45 position-relative h-element\">\n                  <!---->\n                  <div class=\"h-heading__outer style-865 style-local-283-c45\">\n                    <!---->\n                    <!---->\n                    <h5 class=\"\">Pavaduotoja<\/h5>\n                  <\/div>\n                <\/div>\n                <div data-colibri-id=\"283-c46\" class=\"h-text h-text-component style-866 style-local-283-c46 position-relative h-element\">\n                  <!---->\n                  <!---->\n                  <div class=\"\">\n                    <p>Rasa Vi\u010dka\u010dkait\u0117<\/p>\n                    <p>el. pa\u0161tas: rasa.vickackaite@jbgvilnius.lt<\/p>\n                  <\/div>\n                <\/div>\n              <\/div>\n            <\/div>\n          <\/div>\n        <\/div>\n      <\/div>\n    <\/div>\n  <\/div>\n<\/div>","protected":false},"excerpt":{"rendered":"<p>2025 &#8211; 2026 m.m. Lietuvi\u0173 kalbos ir dorinio ugdymo metodin\u0117 grup\u0117 Pirminink\u0117 Laura Pak\u0161tait\u0117 el. pa\u0161tas: laura.pakstaite@jbgvilnius.lt Pavaduotoja Inga \u017dydelien\u0117 el. pa\u0161tas: inga.zydeliene@jbgvilnius.lt U\u017esienio kalb\u0173 metodin\u0117 grup\u0117 Pirminink\u0117 Aira Margelyt\u0117 el. pa\u0161tas: aira.margelyte@jbgvilnius.lt Pavaduotoja Sniega Krenci\u016bt\u0117 el. pa\u0161tas: sniega.krenciute@jbgvilnius.lt Visuomenini\u0173 moksl\u0173 metodin\u0117 grup\u0117 Pirminink\u0117 Nijol\u0117 Pilipavi\u010dien\u0117 el. pa\u0161tas: nijole.pilipaviciene@ jbgvilnius.lt Pavaduotoja Lina Rimkuvien\u0117 el. pa\u0161tas: [&hellip;]<\/p>\n","protected":false},"author":1,"featured_media":0,"parent":13,"menu_order":0,"comment_status":"closed","ping_status":"closed","template":"page-templates\/full-width-page.php","meta":{"footnotes":""},"class_list":["post-283","page","type-page","status-publish","hentry"],"_links":{"self":[{"href":"http:\/\/www.basanaviciaus.vilnius.lm.lt\/index.php?rest_route=\/wp\/v2\/pages\/283","targetHints":{"allow":["GET"]}}],"collection":[{"href":"http:\/\/www.basanaviciaus.vilnius.lm.lt\/index.php?rest_route=\/wp\/v2\/pages"}],"about":[{"href":"http:\/\/www.basanaviciaus.vilnius.lm.lt\/index.php?rest_route=\/wp\/v2\/types\/page"}],"author":[{"embeddable":true,"href":"http:\/\/www.basanaviciaus.vilnius.lm.lt\/index.php?rest_route=\/wp\/v2\/users\/1"}],"replies":[{"embeddable":true,"href":"http:\/\/www.basanaviciaus.vilnius.lm.lt\/index.php?rest_route=%2Fwp%2Fv2%2Fcomments&post=283"}],"version-history":[{"count":20,"href":"http:\/\/www.basanaviciaus.vilnius.lm.lt\/index.php?rest_route=\/wp\/v2\/pages\/283\/revisions"}],"predecessor-version":[{"id":32067,"href":"http:\/\/www.basanaviciaus.vilnius.lm.lt\/index.php?rest_route=\/wp\/v2\/pages\/283\/revisions\/32067"}],"up":[{"embeddable":true,"href":"http:\/\/www.basanaviciaus.vilnius.lm.lt\/index.php?rest_route=\/wp\/v2\/pages\/13"}],"wp:attachment":[{"href":"http:\/\/www.basanaviciaus.vilnius.lm.lt\/index.php?rest_route=%2Fwp%2Fv2%2Fmedia&parent=283"}],"curies":[{"name":"wp","href":"https:\/\/api.w.org\/{rel}","templated":true}]}}