{"id":29541,"date":"2024-04-24T09:24:48","date_gmt":"2024-04-24T06:24:48","guid":{"rendered":"http:\/\/www.basanaviciaus.vilnius.lm.lt\/?page_id=29541"},"modified":"2025-10-10T12:36:26","modified_gmt":"2025-10-10T09:36:26","slug":"gimnzaijos-virtualioji-mokymosi-aplinka-moodle","status":"publish","type":"page","link":"http:\/\/www.basanaviciaus.vilnius.lm.lt\/?page_id=29541","title":{"rendered":"Gimnazijos virtualioji mokymosi aplinka Moodle"},"content":{"rendered":"<p><strong>Kaip prisijungti?<\/strong><\/p>\n<p>Prisijunkite prie <a href=\"https:\/\/basanaviciaus.vma.lm.lt\/login\/index.php\">gimnazijos Moodle virtualiosios mokymosi aplinkos<\/a>;<\/p>\n<p>Paskyros suk\u016brimui naudokite VJBG elektronin\u012f pa\u0161t\u0105.<\/p>\n<p>U\u017epild\u0119 paskyros suk\u016brimo anket\u0105 b\u016btinai eikite \u012f el. pa\u0161t\u0105 ir patvirtinkite paskyros suk\u016brim\u0105;<\/p>\n<p>Prisijung\u0119 turite matyti <em>Registracijos rakto<\/em> laukel\u012f <em>Mokymosi dalyk\u0173<\/em> s\u0105ra\u0161\u0105;<\/p>\n<p><strong>Kaip registruotis \u012f mokomuosius dalykus?<\/strong><\/p>\n<p>\u012eveskite \u012f<em> Registracijos rakto<\/em> laukel\u012f mokytojo duot\u0105 kod\u0105 ir pateksite \u012f mokymosi kurs\u0105;<\/p>\n<p>Antr\u0105 ir kitus kartus registruotis \u012f t\u0105 pat\u012f kurs\u0105 nereikia, jums j\u012f turi rodyti\u00a0<em id=\"yui_3_18_1_1_1713940474347_1174\">Mano kursai<\/em>\u00a0skiltyje.<\/p>\n<p>Jei turi klausim\u0173, ra\u0161ykite administratoriui Linai Steponavi\u010dienei \u012f Tamo prane\u0161imus .<\/p>\n<p><strong>Kreipkis \u012f Moodle administratori\u0173, jei:<\/strong><\/p>\n<ul>\n<li>neprisijungiate prie VJBG Moodle aplinkos;<\/li>\n<li>neprisijungiate prie Jums reikaling\u0173 mokom\u0173j\u0173 dalyk\u0173;<\/li>\n<li>negalite i\u0161siregistruoti i\u0161 mokomojo dalyko;<\/li>\n<li>kitais techniniais klausimais.<\/li>\n<\/ul>\n<p><strong>Kreipkis \u012f dalyko mokytoj\u0105, jei:<\/strong><\/p>\n<ul>\n<li>nerandate dalyko mokomosios med\u017eiagos;<\/li>\n<li>ne\u017einote atsiskaitym\u0173 dat\u0173;<\/li>\n<li>nerandate u\u017eduo\u010di\u0173 ir atsiskaitym\u0173 \u012fvertinim\u0173;<\/li>\n<li>ne\u017einote, kur pateikti (\u012fkelti) VJBG Moodle aplinkoje atsiskaitymus;<\/li>\n<li>neatidaro mokomosios med\u017eiagos ar u\u017eduo\u010di\u0173;<\/li>\n<li>neveikia vaizdo med\u017eiaga.<\/li>\n<\/ul>\n<p>Visais klausimais galite kreiptis \u012f Moodle administratori\u0173 el. pa\u0161tu lina.steponaviciene@jbgvilnius.lt<\/p>\n","protected":false},"excerpt":{"rendered":"<p>Kaip prisijungti? Prisijunkite prie gimnazijos Moodle virtualiosios mokymosi aplinkos; Paskyros suk\u016brimui naudokite VJBG elektronin\u012f pa\u0161t\u0105. U\u017epild\u0119 paskyros suk\u016brimo anket\u0105 b\u016btinai eikite \u012f el. pa\u0161t\u0105 ir patvirtinkite paskyros suk\u016brim\u0105; Prisijung\u0119 turite matyti Registracijos rakto laukel\u012f Mokymosi dalyk\u0173 s\u0105ra\u0161\u0105; Kaip registruotis \u012f mokomuosius dalykus? \u012eveskite \u012f Registracijos rakto laukel\u012f mokytojo duot\u0105 kod\u0105 ir pateksite \u012f mokymosi kurs\u0105; [&hellip;]<\/p>\n","protected":false},"author":1,"featured_media":0,"parent":0,"menu_order":0,"comment_status":"closed","ping_status":"closed","template":"","meta":{"footnotes":""},"class_list":["post-29541","page","type-page","status-publish","hentry"],"_links":{"self":[{"href":"http:\/\/www.basanaviciaus.vilnius.lm.lt\/index.php?rest_route=\/wp\/v2\/pages\/29541","targetHints":{"allow":["GET"]}}],"collection":[{"href":"http:\/\/www.basanaviciaus.vilnius.lm.lt\/index.php?rest_route=\/wp\/v2\/pages"}],"about":[{"href":"http:\/\/www.basanaviciaus.vilnius.lm.lt\/index.php?rest_route=\/wp\/v2\/types\/page"}],"author":[{"embeddable":true,"href":"http:\/\/www.basanaviciaus.vilnius.lm.lt\/index.php?rest_route=\/wp\/v2\/users\/1"}],"replies":[{"embeddable":true,"href":"http:\/\/www.basanaviciaus.vilnius.lm.lt\/index.php?rest_route=%2Fwp%2Fv2%2Fcomments&post=29541"}],"version-history":[{"count":7,"href":"http:\/\/www.basanaviciaus.vilnius.lm.lt\/index.php?rest_route=\/wp\/v2\/pages\/29541\/revisions"}],"predecessor-version":[{"id":31719,"href":"http:\/\/www.basanaviciaus.vilnius.lm.lt\/index.php?rest_route=\/wp\/v2\/pages\/29541\/revisions\/31719"}],"wp:attachment":[{"href":"http:\/\/www.basanaviciaus.vilnius.lm.lt\/index.php?rest_route=%2Fwp%2Fv2%2Fmedia&parent=29541"}],"curies":[{"name":"wp","href":"https:\/\/api.w.org\/{rel}","templated":true}]}}