{"id":29798,"date":"2024-06-19T10:17:33","date_gmt":"2024-06-19T07:17:33","guid":{"rendered":"http:\/\/www.basanaviciaus.vilnius.lm.lt\/?page_id=29798"},"modified":"2024-06-19T11:26:06","modified_gmt":"2024-06-19T08:26:06","slug":"erika-tomasevic-alisauskiene","status":"publish","type":"page","link":"http:\/\/www.basanaviciaus.vilnius.lm.lt\/?page_id=29798","title":{"rendered":"Erika Toma\u0161evi\u010d-Ali\u0161auskien\u0117"},"content":{"rendered":"<div data-colibri-id=\"29798-c1\" class=\"style-5323 style-local-29798-c1 position-relative\">\n  <!---->\n  <div data-colibri-component=\"section\" data-colibri-id=\"29798-c2\" id=\"custom\" class=\"h-section h-section-global-spacing d-flex align-items-lg-center align-items-md-center align-items-center style-5324 style-local-29798-c2 position-relative\">\n    <!---->\n    <!---->\n    <div class=\"h-section-grid-container h-section-boxed-container\">\n      <!---->\n      <div data-colibri-id=\"29798-c3\" class=\"h-row-container gutters-row-lg-0 gutters-row-md-0 gutters-row-0 gutters-row-v-lg-0 gutters-row-v-md-0 gutters-row-v-0 style-5325 style-local-29798-c3 position-relative\">\n        <!---->\n        <div class=\"h-row justify-content-lg-center justify-content-md-center justify-content-center align-items-lg-stretch align-items-md-stretch align-items-stretch gutters-col-lg-0 gutters-col-md-0 gutters-col-0 gutters-col-v-lg-0 gutters-col-v-md-0 gutters-col-v-0\">\n          <!---->\n          <div class=\"h-column h-column-container d-flex h-col-lg-auto h-col-md-auto h-col-auto style-5326-outer style-local-29798-c4-outer\">\n            <div data-colibri-id=\"29798-c4\" class=\"d-flex h-flex-basis h-column__inner h-px-lg-2 h-px-md-2 h-px-2 v-inner-lg-2 v-inner-md-2 v-inner-2 style-5326 style-local-29798-c4 position-relative\">\n              <!---->\n              <!---->\n              <div class=\"w-100 h-y-container h-column__content h-column__v-align flex-basis-100 align-self-lg-start align-self-md-start align-self-start\">\n                <!---->\n                <div data-colibri-id=\"29798-c6\" class=\"d-block style-5328 style-local-29798-c6 position-relative h-element\">\n                  <!---->\n                  <div class=\"h-image__frame-container-outer\">\n                    <div class=\"h-image__frame-container\">\n                      <!---->\n                      <!---->\n                      <img loading=\"lazy\" decoding=\"async\" width=\"1024\" height=\"1024\" src=\"http:\/\/www.basanaviciaus.vilnius.lm.lt\/wp-content\/uploads\/2020\/04\/cropped-erika-alisauskiene-1.jpg\" class=\"wp-image-30051 style-5328-image style-local-29798-c6-image\" alt=\"\" srcset=\"http:\/\/www.basanaviciaus.vilnius.lm.lt\/wp-content\/uploads\/2020\/04\/cropped-erika-alisauskiene-1.jpg 1024w, http:\/\/www.basanaviciaus.vilnius.lm.lt\/wp-content\/uploads\/2020\/04\/cropped-erika-alisauskiene-1-300x300.jpg 300w, http:\/\/www.basanaviciaus.vilnius.lm.lt\/wp-content\/uploads\/2020\/04\/cropped-erika-alisauskiene-1-150x150.jpg 150w, http:\/\/www.basanaviciaus.vilnius.lm.lt\/wp-content\/uploads\/2020\/04\/cropped-erika-alisauskiene-1-768x768.jpg 768w\" sizes=\"auto, (max-width: 1024px) 100vw, 1024px\" \/>\n                      <div class=\"h-image__frame h-hide-lg h-hide-md h-hide-sm style-5328-frameImage style-local-29798-c6-frameImage\"><\/div>\n                    <\/div>\n                  <\/div>\n                <\/div>\n              <\/div>\n            <\/div>\n          <\/div>\n          <div class=\"h-column h-column-container d-flex h-col-lg-auto h-col-md-auto h-col-auto style-5327-outer style-local-29798-c5-outer\">\n            <div data-colibri-id=\"29798-c5\" class=\"d-flex h-flex-basis h-column__inner h-px-lg-1 h-px-md-1 h-px-1 v-inner-lg-1 v-inner-md-1 v-inner-1 style-5327 style-local-29798-c5 position-relative\">\n              <!---->\n              <!---->\n              <div class=\"w-100 h-y-container h-column__content h-column__v-align flex-basis-100 align-self-lg-start align-self-md-start align-self-start\">\n                <!---->\n                <div data-colibri-id=\"29798-c9\" class=\"h-global-transition-all h-heading style-5331 style-local-29798-c9 position-relative h-element\">\n                  <!---->\n                  <div class=\"h-heading__outer style-5331 style-local-29798-c9\">\n                    <!---->\n                    <!---->\n                    <h6 class=\"\">Palink\u0117jimas:<\/h6>\n                  <\/div>\n                <\/div>\n                <div data-colibri-id=\"29798-c8\" class=\"h-text h-text-component style-5330 style-local-29798-c8 position-relative h-element\">\n                  <!---->\n                  <!---->\n                  <div class=\"\">\n                    <p>Nebijoti i\u0161lipti i\u0161 komforto zonos, maksimaliai i\u0161naudoti visas galimybes ir nieko nebijant siekti to, ko labai labai trok\u0161ta \u0161irdis. Taip pat nepab\u016bgti kartais labai sunkaus darbo, nes jis tikrai visada atsiperka su kaupu. <\/p>\n                  <\/div>\n                <\/div>\n                <div data-colibri-id=\"29798-c7\" class=\"h-global-transition-all h-heading style-5329 style-local-29798-c7 position-relative h-element\">\n                  <!---->\n                  <div class=\"h-heading__outer style-5329 style-local-29798-c7\">\n                    <!---->\n                    <!---->\n                    <h6 class=\"\">Metai, kada baigei VJBG: <\/h6>\n                  <\/div>\n                <\/div>\n                <div data-colibri-id=\"29798-c10\" class=\"h-text h-text-component style-5332 style-local-29798-c10 position-relative h-element\">\n                  <!---->\n                  <!---->\n                  <div class=\"\">\n                    <p>2017 m., VII laida <\/p>\n                  <\/div>\n                <\/div>\n                <div data-colibri-id=\"29798-c11\" class=\"h-global-transition-all h-heading style-5333 style-local-29798-c11 position-relative h-element\">\n                  <!---->\n                  <div class=\"h-heading__outer style-5333 style-local-29798-c11\">\n                    <!---->\n                    <!---->\n                    <h6 class=\"\">Kokias studijas baig\u0117te? Ar dirbate pagal profesij\u0105?<\/h6>\n                  <\/div>\n                <\/div>\n                <div data-colibri-id=\"29798-c12\" class=\"h-text h-text-component style-5334 style-local-29798-c12 position-relative h-element\">\n                  <!---->\n                  <!---->\n                  <div class=\"\">\n                    <p>Baigiau Medicinos studijas. \u0160iuo metu \u012fstojau \u012f Neonatologijos rezident\u016br\u0105.<\/p>\n                  <\/div>\n                <\/div>\n                <div data-colibri-id=\"29798-c13\" class=\"h-global-transition-all h-heading style-5335 style-local-29798-c13 position-relative h-element\">\n                  <!---->\n                  <div class=\"h-heading__outer style-5335 style-local-29798-c13\">\n                    <!---->\n                    <!---->\n                    <h6 class=\"\">Kuo svajojote tapti, kai mok\u0117t\u0117s gimnazijoje? Ar svajon\u0117 i\u0161sipild\u0117?<\/h6>\n                  <\/div>\n                <\/div>\n                <div data-colibri-id=\"29798-c14\" class=\"h-text h-text-component style-5336 style-local-29798-c14 position-relative h-element\">\n                  <!---->\n                  <!---->\n                  <div class=\"\">\n                    <p>Svajojau tapti gydytoja, \u0161iuo metu studijuoju ir siekiu svajon\u0117s. <\/p>\n                  <\/div>\n                <\/div>\n                <div data-colibri-id=\"29798-c15\" class=\"h-global-transition-all h-heading style-5337 style-local-29798-c15 position-relative h-element\">\n                  <!---->\n                  <div class=\"h-heading__outer style-5337 style-local-29798-c15\">\n                    <!---->\n                    <!---->\n                    <h6 class=\"\">Kokiomis patirtimis gal\u0117tum\u0117te ir nor\u0117tum\u0117te pasidalinti su gimnazistais? <\/h6>\n                  <\/div>\n                <\/div>\n                <div data-colibri-id=\"29798-c16\" class=\"h-text h-text-component style-5338 style-local-29798-c16 position-relative h-element\">\n                  <!---->\n                  <!---->\n                  <div class=\"\">\n                    <p>Gal\u0117\u010diau pasidalinti tuo, kuo kv\u0117pavau gimnazijoje &#8211; renginiais, organizavimu ir gimnazijos m\u0117nra\u0161\u010dio &#8222;Ritmas&#8221; leidimo u\u017ekulisiais, taip pat apie gyvenim\u0105 b\u016bnant medicinos studente <\/p>\n                  <\/div>\n                <\/div>\n              <\/div>\n            <\/div>\n          <\/div>\n        <\/div>\n      <\/div>\n    <\/div>\n  <\/div>\n<\/div>","protected":false},"excerpt":{"rendered":"<p>Palink\u0117jimas: Nebijoti i\u0161lipti i\u0161 komforto zonos, maksimaliai i\u0161naudoti visas galimybes ir nieko nebijant siekti to, ko labai labai trok\u0161ta \u0161irdis. Taip pat nepab\u016bgti kartais labai sunkaus darbo, nes jis tikrai visada atsiperka su kaupu. Metai, kada baigei VJBG: 2017 m., VII laida Kokias studijas baig\u0117te? Ar dirbate pagal profesij\u0105? Baigiau Medicinos studijas. \u0160iuo metu \u012fstojau [&hellip;]<\/p>\n","protected":false},"author":1,"featured_media":0,"parent":0,"menu_order":0,"comment_status":"closed","ping_status":"closed","template":"page-templates\/full-width-page.php","meta":{"footnotes":""},"class_list":["post-29798","page","type-page","status-publish","hentry"],"_links":{"self":[{"href":"http:\/\/www.basanaviciaus.vilnius.lm.lt\/index.php?rest_route=\/wp\/v2\/pages\/29798","targetHints":{"allow":["GET"]}}],"collection":[{"href":"http:\/\/www.basanaviciaus.vilnius.lm.lt\/index.php?rest_route=\/wp\/v2\/pages"}],"about":[{"href":"http:\/\/www.basanaviciaus.vilnius.lm.lt\/index.php?rest_route=\/wp\/v2\/types\/page"}],"author":[{"embeddable":true,"href":"http:\/\/www.basanaviciaus.vilnius.lm.lt\/index.php?rest_route=\/wp\/v2\/users\/1"}],"replies":[{"embeddable":true,"href":"http:\/\/www.basanaviciaus.vilnius.lm.lt\/index.php?rest_route=%2Fwp%2Fv2%2Fcomments&post=29798"}],"version-history":[{"count":4,"href":"http:\/\/www.basanaviciaus.vilnius.lm.lt\/index.php?rest_route=\/wp\/v2\/pages\/29798\/revisions"}],"predecessor-version":[{"id":30067,"href":"http:\/\/www.basanaviciaus.vilnius.lm.lt\/index.php?rest_route=\/wp\/v2\/pages\/29798\/revisions\/30067"}],"wp:attachment":[{"href":"http:\/\/www.basanaviciaus.vilnius.lm.lt\/index.php?rest_route=%2Fwp%2Fv2%2Fmedia&parent=29798"}],"curies":[{"name":"wp","href":"https:\/\/api.w.org\/{rel}","templated":true}]}}