{"id":29814,"date":"2024-06-19T10:19:27","date_gmt":"2024-06-19T07:19:27","guid":{"rendered":"http:\/\/www.basanaviciaus.vilnius.lm.lt\/?page_id=29814"},"modified":"2024-06-19T11:36:54","modified_gmt":"2024-06-19T08:36:54","slug":"jurga-jersovaite-2","status":"publish","type":"page","link":"http:\/\/www.basanaviciaus.vilnius.lm.lt\/?page_id=29814","title":{"rendered":"Jurga Jer\u0161ovait\u0117"},"content":{"rendered":"<div data-colibri-id=\"29814-c1\" class=\"style-5323 style-local-29814-c1 position-relative\">\n  <!---->\n  <div data-colibri-component=\"section\" data-colibri-id=\"29814-c2\" id=\"custom\" class=\"h-section h-section-global-spacing d-flex align-items-lg-center align-items-md-center align-items-center style-5324 style-local-29814-c2 position-relative\">\n    <!---->\n    <!---->\n    <div class=\"h-section-grid-container h-section-boxed-container\">\n      <!---->\n      <div data-colibri-id=\"29814-c3\" class=\"h-row-container gutters-row-lg-2 gutters-row-md-2 gutters-row-0 gutters-row-v-lg-2 gutters-row-v-md-2 gutters-row-v-2 style-5325 style-local-29814-c3 position-relative\">\n        <!---->\n        <div class=\"h-row justify-content-lg-center justify-content-md-center justify-content-center align-items-lg-stretch align-items-md-stretch align-items-stretch gutters-col-lg-2 gutters-col-md-2 gutters-col-0 gutters-col-v-lg-2 gutters-col-v-md-2 gutters-col-v-2\">\n          <!---->\n          <div class=\"h-column h-column-container d-flex h-col-lg-auto h-col-md-auto h-col-auto style-5326-outer style-local-29814-c4-outer\">\n            <div data-colibri-id=\"29814-c4\" class=\"d-flex h-flex-basis h-column__inner h-px-lg-2 h-px-md-2 h-px-2 v-inner-lg-2 v-inner-md-2 v-inner-2 style-5326 style-local-29814-c4 position-relative\">\n              <!---->\n              <!---->\n              <div class=\"w-100 h-y-container h-column__content h-column__v-align flex-basis-100 align-self-lg-start align-self-md-start align-self-start\">\n                <!---->\n                <div data-colibri-id=\"29814-c6\" class=\"d-block style-5328 style-local-29814-c6 position-relative h-element\">\n                  <!---->\n                  <div class=\"h-image__frame-container-outer\">\n                    <div class=\"h-image__frame-container\">\n                      <!---->\n                      <!---->\n                      <img loading=\"lazy\" decoding=\"async\" width=\"360\" height=\"360\" src=\"http:\/\/www.basanaviciaus.vilnius.lm.lt\/wp-content\/uploads\/2020\/04\/cropped-jurga-jersovaite-1.jpg\" class=\"wp-image-30114 style-5328-image style-local-29814-c6-image\" alt=\"\" srcset=\"http:\/\/www.basanaviciaus.vilnius.lm.lt\/wp-content\/uploads\/2020\/04\/cropped-jurga-jersovaite-1.jpg 360w, http:\/\/www.basanaviciaus.vilnius.lm.lt\/wp-content\/uploads\/2020\/04\/cropped-jurga-jersovaite-1-300x300.jpg 300w, http:\/\/www.basanaviciaus.vilnius.lm.lt\/wp-content\/uploads\/2020\/04\/cropped-jurga-jersovaite-1-150x150.jpg 150w\" sizes=\"auto, (max-width: 360px) 100vw, 360px\" \/>\n                      <div class=\"h-image__frame h-hide-lg h-hide-md h-hide-sm style-5328-frameImage style-local-29814-c6-frameImage\"><\/div>\n                    <\/div>\n                  <\/div>\n                <\/div>\n              <\/div>\n            <\/div>\n          <\/div>\n          <div class=\"h-column h-column-container d-flex h-col-lg-auto h-col-md-auto h-col-auto style-5327-outer style-local-29814-c5-outer\">\n            <div data-colibri-id=\"29814-c5\" class=\"d-flex h-flex-basis h-column__inner h-px-lg-2 h-px-md-2 h-px-2 v-inner-lg-2 v-inner-md-2 v-inner-2 style-5327 style-local-29814-c5 position-relative\">\n              <!---->\n              <!---->\n              <div class=\"w-100 h-y-container h-column__content h-column__v-align flex-basis-100 align-self-lg-start align-self-md-start align-self-start\">\n                <!---->\n                <div data-colibri-id=\"29814-c10\" class=\"h-global-transition-all h-heading style-5332 style-local-29814-c10 position-relative h-element\">\n                  <!---->\n                  <div class=\"h-heading__outer style-5332 style-local-29814-c10\">\n                    <!---->\n                    <!---->\n                    <h6 class=\"\">Palink\u0117jimas: <\/h6>\n                  <\/div>\n                <\/div>\n                <div data-colibri-id=\"29814-c12\" class=\"h-text h-text-component style-5334 style-local-29814-c12 position-relative h-element\">\n                  <!---->\n                  <!---->\n                  <div class=\"\">\n                    <p>Dr\u0105siai sakyt jei ka\u017ekas ry\u0161kiai yra blogai mokykloje, bet t\u0105 daryti argumentuotai.. <\/p>\n                  <\/div>\n                <\/div>\n                <div data-colibri-id=\"29814-c11\" class=\"h-global-transition-all h-heading style-5333 style-local-29814-c11 position-relative h-element\">\n                  <!---->\n                  <div class=\"h-heading__outer style-5333 style-local-29814-c11\">\n                    <!---->\n                    <!---->\n                    <h6 class=\"\">Metai, kada baigei VJBG: <\/h6>\n                  <\/div>\n                <\/div>\n                <div data-colibri-id=\"29814-c13\" class=\"h-text h-text-component style-5335 style-local-29814-c13 position-relative h-element\">\n                  <!---->\n                  <!---->\n                  <div class=\"\">\n                    <p>2018 m.<\/p>\n                  <\/div>\n                <\/div>\n                <div data-colibri-id=\"29814-c9\" class=\"h-global-transition-all h-heading style-5331 style-local-29814-c9 position-relative h-element\">\n                  <!---->\n                  <div class=\"h-heading__outer style-5331 style-local-29814-c9\">\n                    <!---->\n                    <!---->\n                    <h6 class=\"\">Kokias studijas baig\u0117te? Ar dirbate pagal profesij\u0105? <\/h6>\n                  <\/div>\n                <\/div>\n                <div data-colibri-id=\"29814-c14\" class=\"h-text h-text-component style-5336 style-local-29814-c14 position-relative h-element\">\n                  <!---->\n                  <!---->\n                  <div class=\"\">\n                    <p>Dar tebestudijuoju fizik\u0105. Fizika ne rizika &#8211; stokit panel\u0117s \u012f fizik\u0105. <\/p>\n                  <\/div>\n                <\/div>\n                <div data-colibri-id=\"29814-c8\" class=\"h-global-transition-all h-heading style-5330 style-local-29814-c8 position-relative h-element\">\n                  <!---->\n                  <div class=\"h-heading__outer style-5330 style-local-29814-c8\">\n                    <!---->\n                    <!---->\n                    <h6 class=\"\">Kuo svajojote tapti, kai mok\u0117t\u0117s gimnazijoje? Ar svajon\u0117 i\u0161sipild\u0117? <\/h6>\n                  <\/div>\n                <\/div>\n                <div data-colibri-id=\"29814-c15\" class=\"h-text h-text-component style-5337 style-local-29814-c15 position-relative h-element\">\n                  <!---->\n                  <!---->\n                  <div class=\"\">\n                    <p>Realiai nesvajojau tapt niekuo, pasirinkau studijuot ten kur atrod\u0117 \u012fdomiausia, tai dar vis \u012fdomu ir d\u017eiaugiuos savo pasirinkimu. Bet neai\u0161ku kur dar gyvenimas nune\u0161. <\/p>\n                  <\/div>\n                <\/div>\n                <div data-colibri-id=\"29814-c7\" class=\"h-global-transition-all h-heading style-5329 style-local-29814-c7 position-relative h-element\">\n                  <!---->\n                  <div class=\"h-heading__outer style-5329 style-local-29814-c7\">\n                    <!---->\n                    <!---->\n                    <h6 class=\"\">Kokiomis patirtimis gal\u0117tum\u0117te ir nor\u0117tum\u0117te pasidalinti su gimnazistais? <\/h6>\n                  <\/div>\n                <\/div>\n                <div data-colibri-id=\"29814-c16\" class=\"h-text h-text-component style-5338 style-local-29814-c16 position-relative h-element\">\n                  <!---->\n                  <!---->\n                  <div class=\"\">\n                    <p>Net ne\u017einau, nor\u0117\u010diau tuo kas jiems idomu, nes kad a\u0161 ten \u0161nekesiu kas man ten nutiko, ne\u012fdomu bus gimnazistams.<\/p>\n                  <\/div>\n                <\/div>\n              <\/div>\n            <\/div>\n          <\/div>\n        <\/div>\n      <\/div>\n    <\/div>\n  <\/div>\n<\/div>","protected":false},"excerpt":{"rendered":"<p>Palink\u0117jimas: Dr\u0105siai sakyt jei ka\u017ekas ry\u0161kiai yra blogai mokykloje, bet t\u0105 daryti argumentuotai.. Metai, kada baigei VJBG: 2018 m. Kokias studijas baig\u0117te? Ar dirbate pagal profesij\u0105? Dar tebestudijuoju fizik\u0105. Fizika ne rizika &#8211; stokit panel\u0117s \u012f fizik\u0105. Kuo svajojote tapti, kai mok\u0117t\u0117s gimnazijoje? Ar svajon\u0117 i\u0161sipild\u0117? Realiai nesvajojau tapt niekuo, pasirinkau studijuot ten kur atrod\u0117 [&hellip;]<\/p>\n","protected":false},"author":1,"featured_media":0,"parent":0,"menu_order":0,"comment_status":"closed","ping_status":"closed","template":"page-templates\/full-width-page.php","meta":{"footnotes":""},"class_list":["post-29814","page","type-page","status-publish","hentry"],"_links":{"self":[{"href":"http:\/\/www.basanaviciaus.vilnius.lm.lt\/index.php?rest_route=\/wp\/v2\/pages\/29814","targetHints":{"allow":["GET"]}}],"collection":[{"href":"http:\/\/www.basanaviciaus.vilnius.lm.lt\/index.php?rest_route=\/wp\/v2\/pages"}],"about":[{"href":"http:\/\/www.basanaviciaus.vilnius.lm.lt\/index.php?rest_route=\/wp\/v2\/types\/page"}],"author":[{"embeddable":true,"href":"http:\/\/www.basanaviciaus.vilnius.lm.lt\/index.php?rest_route=\/wp\/v2\/users\/1"}],"replies":[{"embeddable":true,"href":"http:\/\/www.basanaviciaus.vilnius.lm.lt\/index.php?rest_route=%2Fwp%2Fv2%2Fcomments&post=29814"}],"version-history":[{"count":3,"href":"http:\/\/www.basanaviciaus.vilnius.lm.lt\/index.php?rest_route=\/wp\/v2\/pages\/29814\/revisions"}],"predecessor-version":[{"id":30117,"href":"http:\/\/www.basanaviciaus.vilnius.lm.lt\/index.php?rest_route=\/wp\/v2\/pages\/29814\/revisions\/30117"}],"wp:attachment":[{"href":"http:\/\/www.basanaviciaus.vilnius.lm.lt\/index.php?rest_route=%2Fwp%2Fv2%2Fmedia&parent=29814"}],"curies":[{"name":"wp","href":"https:\/\/api.w.org\/{rel}","templated":true}]}}