{"id":3048,"date":"2014-03-20T09:06:33","date_gmt":"2014-03-20T07:06:33","guid":{"rendered":"http:\/\/www.basanaviciaus.vilnius.lm.lt\/?page_id=3048"},"modified":"2024-04-24T14:44:32","modified_gmt":"2024-04-24T11:44:32","slug":"2-parama_2013","status":"publish","type":"page","link":"http:\/\/www.basanaviciaus.vilnius.lm.lt\/?page_id=3048","title":{"rendered":"1,2% parama"},"content":{"rendered":"<p><strong><a href=\"http:\/\/www.basanaviciaus.vilnius.lm.lt\/wp-content\/uploads\/2020\/04\/12_3-1.png\"><img loading=\"lazy\" decoding=\"async\" class=\"size-thumbnail wp-image-14473 cc_cursor aligncenter\" src=\"http:\/\/www.basanaviciaus.vilnius.lm.lt\/wp-content\/uploads\/2020\/04\/12_3-1-150x150.png\" alt=\"\" width=\"150\" height=\"150\" srcset=\"http:\/\/www.basanaviciaus.vilnius.lm.lt\/wp-content\/uploads\/2020\/04\/12_3-1-150x150.png 150w, http:\/\/www.basanaviciaus.vilnius.lm.lt\/wp-content\/uploads\/2020\/04\/12_3-1.png 585w\" sizes=\"auto, (max-width: 150px) 100vw, 150px\" \/><\/a><\/strong><\/p>\n<div dir=\"auto\">\n<div id=\":rdf:\" data-ad-comet-preview=\"message\" data-ad-preview=\"message\">\n<p><strong>Mieli gimnazijos bendruomen\u0117s nariai,<\/strong><\/p>\n<p>nuo\u0161ird\u017eiai d\u0117kojame, kad 2023 metais pasinaudojote 1,2 proc. GPM paramos galimybe ir skyr\u0117te\u00a0param\u0105 m\u016bs\u0173 gimnazijai. \u0160irdingai d\u0117kojame tiems, kurie, tik\u0117dami m\u016bs\u0173 id\u0117jomis, nuo\u0161ird\u017eiai skatino tai padaryti savo draugus, artimuosius, pa\u017e\u012fstamus.<\/p>\n<p>Ir \u0161iais metais kvie\u010diame Jus 1,2 proc. GPM mokes\u010dio pervesti Vilniaus Jono Basanavi\u010diaus gimnazijai. Skirta parama pad\u0117s mums kurti patraukli\u0105, esteti\u0161k\u0105 bei moderni\u0105 ugdymosi aplink\u0105 J\u016bs\u0173 ir m\u016bs\u0173 vaikams. At\u017evelgdami \u012f mokini\u0173 pageidavimus, \u0161iais metais nor\u0117tum\u0117me atnaujinti garso \u012frang\u0105 akt\u0173 sal\u0117je bei nupirkti rengini\u0173 ap\u0161vietimo \u012frang\u0105.<\/p>\n<p>Skirti param\u0105 galima iki\u00a0<strong>2024 m. gegu\u017e\u0117s 2 d.\u00a0<\/strong>Gimnazijos kodas\u00a0302522904.<\/p>\n<p><strong>\u00a0Kaip ir kur pateikti pra\u0161ym\u0105?<\/strong>\u00a0Iki \u0161. gegu\u017e\u0117s 2 d. Elektroninio deklaravimo sistemoje galima teikti pra\u0161ymus pervesti pajam\u0173 mokes\u010dio dal\u012f. Kaip u\u017epildyti ir pateikti pra\u0161ym\u0105 elektroniniu b\u016bdu, galite rasti \u010dia:\u00a0<a href=\"https:\/\/www.vmi.lt\/evmi\/documents\/20142\/772189\/Kaip+skirti+gyventoj%C5%B3+pajam%C5%B3+mokes%C4%8Dio+dal%C4%AF+%28GPM%29+paramai.pdf\/3ca155be-f1c4-441e-e288-4d7ec36f461c?t=1644225218136&amp;lang=lt\" target=\"_blank\" rel=\"noopener noreferrer nofollow\">vmi-220207-paramos-vedlio-instrukcija<\/a><\/p>\n<p>I\u0161 anksto d\u0117kojame visiems, nuspr\u0119siantiems paremti m\u016bs\u0173 gimnazij\u0105 ir prisid\u0117siantiems prie jos puosel\u0117jimo ir k\u016brimo.<\/p>\n<p>Vilniaus Jono Basanavi\u010diaus gimnazijos rekvizitai:<\/p>\n<p>Paramos gav\u0117jo kodas:\u00a0<strong>302522904<br \/>\n<\/strong>Paramos gav\u0117jo pavadinimas:\u00a0<strong>Vilniaus Jono Basanavi\u010diaus gimnazija<br \/>\n<\/strong>Adresas:\u00a0<strong>S. Konarskio g. 34, Vilnius, LT \u2013 03217<br \/>\n<\/strong>Banko pavadinimas:\u00a0<strong>AB SEB bankas<br \/>\n<\/strong>Atsiskaitomoji s\u0105skaita:\u00a0<strong>LT 65 7044 0600 0622 3806<\/strong><\/p>\n<p>A\u010cI\u016a u\u017e J\u016bs\u0173 geranori\u0161kum\u0105!<\/p>\n<\/div>\n<\/div>\n","protected":false},"excerpt":{"rendered":"<p>Mieli gimnazijos bendruomen\u0117s nariai, nuo\u0161ird\u017eiai d\u0117kojame, kad 2023 metais pasinaudojote 1,2 proc. GPM paramos galimybe ir skyr\u0117te\u00a0param\u0105 m\u016bs\u0173 gimnazijai. \u0160irdingai d\u0117kojame tiems, kurie, tik\u0117dami m\u016bs\u0173 id\u0117jomis, nuo\u0161ird\u017eiai skatino tai padaryti savo draugus, artimuosius, pa\u017e\u012fstamus. Ir \u0161iais metais kvie\u010diame Jus 1,2 proc. GPM mokes\u010dio pervesti Vilniaus Jono Basanavi\u010diaus gimnazijai. Skirta parama pad\u0117s mums kurti patraukli\u0105, esteti\u0161k\u0105 [&hellip;]<\/p>\n","protected":false},"author":1,"featured_media":0,"parent":7,"menu_order":0,"comment_status":"closed","ping_status":"closed","template":"","meta":{"footnotes":""},"class_list":["post-3048","page","type-page","status-publish","hentry"],"_links":{"self":[{"href":"http:\/\/www.basanaviciaus.vilnius.lm.lt\/index.php?rest_route=\/wp\/v2\/pages\/3048","targetHints":{"allow":["GET"]}}],"collection":[{"href":"http:\/\/www.basanaviciaus.vilnius.lm.lt\/index.php?rest_route=\/wp\/v2\/pages"}],"about":[{"href":"http:\/\/www.basanaviciaus.vilnius.lm.lt\/index.php?rest_route=\/wp\/v2\/types\/page"}],"author":[{"embeddable":true,"href":"http:\/\/www.basanaviciaus.vilnius.lm.lt\/index.php?rest_route=\/wp\/v2\/users\/1"}],"replies":[{"embeddable":true,"href":"http:\/\/www.basanaviciaus.vilnius.lm.lt\/index.php?rest_route=%2Fwp%2Fv2%2Fcomments&post=3048"}],"version-history":[{"count":51,"href":"http:\/\/www.basanaviciaus.vilnius.lm.lt\/index.php?rest_route=\/wp\/v2\/pages\/3048\/revisions"}],"predecessor-version":[{"id":29577,"href":"http:\/\/www.basanaviciaus.vilnius.lm.lt\/index.php?rest_route=\/wp\/v2\/pages\/3048\/revisions\/29577"}],"up":[{"embeddable":true,"href":"http:\/\/www.basanaviciaus.vilnius.lm.lt\/index.php?rest_route=\/wp\/v2\/pages\/7"}],"wp:attachment":[{"href":"http:\/\/www.basanaviciaus.vilnius.lm.lt\/index.php?rest_route=%2Fwp%2Fv2%2Fmedia&parent=3048"}],"curies":[{"name":"wp","href":"https:\/\/api.w.org\/{rel}","templated":true}]}}