{"id":33231,"date":"2026-03-05T15:21:16","date_gmt":"2026-03-05T13:21:16","guid":{"rendered":"http:\/\/www.basanaviciaus.vilnius.lm.lt\/?page_id=33231"},"modified":"2026-03-06T14:26:09","modified_gmt":"2026-03-06T12:26:09","slug":"dofe-alumnai","status":"publish","type":"page","link":"http:\/\/www.basanaviciaus.vilnius.lm.lt\/?page_id=33231","title":{"rendered":"DofE alumnai"},"content":{"rendered":"<p>DofE programos esm\u0117 \u2013 \u012fveikti asmeninius i\u0161\u0161\u016bkius, kurie suteikia jauniems \u017emon\u0117ms gyvenimi\u0161k\u0173 \u012fg\u016bd\u017ei\u0173, ugdo dr\u0105si\u0105, atsaking\u0105 ir visapusi\u0161k\u0105 asmenyb\u0119, prisidedan\u010di\u0105 prie visuomen\u0117s gerov\u0117s.<\/p>\n<p>DofE programos veiklas jaunimas atlieka laisvalaikiu, o programoje dalyvaujantys DofE mokymus baig\u0119 mokytojai stebi j\u0173 pasiekimus, motyvuoja, veda refleksij\u0173 susitikimus. Programa pagal am\u017ei\u0173 ir skiriam\u0173 valand\u0173 skai\u010di\u0173 yra skirstoma \u012f tris pagrindinius lygius, kuriuos \u012fgyvendin\u0119s dalyvis gauna tarptautin\u012f sertifikat\u0105 ir \u017eenklel\u012f: bronzos, sidabro arba aukso.<\/p>\n<p>DofE parod\u0117, koks \u017emogus esu giliau, ir pad\u0117jo ma\u017eiau bijoti to gylio.<br \/>\n<em>Kristupas, 2025 m. aukso \u017eenklel\u012f pasiek\u0119s dalyvis<\/em><\/p>\n<p>Nuo 15 met\u0173 prad\u0117jusi keli\u0105 DofE programoje gal\u0117jau i\u0161bandyti save ir kaupti patirt\u012f dirbdama trenere. \u0160iame kelyje esu iki \u0161iol.<br \/>\n<em>Jovil\u0117, programos dalyv\u0117, pasiekusi bronzos, sidabro ir aukso \u017eenklelius<\/em><\/p>\n<p>DofE programa ne tik leido man susirasti nauj\u0173 draug\u0173 ir i\u0161bandyti \u012fvairias veiklas, bet ir \u012fgyti patirties. Svarbiausia \u2013 ji paskatino i\u0161eiti i\u0161 savo komforto zonos ir nebijoti gyvenimi\u0161k\u0173 i\u0161\u0161\u016bki\u0173.<br \/>\n<em>Nikita, bronzos, sidabro, aukso \u017eenklel\u012f pasiek\u0119s dalyvis<\/em><\/p>\n<p>Supratau, kad i\u0161siugd\u017eius disciplin\u0105 ir atkaklum\u0105 galima pasiekti bet koki\u0173 tiksl\u0173 gyvenime.<br \/>\n<em>Dovil\u0117, bronzos ir aukso \u017eenklelius pasiekusi dalyv\u0117<\/em><\/p>\n<p>Gavau prasming\u0105 patirt\u012f, lydin\u010di\u0105 kiekviename mano kelio \u017eingsnyje, \u012frodan\u010di\u0105, kad viskas, ko reikia bet kokiam tikslui pasiekti, \u2013 tu pats.<br \/>\n<em>Justina, bronzos, sidabro ir aukso \u017eenklelius pasiekusi dalyv\u0117<\/em><\/p>\n<p>Baig\u0119s DofE bronzos lyg\u012f supratau, kad \u0161i patirtis mane i\u0161mok\u0117 atsakomyb\u0117s ir pasitik\u0117jimo savimi, ypa\u010d \u012fveikiant i\u0161\u0161\u016bkius \u017eygyje bei savanoryst\u0117s veiklose.<br \/>\n<em>Kajus, 2025 m<\/em><\/p>\n<p>Taip dalyviai atsiliepia apie DofE \u2013 tarptautin\u0119 neformaliojo ugdymo 14\u201324 met\u0173 jaunimui SKIRT\u0104 (angl.\u00a0<em>The Duke of Edinburgh&#8217;s International Award<\/em>) program\u0105, kurios partneri\u0173 ratas Lietuvoje spar\u010diai ple\u010diasi.<\/p>\n","protected":false},"excerpt":{"rendered":"<p>DofE programos esm\u0117 \u2013 \u012fveikti asmeninius i\u0161\u0161\u016bkius, kurie suteikia jauniems \u017emon\u0117ms gyvenimi\u0161k\u0173 \u012fg\u016bd\u017ei\u0173, ugdo dr\u0105si\u0105, atsaking\u0105 ir visapusi\u0161k\u0105 asmenyb\u0119, prisidedan\u010di\u0105 prie visuomen\u0117s gerov\u0117s. DofE programos veiklas jaunimas atlieka laisvalaikiu, o programoje dalyvaujantys DofE mokymus baig\u0119 mokytojai stebi j\u0173 pasiekimus, motyvuoja, veda refleksij\u0173 susitikimus. Programa pagal am\u017ei\u0173 ir skiriam\u0173 valand\u0173 skai\u010di\u0173 yra skirstoma \u012f tris pagrindinius [&hellip;]<\/p>\n","protected":false},"author":1,"featured_media":0,"parent":4625,"menu_order":0,"comment_status":"closed","ping_status":"closed","template":"","meta":{"footnotes":""},"class_list":["post-33231","page","type-page","status-publish","hentry"],"_links":{"self":[{"href":"http:\/\/www.basanaviciaus.vilnius.lm.lt\/index.php?rest_route=\/wp\/v2\/pages\/33231","targetHints":{"allow":["GET"]}}],"collection":[{"href":"http:\/\/www.basanaviciaus.vilnius.lm.lt\/index.php?rest_route=\/wp\/v2\/pages"}],"about":[{"href":"http:\/\/www.basanaviciaus.vilnius.lm.lt\/index.php?rest_route=\/wp\/v2\/types\/page"}],"author":[{"embeddable":true,"href":"http:\/\/www.basanaviciaus.vilnius.lm.lt\/index.php?rest_route=\/wp\/v2\/users\/1"}],"replies":[{"embeddable":true,"href":"http:\/\/www.basanaviciaus.vilnius.lm.lt\/index.php?rest_route=%2Fwp%2Fv2%2Fcomments&post=33231"}],"version-history":[{"count":4,"href":"http:\/\/www.basanaviciaus.vilnius.lm.lt\/index.php?rest_route=\/wp\/v2\/pages\/33231\/revisions"}],"predecessor-version":[{"id":33258,"href":"http:\/\/www.basanaviciaus.vilnius.lm.lt\/index.php?rest_route=\/wp\/v2\/pages\/33231\/revisions\/33258"}],"up":[{"embeddable":true,"href":"http:\/\/www.basanaviciaus.vilnius.lm.lt\/index.php?rest_route=\/wp\/v2\/pages\/4625"}],"wp:attachment":[{"href":"http:\/\/www.basanaviciaus.vilnius.lm.lt\/index.php?rest_route=%2Fwp%2Fv2%2Fmedia&parent=33231"}],"curies":[{"name":"wp","href":"https:\/\/api.w.org\/{rel}","templated":true}]}}