{"id":33294,"date":"2026-03-13T14:08:23","date_gmt":"2026-03-13T12:08:23","guid":{"rendered":"http:\/\/www.basanaviciaus.vilnius.lm.lt\/?page_id=33294"},"modified":"2026-03-13T14:36:20","modified_gmt":"2026-03-13T12:36:20","slug":"planet-youth-akademijos-mokykla","status":"publish","type":"page","link":"http:\/\/www.basanaviciaus.vilnius.lm.lt\/?page_id=33294","title":{"rendered":"PLANET YOUTH akademijos mokykla"},"content":{"rendered":"<div data-colibri-id=\"33294-c1\" class=\"style-6322 style-local-33294-c1 position-relative\">\n  <!---->\n  <div data-colibri-component=\"section\" data-colibri-id=\"33294-c2\" id=\"custom\" class=\"h-section h-section-global-spacing d-flex align-items-lg-center align-items-md-center align-items-center style-6323 style-local-33294-c2 position-relative\">\n    <!---->\n    <!---->\n    <div class=\"h-section-grid-container h-section-boxed-container\">\n      <!---->\n      <div data-colibri-id=\"33294-c8\" class=\"h-row-container gutters-row-lg-2 gutters-row-md-2 gutters-row-0 gutters-row-v-lg-2 gutters-row-v-md-2 gutters-row-v-2 style-6329 style-local-33294-c8 position-relative\">\n        <!---->\n        <div class=\"h-row justify-content-lg-center justify-content-md-center justify-content-center align-items-lg-stretch align-items-md-stretch align-items-stretch gutters-col-lg-2 gutters-col-md-2 gutters-col-0 gutters-col-v-lg-2 gutters-col-v-md-2 gutters-col-v-2\">\n          <!---->\n          <div class=\"h-column h-column-container d-flex h-col-lg-auto h-col-md-auto h-col-auto style-6330-outer style-local-33294-c9-outer\">\n            <div data-colibri-id=\"33294-c9\" class=\"d-flex h-flex-basis h-column__inner h-px-lg-2 h-px-md-2 h-px-2 v-inner-lg-2 v-inner-md-2 v-inner-2 style-6330 style-local-33294-c9 position-relative\">\n              <!---->\n              <!---->\n              <div class=\"w-100 h-y-container h-column__content h-column__v-align flex-basis-100 align-self-lg-start align-self-md-start align-self-start\">\n                <!---->\n                <div data-colibri-id=\"33294-c10\" class=\"d-block style-6331 style-local-33294-c10 position-relative h-element\">\n                  <!---->\n                  <div class=\"h-image__frame-container-outer\">\n                    <a href=\"https:\/\/planetyouth.lt\/\" h-use-smooth-scroll=\"true\" class=\"image-link\">\n                      <div class=\"h-image__frame-container\">\n                        <!---->\n                        <!---->\n                        <img loading=\"lazy\" decoding=\"async\" width=\"720\" height=\"721\" src=\"http:\/\/www.basanaviciaus.vilnius.lm.lt\/wp-content\/uploads\/2026\/03\/cropped-cropped-1-VARIANTAS-768x768-1.png\" class=\"wp-image-33331 style-6331-image style-local-33294-c10-image\" alt=\"\" srcset=\"http:\/\/www.basanaviciaus.vilnius.lm.lt\/wp-content\/uploads\/2026\/03\/cropped-cropped-1-VARIANTAS-768x768-1.png 720w, http:\/\/www.basanaviciaus.vilnius.lm.lt\/wp-content\/uploads\/2026\/03\/cropped-cropped-1-VARIANTAS-768x768-1-300x300.png 300w, http:\/\/www.basanaviciaus.vilnius.lm.lt\/wp-content\/uploads\/2026\/03\/cropped-cropped-1-VARIANTAS-768x768-1-150x150.png 150w\" sizes=\"auto, (max-width: 720px) 100vw, 720px\" \/>\n                        <div class=\"h-image__frame h-hide-lg h-hide-md h-hide-sm style-6331-frameImage style-local-33294-c10-frameImage\"><\/div>\n                      <\/div>\n                    <\/a>\n                  <\/div>\n                <\/div>\n              <\/div>\n            <\/div>\n          <\/div>\n        <\/div>\n      <\/div>\n      <div data-colibri-id=\"33294-c3\" class=\"h-row-container gutters-row-lg-2 gutters-row-md-2 gutters-row-0 gutters-row-v-lg-2 gutters-row-v-md-2 gutters-row-v-2 style-6324 style-local-33294-c3 position-relative\">\n        <!---->\n        <div class=\"h-row justify-content-lg-center justify-content-md-center justify-content-center align-items-lg-stretch align-items-md-stretch align-items-stretch gutters-col-lg-2 gutters-col-md-2 gutters-col-0 gutters-col-v-lg-2 gutters-col-v-md-2 gutters-col-v-2\">\n          <!---->\n          <div class=\"h-column h-column-container d-flex h-col-lg-auto h-col-md-auto h-col-auto style-6325-outer style-local-33294-c4-outer\">\n            <div data-colibri-id=\"33294-c4\" class=\"d-flex h-flex-basis h-column__inner h-px-lg-2 h-px-md-2 h-px-2 v-inner-lg-2 v-inner-md-2 v-inner-2 style-6325 style-local-33294-c4 position-relative\">\n              <!---->\n              <!---->\n              <div class=\"w-100 h-y-container h-column__content h-column__v-align flex-basis-100 align-self-lg-start align-self-md-start align-self-start\">\n                <!---->\n                <div data-colibri-id=\"33294-c6\" class=\"h-global-transition-all h-heading style-6327 style-local-33294-c6 position-relative h-element\">\n                  <!---->\n                  <div class=\"h-heading__outer style-6327 style-local-33294-c6\">\n                    <!---->\n                    <!---->\n                    <h3 class=\"\">Dokumentai<\/h3>\n                  <\/div>\n                <\/div>\n              <\/div>\n            <\/div>\n          <\/div>\n          <div class=\"h-column h-column-container d-flex h-col-lg-auto h-col-md-auto h-col-auto style-6326-outer style-local-33294-c5-outer\">\n            <div data-colibri-id=\"33294-c5\" class=\"d-flex h-flex-basis h-column__inner h-px-lg-2 h-px-md-2 h-px-2 v-inner-lg-2 v-inner-md-2 v-inner-2 style-6326 style-local-33294-c5 position-relative\">\n              <!---->\n              <!---->\n              <div class=\"w-100 h-y-container h-column__content h-column__v-align flex-basis-100 align-self-lg-start align-self-md-start align-self-start\">\n                <!---->\n                <div data-colibri-id=\"33294-c7\" class=\"icon-list d-flex justify-content-lg-start justify-content-md-start justify-content-start style-6328 style-local-33294-c7 position-relative h-element\">\n                  <!---->\n                  <ul class=\"ul-list-icon vertical-on-desktop vertical-on-tablet vertical-on-mobile justify-content-lg-start justify-content-md-start justify-content-start\">\n                    <!---->\n                    <li class=\"list-item no-gutters\">\n                      <!---->\n                      <div class=\"list-container-divider d-flex justify-content-lg-start justify-content-md-start justify-content-start first-el-spacer\"><\/div>\n                      <a href=\"http:\/\/www.basanaviciaus.vilnius.lm.lt\/wp-content\/uploads\/2026\/03\/isakymas-Planet-Youth-2025.pdf\" h-use-smooth-scroll=\"true\" class=\"item-link no-gutters\">\n                        <div class=\"d-flex h-col no-gutters align-items-lg-center align-items-md-center align-items-center list-item-text-wrapper\">\n                          <div class=\"d-flex\"><span class=\"h-svg-icon style-6328-icon style-local-33294-c7-icon\"><!--Icon by Font Awesome (https:\/\/fontawesome.com)--><svg version=\"1.1\" xmlns=\"http:\/\/www.w3.org\/2000\/svg\" xmlns:xlink=\"http:\/\/www.w3.org\/1999\/xlink\" id=\"check\" viewBox=\"0 0 1792 1896.0833\"><path d=\"M1671 566q0 40-28 68l-724 724-136 136q-28 28-68 28t-68-28l-136-136-362-362q-28-28-28-68t28-68l136-136q28-28 68-28t68 28l294 295 656-657q28-28 68-28t68 28l136 136q28 28 28 68z\"><\/path><\/svg><\/span><\/div>\n                          <span class=\"list-text d-block\"><span>Darbo grup\u0117<\/span><\/span>\n                        <\/div>\n                      <\/a>\n                      <div class=\"list-container-divider d-flex justify-content-lg-start justify-content-md-start justify-content-start\">\n                        <!---->\n                      <\/div>\n                    <\/li>\n                    <li class=\"list-item no-gutters\">\n                      <!---->\n                      <!---->\n                      <a href=\"http:\/\/www.basanaviciaus.vilnius.lm.lt\/wp-content\/uploads\/2026\/03\/I-IV-klasi\u0173-mokini\u0173-apklausos-rezultatai-Erdv\u0117s-kodas.pdf\" h-use-smooth-scroll=\"true\" class=\"item-link no-gutters\">\n                        <div class=\"d-flex h-col no-gutters align-items-lg-center align-items-md-center align-items-center list-item-text-wrapper\">\n                          <div class=\"d-flex\"><span class=\"h-svg-icon style-6328-icon style-local-33294-c7-icon\"><!--Icon by Font Awesome (https:\/\/fontawesome.com)--><svg version=\"1.1\" xmlns=\"http:\/\/www.w3.org\/2000\/svg\" xmlns:xlink=\"http:\/\/www.w3.org\/1999\/xlink\" id=\"check\" viewBox=\"0 0 1792 1896.0833\"><path d=\"M1671 566q0 40-28 68l-724 724-136 136q-28 28-68 28t-68-28l-136-136-362-362q-28-28-28-68t28-68l136-136q28-28 68-28t68 28l294 295 656-657q28-28 68-28t68 28l136 136q28 28 28 68z\"><\/path><\/svg><\/span><\/div>\n                          <span class=\"list-text d-block\"><span>I-IV klasi\u0173 mokini\u0173 apklausos \u201eErdv\u0117s kodas\u201c rezultatai<\/span><\/span>\n                        <\/div>\n                      <\/a>\n                      <div class=\"list-container-divider d-flex justify-content-lg-start justify-content-md-start justify-content-start\">\n                        <!---->\n                      <\/div>\n                    <\/li>\n                    <li class=\"list-item no-gutters\">\n                      <!---->\n                      <!---->\n                      <a href=\"http:\/\/www.basanaviciaus.vilnius.lm.lt\/wp-content\/uploads\/2026\/03\/\u012e-svetain\u0119-Patvirtintas-VILNIAUS-JONO-BASANAVI\u010cIAUS-GIMNAZIJOS-EMOCIN\u0116S-GEROV\u0116S-IR-PREVENCINI\u0172-VEIKL\u0172-PLANAS-2025.pdf\" h-use-smooth-scroll=\"true\" class=\"item-link no-gutters\">\n                        <div class=\"d-flex h-col no-gutters align-items-lg-center align-items-md-center align-items-center list-item-text-wrapper\">\n                          <div class=\"d-flex\"><span class=\"h-svg-icon style-6328-icon style-local-33294-c7-icon\"><!--Icon by Font Awesome (https:\/\/fontawesome.com)--><svg version=\"1.1\" xmlns=\"http:\/\/www.w3.org\/2000\/svg\" xmlns:xlink=\"http:\/\/www.w3.org\/1999\/xlink\" id=\"check\" viewBox=\"0 0 1792 1896.0833\"><path d=\"M1671 566q0 40-28 68l-724 724-136 136q-28 28-68 28t-68-28l-136-136-362-362q-28-28-28-68t28-68l136-136q28-28 68-28t68 28l294 295 656-657q28-28 68-28t68 28l136 136q28 28 28 68z\"><\/path><\/svg><\/span><\/div>\n                          <span class=\"list-text d-block\"><span>Planet Youth veikl\u0173 planas 2025 &#8211; 2026<\/span><\/span>\n                        <\/div>\n                      <\/a>\n                      <div class=\"list-container-divider d-flex justify-content-lg-start justify-content-md-start justify-content-start\" style=\"\">\n                        <!---->\n                      <\/div>\n                    <\/li>\n                    <li class=\"list-item no-gutters\">\n                      <!---->\n                      <!---->\n                      <a href=\"http:\/\/www.basanaviciaus.vilnius.lm.lt\/?p=31441\" h-use-smooth-scroll=\"true\" class=\"item-link no-gutters\">\n                        <div class=\"d-flex h-col no-gutters align-items-lg-center align-items-md-center align-items-center list-item-text-wrapper\">\n                          <div class=\"d-flex\"><span class=\"h-svg-icon style-6328-icon style-local-33294-c7-icon\"><!--Icon by Font Awesome (https:\/\/fontawesome.com)--><svg version=\"1.1\" xmlns=\"http:\/\/www.w3.org\/2000\/svg\" xmlns:xlink=\"http:\/\/www.w3.org\/1999\/xlink\" id=\"check\" viewBox=\"0 0 1792 1896.0833\"><path d=\"M1671 566q0 40-28 68l-724 724-136 136q-28 28-68 28t-68-28l-136-136-362-362q-28-28-28-68t28-68l136-136q28-28 68-28t68 28l294 295 656-657q28-28 68-28t68 28l136 136q28 28 28 68z\"><\/path><\/svg><\/span><\/div>\n                          <span class=\"list-text d-block\"><span>Planet Youth jaunimo apklausos rezultatai 2024<\/span><\/span>\n                        <\/div>\n                      <\/a>\n                      <div class=\"list-container-divider d-flex justify-content-lg-start justify-content-md-start justify-content-start\" style=\"display: none;\">\n                        <!---->\n                      <\/div>\n                      <div class=\"list-container-divider d-flex justify-content-lg-start justify-content-md-start justify-content-start last-el-spacer\"><\/div>\n                    <\/li>\n                  <\/ul>\n                <\/div>\n              <\/div>\n            <\/div>\n          <\/div>\n        <\/div>\n      <\/div>\n    <\/div>\n  <\/div>\n<\/div>","protected":false},"excerpt":{"rendered":"<p>Dokumentai Darbo grup\u0117 I-IV klasi\u0173 mokini\u0173 apklausos \u201eErdv\u0117s kodas\u201c rezultatai Planet Youth veikl\u0173 planas 2025 &#8211; 2026 Planet Youth jaunimo apklausos rezultatai 2024<\/p>\n","protected":false},"author":1,"featured_media":0,"parent":0,"menu_order":0,"comment_status":"closed","ping_status":"closed","template":"page-templates\/full-width-page.php","meta":{"footnotes":""},"class_list":["post-33294","page","type-page","status-publish","hentry"],"_links":{"self":[{"href":"http:\/\/www.basanaviciaus.vilnius.lm.lt\/index.php?rest_route=\/wp\/v2\/pages\/33294","targetHints":{"allow":["GET"]}}],"collection":[{"href":"http:\/\/www.basanaviciaus.vilnius.lm.lt\/index.php?rest_route=\/wp\/v2\/pages"}],"about":[{"href":"http:\/\/www.basanaviciaus.vilnius.lm.lt\/index.php?rest_route=\/wp\/v2\/types\/page"}],"author":[{"embeddable":true,"href":"http:\/\/www.basanaviciaus.vilnius.lm.lt\/index.php?rest_route=\/wp\/v2\/users\/1"}],"replies":[{"embeddable":true,"href":"http:\/\/www.basanaviciaus.vilnius.lm.lt\/index.php?rest_route=%2Fwp%2Fv2%2Fcomments&post=33294"}],"version-history":[{"count":7,"href":"http:\/\/www.basanaviciaus.vilnius.lm.lt\/index.php?rest_route=\/wp\/v2\/pages\/33294\/revisions"}],"predecessor-version":[{"id":33356,"href":"http:\/\/www.basanaviciaus.vilnius.lm.lt\/index.php?rest_route=\/wp\/v2\/pages\/33294\/revisions\/33356"}],"wp:attachment":[{"href":"http:\/\/www.basanaviciaus.vilnius.lm.lt\/index.php?rest_route=%2Fwp%2Fv2%2Fmedia&parent=33294"}],"curies":[{"name":"wp","href":"https:\/\/api.w.org\/{rel}","templated":true}]}}