{"id":42,"date":"2013-01-27T19:10:10","date_gmt":"2013-01-27T17:10:10","guid":{"rendered":"http:\/\/www2086.vu.lt\/?page_id=42"},"modified":"2014-09-11T09:22:36","modified_gmt":"2014-09-11T06:22:36","slug":"nuorodos","status":"publish","type":"page","link":"http:\/\/www.basanaviciaus.vilnius.lm.lt\/?page_id=42","title":{"rendered":"Nuorodos"},"content":{"rendered":"<p>\n\t<a href=\"http:\/\/www.basanaviciaus.vilnius.lm.lt\/?page_id=12\" style=\"font-family: 'times new roman', times, serif; font-size: 12.222222328186px; line-height: 20.7999992370605px;\">PROJEKTAS &bdquo;UGDYMO KARJERAI IR STEB\u0116SENOS MODELI\u0172 SUK\u016aRIMAS IR PL\u0116TRA BENDRAJAME LAVINIME IR PROFESINIAME MOKYME&ldquo;<\/a>\n<\/p>\n<p align=\"center\" style=\"margin-left:7.5pt;\">\n\t<strong>NAUDINGOS NUORODOS<\/strong>\n<\/p>\n<p style=\"margin-left:36pt;\">\n\tLietuvos Respublikos &Scaron;vietimo ir mokslo ministerija&ndash;&nbsp;<a href=\"http:\/\/www.smm.lt\/\">http:\/\/www.smm.lt<\/a>\n<\/p>\n<p style=\"margin-left:36pt;\">\n\tAtviros informavimo, konsultavimo ir orientavimo sistema (AIKOS)&ndash;&nbsp;<a href=\"http:\/\/www.aikos.smm.lt\/\">http:\/\/www.aikos.smm.lt<\/a>\n<\/p>\n<p style=\"margin-left:36pt;\">\n\tMokini\u0173 ugdymo karjerai informacin\u0117 svetain\u0117 &#8211;<a href=\"http:\/\/www.mukis.lt\/\" target=\"_blank\">&nbsp;http:\/\/www.mukis.lt<\/a>&nbsp;\n<\/p>\n<p style=\"margin-left:36pt;\">\n\tKvalifikacij\u0173 ir profesinio mokymo pl\u0117tros centras&ndash;&nbsp;<a href=\"http:\/\/www.kpmpc.lt\/\">http:\/\/www.kpmpc.lt<\/a>\n<\/p>\n<p style=\"margin-left:36pt;\">\n\t&Scaron;vietimo valdymo informacin\u0117 sistema&ndash;&nbsp;<a href=\"http:\/\/www.svis.smm.lt\/\">http:\/\/www.svis.smm.lt<\/a>\n<\/p>\n<p style=\"margin-left:36pt;\">\n\tSpecialiosios pedagogikos ir psichologijos centras-&nbsp;<a href=\"http:\/\/www.svietimopagalba.lt\/\" target=\"_blank\">http:\/\/www.svietimopagalba.lt<\/a>\n<\/p>\n<p style=\"margin-left:36pt;\">\n\tMokslas ir studijos Lietuvoje&ndash;&nbsp;<a href=\"http:\/\/www.mokslas.lt\/\">http:\/\/www.mokslas.lt<\/a>\n<\/p>\n<p style=\"margin-left:36pt;\">\n\tMokslo ir studij\u0173 steb\u0117senos ir analiz\u0117s centras (MOSTA) &#8211;&nbsp;<a href=\"http:\/\/www.mosta.lt\/\">http:\/\/www.mosta.lt<\/a>&nbsp;\n<\/p>\n<p style=\"margin-left:36pt;\">\n\tNacionalinis egzamin\u0173 centras&ndash;&nbsp;<a href=\"http:\/\/www.egzaminai.lt\/\">http:\/\/www.egzaminai.lt<\/a>\n<\/p>\n<p style=\"margin-left:36pt;\">\n\tViskas apie studijas Lietuvoje-&nbsp;<a href=\"http:\/\/www.studijos.lt\/\">http:\/\/www.studijos.lt<\/a>\n<\/p>\n<p style=\"margin-left:36pt;\">\n\tStudij\u0173 kokyb\u0117s vertinimo centras-&nbsp;<a href=\"http:\/\/www.skvc.lt\/\">http:\/\/www.skvc.lt<\/a>\n<\/p>\n<p style=\"margin-left:36pt;\">\n\tElektroninis leidinys abiturientams-&nbsp;<a href=\"http:\/\/www.kurstudijuoti.lt\/\">http:\/\/www.kurstudijuoti.lt<\/a>\n<\/p>\n<p style=\"margin-left:36pt;\">\n\t&Scaron;vietimo main\u0173 paramos fondo administruojamas projektas (profesinis informavimas ir konsultavimas)&ndash;&nbsp;<a href=\"http:\/\/www.euroguidance.lt\/\">http:\/\/www.euroguidance.lt<\/a>\n<\/p>\n<p style=\"margin-left:36pt;\">\n\tStudij\u0173 u\u017esienyje informacijos centras-&nbsp;<a href=\"http:\/\/eac.osf.lt\/eu\">http:\/\/eac.osf.lt\/eu<\/a>\n<\/p>\n<p style=\"margin-left:36pt;\">\n\t&Scaron;vietimo main\u0173 paramos fondas-&nbsp;<a href=\"http:\/\/www.smpf.lt\/\">http:\/\/www.smpf.lt<\/a>\n<\/p>\n<p style=\"margin-left:36pt;\">\n\t<span style=\"font-size: 13px; line-height: 1.6em;\">Lietuvos auk&scaron;t\u0173j\u0173 mokykl\u0173 asociacija bendrajam pri\u0117mimui organizuoti&ndash;<\/span><a href=\"http:\/\/www.lamabpo.lt\/\" style=\"font-size: 13px; line-height: 1.6em;\">http:\/\/www.lamabpo.lt<\/a>\n<\/p>\n<p style=\"margin-left:36pt;\">\n\tV&scaron;\u012e &ldquo;&Scaron;vietimo tinklas&rdquo;- &scaron;vietimo naujienos-&nbsp;<a href=\"http:\/\/www.tinklas.lt\/\">http:\/\/www.tinklas.lt<\/a>\n<\/p>\n<p style=\"margin-left:36pt;\">\n\tLietuvos darbo bir\u017ea&ndash;&nbsp;<a href=\"http:\/\/www.ldb.lt\/\">http:\/\/www.ldb.lt<\/a>\n<\/p>\n<p style=\"margin-left:36pt;\">\n\tValstybinis studij\u0173 fondas-&nbsp;<a href=\"http:\/\/www.vsf.lt\/\">http:\/\/www.vsf.lt<\/a>\n<\/p>\n<p style=\"margin-left:36pt;\">\n\t<span style=\"font-size: 13px; line-height: 1.6em;\">Personalo paie&scaron;kos ir atrankos paslaugos Europoje-&nbsp;<\/span><a href=\"http:\/\/www.cvonline.lt\/\" style=\"font-size: 13px; line-height: 1.6em;\">http:\/\/www.cvonline.lt<\/a>\n<\/p>\n<p style=\"margin-left:36pt;\">\n\tDarbo bei darbuotoj\u0173 paie&scaron;ka internete, CV duomen\u0173 baz\u0117, atnaujinama kiekvien\u0105 dien\u0105, karjeros patarimai-&nbsp;<a href=\"http:\/\/www.cvbankas.lt\/\">http:\/\/www.cvbankas.lt<\/a>\n<\/p>\n<p style=\"margin-left:36pt;\">\n\tEuropass projektas- vieningi Europoje geb\u0117jim\u0173 ir kvalifikacijos pripa\u017einimo dokumentai-<a href=\"http:\/\/www.europass.lt\/\">http:\/\/www.europass.lt<\/a>\n<\/p>\n<p style=\"margin-left:36pt;\">\n\tSezoninio ir nuolatinio darbo u\u017esienyje skelbimai &#8211;&nbsp;<a href=\"http:\/\/www.darbasuzsienyje.org\/\" target=\"_blank\">www.darbasuzsienyje.org<\/a>&nbsp;\n<\/p>\n<p style=\"margin-left:36pt;\">\n\tMokymosi galimybi\u0173 visoje Europoje portalas-&nbsp;<a href=\"http:\/\/ec.europa.eu\/ploteus\">http:\/\/ec.europa.eu\/ploteus<\/a>\n<\/p>\n<p style=\"margin-left:36pt;\">\n\tEkonominio &scaron;vietimo sklaidos centras-&nbsp;<a href=\"http:\/\/www.essc.lt\/\">http:\/\/www.essc.lt<\/a>\n<\/p>\n<p style=\"margin-left:36pt;\">\n\t&Scaron;vietimo kaitos fondas-&nbsp;<a href=\"http:\/\/skf.osf.lt\/\">http:\/\/skf.osf.lt<\/a>\n<\/p>\n<p style=\"margin-left:36pt;\">\n\t&Scaron;iuolaikini\u0173 didaktik\u0173 centras-&nbsp;<a href=\"http:\/\/www.sdcentras.lt\/\">http:\/\/www.sdcentras.lt<\/a>\n<\/p>\n<p style=\"margin-left:36pt;\">\n\t&Scaron;vietimo informacini\u0173 technologij\u0173 centras-&nbsp;<a href=\"http:\/\/www.ipc.lt\/\">http:\/\/www.ipc.lt<\/a>\n<\/p>\n<p style=\"margin-left:36pt;\">\n\t&Scaron;vietimo portalas-&nbsp;<a href=\"http:\/\/portalas.emokykla.lt\/\">http:\/\/portalas.emokykla.lt<\/a>\n<\/p>\n<p style=\"margin-left:36pt;\">\n\t<span style=\"font-size: 13px; line-height: 1.6em;\">Europos jaunimo portalas-&nbsp;<\/span><a href=\"http:\/\/www.eurodesk.lt\/\" style=\"font-size: 13px; line-height: 1.6em;\">http:\/\/www.eurodesk.lt<\/a>\n<\/p>\n<p style=\"margin-left:36pt;\">\n\t&Scaron;vietimo ir mokslo ministerijos &scaron;vietimo apr\u016bpinimo centras-&nbsp;<a href=\"http:\/\/www.sac.smm.lt\/\">http:\/\/www.sac.smm.lt\/<\/a>\n<\/p>\n<p>\n\t&nbsp;\n<\/p>\n<p>\n\t&nbsp;<\/p>\n","protected":false},"excerpt":{"rendered":"<p>PROJEKTAS &bdquo;UGDYMO KARJERAI IR STEB\u0116SENOS MODELI\u0172 SUK\u016aRIMAS IR PL\u0116TRA BENDRAJAME LAVINIME IR PROFESINIAME MOKYME&ldquo; NAUDINGOS NUORODOS Lietuvos Respublikos &Scaron;vietimo ir mokslo ministerija&ndash;&nbsp;http:\/\/www.smm.lt Atviros informavimo, konsultavimo ir orientavimo sistema (AIKOS)&ndash;&nbsp;http:\/\/www.aikos.smm.lt Mokini\u0173 ugdymo karjerai informacin\u0117 svetain\u0117 &#8211;&nbsp;http:\/\/www.mukis.lt&nbsp; Kvalifikacij\u0173 ir profesinio mokymo pl\u0117tros centras&ndash;&nbsp;http:\/\/www.kpmpc.lt &Scaron;vietimo valdymo informacin\u0117 sistema&ndash;&nbsp;http:\/\/www.svis.smm.lt Specialiosios pedagogikos ir psichologijos centras-&nbsp;http:\/\/www.svietimopagalba.lt Mokslas ir studijos Lietuvoje&ndash;&nbsp;http:\/\/www.mokslas.lt Mokslo [&hellip;]<\/p>\n","protected":false},"author":1,"featured_media":0,"parent":0,"menu_order":0,"comment_status":"closed","ping_status":"closed","template":"","meta":{"footnotes":""},"class_list":["post-42","page","type-page","status-publish","hentry"],"_links":{"self":[{"href":"http:\/\/www.basanaviciaus.vilnius.lm.lt\/index.php?rest_route=\/wp\/v2\/pages\/42","targetHints":{"allow":["GET"]}}],"collection":[{"href":"http:\/\/www.basanaviciaus.vilnius.lm.lt\/index.php?rest_route=\/wp\/v2\/pages"}],"about":[{"href":"http:\/\/www.basanaviciaus.vilnius.lm.lt\/index.php?rest_route=\/wp\/v2\/types\/page"}],"author":[{"embeddable":true,"href":"http:\/\/www.basanaviciaus.vilnius.lm.lt\/index.php?rest_route=\/wp\/v2\/users\/1"}],"replies":[{"embeddable":true,"href":"http:\/\/www.basanaviciaus.vilnius.lm.lt\/index.php?rest_route=%2Fwp%2Fv2%2Fcomments&post=42"}],"version-history":[{"count":8,"href":"http:\/\/www.basanaviciaus.vilnius.lm.lt\/index.php?rest_route=\/wp\/v2\/pages\/42\/revisions"}],"predecessor-version":[{"id":47,"href":"http:\/\/www.basanaviciaus.vilnius.lm.lt\/index.php?rest_route=\/wp\/v2\/pages\/42\/revisions\/47"}],"wp:attachment":[{"href":"http:\/\/www.basanaviciaus.vilnius.lm.lt\/index.php?rest_route=%2Fwp%2Fv2%2Fmedia&parent=42"}],"curies":[{"name":"wp","href":"https:\/\/api.w.org\/{rel}","templated":true}]}}