{"id":7844,"date":"2017-01-17T14:24:55","date_gmt":"2017-01-17T12:24:55","guid":{"rendered":"http:\/\/www.basanaviciaus.vilnius.lm.lt\/?page_id=7844"},"modified":"2017-01-17T14:29:31","modified_gmt":"2017-01-17T12:29:31","slug":"psichologines-emocines-socialines-pagalbos-galimybes-vaikams-paaugliams-ir-ju-artimiesiems16-17","status":"publish","type":"page","link":"http:\/\/www.basanaviciaus.vilnius.lm.lt\/?page_id=7844","title":{"rendered":"Psichologin\u0117s, emocin\u0117s, socialin\u0117s pagalbos galimyb\u0117s vaikams, paaugliams ir j\u0173 artimiesiems&#8217;16-17"},"content":{"rendered":"<p>\n\t<span style=\"color:#696969;\"><span style=\"font-size:12px;\"><span style=\"font-family:times new roman,times,serif;\"><strong>Psichologin\u0117s, emocin\u0117s, socialin\u0117s pagalbos galimyb\u0117s vaikams, paaugliams ir j\u0173 artimiesiems<\/strong><\/span><\/span><\/span>\n<\/p>\n<ul>\n<li>\n\t\t<span style=\"font-size:12px;\"><span style=\"font-family:times new roman,times,serif;\">Nemokama anonimin\u0117 psichologin\u0117 pagalba gyvai teikiama <a href=\"http:\/\/www.krizesiveikimas.lt\/\" target=\"_blank\">www.krizesiveikimas.lt<\/a>.&nbsp;<\/span><\/span><span style=\"font-size:12px;\"><span style=\"font-family:times new roman,times,serif;\">Krizi\u0173 \u012fveikimo centras. Nemokama trumpalaik\u0117 psichologo konsultacija be i&scaron;ankstin\u0117s registracijos, am\u017eiaus apribojim\u0173 n\u0117ra.<\/span><\/span>\n\t<\/li>\n<li>\n\t\t<span style=\"font-size:12px;\"><span style=\"font-family:times new roman,times,serif;\">Antakalnio poliklinikoje teikiama skubi, nemokama, anonimin\u0117 trumpalaik\u0117 psichologin\u0117 pagalba vilnie\u010diams (nuo 16 m.) be i&scaron;ankstin\u0117s registracijos, psichologai j\u016bs\u0173 lauks 104 kab. (Antakalnio poliklinika, Antakalnio g. 59). <a href=\"http:\/\/www.antakpol.lt\/go.php\/lit\/img\/163\">http:\/\/www.antakpol.lt\/go.php\/lit\/img\/163<\/a><\/span><\/span>\n\t<\/li>\n<li>\n\t\t<span style=\"font-size:12px;\"><span style=\"font-family:times new roman,times,serif;\">Anonimin\u0117 emocin\u0117 parama&nbsp; <a href=\"http:\/\/www.jaunimolinija.lt\/\">www.jaunimolinija.lt<\/a>&nbsp;<\/span><\/span><span style=\"font-size:12px;\"><span style=\"font-family:times new roman,times,serif;\">telefonu&nbsp;8 800 28888&nbsp;(nemokamai, bet kuriuo paros metu).<\/span><\/span>\n\t<\/li>\n<li>\n\t\t<span style=\"font-size:12px;\"><span style=\"font-family:times new roman,times,serif;\">Emocin\u0117 parama elektroniniais lai&scaron;kais (<a href=\"http:\/\/www.jaunimolinija.lt\/laiskai\/\">http:\/\/www.jaunimolinija.lt\/laiskai\/<\/a>, atsakymas per 2 paras).&nbsp;<\/span><\/span>\n\t<\/li>\n<li>\n\t\t<span style=\"font-family: &quot;times new roman&quot;, times, serif; font-size: 12px;\">Savipagalbos programa jaunimui&nbsp; <\/span><a href=\"http:\/\/www.sveikatostinklas.lt\" style=\"font-family: &quot;times new roman&quot;, times, serif; font-size: 12px;\">http:\/\/www.sveikatostinklas.lt<\/a>\n\t<\/li>\n<li>\n\t\t<span style=\"font-family: &quot;times new roman&quot;, times, serif; font-size: 12px;\">&nbsp;&bdquo;Vaik\u0173 linija&ldquo; &nbsp;<\/span><span style=\"font-size:12px;\"><span style=\"font-family:times new roman,times,serif;\">(tai emocin\u0117s paramos&nbsp;tarnyba vaikams ir paaugliams iki 18 met\u0173. <\/span><\/span><span style=\"font-size:12px;\"><span style=\"font-family:times new roman,times,serif;\">Vaikai ir paaugliai gali kreiptis \u012f &bdquo;Vaik\u0173 linij\u0105&ldquo; d\u0117l \u012fvairi\u0173 jiems i&scaron;kilusi\u0173 sunkum\u0173)&nbsp;Tel. (8 800) 11 111<\/span><\/span>\n\t<\/li>\n<li>\n\t\t<span style=\"font-size:12px;\"><span style=\"font-family:times new roman,times,serif;\">Vilniaus Vaik\u0173 linija&nbsp;V&Scaron;\u012e &bdquo;Vaik\u0173 linija&ldquo;&nbsp;M.K. Oginskio 3, Vilnius.&nbsp;Tel.\/faks.(8 5) 261 7295, mob. 8 601 93 283.&nbsp;El. p.&nbsp;<a href=\"mailto:vilnius@vaikulinija.lt\">vilnius@vaikulinija.lt<\/a><\/span><\/span>\n\t<\/li>\n<li>\n\t\t<span style=\"font-size:12px;\"><span style=\"font-family:times new roman,times,serif;\">&nbsp;&bdquo;Linija doverija&ldquo;&nbsp;(parama teikiama rus\u0173 kalba. Linija skirta paaugliams ir jaunimui).&nbsp;Tel. (8 800) 77 277<\/span><\/span>\n\t<\/li>\n<li>\n\t\t<span style=\"font-size:12px;\"><span style=\"font-family:times new roman,times,serif;\">Moksleivi\u0173 linija.&nbsp;Tel. (8 800) 23 300<\/span><\/span>\n\t<\/li>\n<li>\n\t\t<span style=\"font-size:12px;\"><span style=\"font-family:times new roman,times,serif;\">Vilties linija&nbsp;(nemokama anonimin\u0117 pagalba telefonu vaikams, jaunimui bei suaugusiems). Tel. (8 800) 60 700<\/span><\/span>\n\t<\/li>\n<\/ul>\n<p>\n\t<strong><span style=\"font-family: &quot;times new roman&quot;, times, serif; font-size: 12px;\">Kitos vietos, kur teikiama psichologin\u0117, emocin\u0117, socialin\u0117 pagalba:<\/span><\/strong>\n<\/p>\n<ul>\n<li>\n\t\t<span style=\"font-size:12px;\"><span style=\"font-family:times new roman,times,serif;\"><a href=\"http:\/\/www.vpsc.lt\/index.php?option=com_content&amp;view=article&amp;id=26%3Apsichikos-sveikatos-centrai&amp;catid=10%3Ainformacija-psichikos-svekatos-klausimais&amp;Itemid=21\" target=\"_blank\">www.vpsc.lt<\/a>&nbsp;&#8211; Psichikos sveikatos centrai. Ribotos trukm\u0117s nemokama psichologin\u0117 pagalba.<\/span><\/span>\n\t<\/li>\n<li>\n\t\t<span style=\"font-size:12px;\"><span style=\"font-family:times new roman,times,serif;\"><a href=\"http:\/\/www.gedintiems.lt\/\" target=\"_blank\">www.gedintiems.lt<\/a>&nbsp;&#8211;&nbsp;Pagalba gedintiems, netekt\u012f i&scaron;gyvenan\u010di\u0173j\u0173 savipagalbos grup\u0117.<\/span><\/span>\n\t<\/li>\n<li>\n\t\t<span style=\"font-size:12px;\"><span style=\"font-family:times new roman,times,serif;\"><a href=\"http:\/\/artimiems.lt\/\" target=\"_blank\" title=\"Artimiems.lt\">www.artimiems.lt<\/a>&nbsp;&#8211;&nbsp;<\/span><\/span><span style=\"font-size:12px;\"><span style=\"font-family:times new roman,times,serif;\">Svetain\u0117 nusi\u017eud\u017eiusi\u0173j\u0173 artimiesiems, nusi\u017eud\u017eiusi\u0173 artim\u0173j\u0173&nbsp;paramos grup\u0117.<\/span><\/span>\n\t<\/li>\n<li>\n\t\t<span style=\"font-size:12px;\"><span style=\"font-family:times new roman,times,serif;\"><a href=\"http:\/\/www.psichotraumatologija.fsf.vu.lt\/\" target=\"_blank\">www.psichotraumatologija.fsf.vu.lt<\/a>&nbsp;&#8211;&nbsp;<\/span><\/span><span style=\"font-size:12px;\"><span style=\"font-family:times new roman,times,serif;\">VU traum\u0173 psichologijos tyrim\u0173 grup\u0117. Nemokama pagalba patyrusiems traumas, sukre\u010dian\u010dius \u012fvykius.<\/span><\/span>\n\t<\/li>\n<li>\n\t\t<span style=\"font-size:12px;\"><span style=\"font-family:times new roman,times,serif;\"><a href=\"http:\/\/www.kraujas.lt\/onkopsichologijos-ir-komunikacijos-centras\/\" target=\"_blank\" title=\"Onkopsichologija.lt\">www.onkopsichologija.lt<\/a>&nbsp;&#8211;&nbsp;Informacija apie nemokam\u0105 psichologin\u0119 pagalb\u0105 onkologine liga sergantiems.<\/span><\/span>\n\t<\/li>\n<li>\n\t\t<span style=\"font-size:12px;\"><span style=\"font-family:times new roman,times,serif;\"><a href=\"http:\/\/www.aalietuvoje.org\/\" target=\"_blank\">www.aalietuvoje.org<\/a>&nbsp;&#8211;&nbsp;Anoniminiai alkoholikai. Pagalba norintiems pad\u0117ti sau ir kitiems sveikti nuo alkoholizmo.<\/span><\/span>\n\t<\/li>\n<li>\n\t\t<span style=\"font-size:12px;\"><span style=\"font-family:times new roman,times,serif;\"><a href=\"http:\/\/www.spcentras.lt\/Pagalbos-seimai-skyrius-707.html\" target=\"_blank\">www.spcentras.lt<\/a>&nbsp;&#8211;&nbsp;Socialin\u0117s paramos centras. Nemokamos konsultacijos priklausomiems asmenims ir j\u0173 artimuosiems.<\/span><\/span>\n\t<\/li>\n<li>\n\t\t<span style=\"font-size:12px;\"><span style=\"font-family:times new roman,times,serif;\"><a href=\"http:\/\/www.vasaros.lt\/sk_valgymosutrikimu.htm\" target=\"_blank\">www.vasaros.lt<\/a>&nbsp;&#8211;&nbsp;Valgymo sutrikim\u0173 centras. Nemokama psichologin\u0117 pagalba valgymo sutrikim\u0173 turintiems asmenims<\/span><\/span>\n\t<\/li>\n<li>\n\t\t<span style=\"font-size:12px;\"><span style=\"font-family:times new roman,times,serif;\"><a href=\"http:\/\/www.pvc.lt\/\" target=\"_blank\">www.pvc.lt<\/a>&nbsp;&#8211;&nbsp;<\/span><\/span><span style=\"font-size:12px;\"><span style=\"font-family:times new roman,times,serif;\">Paramos vaikams centras. Nemokama psichologin\u0117 pagalba vaikams ir &scaron;eimoms, patyrusiems smurt\u0105 ir prievart\u0105.<\/span><\/span>\n\t<\/li>\n<li>\n\t\t<span style=\"font-size:12px;\"><span style=\"font-family:times new roman,times,serif;\"><a href=\"http:\/\/www.raida.lt\/index.php?id=58\" target=\"_blank\" title=\"www.raida.lt\">www.raida.lt<\/a>&nbsp;&#8211;&nbsp;Vaiko raidos centras.&nbsp;Vaik\u0173 ir paaugli\u0173 krizi\u0173 intervencijos skyrius.<\/span><\/span>\n\t<\/li>\n<li>\n\t\t<span style=\"font-size:12px;\"><span style=\"font-family:times new roman,times,serif;\"><a href=\"http:\/\/nebijokkalbeti.lt\/\" target=\"_blank\" title=\"www.nebijokkalbeti.lt\">www.nebijokkalbeti.lt<\/a>&nbsp;&#8211;&nbsp;&bdquo;Jaunimo linijos&ldquo; ir Andriaus Mamontovo iniciatyva, skirta savi\u017eudybi\u0173 prevencijai.<\/span><\/span>\n\t<\/li>\n<li>\n\t\t<span style=\"font-size:12px;\"><span style=\"font-family:times new roman,times,serif;\"><a href=\"http:\/\/sumazinktyla.lt\/suzinok-dalinkis\/\" target=\"_blank\" title=\"www.nebijokkalbeti.lt\">www.sumazinktyla.lt<\/a>&nbsp;&#8211;&nbsp;Savi\u017eudybi\u0173 prevencijos&nbsp;projektas &bdquo;Suma\u017eink tyl\u0105&ldquo;. Informacija apie pagalb\u0105&nbsp;sau ir artimiesiems.<\/span><\/span>\n\t<\/li>\n<li>\n\t\t<span style=\"font-size:12px;\"><span style=\"font-family:times new roman,times,serif;\"><a href=\"http:\/\/www.vplc.lt\/\" target=\"_blank\">www.vplc.lt<\/a>&nbsp;&#8211;&nbsp;Vilniaus priklausomybi\u0173 lig\u0173 centras. Teikiamos kompleksin\u0117s paslaugos vaikams ir paaugliams, turintiems priklausomyb\u0119 kompiuteriams, patologin\u012f potrauk\u012f azartiniams lo&scaron;imams, tabakui, alkoholiui, narkotin\u0117ms med\u017eiagoms, nemokamas paaugli\u0173 testavimas, \u012ftarus vartojant narkotines med\u017eiagas ar alkohol\u012f (vis\u0105 par\u0105).<\/span><\/span>\n\t<\/li>\n<\/ul>\n<p style=\"margin-left: 40px;\">\n\t<span style=\"font-size:12px;\"><span style=\"font-family:times new roman,times,serif;\">Gerosios Vilties g.3, Vilnius<br \/>\n\tTel. (8-5) 213 7274, 213 7808<br \/>\n\tFaks. (8-5) 216 00 19<br \/>\n\tEl. p.&nbsp;<a href=\"mailto:info@vplc.lt\">info@vplc.lt<\/a><\/span><\/span>\n<\/p>\n<p style=\"margin-left: 40px;\">\n\t&nbsp;\n<\/p>\n<p>\n\t&nbsp;\n<\/p>\n<table border=\"0\" cellpadding=\"0\">\n<tbody>\n<tr>\n<td style=\"width:100.0%;\">\n<p>\n\t\t\t\t\t<span style=\"font-size:12px;\"><span style=\"font-family:times new roman,times,serif;\">Literat\u016bra internete psichikos sveikatos klausimais<\/span><\/span>\n\t\t\t\t<\/p>\n<\/td>\n<\/tr>\n<\/tbody>\n<\/table>\n<p>\n\t&nbsp;\n<\/p>\n<table border=\"0\" cellpadding=\"0\">\n<tbody>\n<tr>\n<td>\n<p>\n\t\t\t\t\t&nbsp;\n\t\t\t\t<\/p>\n<\/td>\n<\/tr>\n<tr>\n<td>\n<p>\n\t\t\t\t\t&nbsp;\n\t\t\t\t<\/p>\n<p>\n\t\t\t\t\t<span style=\"font-size:12px;\"><span style=\"font-family:times new roman,times,serif;\">Ma\u017eionien\u0117 M, Povilaitis R,. Suchodolska I, Elektronin\u0117s paty\u010dios ir j\u0173 prevencija, 2012.&nbsp;<a href=\"http:\/\/www.vaikulinija.lt\/media\/filer_public\/bc\/06\/bc067ba6-a32d-46d2-ac49-ad1142536ac2\/elektronines_patycios__perziurai_galutinis.pdf\">http:\/\/www.vaikulinija.lt\/media\/filer_public\/bc\/06\/bc067ba6-a32d-46d2-ac49-ad1142536ac2\/elektronines_patycios__perziurai_galutinis.pdf<\/a><\/span><\/span>\n\t\t\t\t<\/p>\n<p>\n\t\t\t\t\t&nbsp;\n\t\t\t\t<\/p>\n<p>\n\t\t\t\t\t<span style=\"font-size:12px;\"><span style=\"font-family:times new roman,times,serif;\">Jasiulion\u0117 JS, Ma\u017eionien\u0117 M, Suchodolska I, Povilaitis R, Kaip galiu pad\u0117ti savo vaikui?.. 2011.&nbsp;<a href=\"http:\/\/www.vaikulinija.lt\/media\/filer_public\/58\/d6\/58d67116-9e7a-448f-8ba3-b78b1c78e5f4\/kaip_galiu_padeti_savo_vaikui.pdf\">http:\/\/www.vaikulinija.lt\/media\/filer_public\/58\/d6\/58d67116-9e7a-448f-8ba3-b78b1c78e5f4\/kaip_galiu_padeti_savo_vaikui.pdf<\/a><\/span><\/span>\n\t\t\t\t<\/p>\n<p>\n\t\t\t\t\t&nbsp;\n\t\t\t\t<\/p>\n<p>\n\t\t\t\t\t<span style=\"font-size:12px;\"><span style=\"font-family:times new roman,times,serif;\">Jasiulion\u0117 J.S, Povilaitis R, Ma\u017eionien\u0117 M, Suchodolska I. Kuriame klas\u0119 be paty\u010di\u0173, 2010.&nbsp;<a href=\"http:\/\/www.vaikulinija.lt\/media\/filer_public\/a0\/7b\/a07b76df-7286-4e83-812f-2629a9cec43f\/kuriame_klase_be_patyciu.pdf\">http:\/\/www.vaikulinija.lt\/media\/filer_public\/a0\/7b\/a07b76df-7286-4e83-812f-2629a9cec43f\/kuriame_klase_be_patyciu.pdf<\/a><\/span><\/span>\n\t\t\t\t<\/p>\n<p>\n\t\t\t\t\t&nbsp;\n\t\t\t\t<\/p>\n<p>\n\t\t\t\t\t<span style=\"font-size:12px;\"><span style=\"font-family:times new roman,times,serif;\">Povilaitis R, Jasiulion\u0117 JS. Moku bendrauti be paty\u010di\u0173, Vinius, 2008.&nbsp;<a href=\"http:\/\/www.vaikulinija.lt\/media\/filer_public\/57\/4a\/574a6c07-6dd0-4dea-8f4d-69d42b313fc5\/7_moku_bendrauti_be_patyciu.pdf\">http:\/\/www.vaikulinija.lt\/media\/filer_public\/57\/4a\/574a6c07-6dd0-4dea-8f4d-69d42b313fc5\/7_moku_bendrauti_be_patyciu.pdf<\/a><\/span><\/span>\n\t\t\t\t<\/p>\n<p>\n\t\t\t\t\t&nbsp;\n\t\t\t\t<\/p>\n<p>\n\t\t\t\t\t<span style=\"font-size:12px;\"><span style=\"font-family:times new roman,times,serif;\">Modern\u016bs po\u017ei\u016briai \u012f paty\u010di\u0173 ir smurto prevencij\u0105 mokyklose. Tarptautin\u0117s konferencijos prane&scaron;imai. Modern approaches in prevention of bullying and violence in schools. Conference reports, 2008.&nbsp;<a href=\"http:\/\/iamnotscared.pixel-online.org\/data\/database\/publications\/86_4%20Modern%C3%85%C2%ABs%20po%C3%85%C2%BEi%C3%85%C2%ABriai%20%C3%84%C2%AF%20paty%C3%84%C2%8Di%C3%85%C2%B3%20ir%20smurto%20prevencij%C3%84%C2%85%20mokyklose.pdf\">http:\/\/iamnotscared.pixel-online.org\/data\/database\/publications\/86_4%20Modern\u016bs%20po\u017ei\u016briai%20\u012f%20paty\u010di\u0173%20ir%20smurto%20prevencij\u0105%20mokyklose.pdf<\/a><\/span><\/span>\n\t\t\t\t<\/p>\n<p>\n\t\t\t\t\t&nbsp;\n\t\t\t\t<\/p>\n<p>\n\t\t\t\t\t<span style=\"font-size:12px;\"><span style=\"font-family:times new roman,times,serif;\">Povilaitis R, Jasiulion\u0117 JS. Mokykla gali \u012fveikti paty\u010dias, 2008.&nbsp;<a href=\"http:\/\/www.vaikulinija.lt\/media\/filer_public\/6a\/2f\/6a2fc019-7c87-4890-a97b-c902a56058d8\/6_mokykla_gali_iveikti_patycias.pdf\">http:\/\/www.vaikulinija.lt\/media\/filer_public\/6a\/2f\/6a2fc019-7c87-4890-a97b-c902a56058d8\/6_mokykla_gali_iveikti_patycias.pdf<\/a><\/span><\/span>\n\t\t\t\t<\/p>\n<p>\n\t\t\t\t\t&nbsp;\n\t\t\t\t<\/p>\n<p>\n\t\t\t\t\t<span style=\"font-size:12px;\"><span style=\"font-family:times new roman,times,serif;\">Polukordien\u0117 KO. Netek\u010di\u0173 psichologija. UAB &bdquo;Panev\u0117\u017eio spaustuv\u0117&rdquo;, 2008.&nbsp;<a href=\"http:\/\/www.krizesiveikimas.lt\/uploads\/knygos\/NetekciuPsichologija.pdf\">http:\/\/www.krizesiveikimas.lt\/uploads\/knygos\/NetekciuPsichologija.pdf<\/a><\/span><\/span>\n\t\t\t\t<\/p>\n<p>\n\t\t\t\t\t&nbsp;\n\t\t\t\t<\/p>\n<p>\n\t\t\t\t\t<span style=\"font-size:12px;\"><span style=\"font-family:times new roman,times,serif;\">Patarimai su psichikos sveikatos temomis susiduriantiems \u017eurnalistams.&nbsp;<a href=\"http:\/\/www.perspektyvos.org\/images\/failai\/atmintine_zurnalistams.pdf\">http:\/\/www.perspektyvos.org\/images\/failai\/atmintine_zurnalistams.pdf<\/a><\/span><\/span>\n\t\t\t\t<\/p>\n<p>\n\t\t\t\t\t&nbsp;\n\t\t\t\t<\/p>\n<p>\n\t\t\t\t\t<span style=\"font-size:12px;\"><span style=\"font-family:times new roman,times,serif;\">Lesinskien\u0117 S, Karalien\u0117 V. Emocin\u0117s raidos \u012ftaka tolimesniam vaiko asmenyb\u0117s vystymuisi. Metodin\u0117s rekomendacijos pedagogini\u0173 psichologini\u0173 tarnyb\u0173 specialistams, ikimokyklinio ugdymo pedagogams, t\u0117vams. Vilnius, 2008.&nbsp;<a href=\"http:\/\/portalas.emokykla.lt\/Documents\/Metodiniai%20leidiniai\/SPPC\/emocines.pdf\">http:\/\/portalas.emokykla.lt\/Documents\/Metodiniai%20leidiniai\/SPPC\/emocines.pdf<\/a><\/span><\/span>\n\t\t\t\t<\/p>\n<p>\n\t\t\t\t\t&nbsp;\n\t\t\t\t<\/p>\n<p>\n\t\t\t\t\t<span style=\"font-size:12px;\"><span style=\"font-family:times new roman,times,serif;\">Solantaus T. Vadovas t\u0117vams, turintiems psichikos sveikatos problem\u0173. Kaip galiu pad\u0117ti savo vaikams? 2008.&nbsp;<a href=\"http:\/\/www.lspzgb.lt\/images\/user\/LEIDINYS%20-%201_9_.pdf\">http:\/\/www.lspzgb.lt\/images\/user\/LEIDINYS%20-%201_9_.pdf<\/a><\/span><\/span>\n\t\t\t\t<\/p>\n<p>\n\t\t\t\t\t&nbsp;\n\t\t\t\t<\/p>\n<p>\n\t\t\t\t\t<span style=\"font-size:12px;\"><span style=\"font-family:times new roman,times,serif;\">Karmaza E, Grugutyt\u0117 N, Karmaz\u0117 E.G. Smurtas mokykloje: prevencija ir pagalba. Metodin\u0117s rekomendacijos. Vilnius, 2007.&nbsp;<a href=\"http:\/\/portalas.emokykla.lt\/Documents\/Metodiniai%20leidiniai\/SPPC\/Smurtas%20mokykloje_2.pdf\">http:\/\/portalas.emokykla.lt\/Documents\/Metodiniai%20leidiniai\/SPPC\/Smurtas%20mokykloje_2.pdf<\/a><\/span><\/span>\n\t\t\t\t<\/p>\n<p>\n\t\t\t\t\t&nbsp;\n\t\t\t\t<\/p>\n<p>\n\t\t\t\t\t<span style=\"font-size:12px;\"><span style=\"font-family:times new roman,times,serif;\">Arlauskait\u0117 \u017d. Galiu pad\u0117ti savo vaikui. Knygel\u0117 t\u0117vams apie smurt\u0105 prie&scaron; vaikus, 2007.&nbsp;<a href=\"http:\/\/portalas.emokykla.lt\/Documents\/Metodiniai%20leidiniai\/SPPC\/padeti%20vaikui1_1.pdf\">http:\/\/portalas.emokykla.lt\/Documents\/Metodiniai%20leidiniai\/SPPC\/padeti%20vaikui1_1.pdf<\/a><\/span><\/span>\n\t\t\t\t<\/p>\n<p>\n\t\t\t\t\t&nbsp;\n\t\t\t\t<\/p>\n<p>\n\t\t\t\t\t<span style=\"font-size:12px;\"><span style=\"font-family:times new roman,times,serif;\">Kurien\u0117 A. K\u0105 kiekvienas vaikas turi \u017einoti apie smurt\u0105 ir kaip i&scaron;likti saugiam, 2007.&nbsp;<a href=\"http:\/\/portalas.emokykla.lt\/Documents\/Metodiniai%20leidiniai\/SPPC\/smurtas_vaikams_22.pdf\">http:\/\/portalas.emokykla.lt\/Documents\/Metodiniai%20leidiniai\/SPPC\/smurtas_vaikams_22.pdf<\/a><\/span><\/span>\n\t\t\t\t<\/p>\n<p>\n\t\t\t\t\t&nbsp;\n\t\t\t\t<\/p>\n<p>\n\t\t\t\t\t<span style=\"font-size:12px;\"><span style=\"font-family:times new roman,times,serif;\">Povilaitis R, Valiukevi\u010di\u016bt\u0117 J. Paty\u010di\u0173 prevencija mokyklose, 2006.&nbsp;<a href=\"http:\/\/www.vaikulinija.lt\/media\/filer_public\/ca\/c2\/cac22ff0-318a-4993-b701-111991361db0\/patyciu_prevencija_mokyklose.pdf\">http:\/\/www.vaikulinija.lt\/media\/filer_public\/ca\/c2\/cac22ff0-318a-4993-b701-111991361db0\/patyciu_prevencija_mokyklose.pdf<\/a><\/span><\/span>\n\t\t\t\t<\/p>\n<p>\n\t\t\t\t\t&nbsp;\n\t\t\t\t<\/p>\n<p>\n\t\t\t\t\t<span style=\"font-size:12px;\"><span style=\"font-family:times new roman,times,serif;\">Polukordien\u0117 KO. ir kt. Netektys. Draugo lai&scaron;kai II, Jaunimo psichologin\u0117s paramos centras, 2005.&nbsp;<a href=\"http:\/\/www.krizesiveikimas.lt\/uploads\/knygos\/netektys.pdf\">http:\/\/www.krizesiveikimas.lt\/uploads\/knygos\/netektys.pdf<\/a><\/span><\/span>\n\t\t\t\t<\/p>\n<p>\n\t\t\t\t\t&nbsp;\n\t\t\t\t<\/p>\n<p>\n\t\t\t\t\t<span style=\"font-size:12px;\"><span style=\"font-family:times new roman,times,serif;\">Polukordien\u0117 KO. ir kt. Draugo lai&scaron;kai, Jaunimo psichologin\u0117s paramos centras, 2004.&nbsp;<a href=\"http:\/\/www.krizesiveikimas.lt\/uploads\/knygos\/draugo_laiskai.pdf\">http:\/\/www.krizesiveikimas.lt\/uploads\/knygos\/draugo_laiskai.pdf<\/a><\/span><\/span>\n\t\t\t\t<\/p>\n<p>\n\t\t\t\t\t&nbsp;\n\t\t\t\t<\/p>\n<p>\n\t\t\t\t\t<span style=\"font-size:12px;\"><span style=\"font-family:times new roman,times,serif;\">Kaip tinkamai vartoti vaistus, 2004.&nbsp;<a href=\"http:\/\/www.perspektyvos.org\/images\/failai\/VaistuVart.pdf\">http:\/\/www.perspektyvos.org\/images\/failai\/VaistuVart.pdf<\/a><\/span><\/span>\n\t\t\t\t<\/p>\n<p>\n\t\t\t\t\t&nbsp;\n\t\t\t\t<\/p>\n<p>\n\t\t\t\t\t<span style=\"font-size:12px;\"><span style=\"font-family:times new roman,times,serif;\">Polukordien\u0117 KO. Psichologin\u0117s kriz\u0117s ir j\u0173 \u012fveikimas. Vilnius, 2003.&nbsp;<a href=\"http:\/\/www.krizesiveikimas.lt\/uploads\/knygos\/KOP.%20Psichologines%20krizes%20ir%20ju%20iveikimas.pdf\">http:\/\/www.krizesiveikimas.lt\/uploads\/knygos\/KOP.%20Psichologines%20krizes%20ir%20ju%20iveikimas.pdf<\/a><\/span><\/span>\n\t\t\t\t<\/p>\n<p>\n\t\t\t\t\t&nbsp;\n\t\t\t\t<\/p>\n<p>\n\t\t\t\t\t<span style=\"font-size:12px;\"><span style=\"font-family:times new roman,times,serif;\">Ram&scaron;a V. J\u016bs\u0173 vaikas mik\u010dioja&#8230; Vilnius, 1999.&nbsp;<a href=\"http:\/\/www.sos03.lt\/files\/knygos\/jusu_vaikas_mikcioja.pdf\">http:\/\/www.sos03.lt\/files\/knygos\/jusu_vaikas_mikcioja.pdf<\/a><\/span><\/span>\n\t\t\t\t<\/p>\n<p>\n\t\t\t\t\t&nbsp;\n\t\t\t\t<\/p>\n<\/td>\n<\/tr>\n<\/tbody>\n<\/table>\n<p>\n\t&nbsp;<\/p>\n","protected":false},"excerpt":{"rendered":"<p>Psichologin\u0117s, emocin\u0117s, socialin\u0117s pagalbos galimyb\u0117s vaikams, paaugliams ir j\u0173 artimiesiems Nemokama anonimin\u0117 psichologin\u0117 pagalba gyvai teikiama www.krizesiveikimas.lt.&nbsp;Krizi\u0173 \u012fveikimo centras. Nemokama trumpalaik\u0117 psichologo konsultacija be i&scaron;ankstin\u0117s registracijos, am\u017eiaus apribojim\u0173 n\u0117ra. Antakalnio poliklinikoje teikiama skubi, nemokama, anonimin\u0117 trumpalaik\u0117 psichologin\u0117 pagalba vilnie\u010diams (nuo 16 m.) be i&scaron;ankstin\u0117s registracijos, psichologai j\u016bs\u0173 lauks 104 kab. (Antakalnio poliklinika, Antakalnio g. 59). [&hellip;]<\/p>\n","protected":false},"author":1,"featured_media":0,"parent":165,"menu_order":0,"comment_status":"closed","ping_status":"closed","template":"","meta":{"footnotes":""},"class_list":["post-7844","page","type-page","status-publish","hentry"],"_links":{"self":[{"href":"http:\/\/www.basanaviciaus.vilnius.lm.lt\/index.php?rest_route=\/wp\/v2\/pages\/7844","targetHints":{"allow":["GET"]}}],"collection":[{"href":"http:\/\/www.basanaviciaus.vilnius.lm.lt\/index.php?rest_route=\/wp\/v2\/pages"}],"about":[{"href":"http:\/\/www.basanaviciaus.vilnius.lm.lt\/index.php?rest_route=\/wp\/v2\/types\/page"}],"author":[{"embeddable":true,"href":"http:\/\/www.basanaviciaus.vilnius.lm.lt\/index.php?rest_route=\/wp\/v2\/users\/1"}],"replies":[{"embeddable":true,"href":"http:\/\/www.basanaviciaus.vilnius.lm.lt\/index.php?rest_route=%2Fwp%2Fv2%2Fcomments&post=7844"}],"version-history":[{"count":2,"href":"http:\/\/www.basanaviciaus.vilnius.lm.lt\/index.php?rest_route=\/wp\/v2\/pages\/7844\/revisions"}],"predecessor-version":[{"id":7847,"href":"http:\/\/www.basanaviciaus.vilnius.lm.lt\/index.php?rest_route=\/wp\/v2\/pages\/7844\/revisions\/7847"}],"up":[{"embeddable":true,"href":"http:\/\/www.basanaviciaus.vilnius.lm.lt\/index.php?rest_route=\/wp\/v2\/pages\/165"}],"wp:attachment":[{"href":"http:\/\/www.basanaviciaus.vilnius.lm.lt\/index.php?rest_route=%2Fwp%2Fv2%2Fmedia&parent=7844"}],"curies":[{"name":"wp","href":"https:\/\/api.w.org\/{rel}","templated":true}]}}