{"id":9651,"date":"2017-12-27T15:20:35","date_gmt":"2017-12-27T13:20:35","guid":{"rendered":"http:\/\/www.basanaviciaus.vilnius.lm.lt\/?page_id=9651"},"modified":"2018-10-26T08:08:44","modified_gmt":"2018-10-26T05:08:44","slug":"erasmus-ka1-projekto-inovatyvus-ugdymas-sklaida","status":"publish","type":"page","link":"http:\/\/www.basanaviciaus.vilnius.lm.lt\/?page_id=9651","title":{"rendered":"Erasmus+ KA1 projekto\u00a0\u201eInovatyvus ugdymas\u201c sklaida kit\u0173 mokykl\u0173 mokytojams_12-27&#8217;17-18"},"content":{"rendered":"<div>\n<p>\n\t\t<span style=\"color:#696969;\"><span style=\"font-size:12px;\"><span style=\"font-family:times new roman,times,serif;\"><strong>2017-12-27<\/strong><\/span><\/span><\/span>\n\t<\/p>\n<\/div>\n<p>\n\t<span style=\"color:#696969;\"><span style=\"font-size:12px;\"><span style=\"font-family:times new roman,times,serif;\"><strong>Erasmus+ KA1 projekto&nbsp;&bdquo;Inovatyvus ugdymas&ldquo; sklaida kit\u0173 mokykl\u0173 mokytojams<\/strong><\/span><\/span><\/span>\n<\/p>\n<ol>\n<li>\n\t\t<span style=\"color:#696969;\"><span style=\"font-size:12px;\"><span style=\"font-family:times new roman,times,serif;\">Erasmus+ KA1 projekto&nbsp;&bdquo;Inovatyvus ugdymas&ldquo;<strong>&nbsp;<\/strong>pristatymas.&nbsp;Veikla:&nbsp;Prisijungimas prie&nbsp;Edmodo aplinkos.&nbsp;<\/span><\/span><\/span>\n\t<\/li>\n<li>\n\t\t<span style=\"color:#696969;\"><span style=\"font-size:12px;\"><span style=\"font-family:times new roman,times,serif;\">Inovatyv\u016bs pamokos metodai.&nbsp;Veikla: IKT \u012frankiai virtuali\u0173 plakat\u0173 k\u016brimui: google skaidr\u0117s,&nbsp;linoit,&nbsp;Canva.<\/span><\/span><\/span>\n\t<\/li>\n<li>\n\t\t<span style=\"color:#696969;\"><span style=\"font-size:12px;\"><span style=\"font-family:times new roman,times,serif;\">Inovatyv\u016bs pamokos metodai.&nbsp;Veikla:&nbsp;RQ kodo k\u016brimas sukurtam renginiui, svetainiai, kontaktui ir t.t.<\/span><\/span><\/span>\n\t<\/li>\n<li>\n\t\t<span style=\"color:#696969;\"><span style=\"font-size:12px;\"><span style=\"font-family:times new roman,times,serif;\">Plakat\u0173, QR kod\u0173 pristatymas, refleksija. Diskusija.<\/span><\/span><\/span>\n\t<\/li>\n<\/ol>\n<p>\n\t<span style=\"font-size:12px;\"><span style=\"font-family:times new roman,times,serif;\">Mokytojai dirbo&nbsp;Edmodo aplinkoje: \u012f j\u0105 k\u0117l\u0117 savo darbus sukurtus mokym\u0173 metu. Pasirinktos pamokos tema mok\u0117si kurti plakatus naudojant google skaidres, linoit ir Canva aplinkas. Pamokos pagyvinimui bei aplinkos k\u016brimui dalyviai mok\u0117si naudoti QR kodus. Mokytojai suk\u016br\u0117 QR kodus \u012fvairioms pamok\u0173 dalims: su\u017eadinimui, veikloms, refleksijai bei \u012fsivertinimui.&nbsp;<\/span><\/span>\n<\/p>\n<p>\n\t<span style=\"color:#696969;\"><span style=\"font-size:12px;\"><span style=\"font-family:times new roman,times,serif;\"><style id=\"bwg-style-0\">    #bwg_container1_0 #bwg_container2_0 .bwg-container-0.bwg-standard-thumbnails {      width: 904px;              justify-content: center;        margin:0 auto !important;              background-color: rgba(255, 255, 255, 0.00);            padding-left: 4px;      padding-top: 4px;      max-width: 100%;            }        #bwg_container1_0 #bwg_container2_0 .bwg-container-0.bwg-standard-thumbnails .bwg-item {    justify-content: flex-start;      max-width: 180px;            width: 180px !important;          }    #bwg_container1_0 #bwg_container2_0 .bwg-container-0.bwg-standard-thumbnails .bwg-item a {       margin-right: 4px;       margin-bottom: 4px;    }    #bwg_container1_0 #bwg_container2_0 .bwg-container-0.bwg-standard-thumbnails .bwg-item0 {      padding: 0px;            background-color:rgba(255,255,255, 0.30);      border: 0px none #CCCCCC;      opacity: 1.00;      border-radius: 0;      box-shadow: 0px 0px 0px #888888;    }    #bwg_container1_0 #bwg_container2_0 .bwg-container-0.bwg-standard-thumbnails .bwg-item1 img {      max-height: none;      max-width: none;      padding: 0 !important;    }        @media only screen and (min-width: 480px) {      #bwg_container1_0 #bwg_container2_0 .bwg-container-0.bwg-standard-thumbnails .bwg-item0 {        transition: all 0.3s ease 0s;-webkit-transition: all 0.3s ease 0s;      }      #bwg_container1_0 #bwg_container2_0 .bwg-container-0.bwg-standard-thumbnails .bwg-item0:hover {        -ms-transform: scale(1.1);        -webkit-transform: scale(1.1);        transform: scale(1.1);      }    }          #bwg_container1_0 #bwg_container2_0 .bwg-container-0.bwg-standard-thumbnails .bwg-item1 {      padding-top: 50%;    }        #bwg_container1_0 #bwg_container2_0 .bwg-container-0.bwg-standard-thumbnails .bwg-title2,    #bwg_container1_0 #bwg_container2_0 .bwg-container-0.bwg-standard-thumbnails .bwg-ecommerce2 {      color: #CCCCCC;      font-family: segoe ui;      font-size: 16px;      font-weight: bold;      padding: 2px;      text-shadow: 0px 0px 0px #888888;      max-height: 100%;    }    #bwg_container1_0 #bwg_container2_0 .bwg-container-0.bwg-standard-thumbnails .bwg-thumb-description span {    color: #323A45;    font-family: Ubuntu;    font-size: 12px;    max-height: 100%;    word-wrap: break-word;    }    #bwg_container1_0 #bwg_container2_0 .bwg-container-0.bwg-standard-thumbnails .bwg-play-icon2 {      font-size: 32px;    }    #bwg_container1_0 #bwg_container2_0 .bwg-container-0.bwg-standard-thumbnails .bwg-ecommerce2 {      font-size: 19.2px;      color: #CCCCCC;    }    <\/style>    <div id=\"bwg_container1_0\"         class=\"bwg_container bwg_thumbnail bwg_thumbnails \"         data-right-click-protection=\"0\"         data-bwg=\"0\"         data-scroll=\"0\"         data-gallery-type=\"thumbnails\"         data-gallery-view-type=\"thumbnails\"         data-current-url=\"\/index.php?rest_route=%2Fwp%2Fv2%2Fpages%2F9651\"         data-lightbox-url=\"http:\/\/www.basanaviciaus.vilnius.lm.lt\/wp-admin\/admin-ajax.php?action=GalleryBox&#038;current_view=0&#038;gallery_id=223&#038;tag=0&#038;theme_id=1&#038;shortcode_id=225&#038;sort_by=order&#038;order_by=asc&#038;current_url=%2Findex.php%3Frest_route%3D%252Fwp%252Fv2%252Fpages%252F9651\"         data-gallery-id=\"223\"         data-popup-width=\"800\"         data-popup-height=\"500\"         data-is-album=\"gallery\"         data-buttons-position=\"bottom\">      <div id=\"bwg_container2_0\">             <div id=\"ajax_loading_0\" class=\"bwg_loading_div_1\">      <div class=\"bwg_loading_div_2\">        <div class=\"bwg_loading_div_3\">          <div id=\"loading_div_0\" class=\"bwg_spider_ajax_loading\">          <\/div>        <\/div>      <\/div>    <\/div>            <form id=\"gal_front_form_0\"              class=\"bwg-hidden\"              method=\"post\"              action=\"#\"              data-current=\"0\"              data-shortcode-id=\"225\"              data-gallery-type=\"thumbnails\"              data-gallery-id=\"223\"              data-tag=\"0\"              data-album-id=\"0\"              data-theme-id=\"1\"              data-ajax-url=\"http:\/\/www.basanaviciaus.vilnius.lm.lt\/wp-admin\/admin-ajax.php?action=bwg_frontend_data\">          <div id=\"bwg_container3_0\" class=\"bwg-background bwg-background-0\">                <div data-max-count=\"5\"         data-thumbnail-width=\"180\"         data-bwg=\"0\"         data-gallery-id=\"223\"         data-lightbox-url=\"http:\/\/www.basanaviciaus.vilnius.lm.lt\/wp-admin\/admin-ajax.php?action=GalleryBox&amp;current_view=0&amp;gallery_id=223&amp;tag=0&amp;theme_id=1&amp;shortcode_id=225&amp;sort_by=order&amp;order_by=asc&amp;current_url=%2Findex.php%3Frest_route%3D%252Fwp%252Fv2%252Fpages%252F9651\"         id=\"bwg_thumbnails_0\"         class=\"bwg-container-0 bwg-thumbnails bwg-standard-thumbnails bwg-container bwg-border-box\">            <div class=\"bwg-item\">        <a class=\"bwg-a  bwg_lightbox\"  data-image-id=\"1729\" href=\"http:\/\/www.basanaviciaus.vilnius.lm.lt\/wp-content\/uploads\/photo-gallery\/Erasmus_KA1_projekto_\u201eInovatyvus_ugdymas\u201c_sklaida_kit\u0173_mokykl\u0173_mokytojams_12-2717-18\/6.jpg\" data-elementor-open-lightbox=\"no\">                <div class=\"bwg-item0 \">          <div class=\"bwg-item1 \">            <div class=\"bwg-item2\">              <img decoding=\"async\" class=\"skip-lazy bwg_standart_thumb_img_0 \"                   data-id=\"1729\"                   data-width=\"\"                   data-height=\"\"                   data-src=\"http:\/\/www.basanaviciaus.vilnius.lm.lt\/wp-content\/uploads\/photo-gallery\/Erasmus_KA1_projekto_\u201eInovatyvus_ugdymas\u201c_sklaida_kit\u0173_mokykl\u0173_mokytojams_12-2717-18\/thumb\/6.jpg\"                   src=\"http:\/\/www.basanaviciaus.vilnius.lm.lt\/wp-content\/uploads\/photo-gallery\/Erasmus_KA1_projekto_\u201eInovatyvus_ugdymas\u201c_sklaida_kit\u0173_mokykl\u0173_mokytojams_12-2717-18\/thumb\/6.jpg\"                   alt=\"6\"                   title=\"6\" \/>            <\/div>            <div class=\"\">                                                      <\/div>          <\/div>        <\/div>                        <\/a>              <\/div>          <\/div>              <\/div>        <\/form>        <style>          #bwg_container1_0 #bwg_container2_0 #spider_popup_overlay_0 {          background-color: #000000;          opacity: 0.70;          }          <\/style>        <div id=\"bwg_spider_popup_loading_0\" class=\"bwg_spider_popup_loading\"><\/div>        <div id=\"spider_popup_overlay_0\" class=\"spider_popup_overlay\" onclick=\"spider_destroypopup(1000)\"><\/div>        <input type=\"hidden\" id=\"bwg_random_seed_0\" value=\"1033961356\">                <\/div>    <\/div>    <script>      if (document.readyState === 'complete') {        if( typeof bwg_main_ready == 'function' ) {          if ( jQuery(\"#bwg_container1_0\").height() ) {            bwg_main_ready(jQuery(\"#bwg_container1_0\"));          }        }      } else {        document.addEventListener('DOMContentLoaded', function() {          if( typeof bwg_main_ready == 'function' ) {            if ( jQuery(\"#bwg_container1_0\").height() ) {             bwg_main_ready(jQuery(\"#bwg_container1_0\"));            }          }        });      }    <\/script>    <\/span><\/span><\/span>\n<\/p>\n<p align=\"center\">\n\t&nbsp;<\/p>\n","protected":false},"excerpt":{"rendered":"<p>2017-12-27 Erasmus+ KA1 projekto&nbsp;&bdquo;Inovatyvus ugdymas&ldquo; sklaida kit\u0173 mokykl\u0173 mokytojams Erasmus+ KA1 projekto&nbsp;&bdquo;Inovatyvus ugdymas&ldquo;&nbsp;pristatymas.&nbsp;Veikla:&nbsp;Prisijungimas prie&nbsp;Edmodo aplinkos.&nbsp; Inovatyv\u016bs pamokos metodai.&nbsp;Veikla: IKT \u012frankiai virtuali\u0173 plakat\u0173 k\u016brimui: google skaidr\u0117s,&nbsp;linoit,&nbsp;Canva. Inovatyv\u016bs pamokos metodai.&nbsp;Veikla:&nbsp;RQ kodo k\u016brimas sukurtam renginiui, svetainiai, kontaktui ir t.t. Plakat\u0173, QR kod\u0173 pristatymas, refleksija. Diskusija. Mokytojai dirbo&nbsp;Edmodo aplinkoje: \u012f j\u0105 k\u0117l\u0117 savo darbus sukurtus mokym\u0173 metu. Pasirinktos pamokos [&hellip;]<\/p>\n","protected":false},"author":1,"featured_media":0,"parent":0,"menu_order":0,"comment_status":"closed","ping_status":"closed","template":"","meta":{"footnotes":""},"class_list":["post-9651","page","type-page","status-publish","hentry"],"_links":{"self":[{"href":"http:\/\/www.basanaviciaus.vilnius.lm.lt\/index.php?rest_route=\/wp\/v2\/pages\/9651","targetHints":{"allow":["GET"]}}],"collection":[{"href":"http:\/\/www.basanaviciaus.vilnius.lm.lt\/index.php?rest_route=\/wp\/v2\/pages"}],"about":[{"href":"http:\/\/www.basanaviciaus.vilnius.lm.lt\/index.php?rest_route=\/wp\/v2\/types\/page"}],"author":[{"embeddable":true,"href":"http:\/\/www.basanaviciaus.vilnius.lm.lt\/index.php?rest_route=\/wp\/v2\/users\/1"}],"replies":[{"embeddable":true,"href":"http:\/\/www.basanaviciaus.vilnius.lm.lt\/index.php?rest_route=%2Fwp%2Fv2%2Fcomments&post=9651"}],"version-history":[{"count":6,"href":"http:\/\/www.basanaviciaus.vilnius.lm.lt\/index.php?rest_route=\/wp\/v2\/pages\/9651\/revisions"}],"predecessor-version":[{"id":10919,"href":"http:\/\/www.basanaviciaus.vilnius.lm.lt\/index.php?rest_route=\/wp\/v2\/pages\/9651\/revisions\/10919"}],"wp:attachment":[{"href":"http:\/\/www.basanaviciaus.vilnius.lm.lt\/index.php?rest_route=%2Fwp%2Fv2%2Fmedia&parent=9651"}],"curies":[{"name":"wp","href":"https:\/\/api.w.org\/{rel}","templated":true}]}}